{"id":10866,"date":"2019-11-28T08:46:02","date_gmt":"2019-11-28T07:46:02","guid":{"rendered":"https:\/\/schaefer-biz-qa2.mcon-group.com\/?page_id=10866"},"modified":"2025-04-15T07:50:10","modified_gmt":"2025-04-15T05:50:10","slug":"schaefer-wirestar","status":"publish","type":"page","link":"https:\/\/schaefer.biz\/en\/software\/schaefer-wirestar\/","title":{"rendered":"Sch\u00e4fer WireStar"},"content":{"rendered":"<section class=\"l-section wpb_row height_small\"><div class=\"l-section-h i-cf\"><div class=\"g-cols vc_row via_flex valign_top type_default stacking_default\"><div class=\"vc_col-sm-12 wpb_column vc_column_container\"><div class=\"vc_column-inner\"><div class=\"wpb_wrapper\"><div class=\"w-gallery us_custom_1da3bb4d fit_cover type_grid ratio_custom count_1\" style=\"--columns:3;--items-gap:10px;--items-ratio-width:570;--items-ratio-height:148;\"><div class=\"w-gallery-list\"><div class=\"w-gallery-item\"><div class=\"w-gallery-item-img\"><img decoding=\"async\" width=\"570\" height=\"148\" src=\"https:\/\/schaefer.biz\/wp-content\/uploads\/2024\/04\/WireStar-Logo-v2-570px.jpg\" class=\"attachment-full size-full\" alt=\"\" srcset=\"https:\/\/schaefer.biz\/wp-content\/uploads\/2024\/04\/WireStar-Logo-v2-570px.jpg 570w, https:\/\/schaefer.biz\/wp-content\/uploads\/2024\/04\/WireStar-Logo-v2-570px-300x78.jpg 300w\" sizes=\"(max-width: 570px) 100vw, 570px\" \/><\/div><\/div><\/div><\/div><div class=\"wpb_text_column us_custom_cdf14ffd\"><div class=\"wpb_wrapper\"><h2>Software for cable processing machines<\/h2>\n<\/div><\/div><div class=\"w-image us_custom_cdf14ffd align_none\"><div class=\"w-image-h\"><img decoding=\"async\" width=\"1140\" height=\"518\" src=\"https:\/\/schaefer.biz\/wp-content\/uploads\/2020\/12\/Schaefer-WireStar-HMI-Megomat-en.jpg\" class=\"attachment-full size-full\" alt=\"\" loading=\"lazy\" srcset=\"https:\/\/schaefer.biz\/wp-content\/uploads\/2020\/12\/Schaefer-WireStar-HMI-Megomat-en.jpg 1140w, https:\/\/schaefer.biz\/wp-content\/uploads\/2020\/12\/Schaefer-WireStar-HMI-Megomat-en-300x136.jpg 300w, https:\/\/schaefer.biz\/wp-content\/uploads\/2020\/12\/Schaefer-WireStar-HMI-Megomat-en-1024x465.jpg 1024w\" sizes=\"auto, (max-width: 1140px) 100vw, 1140px\" \/><\/div><\/div><\/div><\/div><\/div><\/div><\/div><\/section><section class=\"l-section wpb_row us_custom_92b2762d height_small\"><div class=\"l-section-h i-cf\"><div class=\"g-cols vc_row via_flex valign_top type_default stacking_default\"><div class=\"vc_col-sm-6 wpb_column vc_column_container\"><div class=\"vc_column-inner\"><div class=\"wpb_wrapper\"><div class=\"wpb_text_column\"><div class=\"wpb_wrapper\"><h4 id=\"WireStaren(Homepage)-Completeprocesscontrol\">Complete process control<\/h4>\n<p>WireStar supports optimum process sequences for high-quality production results both through reliable and delay-free data availability and through the user-friendly operator interface. Easy navigation of complex settings is made possible by the structured visualization and clear graphics.<\/p>\n<\/div><\/div><div class=\"wpb_text_column\"><div class=\"wpb_wrapper\"><h4>Optimal framework<\/h4>\n<p>Short set-up times enable maximum machine utilization and are subsequently ensured by consistent user guidance. To achieve that, the upcoming production can be combined with the necessary test steps when the machine is set up in WireStar. This ensures that the test data is generated regularly and is available for the extended test process. The evaluated data can be used retroactively to ensure production quality via database and interface functions.<\/p>\n<\/div><\/div><div class=\"w-image us_custom_4f24afa8 style_shadow-1 align_none\"><div class=\"w-image-h\"><img decoding=\"async\" width=\"570\" height=\"347\" src=\"https:\/\/schaefer.biz\/wp-content\/uploads\/2022\/02\/Schaefer-WireStar-Screenshot-en-570px.jpg\" class=\"attachment-full size-full\" alt=\"\" loading=\"lazy\" srcset=\"https:\/\/schaefer.biz\/wp-content\/uploads\/2022\/02\/Schaefer-WireStar-Screenshot-en-570px.jpg 570w, https:\/\/schaefer.biz\/wp-content\/uploads\/2022\/02\/Schaefer-WireStar-Screenshot-en-570px-300x183.jpg 300w\" sizes=\"auto, (max-width: 570px) 100vw, 570px\" \/><\/div><\/div><div class=\"wpb_text_column\"><div class=\"wpb_wrapper\"><h4>Synergies through networking<\/h4>\n<p>WireStar\u2018s excellent networkability contributes to central process coordination and supports machines ranging from manual workstations to transfer systems through extensive and configurable database management. The integrated networking with Sch\u00e4fer Connect facilitates process coordination with the operator\u2018s planning system for resources (e.g. ERP). The dashboard can also be used to display status, production progress and material consumption independent of the installation location.<\/p>\n<\/div><\/div><\/div><\/div><\/div><div class=\"vc_col-sm-6 wpb_column vc_column_container\"><div class=\"vc_column-inner\"><div class=\"wpb_wrapper\"><div class=\"wpb_text_column\"><div class=\"wpb_wrapper\"><h4 id=\"WireStaren(Homepage)-Intuitiveoperationconcept\">Intuitive operation concept<\/h4>\n<p>WireStar facilitates the operator&#8217;s understanding of the software and machine. Interaction with the modern user interface takes place via a touchscreen and offers safe handling of the machine even for complex operations as well as for specific applications. <span lang=\"EN-US\">As example, WireStar is very suitable for operating fully automatic crimping machines.<\/span><\/p>\n<\/div><\/div><div class=\"w-image us_custom_92b2762d align_none\"><div class=\"w-image-h\"><img decoding=\"async\" width=\"1024\" height=\"626\" src=\"https:\/\/schaefer.biz\/wp-content\/uploads\/2018\/03\/Schaefer-Crimping-Machine-Megomat-1000-de-1140px-1024x626.jpg\" class=\"attachment-large size-large\" alt=\"\" loading=\"lazy\" srcset=\"https:\/\/schaefer.biz\/wp-content\/uploads\/2018\/03\/Schaefer-Crimping-Machine-Megomat-1000-de-1140px-1024x626.jpg 1024w, https:\/\/schaefer.biz\/wp-content\/uploads\/2018\/03\/Schaefer-Crimping-Machine-Megomat-1000-de-1140px-300x183.jpg 300w, https:\/\/schaefer.biz\/wp-content\/uploads\/2018\/03\/Schaefer-Crimping-Machine-Megomat-1000-de-1140px.jpg 1140w\" sizes=\"auto, (max-width: 1024px) 100vw, 1024px\" \/><\/div><\/div><div class=\"wpb_text_column\"><div class=\"wpb_wrapper\"><h4>Innovation through Commitment<\/h4>\n<p>In summary WireStar provides you with the following advantages:<\/p>\n<ul>\n<li>Intuitive operation of extensive workflows<\/li>\n<li>Clear visualization of complex setting properties<\/li>\n<li>Full downward compatibility for all previous systems<\/li>\n<li>Third-party software integration<\/li>\n<li>Configurable quality process<\/li>\n<li>Configurable connection to various ERP systems<\/li>\n<li>Customer-specific data configuration<\/li>\n<\/ul>\n<\/div><\/div><div class=\"w-actionbox us_custom_8185235b color_primary controls_right\"><div class=\"w-actionbox-text\"><h3 class=\"w-actionbox-title\">Product brochure<\/h3><div class=\"w-actionbox-description\"><p>Brochure as a PDF document<\/p>\n<\/div><\/div><div class=\"w-actionbox-controls\"><a class=\"w-btn us-btn-style_1\" target=\"_blank\" rel=\"nofollow\" title=\"WireStar\" href=\"\/wp-content\/uploads\/2023\/08\/Schaefer-HMI-WireStar-en-web.pdf\"><span class=\"w-btn-label\">Download<\/span><\/a><\/div><\/div><div class=\"wpb_text_column us_custom_703b2333\"><div class=\"wpb_wrapper\"><p><span data-teams=\"true\">Illustrations of the product are exemplary and may show options as well as specific equipment<\/span>.<\/p>\n<\/div><\/div><\/div><\/div><\/div><\/div><\/div><\/section>\n","protected":false},"excerpt":{"rendered":"Software for cable processing machines Complete process control WireStar supports optimum process sequences for high-quality production results both through reliable and delay-free data availability and through the user-friendly operator interface. Easy navigation of complex settings is made possible by the structured visualization and clear graphics. Optimal framework Short set-up times enable maximum machine utilization and...","protected":false},"author":6,"featured_media":13672,"parent":10245,"menu_order":0,"comment_status":"closed","ping_status":"open","template":"","meta":{"_acf_changed":false,"footnotes":""},"class_list":["post-10866","page","type-page","status-publish","has-post-thumbnail","hentry"],"acf":[],"yoast_head":"<!-- This site is optimized with the Yoast SEO Premium plugin v27.4 (Yoast SEO v27.4) - https:\/\/yoast.com\/product\/yoast-seo-premium-wordpress\/ -->\n<title>Sch\u00e4fer WireStar | Sch\u00e4fer Group<\/title>\n<meta name=\"description\" content=\"The machine software Sch\u00e4fer WireStar supports optimum process coordination and extensive and configurable database management.\" \/>\n<meta name=\"robots\" content=\"index, follow, max-snippet:-1, max-image-preview:large, max-video-preview:-1\" \/>\n<link rel=\"canonical\" href=\"https:\/\/schaefer.biz\/en\/software\/schaefer-wirestar\/\" \/>\n<meta property=\"og:locale\" content=\"en_US\" \/>\n<meta property=\"og:type\" content=\"article\" \/>\n<meta property=\"og:title\" content=\"Sch\u00e4fer WireStar\" \/>\n<meta property=\"og:description\" content=\"The machine software Sch\u00e4fer WireStar supports optimum process coordination and extensive and configurable database management.\" \/>\n<meta property=\"og:url\" content=\"https:\/\/schaefer.biz\/en\/software\/schaefer-wirestar\/\" \/>\n<meta property=\"og:site_name\" content=\"Sch\u00e4fer Group\" \/>\n<meta property=\"article:publisher\" content=\"https:\/\/www.facebook.com\/SchaeferGroupMarketing\" \/>\n<meta property=\"article:modified_time\" content=\"2025-04-15T05:50:10+00:00\" \/>\n<meta property=\"og:image\" content=\"https:\/\/schaefer.biz\/wp-content\/uploads\/2020\/08\/WireStar_Teaser_344x229px.jpg\" \/>\n\t<meta property=\"og:image:width\" content=\"344\" \/>\n\t<meta property=\"og:image:height\" content=\"229\" \/>\n\t<meta property=\"og:image:type\" content=\"image\/jpeg\" \/>\n<meta name=\"twitter:card\" content=\"summary_large_image\" \/>\n<meta name=\"twitter:label1\" content=\"Est. reading time\" \/>\n\t<meta name=\"twitter:data1\" content=\"3 minutes\" \/>\n<!-- \/ Yoast SEO Premium plugin. -->","yoast_head_json":{"title":"Sch\u00e4fer WireStar | Sch\u00e4fer Group","description":"The machine software Sch\u00e4fer WireStar supports optimum process coordination and extensive and configurable database management.","robots":{"index":"index","follow":"follow","max-snippet":"max-snippet:-1","max-image-preview":"max-image-preview:large","max-video-preview":"max-video-preview:-1"},"canonical":"https:\/\/schaefer.biz\/en\/software\/schaefer-wirestar\/","og_locale":"en_US","og_type":"article","og_title":"Sch\u00e4fer WireStar","og_description":"The machine software Sch\u00e4fer WireStar supports optimum process coordination and extensive and configurable database management.","og_url":"https:\/\/schaefer.biz\/en\/software\/schaefer-wirestar\/","og_site_name":"Sch\u00e4fer Group","article_publisher":"https:\/\/www.facebook.com\/SchaeferGroupMarketing","article_modified_time":"2025-04-15T05:50:10+00:00","og_image":[{"width":344,"height":229,"url":"https:\/\/schaefer.biz\/wp-content\/uploads\/2020\/08\/WireStar_Teaser_344x229px.jpg","type":"image\/jpeg"}],"twitter_card":"summary_large_image","twitter_misc":{"Est. reading time":"3 minutes"},"schema":{"@context":"https:\/\/schema.org","@graph":[{"@type":"WebPage","@id":"https:\/\/schaefer.biz\/en\/software\/schaefer-wirestar\/","url":"https:\/\/schaefer.biz\/en\/software\/schaefer-wirestar\/","name":"Sch\u00e4fer WireStar | Sch\u00e4fer Group","isPartOf":{"@id":"https:\/\/schaefer.biz\/en\/#website"},"primaryImageOfPage":{"@id":"https:\/\/schaefer.biz\/en\/software\/schaefer-wirestar\/#primaryimage"},"image":{"@id":"https:\/\/schaefer.biz\/en\/software\/schaefer-wirestar\/#primaryimage"},"thumbnailUrl":"https:\/\/schaefer.biz\/wp-content\/uploads\/2020\/08\/WireStar_Teaser_344x229px.jpg","datePublished":"2019-11-28T07:46:02+00:00","dateModified":"2025-04-15T05:50:10+00:00","description":"The machine software Sch\u00e4fer WireStar supports optimum process coordination and extensive and configurable database management.","breadcrumb":{"@id":"https:\/\/schaefer.biz\/en\/software\/schaefer-wirestar\/#breadcrumb"},"inLanguage":"en-US","potentialAction":[{"@type":"ReadAction","target":["https:\/\/schaefer.biz\/en\/software\/schaefer-wirestar\/"]}]},{"@type":"ImageObject","inLanguage":"en-US","@id":"https:\/\/schaefer.biz\/en\/software\/schaefer-wirestar\/#primaryimage","url":"https:\/\/schaefer.biz\/wp-content\/uploads\/2020\/08\/WireStar_Teaser_344x229px.jpg","contentUrl":"https:\/\/schaefer.biz\/wp-content\/uploads\/2020\/08\/WireStar_Teaser_344x229px.jpg","width":344,"height":229},{"@type":"BreadcrumbList","@id":"https:\/\/schaefer.biz\/en\/software\/schaefer-wirestar\/#breadcrumb","itemListElement":[{"@type":"ListItem","position":1,"name":"Startseite","item":"https:\/\/schaefer.biz\/en\/"},{"@type":"ListItem","position":2,"name":"Software","item":"https:\/\/schaefer.biz\/en\/software\/"},{"@type":"ListItem","position":3,"name":"Sch\u00e4fer WireStar"}]},{"@type":"WebSite","@id":"https:\/\/schaefer.biz\/en\/#website","url":"https:\/\/schaefer.biz\/en\/","name":"Sch\u00e4fer Group","description":"Spezifische L\u00f6sungen f\u00fcr Ihre Kabel- und Kontaktverarbeitung | Individual solutions for your wire and terminal processing","publisher":{"@id":"https:\/\/schaefer.biz\/en\/#organization"},"alternateName":"Sch\u00e4fer Group","potentialAction":[{"@type":"SearchAction","target":{"@type":"EntryPoint","urlTemplate":"https:\/\/schaefer.biz\/en\/?s={search_term_string}"},"query-input":{"@type":"PropertyValueSpecification","valueRequired":true,"valueName":"search_term_string"}}],"inLanguage":"en-US"},{"@type":"Organization","@id":"https:\/\/schaefer.biz\/en\/#organization","name":"Sch\u00e4fer Group","url":"https:\/\/schaefer.biz\/en\/","logo":{"@type":"ImageObject","inLanguage":"en-US","@id":"https:\/\/schaefer.biz\/en\/#\/schema\/logo\/image\/","url":"https:\/\/schaefer.biz\/wp-content\/uploads\/2018\/11\/Logo_Schaefer_RGB_100-70-0-0.png","contentUrl":"https:\/\/schaefer.biz\/wp-content\/uploads\/2018\/11\/Logo_Schaefer_RGB_100-70-0-0.png","width":2084,"height":823,"caption":"Sch\u00e4fer Group"},"image":{"@id":"https:\/\/schaefer.biz\/en\/#\/schema\/logo\/image\/"},"sameAs":["https:\/\/www.facebook.com\/SchaeferGroupMarketing","https:\/\/www.linkedin.com\/company\/schaefergroup","https:\/\/www.youtube.com\/user\/SchaeferMarketing","https:\/\/www.instagram.com\/schaefer_group\/"]}]}},"_links":{"self":[{"href":"https:\/\/schaefer.biz\/en\/wp-json\/wp\/v2\/pages\/10866","targetHints":{"allow":["GET"]}}],"collection":[{"href":"https:\/\/schaefer.biz\/en\/wp-json\/wp\/v2\/pages"}],"about":[{"href":"https:\/\/schaefer.biz\/en\/wp-json\/wp\/v2\/types\/page"}],"author":[{"embeddable":true,"href":"https:\/\/schaefer.biz\/en\/wp-json\/wp\/v2\/users\/6"}],"replies":[{"embeddable":true,"href":"https:\/\/schaefer.biz\/en\/wp-json\/wp\/v2\/comments?post=10866"}],"version-history":[{"count":0,"href":"https:\/\/schaefer.biz\/en\/wp-json\/wp\/v2\/pages\/10866\/revisions"}],"up":[{"embeddable":true,"href":"https:\/\/schaefer.biz\/en\/wp-json\/wp\/v2\/pages\/10245"}],"wp:featuredmedia":[{"embeddable":true,"href":"https:\/\/schaefer.biz\/en\/wp-json\/wp\/v2\/media\/13672"}],"wp:attachment":[{"href":"https:\/\/schaefer.biz\/en\/wp-json\/wp\/v2\/media?parent=10866"}],"curies":[{"name":"wp","href":"https:\/\/api.w.org\/{rel}","templated":true}]}}