{"id":10868,"date":"2019-11-28T08:49:02","date_gmt":"2019-11-28T07:49:02","guid":{"rendered":"https:\/\/schaefer-biz-qa2.mcon-group.com\/?page_id=10868"},"modified":"2025-08-21T08:31:42","modified_gmt":"2025-08-21T06:31:42","slug":"schaefer-sti","status":"publish","type":"page","link":"https:\/\/schaefer.biz\/en\/software\/schaefer-sti\/","title":{"rendered":"Sch\u00e4fer STI"},"content":{"rendered":"<section class=\"l-section wpb_row height_small\"><div class=\"l-section-h i-cf\"><div class=\"g-cols vc_row via_flex valign_top type_default stacking_default\"><div class=\"vc_col-sm-12 wpb_column vc_column_container\"><div class=\"vc_column-inner\"><div class=\"wpb_wrapper\"><div class=\"w-gallery us_custom_1da3bb4d fit_cover type_grid ratio_custom count_1\" style=\"--columns:4;--items-gap:10px;--items-ratio-width:347;--items-ratio-height:142;\"><div class=\"w-gallery-list\"><div class=\"w-gallery-item\"><div class=\"w-gallery-item-img\"><img decoding=\"async\" width=\"570\" height=\"233\" src=\"https:\/\/schaefer.biz\/wp-content\/uploads\/2024\/04\/STI-Logo-570px.jpg\" class=\"attachment-large size-large\" alt=\"\" srcset=\"https:\/\/schaefer.biz\/wp-content\/uploads\/2024\/04\/STI-Logo-570px.jpg 570w, https:\/\/schaefer.biz\/wp-content\/uploads\/2024\/04\/STI-Logo-570px-300x123.jpg 300w\" sizes=\"(max-width: 570px) 100vw, 570px\" \/><\/div><\/div><\/div><\/div><div class=\"wpb_text_column us_custom_cdf14ffd\"><div class=\"wpb_wrapper\"><h2>Machine Control Software<\/h2>\n<\/div><\/div><\/div><\/div><\/div><\/div><\/div><\/section><section class=\"l-section wpb_row us_custom_e90765b4 height_small\"><div class=\"l-section-h i-cf\"><div class=\"g-cols vc_row via_flex valign_top type_default stacking_default\"><div class=\"vc_col-sm-6 wpb_column vc_column_container\"><div class=\"vc_column-inner\"><div class=\"wpb_wrapper\"><div class=\"wpb_text_column\"><div class=\"wpb_wrapper\"><h4>Intuitive operation<\/h4>\n<p>The STI controller is used in crimping machines and automated systems from Sch\u00e4fer. The user-friendly touch screen enables simple and safe navigation for operating and setting up the machine.<\/p>\n<p>The operator interacts via a touch screen, enabling him to understand how to handle the machine safely, especially in complex work processes. This increases the user\u2018s understanding of both the software and the machine.<\/p>\n<\/div><\/div><div class=\"w-image us_custom_2e426560 align_none\"><div class=\"w-image-h\"><img decoding=\"async\" width=\"570\" height=\"549\" src=\"https:\/\/schaefer.biz\/wp-content\/uploads\/2022\/05\/Crimpmaschine_SQS06-STI2015-570px.jpg\" class=\"attachment-full size-full\" alt=\"\" loading=\"lazy\" srcset=\"https:\/\/schaefer.biz\/wp-content\/uploads\/2022\/05\/Crimpmaschine_SQS06-STI2015-570px.jpg 570w, https:\/\/schaefer.biz\/wp-content\/uploads\/2022\/05\/Crimpmaschine_SQS06-STI2015-570px-300x289.jpg 300w\" sizes=\"auto, (max-width: 570px) 100vw, 570px\" \/><\/div><\/div><div class=\"wpb_text_column\"><div class=\"wpb_wrapper\"><h4>Innovative user interface<\/h4>\n<p>The graphic user guidance and the clear menu structure guarantees reliable and delay-free data availability for optimum process sequences and production results. The user interface is available in numerous languages and offers the option of individual function expansions.<\/p>\n<\/div><\/div><div class=\"w-image us_custom_938809ae align_none\"><div class=\"w-image-h\"><img decoding=\"async\" width=\"570\" height=\"323\" src=\"https:\/\/schaefer.biz\/wp-content\/uploads\/2022\/05\/Schaefer-STI-HMI-Mainmenu-570px-en.jpg\" class=\"attachment-full size-full\" alt=\"\" loading=\"lazy\" srcset=\"https:\/\/schaefer.biz\/wp-content\/uploads\/2022\/05\/Schaefer-STI-HMI-Mainmenu-570px-en.jpg 570w, https:\/\/schaefer.biz\/wp-content\/uploads\/2022\/05\/Schaefer-STI-HMI-Mainmenu-570px-en-300x170.jpg 300w\" sizes=\"auto, (max-width: 570px) 100vw, 570px\" \/><\/div><\/div><\/div><\/div><\/div><div class=\"vc_col-sm-6 wpb_column vc_column_container\"><div class=\"vc_column-inner\"><div class=\"wpb_wrapper\"><div class=\"wpb_text_column\"><div class=\"wpb_wrapper\"><h4>Optimal production processes<\/h4>\n<p>The user-oriented focus on production ensures effective workflows. For example, the upcoming production can be combined with the necessary test steps during the conversion work in STI. This test data is generated regularly and is available for the extended test process and for quality documentation.<\/p>\n<\/div><\/div><div class=\"w-image us_custom_938809ae align_none\"><div class=\"w-image-h\"><img decoding=\"async\" width=\"570\" height=\"322\" src=\"https:\/\/schaefer.biz\/wp-content\/uploads\/2022\/05\/Schaefer-STI-HMI-Production-570px-en.jpg\" class=\"attachment-full size-full\" alt=\"\" loading=\"lazy\" srcset=\"https:\/\/schaefer.biz\/wp-content\/uploads\/2022\/05\/Schaefer-STI-HMI-Production-570px-en.jpg 570w, https:\/\/schaefer.biz\/wp-content\/uploads\/2022\/05\/Schaefer-STI-HMI-Production-570px-en-300x169.jpg 300w\" sizes=\"auto, (max-width: 570px) 100vw, 570px\" \/><\/div><\/div><div class=\"wpb_text_column\"><div class=\"wpb_wrapper\"><h4>Innovation through Commitment<\/h4>\n<p>In summary STI provides you with the following advantages:<\/p>\n<p>\u2022 Operation via touch screen<br \/>\n\u2022 Instant availability of data<br \/>\n\u2022 Higher efficiency of setup and service personnel<br \/>\n\u2022 Improved machine utilization<br \/>\n\u2022 Optimized manufacturing processes<br \/>\n\u2022 Datasets reusable between crimping machines<\/p>\n<\/div><\/div><div class=\"w-actionbox us_custom_8185235b color_primary controls_right\"><div class=\"w-actionbox-text\"><h3 class=\"w-actionbox-title\">Product brochure<\/h3><div class=\"w-actionbox-description\"><p>Brochure as a PDF document<\/p>\n<\/div><\/div><div class=\"w-actionbox-controls\"><a class=\"w-btn us-btn-style_1\" target=\"_blank\" rel=\"nofollow\" href=\"\/wp-content\/uploads\/2023\/08\/Schaefer-Software-STI-en-web.pdf\"><span class=\"w-btn-label\">Download<\/span><\/a><\/div><\/div><div class=\"w-image us_custom_10679678 align_none\"><div class=\"w-image-h\"><img decoding=\"async\" width=\"570\" height=\"496\" src=\"https:\/\/schaefer.biz\/wp-content\/uploads\/2018\/04\/Crimpmaschine_Standard_Muster-V3-570px.jpg\" class=\"attachment-full size-full\" alt=\"\" loading=\"lazy\" srcset=\"https:\/\/schaefer.biz\/wp-content\/uploads\/2018\/04\/Crimpmaschine_Standard_Muster-V3-570px.jpg 570w, https:\/\/schaefer.biz\/wp-content\/uploads\/2018\/04\/Crimpmaschine_Standard_Muster-V3-570px-300x261.jpg 300w\" sizes=\"auto, (max-width: 570px) 100vw, 570px\" \/><\/div><\/div><\/div><\/div><\/div><\/div><\/div><\/section>\n","protected":false},"excerpt":{"rendered":"Machine Control Software Intuitive operation The STI controller is used in crimping machines and automated systems from Sch\u00e4fer. The user-friendly touch screen enables simple and safe navigation for operating and setting up the machine. The operator interacts via a touch screen, enabling him to understand how to handle the machine safely, especially in complex work...","protected":false},"author":6,"featured_media":13671,"parent":10245,"menu_order":0,"comment_status":"closed","ping_status":"open","template":"","meta":{"_acf_changed":false,"footnotes":""},"class_list":["post-10868","page","type-page","status-publish","has-post-thumbnail","hentry"],"acf":[],"yoast_head":"<!-- This site is optimized with the Yoast SEO Premium plugin v27.2 (Yoast SEO v27.4) - https:\/\/yoast.com\/product\/yoast-seo-premium-wordpress\/ -->\n<title>Sch\u00e4fer STI | Sch\u00e4fer Group<\/title>\n<meta name=\"robots\" content=\"index, follow, max-snippet:-1, max-image-preview:large, max-video-preview:-1\" \/>\n<link rel=\"canonical\" href=\"https:\/\/schaefer.biz\/en\/software\/schaefer-sti\/\" \/>\n<meta property=\"og:locale\" content=\"en_US\" \/>\n<meta property=\"og:type\" content=\"article\" \/>\n<meta property=\"og:title\" content=\"Sch\u00e4fer STI\" \/>\n<meta property=\"og:url\" content=\"https:\/\/schaefer.biz\/en\/software\/schaefer-sti\/\" \/>\n<meta property=\"og:site_name\" content=\"Sch\u00e4fer Group\" \/>\n<meta property=\"article:publisher\" content=\"https:\/\/www.facebook.com\/SchaeferGroupMarketing\" \/>\n<meta property=\"article:modified_time\" content=\"2025-08-21T06:31:42+00:00\" \/>\n<meta property=\"og:image\" content=\"https:\/\/schaefer.biz\/wp-content\/uploads\/2020\/08\/STI_Teaser_344x229px.jpg\" \/>\n\t<meta property=\"og:image:width\" content=\"344\" \/>\n\t<meta property=\"og:image:height\" content=\"229\" \/>\n\t<meta property=\"og:image:type\" content=\"image\/jpeg\" \/>\n<meta name=\"twitter:card\" content=\"summary_large_image\" \/>\n<meta name=\"twitter:label1\" content=\"Est. reading time\" \/>\n\t<meta name=\"twitter:data1\" content=\"2 minutes\" \/>\n<!-- \/ Yoast SEO Premium plugin. -->","yoast_head_json":{"title":"Sch\u00e4fer STI | Sch\u00e4fer Group","robots":{"index":"index","follow":"follow","max-snippet":"max-snippet:-1","max-image-preview":"max-image-preview:large","max-video-preview":"max-video-preview:-1"},"canonical":"https:\/\/schaefer.biz\/en\/software\/schaefer-sti\/","og_locale":"en_US","og_type":"article","og_title":"Sch\u00e4fer STI","og_url":"https:\/\/schaefer.biz\/en\/software\/schaefer-sti\/","og_site_name":"Sch\u00e4fer Group","article_publisher":"https:\/\/www.facebook.com\/SchaeferGroupMarketing","article_modified_time":"2025-08-21T06:31:42+00:00","og_image":[{"width":344,"height":229,"url":"https:\/\/schaefer.biz\/wp-content\/uploads\/2020\/08\/STI_Teaser_344x229px.jpg","type":"image\/jpeg"}],"twitter_card":"summary_large_image","twitter_misc":{"Est. reading time":"2 minutes"},"schema":{"@context":"https:\/\/schema.org","@graph":[{"@type":"WebPage","@id":"https:\/\/schaefer.biz\/en\/software\/schaefer-sti\/","url":"https:\/\/schaefer.biz\/en\/software\/schaefer-sti\/","name":"Sch\u00e4fer STI | Sch\u00e4fer Group","isPartOf":{"@id":"https:\/\/schaefer.biz\/en\/#website"},"primaryImageOfPage":{"@id":"https:\/\/schaefer.biz\/en\/software\/schaefer-sti\/#primaryimage"},"image":{"@id":"https:\/\/schaefer.biz\/en\/software\/schaefer-sti\/#primaryimage"},"thumbnailUrl":"https:\/\/schaefer.biz\/wp-content\/uploads\/2020\/08\/STI_Teaser_344x229px.jpg","datePublished":"2019-11-28T07:49:02+00:00","dateModified":"2025-08-21T06:31:42+00:00","breadcrumb":{"@id":"https:\/\/schaefer.biz\/en\/software\/schaefer-sti\/#breadcrumb"},"inLanguage":"en-US","potentialAction":[{"@type":"ReadAction","target":["https:\/\/schaefer.biz\/en\/software\/schaefer-sti\/"]}]},{"@type":"ImageObject","inLanguage":"en-US","@id":"https:\/\/schaefer.biz\/en\/software\/schaefer-sti\/#primaryimage","url":"https:\/\/schaefer.biz\/wp-content\/uploads\/2020\/08\/STI_Teaser_344x229px.jpg","contentUrl":"https:\/\/schaefer.biz\/wp-content\/uploads\/2020\/08\/STI_Teaser_344x229px.jpg","width":344,"height":229,"caption":"Maschinensteuerung"},{"@type":"BreadcrumbList","@id":"https:\/\/schaefer.biz\/en\/software\/schaefer-sti\/#breadcrumb","itemListElement":[{"@type":"ListItem","position":1,"name":"Startseite","item":"https:\/\/schaefer.biz\/en\/"},{"@type":"ListItem","position":2,"name":"Software","item":"https:\/\/schaefer.biz\/en\/software\/"},{"@type":"ListItem","position":3,"name":"Sch\u00e4fer STI"}]},{"@type":"WebSite","@id":"https:\/\/schaefer.biz\/en\/#website","url":"https:\/\/schaefer.biz\/en\/","name":"Sch\u00e4fer Group","description":"Spezifische L\u00f6sungen f\u00fcr Ihre Kabel- und Kontaktverarbeitung | Individual solutions for your wire and terminal processing","publisher":{"@id":"https:\/\/schaefer.biz\/en\/#organization"},"alternateName":"Sch\u00e4fer Group","potentialAction":[{"@type":"SearchAction","target":{"@type":"EntryPoint","urlTemplate":"https:\/\/schaefer.biz\/en\/?s={search_term_string}"},"query-input":{"@type":"PropertyValueSpecification","valueRequired":true,"valueName":"search_term_string"}}],"inLanguage":"en-US"},{"@type":"Organization","@id":"https:\/\/schaefer.biz\/en\/#organization","name":"Sch\u00e4fer Group","url":"https:\/\/schaefer.biz\/en\/","logo":{"@type":"ImageObject","inLanguage":"en-US","@id":"https:\/\/schaefer.biz\/en\/#\/schema\/logo\/image\/","url":"https:\/\/schaefer.biz\/wp-content\/uploads\/2018\/11\/Logo_Schaefer_RGB_100-70-0-0.png","contentUrl":"https:\/\/schaefer.biz\/wp-content\/uploads\/2018\/11\/Logo_Schaefer_RGB_100-70-0-0.png","width":2084,"height":823,"caption":"Sch\u00e4fer Group"},"image":{"@id":"https:\/\/schaefer.biz\/en\/#\/schema\/logo\/image\/"},"sameAs":["https:\/\/www.facebook.com\/SchaeferGroupMarketing","https:\/\/www.linkedin.com\/company\/schaefergroup","https:\/\/www.youtube.com\/user\/SchaeferMarketing","https:\/\/www.instagram.com\/schaefer_group\/"]}]}},"_links":{"self":[{"href":"https:\/\/schaefer.biz\/en\/wp-json\/wp\/v2\/pages\/10868","targetHints":{"allow":["GET"]}}],"collection":[{"href":"https:\/\/schaefer.biz\/en\/wp-json\/wp\/v2\/pages"}],"about":[{"href":"https:\/\/schaefer.biz\/en\/wp-json\/wp\/v2\/types\/page"}],"author":[{"embeddable":true,"href":"https:\/\/schaefer.biz\/en\/wp-json\/wp\/v2\/users\/6"}],"replies":[{"embeddable":true,"href":"https:\/\/schaefer.biz\/en\/wp-json\/wp\/v2\/comments?post=10868"}],"version-history":[{"count":1,"href":"https:\/\/schaefer.biz\/en\/wp-json\/wp\/v2\/pages\/10868\/revisions"}],"predecessor-version":[{"id":36759,"href":"https:\/\/schaefer.biz\/en\/wp-json\/wp\/v2\/pages\/10868\/revisions\/36759"}],"up":[{"embeddable":true,"href":"https:\/\/schaefer.biz\/en\/wp-json\/wp\/v2\/pages\/10245"}],"wp:featuredmedia":[{"embeddable":true,"href":"https:\/\/schaefer.biz\/en\/wp-json\/wp\/v2\/media\/13671"}],"wp:attachment":[{"href":"https:\/\/schaefer.biz\/en\/wp-json\/wp\/v2\/media?parent=10868"}],"curies":[{"name":"wp","href":"https:\/\/api.w.org\/{rel}","templated":true}]}}