{"id":10876,"date":"2019-11-28T09:04:20","date_gmt":"2019-11-28T08:04:20","guid":{"rendered":"https:\/\/schaefer-biz-qa2.mcon-group.com\/?page_id=10876"},"modified":"2024-08-26T12:52:08","modified_gmt":"2024-08-26T10:52:08","slug":"schaefer-connect","status":"publish","type":"page","link":"https:\/\/schaefer.biz\/en\/software\/schaefer-connect\/","title":{"rendered":"Sch\u00e4fer Connect"},"content":{"rendered":"<section class=\"l-section wpb_row height_small\"><div class=\"l-section-h i-cf\"><div class=\"g-cols vc_row via_flex valign_top type_default stacking_default\"><div class=\"vc_col-sm-12 wpb_column vc_column_container\"><div class=\"vc_column-inner\"><div class=\"wpb_wrapper\"><div class=\"w-gallery us_custom_1da3bb4d fit_cover type_grid ratio_custom count_1\" style=\"--columns:3;--items-gap:10px;--items-ratio-width:517;--items-ratio-height:148;\"><div class=\"w-gallery-list\"><div class=\"w-gallery-item\"><div class=\"w-gallery-item-img\"><img decoding=\"async\" width=\"570\" height=\"163\" src=\"https:\/\/schaefer.biz\/wp-content\/uploads\/2024\/04\/Connect-Logo-570px.jpg\" class=\"attachment-large size-large\" alt=\"\" srcset=\"https:\/\/schaefer.biz\/wp-content\/uploads\/2024\/04\/Connect-Logo-570px.jpg 570w, https:\/\/schaefer.biz\/wp-content\/uploads\/2024\/04\/Connect-Logo-570px-300x86.jpg 300w, https:\/\/schaefer.biz\/wp-content\/uploads\/2024\/04\/Connect-Logo-570px-350x100.jpg 350w\" sizes=\"(max-width: 570px) 100vw, 570px\" \/><\/div><\/div><\/div><\/div><div class=\"wpb_text_column us_custom_cdf14ffd\"><div class=\"wpb_wrapper\"><h2>The central interface for machine networking<\/h2>\n<\/div><\/div><div class=\"w-image us_custom_ef9fc245 align_none\"><div class=\"w-image-h\"><img decoding=\"async\" width=\"1040\" height=\"620\" src=\"https:\/\/schaefer.biz\/wp-content\/uploads\/2019\/11\/schaubild_connect_en.jpg\" class=\"attachment-full size-full\" alt=\"\" loading=\"lazy\" \/><\/div><\/div><\/div><\/div><\/div><\/div><\/div><\/section><section class=\"l-section wpb_row us_custom_92b2762d height_small\"><div class=\"l-section-h i-cf\"><div class=\"g-cols vc_row via_flex valign_top type_default stacking_default\"><div class=\"vc_col-sm-6 wpb_column vc_column_container\"><div class=\"vc_column-inner\"><div class=\"wpb_wrapper\"><div class=\"wpb_text_column\"><div class=\"wpb_wrapper\"><h4>Trendsetting software platform<\/h4>\n<p>Sch\u00e4fer Connect is the modern solution for integrating Sch\u00e4fer machines into customer production and company control systems such as MES or ERP. Here, the data is provided via an OPC UA interface and allows bidirectional communication, regardless of the design of the machinery.<\/p>\n<p>Using an intuitive web dashboard, Sch\u00e4fer Connect allows you to exchange production data with networked machines from anywhere and to coordinate user rights. Connect thus helps modernize your production on the way to the smart factory and makes produced quality transparent and traceable for you.<\/p>\n<\/div><\/div><div class=\"w-image us_custom_cdf14ffd style_shadow-1 align_none\"><a ref=\"magnificPopup\" href=\"https:\/\/schaefer.biz\/wp-content\/uploads\/2023\/03\/Screenshot-2023-Connect-1140px.jpg\" aria-label=\"Screenshot-2023-Connect-1140px\" class=\"w-image-h\"><img decoding=\"async\" width=\"1140\" height=\"630\" src=\"https:\/\/schaefer.biz\/wp-content\/uploads\/2023\/03\/Screenshot-2023-Connect-1140px.jpg\" class=\"attachment-full size-full\" alt=\"\" loading=\"lazy\" srcset=\"https:\/\/schaefer.biz\/wp-content\/uploads\/2023\/03\/Screenshot-2023-Connect-1140px.jpg 1140w, https:\/\/schaefer.biz\/wp-content\/uploads\/2023\/03\/Screenshot-2023-Connect-1140px-300x166.jpg 300w, https:\/\/schaefer.biz\/wp-content\/uploads\/2023\/03\/Screenshot-2023-Connect-1140px-1024x566.jpg 1024w\" sizes=\"auto, (max-width: 1140px) 100vw, 1140px\" \/><\/a><\/div><div class=\"wpb_text_column us_custom_cdf14ffd\"><div class=\"wpb_wrapper\"><h4 id=\"Connect2.0en-One-timeinstallation,easyextension\">One-time installation, easy extension<\/h4>\n<p>Customer-specific integrations and communication workflows are created once in Connect so that they can be applied to additional machines. The integration of any Sch\u00e4fer machine is thus automatically handled by Sch\u00e4fer Connect in the prepared configuration.<\/p>\n<\/div><\/div><\/div><\/div><\/div><div class=\"vc_col-sm-6 wpb_column vc_column_container\"><div class=\"vc_column-inner\"><div class=\"wpb_wrapper\"><div class=\"wpb_text_column\"><div class=\"wpb_wrapper\"><h4 id=\"Connect2.0en-Securitythroughseparatenetworks\">Security through separate networks<\/h4>\n<p>For the realization of solutions with the goal of the intelligent factory, the networking of the productive area is an important basis. As a separate network, Sch\u00e4fer Connect provides the secure environment for your machinery in addition to the usual infrastructure. Access directly to the machine from the company network and from outside is prevented.<\/p>\n<h4 id=\"Connect2.0en-Licensingofthesoftware\">Licensing of the software<\/h4>\n<p>The functional range of Sch\u00e4fer Connect is continuously developing. Starting with one-time, permanent machine licenses, function extensions can be added as needed. The basic version includes the standard functions, which can be configured via a web dashboard. Various extensions are optionally available.<\/p>\n<h4>Innovation through commitment<\/h4>\n<p>In summary, Connect provides you with the following advantages:<\/p>\n<ul>\n<li>Machine networking to customer IT systems<\/li>\n<li>Actual monitoring of wire processing machines<\/li>\n<li>Production messages about malfunctions and machine status<\/li>\n<li>Low installation effort<\/li>\n<li>Cost-effective license variants<\/li>\n<li>Extensible range of functions<\/li>\n<li>Increased efficiency and productivity<\/li>\n<\/ul>\n<\/div><\/div><div class=\"w-actionbox us_custom_8185235b color_primary controls_right\"><div class=\"w-actionbox-text\"><h3 class=\"w-actionbox-title\">Product brochure<\/h3><div class=\"w-actionbox-description\"><p>Brochure as a PDF document<\/p>\n<\/div><\/div><div class=\"w-actionbox-controls\"><a class=\"w-btn us-btn-style_1\" target=\"_blank\" rel=\"nofollow\" title=\"Sch\u00c3\u00a4fer Connect\" href=\"\/wp-content\/uploads\/2023\/08\/Schaefer-Software-Connect-en-web.pdf\"><span class=\"w-btn-label\">Download<\/span><\/a><\/div><\/div><\/div><\/div><\/div><\/div><\/div><\/section><section class=\"l-section wpb_row us_custom_f78c759e height_small\"><div class=\"l-section-h i-cf\"><div class=\"g-cols vc_row via_flex valign_top type_default stacking_default\"><div class=\"vc_col-sm-6 wpb_column vc_column_container\"><div class=\"vc_column-inner\"><div class=\"wpb_wrapper\"><div class=\"wpb_text_column\"><div class=\"wpb_wrapper\"><h3 id=\"Connect2.0en-One-timeinstallation,easyextension\">Standard functions<\/h3>\n<\/div><\/div><div class=\"wpb_text_column\"><div class=\"wpb_wrapper\"><div id=\"footable_parent_29772\"\n         class=\" footable_parent ninja_table_wrapper loading_ninja_table wp_table_data_press_parent semantic_ui \">\n                <table data-ninja_table_instance=\"ninja_table_instance_0\" data-footable_id=\"29772\" data-filter-delay=\"1000\" aria-label=\"Sch\u00e4fer Connect | Standard Functions EN (Imported From Table Press)\"            id=\"footable_29772\"\n           data-unique_identifier=\"ninja_table_unique_id_1694133798_29772\"\n           class=\" foo-table ninja_footable foo_table_29772 ninja_table_unique_id_1694133798_29772 ui table  nt_type_ajax_table striped  footable-paging-right ninjatable_hide_header_row ninja_table_search_disabled\">\n                <colgroup>\n                            <col class=\"ninja_column_0 \">\n                            <col class=\"ninja_column_1 \">\n                    <\/colgroup>\n            <\/table>\n    \n    \n    \n<\/div>\n\n<\/div><\/div><\/div><\/div><\/div><div class=\"vc_col-sm-6 wpb_column vc_column_container\"><div class=\"vc_column-inner\"><div class=\"wpb_wrapper\"><div class=\"wpb_text_column\"><div class=\"wpb_wrapper\"><h3 id=\"Connect2.0en-One-timeinstallation,easyextension\">Extentions<\/h3>\n<\/div><\/div><div class=\"wpb_text_column\"><div class=\"wpb_wrapper\"><div id=\"footable_parent_29773\"\n         class=\" footable_parent ninja_table_wrapper loading_ninja_table wp_table_data_press_parent semantic_ui \">\n                <table data-ninja_table_instance=\"ninja_table_instance_1\" data-footable_id=\"29773\" data-filter-delay=\"1000\" aria-label=\"Sch\u00e4fer Connect | Extensions EN (Imported From Table Press)\"            id=\"footable_29773\"\n           data-unique_identifier=\"ninja_table_unique_id_668920763_29773\"\n           class=\" foo-table ninja_footable foo_table_29773 ninja_table_unique_id_668920763_29773 ui table  nt_type_ajax_table striped  footable-paging-right ninjatable_hide_header_row ninja_table_search_disabled\">\n                <colgroup>\n                            <col class=\"ninja_column_0 \">\n                            <col class=\"ninja_column_1 \">\n                    <\/colgroup>\n            <\/table>\n    \n    \n    \n<\/div>\n\n<\/div><\/div><\/div><\/div><\/div><\/div><\/div><\/section>\n","protected":false},"excerpt":{"rendered":"The central interface for machine networking Trendsetting software platform Sch\u00e4fer Connect is the modern solution for integrating Sch\u00e4fer machines into customer production and company control systems such as MES or ERP. Here, the data is provided via an OPC UA interface and allows bidirectional communication, regardless of the design of the machinery. Using an intuitive...","protected":false},"author":6,"featured_media":13675,"parent":10245,"menu_order":0,"comment_status":"closed","ping_status":"open","template":"","meta":{"_acf_changed":false,"footnotes":""},"class_list":["post-10876","page","type-page","status-publish","has-post-thumbnail","hentry"],"acf":[],"yoast_head":"<!-- This site is optimized with the Yoast SEO Premium plugin v27.2 (Yoast SEO v27.4) - https:\/\/yoast.com\/product\/yoast-seo-premium-wordpress\/ -->\n<title>Sch\u00e4fer Connect | Sch\u00e4fer Group<\/title>\n<meta name=\"robots\" content=\"index, follow, max-snippet:-1, max-image-preview:large, max-video-preview:-1\" \/>\n<link rel=\"canonical\" href=\"https:\/\/schaefer.biz\/en\/software\/schaefer-connect\/\" \/>\n<meta property=\"og:locale\" content=\"en_US\" \/>\n<meta property=\"og:type\" content=\"article\" \/>\n<meta property=\"og:title\" content=\"Sch\u00e4fer Connect\" \/>\n<meta property=\"og:url\" content=\"https:\/\/schaefer.biz\/en\/software\/schaefer-connect\/\" \/>\n<meta property=\"og:site_name\" content=\"Sch\u00e4fer Group\" \/>\n<meta property=\"article:publisher\" content=\"https:\/\/www.facebook.com\/SchaeferGroupMarketing\" \/>\n<meta property=\"article:modified_time\" content=\"2024-08-26T10:52:08+00:00\" \/>\n<meta property=\"og:image\" content=\"https:\/\/schaefer.biz\/wp-content\/uploads\/2020\/08\/Connect_Teaser_344x229px.jpg\" \/>\n\t<meta property=\"og:image:width\" content=\"344\" \/>\n\t<meta property=\"og:image:height\" content=\"229\" \/>\n\t<meta property=\"og:image:type\" content=\"image\/jpeg\" \/>\n<meta name=\"twitter:card\" content=\"summary_large_image\" \/>\n<meta name=\"twitter:label1\" content=\"Est. reading time\" \/>\n\t<meta name=\"twitter:data1\" content=\"3 minutes\" \/>\n<!-- \/ Yoast SEO Premium plugin. -->","yoast_head_json":{"title":"Sch\u00e4fer Connect | Sch\u00e4fer Group","robots":{"index":"index","follow":"follow","max-snippet":"max-snippet:-1","max-image-preview":"max-image-preview:large","max-video-preview":"max-video-preview:-1"},"canonical":"https:\/\/schaefer.biz\/en\/software\/schaefer-connect\/","og_locale":"en_US","og_type":"article","og_title":"Sch\u00e4fer Connect","og_url":"https:\/\/schaefer.biz\/en\/software\/schaefer-connect\/","og_site_name":"Sch\u00e4fer Group","article_publisher":"https:\/\/www.facebook.com\/SchaeferGroupMarketing","article_modified_time":"2024-08-26T10:52:08+00:00","og_image":[{"width":344,"height":229,"url":"https:\/\/schaefer.biz\/wp-content\/uploads\/2020\/08\/Connect_Teaser_344x229px.jpg","type":"image\/jpeg"}],"twitter_card":"summary_large_image","twitter_misc":{"Est. reading time":"3 minutes"},"schema":{"@context":"https:\/\/schema.org","@graph":[{"@type":"WebPage","@id":"https:\/\/schaefer.biz\/en\/software\/schaefer-connect\/","url":"https:\/\/schaefer.biz\/en\/software\/schaefer-connect\/","name":"Sch\u00e4fer Connect | Sch\u00e4fer Group","isPartOf":{"@id":"https:\/\/schaefer.biz\/en\/#website"},"primaryImageOfPage":{"@id":"https:\/\/schaefer.biz\/en\/software\/schaefer-connect\/#primaryimage"},"image":{"@id":"https:\/\/schaefer.biz\/en\/software\/schaefer-connect\/#primaryimage"},"thumbnailUrl":"https:\/\/schaefer.biz\/wp-content\/uploads\/2020\/08\/Connect_Teaser_344x229px.jpg","datePublished":"2019-11-28T08:04:20+00:00","dateModified":"2024-08-26T10:52:08+00:00","breadcrumb":{"@id":"https:\/\/schaefer.biz\/en\/software\/schaefer-connect\/#breadcrumb"},"inLanguage":"en-US","potentialAction":[{"@type":"ReadAction","target":["https:\/\/schaefer.biz\/en\/software\/schaefer-connect\/"]}]},{"@type":"ImageObject","inLanguage":"en-US","@id":"https:\/\/schaefer.biz\/en\/software\/schaefer-connect\/#primaryimage","url":"https:\/\/schaefer.biz\/wp-content\/uploads\/2020\/08\/Connect_Teaser_344x229px.jpg","contentUrl":"https:\/\/schaefer.biz\/wp-content\/uploads\/2020\/08\/Connect_Teaser_344x229px.jpg","width":344,"height":229,"caption":"Software zur Maschinenvernetzung"},{"@type":"BreadcrumbList","@id":"https:\/\/schaefer.biz\/en\/software\/schaefer-connect\/#breadcrumb","itemListElement":[{"@type":"ListItem","position":1,"name":"Startseite","item":"https:\/\/schaefer.biz\/en\/"},{"@type":"ListItem","position":2,"name":"Software","item":"https:\/\/schaefer.biz\/en\/software\/"},{"@type":"ListItem","position":3,"name":"Sch\u00e4fer Connect"}]},{"@type":"WebSite","@id":"https:\/\/schaefer.biz\/en\/#website","url":"https:\/\/schaefer.biz\/en\/","name":"Sch\u00e4fer Group","description":"Spezifische L\u00f6sungen f\u00fcr Ihre Kabel- und Kontaktverarbeitung | Individual solutions for your wire and terminal processing","publisher":{"@id":"https:\/\/schaefer.biz\/en\/#organization"},"alternateName":"Sch\u00e4fer Group","potentialAction":[{"@type":"SearchAction","target":{"@type":"EntryPoint","urlTemplate":"https:\/\/schaefer.biz\/en\/?s={search_term_string}"},"query-input":{"@type":"PropertyValueSpecification","valueRequired":true,"valueName":"search_term_string"}}],"inLanguage":"en-US"},{"@type":"Organization","@id":"https:\/\/schaefer.biz\/en\/#organization","name":"Sch\u00e4fer Group","url":"https:\/\/schaefer.biz\/en\/","logo":{"@type":"ImageObject","inLanguage":"en-US","@id":"https:\/\/schaefer.biz\/en\/#\/schema\/logo\/image\/","url":"https:\/\/schaefer.biz\/wp-content\/uploads\/2018\/11\/Logo_Schaefer_RGB_100-70-0-0.png","contentUrl":"https:\/\/schaefer.biz\/wp-content\/uploads\/2018\/11\/Logo_Schaefer_RGB_100-70-0-0.png","width":2084,"height":823,"caption":"Sch\u00e4fer Group"},"image":{"@id":"https:\/\/schaefer.biz\/en\/#\/schema\/logo\/image\/"},"sameAs":["https:\/\/www.facebook.com\/SchaeferGroupMarketing","https:\/\/www.linkedin.com\/company\/schaefergroup","https:\/\/www.youtube.com\/user\/SchaeferMarketing","https:\/\/www.instagram.com\/schaefer_group\/"]}]}},"_links":{"self":[{"href":"https:\/\/schaefer.biz\/en\/wp-json\/wp\/v2\/pages\/10876","targetHints":{"allow":["GET"]}}],"collection":[{"href":"https:\/\/schaefer.biz\/en\/wp-json\/wp\/v2\/pages"}],"about":[{"href":"https:\/\/schaefer.biz\/en\/wp-json\/wp\/v2\/types\/page"}],"author":[{"embeddable":true,"href":"https:\/\/schaefer.biz\/en\/wp-json\/wp\/v2\/users\/6"}],"replies":[{"embeddable":true,"href":"https:\/\/schaefer.biz\/en\/wp-json\/wp\/v2\/comments?post=10876"}],"version-history":[{"count":0,"href":"https:\/\/schaefer.biz\/en\/wp-json\/wp\/v2\/pages\/10876\/revisions"}],"up":[{"embeddable":true,"href":"https:\/\/schaefer.biz\/en\/wp-json\/wp\/v2\/pages\/10245"}],"wp:featuredmedia":[{"embeddable":true,"href":"https:\/\/schaefer.biz\/en\/wp-json\/wp\/v2\/media\/13675"}],"wp:attachment":[{"href":"https:\/\/schaefer.biz\/en\/wp-json\/wp\/v2\/media?parent=10876"}],"curies":[{"name":"wp","href":"https:\/\/api.w.org\/{rel}","templated":true}]}}