{"id":10885,"date":"2019-11-28T09:17:52","date_gmt":"2019-11-28T08:17:52","guid":{"rendered":"https:\/\/schaefer-biz-qa2.mcon-group.com\/?page_id=10885"},"modified":"2024-04-19T10:13:27","modified_gmt":"2024-04-19T08:13:27","slug":"schaefer-assist","status":"publish","type":"page","link":"https:\/\/schaefer.biz\/en\/software\/schaefer-assist\/","title":{"rendered":"Sch\u00e4fer Assist"},"content":{"rendered":"<section class=\"l-section wpb_row height_small\"><div class=\"l-section-h i-cf\"><div class=\"g-cols vc_row via_flex valign_top type_default stacking_default\"><div class=\"vc_col-sm-12 wpb_column vc_column_container\"><div class=\"vc_column-inner\"><div class=\"wpb_wrapper\"><div class=\"w-gallery fit_cover type_grid ratio_custom count_1\" style=\"--columns:3;--items-gap:10px;--items-ratio-width:517;--items-ratio-height:142;\"><div class=\"w-gallery-list\"><div class=\"w-gallery-item\"><div class=\"w-gallery-item-img\"><img decoding=\"async\" width=\"570\" height=\"157\" src=\"https:\/\/schaefer.biz\/wp-content\/uploads\/2024\/04\/Assist-Logo-570px.jpg\" class=\"attachment-large size-large\" alt=\"\" srcset=\"https:\/\/schaefer.biz\/wp-content\/uploads\/2024\/04\/Assist-Logo-570px.jpg 570w, https:\/\/schaefer.biz\/wp-content\/uploads\/2024\/04\/Assist-Logo-570px-300x83.jpg 300w\" sizes=\"(max-width: 570px) 100vw, 570px\" \/><\/div><\/div><\/div><\/div><div class=\"wpb_text_column us_custom_cdf14ffd\"><div class=\"wpb_wrapper\"><h2>Data Service and Live-Remote-Support<\/h2>\n<\/div><\/div><div class=\"w-image us_custom_cdf14ffd align_none\"><div class=\"w-image-h\"><img decoding=\"async\" width=\"1140\" height=\"570\" src=\"https:\/\/schaefer.biz\/wp-content\/uploads\/2022\/05\/Schaefer-Assist_Grafik-1140px.jpg\" class=\"attachment-full size-full\" alt=\"\" loading=\"lazy\" srcset=\"https:\/\/schaefer.biz\/wp-content\/uploads\/2022\/05\/Schaefer-Assist_Grafik-1140px.jpg 1140w, https:\/\/schaefer.biz\/wp-content\/uploads\/2022\/05\/Schaefer-Assist_Grafik-1140px-300x150.jpg 300w, https:\/\/schaefer.biz\/wp-content\/uploads\/2022\/05\/Schaefer-Assist_Grafik-1140px-1024x512.jpg 1024w\" sizes=\"auto, (max-width: 1140px) 100vw, 1140px\" \/><\/div><\/div><\/div><\/div><\/div><\/div><\/div><\/section><section class=\"l-section wpb_row us_custom_92b2762d height_small\"><div class=\"l-section-h i-cf\"><div class=\"g-cols vc_row via_flex valign_top type_default stacking_default\"><div class=\"vc_col-sm-6 wpb_column vc_column_container\"><div class=\"vc_column-inner\"><div class=\"wpb_wrapper\"><div class=\"wpb_text_column\"><div class=\"wpb_wrapper\"><h4>State-of-the-art digital communication<\/h4>\n<p>Sch\u00e4fer Assist stands for audiovisual support in various operating situations such as during maintenance, service or training. The technology provides worldwide access to relevant product information as well as direct contact to the service team.<\/p>\n<\/div><\/div><div class=\"w-image us_custom_2a1aac1b align_none\"><div class=\"w-image-h\"><img decoding=\"async\" width=\"2000\" height=\"1192\" src=\"https:\/\/schaefer.biz\/wp-content\/uploads\/2020\/06\/Schaefer-Assist_v3_web-1.jpg\" class=\"attachment-full size-full\" alt=\"\" loading=\"lazy\" srcset=\"https:\/\/schaefer.biz\/wp-content\/uploads\/2020\/06\/Schaefer-Assist_v3_web-1.jpg 2000w, https:\/\/schaefer.biz\/wp-content\/uploads\/2020\/06\/Schaefer-Assist_v3_web-1-300x179.jpg 300w, https:\/\/schaefer.biz\/wp-content\/uploads\/2020\/06\/Schaefer-Assist_v3_web-1-1024x610.jpg 1024w, https:\/\/schaefer.biz\/wp-content\/uploads\/2020\/06\/Schaefer-Assist_v3_web-1-1536x915.jpg 1536w\" sizes=\"auto, (max-width: 2000px) 100vw, 2000px\" \/><\/div><\/div><div class=\"wpb_text_column\"><div class=\"wpb_wrapper\"><h4>Customized customer service<\/h4>\n<p>Regardless of what assistance might be required, Sch\u00e4fer Assist facilitates the exchange of information through the simple transfer of expertise with a service expert. Moreover, the service can be adapted in real time and without language or technical barriers with a live view of the situation at the installation site.<\/p>\n<h4>Individual data availability 24\/7<\/h4>\n<p>Relevant product information, including operating instructions and training videos, can be accessed 24 hours a day, 7 days a week. For practical reference to the Sch\u00e4fer product, the data can be opened using a QR code, for example, and displayed on mobile devices.<\/p>\n<\/div><\/div><\/div><\/div><\/div><div class=\"vc_col-sm-6 wpb_column vc_column_container\"><div class=\"vc_column-inner\"><div class=\"wpb_wrapper\"><div class=\"wpb_text_column\"><div class=\"wpb_wrapper\"><h4>Synergies through networking<\/h4>\n<p>Sch\u00e4fer Assist helps increase productivity through fast, intuitive video and audio communication. Depending on the situation and requirements, Assist can be used and efficiently supported in a variety of ways.<\/p>\n<h4>Versatile range of application<\/h4>\n<p>Assist by Sch\u00e4fer supports, for example, during:<br \/>\n\u2022 Pre-acceptance of a machine by the manufacturer<br \/>\n\u2022 Commissioning of a machine at the customer\u2018s site<br \/>\n\u2022 Servicing of a machine at the customer\u2018s site<br \/>\n\u2022 Training on Sch\u00e4fer products<\/p>\n<h4 id=\"Assisten(Homepage)-Innovationthroughcommitment\">Innovation through commitment<\/h4>\n<p>In summary, Sch\u00e4fer Assist provides the following advantages:<br \/>\n\u2022 Availability of documents at any time 24\/7<br \/>\n\u2022 Support through video instructions and Sch\u00e4fer service<br \/>\n\u2022 Simple transfer of expertise through Sch\u00e4fer experts<br \/>\n\u2022 Increase of work productivity through optimized process flows<br \/>\n\u2022 Climate protection through reduced travel requirements<br \/>\n\u2022 Conservation of resources through paperless work processes<\/p>\n<\/div><\/div><div class=\"w-actionbox us_custom_8185235b color_primary controls_right\"><div class=\"w-actionbox-text\"><h3 class=\"w-actionbox-title\">Product brochure<\/h3><div class=\"w-actionbox-description\"><p>Download the brochure as a PDF document<\/p>\n<\/div><\/div><div class=\"w-actionbox-controls\"><a class=\"w-btn us-btn-style_1\" target=\"_blank\" rel=\"nofollow\" title=\"Assist - Data Service and Live-Remote-Support\" href=\"\/wp-content\/uploads\/2023\/08\/Schaefer-Software-Assist-en-web.pdf\"><span class=\"w-btn-label\">Download<\/span><\/a><\/div><\/div><\/div><\/div><\/div><\/div><\/div><\/section>\n","protected":false},"excerpt":{"rendered":"Data Service and Live-Remote-Support State-of-the-art digital communication Sch\u00e4fer Assist stands for audiovisual support in various operating situations such as during maintenance, service or training. The technology provides worldwide access to relevant product information as well as direct contact to the service team. Customized customer service Regardless of what assistance might be required, Sch\u00e4fer Assist facilitates...","protected":false},"author":6,"featured_media":13685,"parent":10245,"menu_order":0,"comment_status":"closed","ping_status":"open","template":"","meta":{"_acf_changed":false,"footnotes":""},"class_list":["post-10885","page","type-page","status-publish","has-post-thumbnail","hentry"],"acf":[],"yoast_head":"<!-- This site is optimized with the Yoast SEO Premium plugin v27.2 (Yoast SEO v27.4) - https:\/\/yoast.com\/product\/yoast-seo-premium-wordpress\/ -->\n<title>Sch\u00e4fer Assist | Sch\u00e4fer Group<\/title>\n<meta name=\"robots\" content=\"index, follow, max-snippet:-1, max-image-preview:large, max-video-preview:-1\" \/>\n<link rel=\"canonical\" href=\"https:\/\/schaefer.biz\/en\/software\/schaefer-assist\/\" \/>\n<meta property=\"og:locale\" content=\"en_US\" \/>\n<meta property=\"og:type\" content=\"article\" \/>\n<meta property=\"og:title\" content=\"Sch\u00e4fer Assist\" \/>\n<meta property=\"og:url\" content=\"https:\/\/schaefer.biz\/en\/software\/schaefer-assist\/\" \/>\n<meta property=\"og:site_name\" content=\"Sch\u00e4fer Group\" \/>\n<meta property=\"article:publisher\" content=\"https:\/\/www.facebook.com\/SchaeferGroupMarketing\" \/>\n<meta property=\"article:modified_time\" content=\"2024-04-19T08:13:27+00:00\" \/>\n<meta property=\"og:image\" content=\"https:\/\/schaefer.biz\/wp-content\/uploads\/2020\/08\/Assist_Teaser_344x229px.jpg\" \/>\n\t<meta property=\"og:image:width\" content=\"344\" \/>\n\t<meta property=\"og:image:height\" content=\"229\" \/>\n\t<meta property=\"og:image:type\" content=\"image\/jpeg\" \/>\n<meta name=\"twitter:card\" content=\"summary_large_image\" \/>\n<meta name=\"twitter:label1\" content=\"Est. reading time\" \/>\n\t<meta name=\"twitter:data1\" content=\"2 minutes\" \/>\n<!-- \/ Yoast SEO Premium plugin. -->","yoast_head_json":{"title":"Sch\u00e4fer Assist | Sch\u00e4fer Group","robots":{"index":"index","follow":"follow","max-snippet":"max-snippet:-1","max-image-preview":"max-image-preview:large","max-video-preview":"max-video-preview:-1"},"canonical":"https:\/\/schaefer.biz\/en\/software\/schaefer-assist\/","og_locale":"en_US","og_type":"article","og_title":"Sch\u00e4fer Assist","og_url":"https:\/\/schaefer.biz\/en\/software\/schaefer-assist\/","og_site_name":"Sch\u00e4fer Group","article_publisher":"https:\/\/www.facebook.com\/SchaeferGroupMarketing","article_modified_time":"2024-04-19T08:13:27+00:00","og_image":[{"width":344,"height":229,"url":"https:\/\/schaefer.biz\/wp-content\/uploads\/2020\/08\/Assist_Teaser_344x229px.jpg","type":"image\/jpeg"}],"twitter_card":"summary_large_image","twitter_misc":{"Est. reading time":"2 minutes"},"schema":{"@context":"https:\/\/schema.org","@graph":[{"@type":"WebPage","@id":"https:\/\/schaefer.biz\/en\/software\/schaefer-assist\/","url":"https:\/\/schaefer.biz\/en\/software\/schaefer-assist\/","name":"Sch\u00e4fer Assist | Sch\u00e4fer Group","isPartOf":{"@id":"https:\/\/schaefer.biz\/en\/#website"},"primaryImageOfPage":{"@id":"https:\/\/schaefer.biz\/en\/software\/schaefer-assist\/#primaryimage"},"image":{"@id":"https:\/\/schaefer.biz\/en\/software\/schaefer-assist\/#primaryimage"},"thumbnailUrl":"https:\/\/schaefer.biz\/wp-content\/uploads\/2020\/08\/Assist_Teaser_344x229px.jpg","datePublished":"2019-11-28T08:17:52+00:00","dateModified":"2024-04-19T08:13:27+00:00","breadcrumb":{"@id":"https:\/\/schaefer.biz\/en\/software\/schaefer-assist\/#breadcrumb"},"inLanguage":"en-US","potentialAction":[{"@type":"ReadAction","target":["https:\/\/schaefer.biz\/en\/software\/schaefer-assist\/"]}]},{"@type":"ImageObject","inLanguage":"en-US","@id":"https:\/\/schaefer.biz\/en\/software\/schaefer-assist\/#primaryimage","url":"https:\/\/schaefer.biz\/wp-content\/uploads\/2020\/08\/Assist_Teaser_344x229px.jpg","contentUrl":"https:\/\/schaefer.biz\/wp-content\/uploads\/2020\/08\/Assist_Teaser_344x229px.jpg","width":344,"height":229,"caption":"Schriftzug mit Assist und Logo der Maschinensoftware"},{"@type":"BreadcrumbList","@id":"https:\/\/schaefer.biz\/en\/software\/schaefer-assist\/#breadcrumb","itemListElement":[{"@type":"ListItem","position":1,"name":"Startseite","item":"https:\/\/schaefer.biz\/en\/"},{"@type":"ListItem","position":2,"name":"Software","item":"https:\/\/schaefer.biz\/en\/software\/"},{"@type":"ListItem","position":3,"name":"Sch\u00e4fer Assist"}]},{"@type":"WebSite","@id":"https:\/\/schaefer.biz\/en\/#website","url":"https:\/\/schaefer.biz\/en\/","name":"Sch\u00e4fer Group","description":"Spezifische L\u00f6sungen f\u00fcr Ihre Kabel- und Kontaktverarbeitung | Individual solutions for your wire and terminal processing","publisher":{"@id":"https:\/\/schaefer.biz\/en\/#organization"},"alternateName":"Sch\u00e4fer Group","potentialAction":[{"@type":"SearchAction","target":{"@type":"EntryPoint","urlTemplate":"https:\/\/schaefer.biz\/en\/?s={search_term_string}"},"query-input":{"@type":"PropertyValueSpecification","valueRequired":true,"valueName":"search_term_string"}}],"inLanguage":"en-US"},{"@type":"Organization","@id":"https:\/\/schaefer.biz\/en\/#organization","name":"Sch\u00e4fer Group","url":"https:\/\/schaefer.biz\/en\/","logo":{"@type":"ImageObject","inLanguage":"en-US","@id":"https:\/\/schaefer.biz\/en\/#\/schema\/logo\/image\/","url":"https:\/\/schaefer.biz\/wp-content\/uploads\/2018\/11\/Logo_Schaefer_RGB_100-70-0-0.png","contentUrl":"https:\/\/schaefer.biz\/wp-content\/uploads\/2018\/11\/Logo_Schaefer_RGB_100-70-0-0.png","width":2084,"height":823,"caption":"Sch\u00e4fer Group"},"image":{"@id":"https:\/\/schaefer.biz\/en\/#\/schema\/logo\/image\/"},"sameAs":["https:\/\/www.facebook.com\/SchaeferGroupMarketing","https:\/\/www.linkedin.com\/company\/schaefergroup","https:\/\/www.youtube.com\/user\/SchaeferMarketing","https:\/\/www.instagram.com\/schaefer_group\/"]}]}},"_links":{"self":[{"href":"https:\/\/schaefer.biz\/en\/wp-json\/wp\/v2\/pages\/10885","targetHints":{"allow":["GET"]}}],"collection":[{"href":"https:\/\/schaefer.biz\/en\/wp-json\/wp\/v2\/pages"}],"about":[{"href":"https:\/\/schaefer.biz\/en\/wp-json\/wp\/v2\/types\/page"}],"author":[{"embeddable":true,"href":"https:\/\/schaefer.biz\/en\/wp-json\/wp\/v2\/users\/6"}],"replies":[{"embeddable":true,"href":"https:\/\/schaefer.biz\/en\/wp-json\/wp\/v2\/comments?post=10885"}],"version-history":[{"count":0,"href":"https:\/\/schaefer.biz\/en\/wp-json\/wp\/v2\/pages\/10885\/revisions"}],"up":[{"embeddable":true,"href":"https:\/\/schaefer.biz\/en\/wp-json\/wp\/v2\/pages\/10245"}],"wp:featuredmedia":[{"embeddable":true,"href":"https:\/\/schaefer.biz\/en\/wp-json\/wp\/v2\/media\/13685"}],"wp:attachment":[{"href":"https:\/\/schaefer.biz\/en\/wp-json\/wp\/v2\/media?parent=10885"}],"curies":[{"name":"wp","href":"https:\/\/api.w.org\/{rel}","templated":true}]}}