{"id":14241,"date":"2020-10-22T09:22:54","date_gmt":"2020-10-22T07:22:54","guid":{"rendered":"https:\/\/schaefer-biz-qa2.mcon-group.com\/?page_id=14241"},"modified":"2025-08-22T15:41:27","modified_gmt":"2025-08-22T13:41:27","slug":"career","status":"publish","type":"page","link":"https:\/\/schaefer.biz\/en\/company\/career\/","title":{"rendered":"Career and Jobs"},"content":{"rendered":"<section class=\"l-section wpb_row height_small\"><div class=\"l-section-h i-cf\"><div class=\"g-cols vc_row via_flex valign_top type_default stacking_default\"><div class=\"vc_col-sm-12 wpb_column vc_column_container\"><div class=\"vc_column-inner\"><div class=\"wpb_wrapper\"><div class=\"w-image us_custom_4f24afa8 has_ratio align_none\"><div class=\"w-image-h\"><div style=\"padding-bottom:37.5%\"><\/div><img decoding=\"async\" width=\"1200\" height=\"520\" src=\"https:\/\/schaefer.biz\/wp-content\/uploads\/2021\/09\/Key-Account-Manager-1200x520px.jpg\" class=\"attachment-full size-full\" alt=\"\" loading=\"lazy\" \/><\/div><\/div><div class=\"wpb_text_column\"><div class=\"wpb_wrapper\"><h2 id=\"Karriere-SuccessfulwithSch\u00e4fer\">Successful with Sch\u00e4fer<\/h2>\n<p>At the Sch\u00e4fer Group you can make your wish for a career with a wide range of opportunities and new challenges come true. Whether you are a pupil, student, career starter or already experienced professional, with us you get the chance to contribute your experience and fully develop your talents. In our\u00a0family-owned company with over 200 employees, you will work independently on innovative solutions that inspire our customers every day.<\/p>\n<\/div><\/div><\/div><\/div><\/div><\/div><\/div><\/section><section class=\"l-section wpb_row height_small\"><div class=\"l-section-h i-cf\"><div class=\"g-cols vc_row via_flex valign_top type_default stacking_default\"><div class=\"vc_col-sm-12 wpb_column vc_column_container\"><div class=\"vc_column-inner\"><div class=\"wpb_wrapper\"><div class=\"wpb_text_column\"><div class=\"wpb_wrapper\"><h2 id=\"Karriere-Welcometotheteam\">Welcome to the team<\/h2>\n<\/div><\/div><div class=\"wpb_text_column\"><div class=\"wpb_wrapper\"><p>An essential part of the Sch\u00e4fer corporate philosophy is the community spirit. We attach great importance to commitment, reliability, motivation and communication in order to achieve the best possible results as a team. The key to our corporate success is our employees, who all pull together in one direction.<\/p>\n<\/div><\/div><\/div><\/div><\/div><\/div><\/div><\/section><section class=\"l-section wpb_row us_custom_a069d783 height_small\"><div class=\"l-section-h i-cf\"><div class=\"g-cols vc_row via_flex valign_top type_default stacking_default\"><div class=\"vc_col-sm-3 wpb_column vc_column_container\"><div class=\"vc_column-inner\"><div class=\"wpb_wrapper\"><div class=\"w-iconbox us_custom_6567eda2 has_text_color iconpos_top style_default color_custom align_center no_text\"><div class=\"w-iconbox-icon\" style=\"font-size:4rem;--icon-color:#f2f2f2;\"><i class=\"material-icons\">euro<\/i><\/div><div class=\"w-iconbox-meta\"><h4 class=\"w-iconbox-title\">Suitable salary<\/h4><\/div><\/div><\/div><\/div><\/div><div class=\"vc_col-sm-3 wpb_column vc_column_container\"><div class=\"vc_column-inner\"><div class=\"wpb_wrapper\"><div data-us-scroll=\"{&quot;from_initial_position&quot;:&quot;0&quot;,&quot;start_position&quot;:&quot;0%&quot;,&quot;end_position&quot;:&quot;100%&quot;,&quot;delay&quot;:&quot;0.1s&quot;}\" class=\"w-iconbox us_custom_6567eda2 has_text_color has_scroll_effects iconpos_top style_default color_custom align_center no_text\"><div class=\"w-iconbox-icon\" style=\"font-size:4rem;--icon-color:#f2f2f2;\"><i class=\"material-icons\">school<\/i><\/div><div class=\"w-iconbox-meta\"><h4 class=\"w-iconbox-title\">Individual training<\/h4><\/div><\/div><\/div><\/div><\/div><div class=\"vc_col-sm-3 wpb_column vc_column_container\"><div class=\"vc_column-inner\"><div class=\"wpb_wrapper\"><div data-us-scroll=\"{&quot;from_initial_position&quot;:&quot;0&quot;,&quot;start_position&quot;:&quot;0%&quot;,&quot;end_position&quot;:&quot;100%&quot;,&quot;delay&quot;:&quot;0.1s&quot;}\" class=\"w-iconbox us_custom_6567eda2 has_text_color has_scroll_effects iconpos_top style_default color_custom align_center no_text\"><div class=\"w-iconbox-icon\" style=\"font-size:4rem;--icon-color:#f2f2f2;\"><i class=\"material-icons\">person<\/i><\/div><div class=\"w-iconbox-meta\"><h4 class=\"w-iconbox-title\">Occupational pension scheme<\/h4><\/div><\/div><\/div><\/div><\/div><div class=\"vc_col-sm-3 wpb_column vc_column_container\"><div class=\"vc_column-inner\"><div class=\"wpb_wrapper\"><div data-us-scroll=\"{&quot;from_initial_position&quot;:&quot;0&quot;,&quot;start_position&quot;:&quot;0%&quot;,&quot;end_position&quot;:&quot;100%&quot;,&quot;delay&quot;:&quot;0.1s&quot;}\" class=\"w-iconbox us_custom_6567eda2 has_text_color has_scroll_effects iconpos_top style_default color_custom align_center no_text\"><div class=\"w-iconbox-icon\" style=\"font-size:4rem;--icon-color:#f2f2f2;\"><i class=\"material-icons\">trending_up<\/i><\/div><div class=\"w-iconbox-meta\"><h4 class=\"w-iconbox-title\">Short decision paths<\/h4><\/div><\/div><\/div><\/div><\/div><\/div><\/div><\/section><section class=\"l-section wpb_row us_custom_1da3bb4d height_small\"><div class=\"l-section-h i-cf\"><div class=\"g-cols vc_row via_flex valign_top type_default stacking_default\"><div class=\"vc_col-sm-3 wpb_column vc_column_container\"><div class=\"vc_column-inner\"><div class=\"wpb_wrapper\"><div class=\"w-iconbox us_custom_6567eda2 has_text_color iconpos_top style_default color_custom align_center no_text\"><div class=\"w-iconbox-icon\" style=\"font-size:4rem;--icon-color:#f2f2f2;\"><i class=\"material-icons\">model_training<\/i><\/div><div class=\"w-iconbox-meta\"><h4 class=\"w-iconbox-title\">Specialized further education<\/h4><\/div><\/div><\/div><\/div><\/div><div class=\"vc_col-sm-3 wpb_column vc_column_container\"><div class=\"vc_column-inner\"><div class=\"wpb_wrapper\"><div data-us-scroll=\"{&quot;from_initial_position&quot;:&quot;0&quot;,&quot;start_position&quot;:&quot;0%&quot;,&quot;end_position&quot;:&quot;100%&quot;,&quot;delay&quot;:&quot;0.1s&quot;}\" class=\"w-iconbox us_custom_6567eda2 has_text_color has_scroll_effects iconpos_top style_default color_custom align_center no_text\"><div class=\"w-iconbox-icon\" style=\"font-size:4rem;--icon-color:#f2f2f2;\"><i class=\"material-icons\">people<\/i><\/div><div class=\"w-iconbox-meta\"><h4 class=\"w-iconbox-title\">Family-like work enviroment<\/h4><\/div><\/div><\/div><\/div><\/div><div class=\"vc_col-sm-3 wpb_column vc_column_container\"><div class=\"vc_column-inner\"><div class=\"wpb_wrapper\"><div data-us-scroll=\"{&quot;from_initial_position&quot;:&quot;0&quot;,&quot;start_position&quot;:&quot;0%&quot;,&quot;end_position&quot;:&quot;100%&quot;,&quot;delay&quot;:&quot;0.1s&quot;}\" class=\"w-iconbox us_custom_12fd541c has_text_color has_scroll_effects iconpos_top style_default color_custom align_center no_text\"><div class=\"w-iconbox-icon\" style=\"font-size:4rem;--icon-color:#f2f2f2;\"><i class=\"material-icons\">apartment<\/i><\/div><div class=\"w-iconbox-meta\"><h4 class=\"w-iconbox-title\">Home office and on site<\/h4><\/div><\/div><\/div><\/div><\/div><div class=\"vc_col-sm-3 wpb_column vc_column_container\"><div class=\"vc_column-inner\"><div class=\"wpb_wrapper\"><div data-us-scroll=\"{&quot;from_initial_position&quot;:&quot;0&quot;,&quot;start_position&quot;:&quot;0%&quot;,&quot;end_position&quot;:&quot;100%&quot;,&quot;delay&quot;:&quot;0.1s&quot;}\" class=\"w-iconbox us_custom_8a529ede has_text_color has_scroll_effects iconpos_top style_default color_custom align_center no_text\"><div class=\"w-iconbox-icon\" style=\"font-size:4rem;--icon-color:#f2f2f2;\"><i class=\"material-icons\">pedal_bike<\/i><\/div><div class=\"w-iconbox-meta\"><h4 class=\"w-iconbox-title\">Bike leasing<\/h4><\/div><\/div><\/div><\/div><\/div><\/div><\/div><\/section><section class=\"l-section wpb_row height_small\"><div class=\"l-section-h i-cf\"><div class=\"g-cols vc_row via_flex valign_top type_default stacking_default\"><div class=\"vc_col-sm-12 wpb_column vc_column_container\"><div class=\"vc_column-inner\"><div class=\"wpb_wrapper\"><div class=\"wpb_text_column\"><div class=\"wpb_wrapper\"><h2 id=\"Karriere-Applynow!\">Job offers<\/h2>\n<div id=\"footable_parent_29753\"\n         class=\" footable_parent ninja_table_wrapper loading_ninja_table wp_table_data_press_parent semantic_ui \">\n                <table data-ninja_table_instance=\"ninja_table_instance_0\" data-footable_id=\"29753\" data-filter-delay=\"1000\" aria-label=\"Job Offers new (Imported From Table Press)\"            id=\"footable_29753\"\n           data-unique_identifier=\"ninja_table_unique_id_1013394508_29753\"\n           class=\" foo-table ninja_footable foo_table_29753 ninja_table_unique_id_1013394508_29753 ui table  nt_type_ajax_table striped  footable-paging-right ninja_table_search_disabled\">\n                <colgroup>\n                            <col class=\"ninja_column_0 \">\n                            <col class=\"ninja_column_1 \">\n                            <col class=\"ninja_column_2 \">\n                    <\/colgroup>\n            <\/table>\n    \n    \n    \n<\/div>\n\n<\/div><\/div><div class=\"w-btn-wrapper align_none\"><a class=\"w-btn us-btn-style_1\" target=\"_blank\" rel=\"nofollow\" href=\"mailto:bewerbung@schaefer.biz\"><span class=\"w-btn-label\">Apply now!<\/span><\/a><\/div><\/div><\/div><\/div><\/div><\/div><\/section>\n","protected":false},"excerpt":{"rendered":"Successful with Sch\u00e4fer At the Sch\u00e4fer Group you can make your wish for a career with a wide range of opportunities and new challenges come true. Whether you are a pupil, student, career starter or already experienced professional, with us you get the chance to contribute your experience and fully develop your talents. In our\u00a0family-owned...","protected":false},"author":6,"featured_media":18231,"parent":1814,"menu_order":0,"comment_status":"closed","ping_status":"open","template":"","meta":{"_acf_changed":false,"footnotes":""},"class_list":["post-14241","page","type-page","status-publish","has-post-thumbnail","hentry"],"acf":[],"yoast_head":"<!-- This site is optimized with the Yoast SEO Premium plugin v27.2 (Yoast SEO v27.4) - https:\/\/yoast.com\/product\/yoast-seo-premium-wordpress\/ -->\n<title>Career and Jobs | Sch\u00e4fer Group<\/title>\n<meta name=\"robots\" content=\"index, follow, max-snippet:-1, max-image-preview:large, max-video-preview:-1\" \/>\n<link rel=\"canonical\" href=\"https:\/\/schaefer.biz\/en\/company\/career\/\" \/>\n<meta property=\"og:locale\" content=\"en_US\" \/>\n<meta property=\"og:type\" content=\"article\" \/>\n<meta property=\"og:title\" content=\"Career and Jobs\" \/>\n<meta property=\"og:url\" content=\"https:\/\/schaefer.biz\/en\/company\/career\/\" \/>\n<meta property=\"og:site_name\" content=\"Sch\u00e4fer Group\" \/>\n<meta property=\"article:publisher\" content=\"https:\/\/www.facebook.com\/SchaeferGroupMarketing\" \/>\n<meta property=\"article:modified_time\" content=\"2025-08-22T13:41:27+00:00\" \/>\n<meta property=\"og:image\" content=\"https:\/\/schaefer.biz\/wp-content\/uploads\/2022\/03\/Schaefer-Jobboerse-Thumbnail-337px.jpg\" \/>\n\t<meta property=\"og:image:width\" content=\"337\" \/>\n\t<meta property=\"og:image:height\" content=\"227\" \/>\n\t<meta property=\"og:image:type\" content=\"image\/jpeg\" \/>\n<meta name=\"twitter:card\" content=\"summary_large_image\" \/>\n<meta name=\"twitter:label1\" content=\"Est. reading time\" \/>\n\t<meta name=\"twitter:data1\" content=\"2 minutes\" \/>\n<!-- \/ Yoast SEO Premium plugin. -->","yoast_head_json":{"title":"Career and Jobs | Sch\u00e4fer Group","robots":{"index":"index","follow":"follow","max-snippet":"max-snippet:-1","max-image-preview":"max-image-preview:large","max-video-preview":"max-video-preview:-1"},"canonical":"https:\/\/schaefer.biz\/en\/company\/career\/","og_locale":"en_US","og_type":"article","og_title":"Career and Jobs","og_url":"https:\/\/schaefer.biz\/en\/company\/career\/","og_site_name":"Sch\u00e4fer Group","article_publisher":"https:\/\/www.facebook.com\/SchaeferGroupMarketing","article_modified_time":"2025-08-22T13:41:27+00:00","og_image":[{"width":337,"height":227,"url":"https:\/\/schaefer.biz\/wp-content\/uploads\/2022\/03\/Schaefer-Jobboerse-Thumbnail-337px.jpg","type":"image\/jpeg"}],"twitter_card":"summary_large_image","twitter_misc":{"Est. reading time":"2 minutes"},"schema":{"@context":"https:\/\/schema.org","@graph":[{"@type":"WebPage","@id":"https:\/\/schaefer.biz\/en\/company\/career\/","url":"https:\/\/schaefer.biz\/en\/company\/career\/","name":"Career and Jobs | Sch\u00e4fer Group","isPartOf":{"@id":"https:\/\/schaefer.biz\/en\/#website"},"primaryImageOfPage":{"@id":"https:\/\/schaefer.biz\/en\/company\/career\/#primaryimage"},"image":{"@id":"https:\/\/schaefer.biz\/en\/company\/career\/#primaryimage"},"thumbnailUrl":"https:\/\/schaefer.biz\/wp-content\/uploads\/2022\/03\/Schaefer-Jobboerse-Thumbnail-337px.jpg","datePublished":"2020-10-22T07:22:54+00:00","dateModified":"2025-08-22T13:41:27+00:00","breadcrumb":{"@id":"https:\/\/schaefer.biz\/en\/company\/career\/#breadcrumb"},"inLanguage":"en-US","potentialAction":[{"@type":"ReadAction","target":["https:\/\/schaefer.biz\/en\/company\/career\/"]}]},{"@type":"ImageObject","inLanguage":"en-US","@id":"https:\/\/schaefer.biz\/en\/company\/career\/#primaryimage","url":"https:\/\/schaefer.biz\/wp-content\/uploads\/2022\/03\/Schaefer-Jobboerse-Thumbnail-337px.jpg","contentUrl":"https:\/\/schaefer.biz\/wp-content\/uploads\/2022\/03\/Schaefer-Jobboerse-Thumbnail-337px.jpg","width":337,"height":227},{"@type":"BreadcrumbList","@id":"https:\/\/schaefer.biz\/en\/company\/career\/#breadcrumb","itemListElement":[{"@type":"ListItem","position":1,"name":"Startseite","item":"https:\/\/schaefer.biz\/en\/"},{"@type":"ListItem","position":2,"name":"About the Company","item":"https:\/\/schaefer.biz\/en\/company\/"},{"@type":"ListItem","position":3,"name":"Career and Jobs"}]},{"@type":"WebSite","@id":"https:\/\/schaefer.biz\/en\/#website","url":"https:\/\/schaefer.biz\/en\/","name":"Sch\u00e4fer Group","description":"Spezifische L\u00f6sungen f\u00fcr Ihre Kabel- und Kontaktverarbeitung | Individual solutions for your wire and terminal processing","publisher":{"@id":"https:\/\/schaefer.biz\/en\/#organization"},"alternateName":"Sch\u00e4fer Group","potentialAction":[{"@type":"SearchAction","target":{"@type":"EntryPoint","urlTemplate":"https:\/\/schaefer.biz\/en\/?s={search_term_string}"},"query-input":{"@type":"PropertyValueSpecification","valueRequired":true,"valueName":"search_term_string"}}],"inLanguage":"en-US"},{"@type":"Organization","@id":"https:\/\/schaefer.biz\/en\/#organization","name":"Sch\u00e4fer Group","url":"https:\/\/schaefer.biz\/en\/","logo":{"@type":"ImageObject","inLanguage":"en-US","@id":"https:\/\/schaefer.biz\/en\/#\/schema\/logo\/image\/","url":"https:\/\/schaefer.biz\/wp-content\/uploads\/2018\/11\/Logo_Schaefer_RGB_100-70-0-0.png","contentUrl":"https:\/\/schaefer.biz\/wp-content\/uploads\/2018\/11\/Logo_Schaefer_RGB_100-70-0-0.png","width":2084,"height":823,"caption":"Sch\u00e4fer Group"},"image":{"@id":"https:\/\/schaefer.biz\/en\/#\/schema\/logo\/image\/"},"sameAs":["https:\/\/www.facebook.com\/SchaeferGroupMarketing","https:\/\/www.linkedin.com\/company\/schaefergroup","https:\/\/www.youtube.com\/user\/SchaeferMarketing","https:\/\/www.instagram.com\/schaefer_group\/"]}]}},"_links":{"self":[{"href":"https:\/\/schaefer.biz\/en\/wp-json\/wp\/v2\/pages\/14241","targetHints":{"allow":["GET"]}}],"collection":[{"href":"https:\/\/schaefer.biz\/en\/wp-json\/wp\/v2\/pages"}],"about":[{"href":"https:\/\/schaefer.biz\/en\/wp-json\/wp\/v2\/types\/page"}],"author":[{"embeddable":true,"href":"https:\/\/schaefer.biz\/en\/wp-json\/wp\/v2\/users\/6"}],"replies":[{"embeddable":true,"href":"https:\/\/schaefer.biz\/en\/wp-json\/wp\/v2\/comments?post=14241"}],"version-history":[{"count":4,"href":"https:\/\/schaefer.biz\/en\/wp-json\/wp\/v2\/pages\/14241\/revisions"}],"predecessor-version":[{"id":36762,"href":"https:\/\/schaefer.biz\/en\/wp-json\/wp\/v2\/pages\/14241\/revisions\/36762"}],"up":[{"embeddable":true,"href":"https:\/\/schaefer.biz\/en\/wp-json\/wp\/v2\/pages\/1814"}],"wp:featuredmedia":[{"embeddable":true,"href":"https:\/\/schaefer.biz\/en\/wp-json\/wp\/v2\/media\/18231"}],"wp:attachment":[{"href":"https:\/\/schaefer.biz\/en\/wp-json\/wp\/v2\/media?parent=14241"}],"curies":[{"name":"wp","href":"https:\/\/api.w.org\/{rel}","templated":true}]}}