{"id":15151,"date":"2021-02-09T10:03:49","date_gmt":"2021-02-09T09:03:49","guid":{"rendered":"https:\/\/schaefer-biz-qa2.mcon-group.com\/?page_id=15151"},"modified":"2026-03-03T08:04:57","modified_gmt":"2026-03-03T07:04:57","slug":"headquarters","status":"publish","type":"page","link":"https:\/\/schaefer.biz\/en\/company\/headquarters\/","title":{"rendered":"Headquarters"},"content":{"rendered":"<section class=\"l-section wpb_row height_small\"><div class=\"l-section-h i-cf\"><div class=\"g-cols vc_row via_flex valign_top type_default stacking_default\"><div class=\"vc_col-sm-12 wpb_column vc_column_container usp\"><div class=\"vc_column-inner\"><div class=\"wpb_wrapper\"><div class=\"w-image align_none\"><div class=\"w-image-h\"><img decoding=\"async\" width=\"1140\" height=\"641\" src=\"https:\/\/schaefer.biz\/wp-content\/uploads\/2022\/04\/Luftbild_Firmenzentrale.jpg\" class=\"attachment-full size-full\" alt=\"\" loading=\"lazy\" srcset=\"https:\/\/schaefer.biz\/wp-content\/uploads\/2022\/04\/Luftbild_Firmenzentrale.jpg 1140w, https:\/\/schaefer.biz\/wp-content\/uploads\/2022\/04\/Luftbild_Firmenzentrale-300x169.jpg 300w, https:\/\/schaefer.biz\/wp-content\/uploads\/2022\/04\/Luftbild_Firmenzentrale-1024x576.jpg 1024w\" sizes=\"auto, (max-width: 1140px) 100vw, 1140px\" \/><\/div><\/div><div class=\"wpb_text_column us_custom_2ae65f69\"><div class=\"wpb_wrapper\"><p>The headquarters of the Sch\u00e4fer Group is the company Sch\u00e4fer Werkzeug- und Sondermaschinenbau GmbH in Bad Sch\u00f6nborn and was established by Gisela and Bernhard Sch\u00e4fer in January 1985.<\/p>\n<\/div><\/div><\/div><\/div><\/div><\/div><\/div><\/section><section class=\"l-section wpb_row us_custom_a069d783 height_small\"><div class=\"l-section-h i-cf\"><div class=\"g-cols vc_row via_flex valign_top type_default stacking_default\"><div class=\"vc_col-sm-4 wpb_column vc_column_container usp\"><div class=\"vc_column-inner\"><div class=\"wpb_wrapper\"><div class=\"wpb_text_column\"><div class=\"wpb_wrapper\"><h3>Certifications<\/h3>\n<\/div><\/div><div class=\"w-iconbox iconpos_left style_default color_primary align_left no_text\"><a target=\"_blank\" rel=\"nofollow\" title=\"Certificate Quality and Enviromental Management\" href=\"\/en\/company\/certificates\/\" class=\"w-iconbox-link\" aria-label=\"Quality Management\"><div class=\"w-iconbox-icon\" style=\"font-size:20;\"><i class=\"fas fa-certificate\"><\/i><\/div><\/a><div class=\"w-iconbox-meta\"><p class=\"w-iconbox-title\" style=\"font-size:24;\"><a target=\"_blank\" rel=\"nofollow\" title=\"Certificate Quality and Enviromental Management\" href=\"\/en\/company\/certificates\/\" class=\"w-iconbox-link\" aria-label=\"Quality Management\">Quality Management<\/a><\/p><\/div><\/div><div class=\"w-iconbox us_custom_703b2333 iconpos_left style_default color_primary align_left no_text\"><a target=\"_blank\" rel=\"nofollow\" title=\"Certificate Quality and Enviromental Management\" href=\"\/en\/company\/certificates\/\" class=\"w-iconbox-link\" aria-label=\"Environmental Management\"><div class=\"w-iconbox-icon\" style=\"font-size:20;\"><i class=\"fas fa-trees\"><\/i><\/div><\/a><div class=\"w-iconbox-meta\"><p class=\"w-iconbox-title\" style=\"font-size:24;\"><a target=\"_blank\" rel=\"nofollow\" title=\"Certificate Quality and Enviromental Management\" href=\"\/en\/company\/certificates\/\" class=\"w-iconbox-link\" aria-label=\"Environmental Management\">Environmental Management<\/a><\/p><\/div><\/div><div class=\"w-iconbox us_custom_703b2333 iconpos_left style_default color_primary align_left no_text\"><a title=\"Known Consignor\" href=\"\/en\/company\/certificates\/\" class=\"w-iconbox-link\" aria-label=\"Known Consignor\"><div class=\"w-iconbox-icon\" style=\"font-size:20;\"><i class=\"fas fa-plane\"><\/i><\/div><\/a><div class=\"w-iconbox-meta\"><p class=\"w-iconbox-title\" style=\"font-size:24;\"><a title=\"Known Consignor\" href=\"\/en\/company\/certificates\/\" class=\"w-iconbox-link\" aria-label=\"Known Consignor\">Known Consignor<\/a><\/p><\/div><\/div><\/div><\/div><\/div><div class=\"vc_col-sm-4 wpb_column vc_column_container\"><div class=\"vc_column-inner\"><div class=\"wpb_wrapper\"><div class=\"wpb_text_column\"><div class=\"wpb_wrapper\"><h3>Conditions<\/h3>\n<\/div><\/div><div class=\"w-iconbox iconpos_left style_default color_primary align_left no_text\"><a title=\"Conditions for Sale and Delivery\" href=\"\/en\/company\/bad-schoenborn\/conditions-for-sale-and-delivery\/\" class=\"w-iconbox-link\" aria-label=\"Conditions for Sale and Delivery\"><div class=\"w-iconbox-icon\" style=\"font-size:20;\"><i class=\"fas fa-truck\"><\/i><\/div><\/a><div class=\"w-iconbox-meta\"><p class=\"w-iconbox-title\" style=\"font-size:24;\"><a title=\"Conditions for Sale and Delivery\" href=\"\/en\/company\/bad-schoenborn\/conditions-for-sale-and-delivery\/\" class=\"w-iconbox-link\" aria-label=\"Conditions for Sale and Delivery\">Conditions for Sale and Delivery<\/a><\/p><\/div><\/div><div class=\"w-iconbox us_custom_703b2333 iconpos_left style_default color_primary align_left no_text\"><a title=\"Conditions for Purchase\" href=\"\/en\/company\/bad-schoenborn\/conditions-for-purchase\/\" class=\"w-iconbox-link\" aria-label=\"Conditions for Purchase\"><div class=\"w-iconbox-icon\" style=\"font-size:20;\"><i class=\"fas fa-shopping-cart\"><\/i><\/div><\/a><div class=\"w-iconbox-meta\"><p class=\"w-iconbox-title\" style=\"font-size:24;\"><a title=\"Conditions for Purchase\" href=\"\/en\/company\/bad-schoenborn\/conditions-for-purchase\/\" class=\"w-iconbox-link\" aria-label=\"Conditions for Purchase\">Conditions for Purchase<\/a><\/p><\/div><\/div><\/div><\/div><\/div><div class=\"vc_col-sm-4 wpb_column vc_column_container\"><div class=\"vc_column-inner\"><div class=\"wpb_wrapper\"><div class=\"wpb_text_column\"><div class=\"wpb_wrapper\"><h3 id=\"AllgemeineDatenschutzerkl\u00e4rung-DataPrivacyStatement\">Data Privacy<\/h3>\n<\/div><\/div><div class=\"w-iconbox iconpos_left style_default color_primary align_left no_text\"><a title=\"General Data Privacy Statement\" href=\"\/en\/company\/schaefer-gmbh-bad-schoenborn-germany\/general-data-privacy-statement\/\" class=\"w-iconbox-link\" aria-label=\"General Data Privacy Statement\"><div class=\"w-iconbox-icon\" style=\"font-size:20;\"><i class=\"fas fa-user-shield\"><\/i><\/div><\/a><div class=\"w-iconbox-meta\"><p class=\"w-iconbox-title\" style=\"font-size:24;\"><a title=\"General Data Privacy Statement\" href=\"\/en\/company\/schaefer-gmbh-bad-schoenborn-germany\/general-data-privacy-statement\/\" class=\"w-iconbox-link\" aria-label=\"General Data Privacy Statement\">General Data Privacy Statement<\/a><\/p><\/div><\/div><div class=\"w-iconbox us_custom_703b2333 iconpos_left style_default color_primary align_left no_text\"><a title=\"Privacy Policy\" href=\"\/en\/privacy-policy\/\" class=\"w-iconbox-link\" aria-label=\"Privacy Policy for Visitors of the Website\"><div class=\"w-iconbox-icon\" style=\"font-size:20;\"><i class=\"fas fa-shield-alt\"><\/i><\/div><\/a><div class=\"w-iconbox-meta\"><p class=\"w-iconbox-title\" style=\"font-size:24;\"><a title=\"Privacy Policy\" href=\"\/en\/privacy-policy\/\" class=\"w-iconbox-link\" aria-label=\"Privacy Policy for Visitors of the Website\">Privacy Policy for Visitors of the Website<\/a><\/p><\/div><\/div><\/div><\/div><\/div><\/div><\/div><\/section><div class=\"vc_col-sm-12 wpb_column vc_column_container\"><div class=\"vc_column-inner\"><div class=\"wpb_wrapper\"><\/div><\/div><\/div>\n","protected":false},"excerpt":{"rendered":"The headquarters of the Sch\u00e4fer Group is the company Sch\u00e4fer Werkzeug- und Sondermaschinenbau GmbH in Bad Sch\u00f6nborn and was established by Gisela and Bernhard Sch\u00e4fer in January 1985. Certifications Quality ManagementEnvironmental ManagementKnown ConsignorConditions Conditions for Sale and DeliveryConditions for PurchaseData Privacy General Data Privacy StatementPrivacy Policy for Visitors of the Website","protected":false},"author":6,"featured_media":18754,"parent":1814,"menu_order":0,"comment_status":"closed","ping_status":"open","template":"","meta":{"_acf_changed":false,"footnotes":""},"class_list":["post-15151","page","type-page","status-publish","has-post-thumbnail","hentry"],"acf":[],"yoast_head":"<!-- This site is optimized with the Yoast SEO Premium plugin v27.4 (Yoast SEO v27.4) - https:\/\/yoast.com\/product\/yoast-seo-premium-wordpress\/ -->\n<title>Headquarters | Sch\u00e4fer Group<\/title>\n<meta name=\"robots\" content=\"index, follow, max-snippet:-1, max-image-preview:large, max-video-preview:-1\" \/>\n<link rel=\"canonical\" href=\"https:\/\/schaefer.biz\/en\/company\/headquarters\/\" \/>\n<meta property=\"og:locale\" content=\"en_US\" \/>\n<meta property=\"og:type\" content=\"article\" \/>\n<meta property=\"og:title\" content=\"Headquarters\" \/>\n<meta property=\"og:url\" content=\"https:\/\/schaefer.biz\/en\/company\/headquarters\/\" \/>\n<meta property=\"og:site_name\" content=\"Sch\u00e4fer Group\" \/>\n<meta property=\"article:publisher\" content=\"https:\/\/www.facebook.com\/SchaeferGroupMarketing\" \/>\n<meta property=\"article:modified_time\" content=\"2026-03-03T07:04:57+00:00\" \/>\n<meta property=\"og:image\" content=\"https:\/\/schaefer.biz\/wp-content\/uploads\/2022\/04\/Luftbild_Firmenzentrale-1.jpg\" \/>\n\t<meta property=\"og:image:width\" content=\"1140\" \/>\n\t<meta property=\"og:image:height\" content=\"570\" \/>\n\t<meta property=\"og:image:type\" content=\"image\/jpeg\" \/>\n<meta name=\"twitter:card\" content=\"summary_large_image\" \/>\n<meta name=\"twitter:label1\" content=\"Est. reading time\" \/>\n\t<meta name=\"twitter:data1\" content=\"1 minute\" \/>\n<!-- \/ Yoast SEO Premium plugin. -->","yoast_head_json":{"title":"Headquarters | Sch\u00e4fer Group","robots":{"index":"index","follow":"follow","max-snippet":"max-snippet:-1","max-image-preview":"max-image-preview:large","max-video-preview":"max-video-preview:-1"},"canonical":"https:\/\/schaefer.biz\/en\/company\/headquarters\/","og_locale":"en_US","og_type":"article","og_title":"Headquarters","og_url":"https:\/\/schaefer.biz\/en\/company\/headquarters\/","og_site_name":"Sch\u00e4fer Group","article_publisher":"https:\/\/www.facebook.com\/SchaeferGroupMarketing","article_modified_time":"2026-03-03T07:04:57+00:00","og_image":[{"width":1140,"height":570,"url":"https:\/\/schaefer.biz\/wp-content\/uploads\/2022\/04\/Luftbild_Firmenzentrale-1.jpg","type":"image\/jpeg"}],"twitter_card":"summary_large_image","twitter_misc":{"Est. reading time":"1 minute"},"schema":{"@context":"https:\/\/schema.org","@graph":[{"@type":"WebPage","@id":"https:\/\/schaefer.biz\/en\/company\/headquarters\/","url":"https:\/\/schaefer.biz\/en\/company\/headquarters\/","name":"Headquarters | Sch\u00e4fer Group","isPartOf":{"@id":"https:\/\/schaefer.biz\/en\/#website"},"primaryImageOfPage":{"@id":"https:\/\/schaefer.biz\/en\/company\/headquarters\/#primaryimage"},"image":{"@id":"https:\/\/schaefer.biz\/en\/company\/headquarters\/#primaryimage"},"thumbnailUrl":"https:\/\/schaefer.biz\/wp-content\/uploads\/2022\/04\/Luftbild_Firmenzentrale-1.jpg","datePublished":"2021-02-09T09:03:49+00:00","dateModified":"2026-03-03T07:04:57+00:00","breadcrumb":{"@id":"https:\/\/schaefer.biz\/en\/company\/headquarters\/#breadcrumb"},"inLanguage":"en-US","potentialAction":[{"@type":"ReadAction","target":["https:\/\/schaefer.biz\/en\/company\/headquarters\/"]}]},{"@type":"ImageObject","inLanguage":"en-US","@id":"https:\/\/schaefer.biz\/en\/company\/headquarters\/#primaryimage","url":"https:\/\/schaefer.biz\/wp-content\/uploads\/2022\/04\/Luftbild_Firmenzentrale-1.jpg","contentUrl":"https:\/\/schaefer.biz\/wp-content\/uploads\/2022\/04\/Luftbild_Firmenzentrale-1.jpg","width":1140,"height":570},{"@type":"BreadcrumbList","@id":"https:\/\/schaefer.biz\/en\/company\/headquarters\/#breadcrumb","itemListElement":[{"@type":"ListItem","position":1,"name":"Startseite","item":"https:\/\/schaefer.biz\/en\/"},{"@type":"ListItem","position":2,"name":"About the Company","item":"https:\/\/schaefer.biz\/en\/company\/"},{"@type":"ListItem","position":3,"name":"Headquarters"}]},{"@type":"WebSite","@id":"https:\/\/schaefer.biz\/en\/#website","url":"https:\/\/schaefer.biz\/en\/","name":"Sch\u00e4fer Group","description":"Spezifische L\u00f6sungen f\u00fcr Ihre Kabel- und Kontaktverarbeitung | Individual solutions for your wire and terminal processing","publisher":{"@id":"https:\/\/schaefer.biz\/en\/#organization"},"alternateName":"Sch\u00e4fer Group","potentialAction":[{"@type":"SearchAction","target":{"@type":"EntryPoint","urlTemplate":"https:\/\/schaefer.biz\/en\/?s={search_term_string}"},"query-input":{"@type":"PropertyValueSpecification","valueRequired":true,"valueName":"search_term_string"}}],"inLanguage":"en-US"},{"@type":"Organization","@id":"https:\/\/schaefer.biz\/en\/#organization","name":"Sch\u00e4fer Group","url":"https:\/\/schaefer.biz\/en\/","logo":{"@type":"ImageObject","inLanguage":"en-US","@id":"https:\/\/schaefer.biz\/en\/#\/schema\/logo\/image\/","url":"https:\/\/schaefer.biz\/wp-content\/uploads\/2018\/11\/Logo_Schaefer_RGB_100-70-0-0.png","contentUrl":"https:\/\/schaefer.biz\/wp-content\/uploads\/2018\/11\/Logo_Schaefer_RGB_100-70-0-0.png","width":2084,"height":823,"caption":"Sch\u00e4fer Group"},"image":{"@id":"https:\/\/schaefer.biz\/en\/#\/schema\/logo\/image\/"},"sameAs":["https:\/\/www.facebook.com\/SchaeferGroupMarketing","https:\/\/www.linkedin.com\/company\/schaefergroup","https:\/\/www.youtube.com\/user\/SchaeferMarketing","https:\/\/www.instagram.com\/schaefer_group\/"]}]}},"_links":{"self":[{"href":"https:\/\/schaefer.biz\/en\/wp-json\/wp\/v2\/pages\/15151","targetHints":{"allow":["GET"]}}],"collection":[{"href":"https:\/\/schaefer.biz\/en\/wp-json\/wp\/v2\/pages"}],"about":[{"href":"https:\/\/schaefer.biz\/en\/wp-json\/wp\/v2\/types\/page"}],"author":[{"embeddable":true,"href":"https:\/\/schaefer.biz\/en\/wp-json\/wp\/v2\/users\/6"}],"replies":[{"embeddable":true,"href":"https:\/\/schaefer.biz\/en\/wp-json\/wp\/v2\/comments?post=15151"}],"version-history":[{"count":1,"href":"https:\/\/schaefer.biz\/en\/wp-json\/wp\/v2\/pages\/15151\/revisions"}],"predecessor-version":[{"id":40471,"href":"https:\/\/schaefer.biz\/en\/wp-json\/wp\/v2\/pages\/15151\/revisions\/40471"}],"up":[{"embeddable":true,"href":"https:\/\/schaefer.biz\/en\/wp-json\/wp\/v2\/pages\/1814"}],"wp:featuredmedia":[{"embeddable":true,"href":"https:\/\/schaefer.biz\/en\/wp-json\/wp\/v2\/media\/18754"}],"wp:attachment":[{"href":"https:\/\/schaefer.biz\/en\/wp-json\/wp\/v2\/media?parent=15151"}],"curies":[{"name":"wp","href":"https:\/\/api.w.org\/{rel}","templated":true}]}}