{"id":15353,"date":"2021-03-03T13:11:39","date_gmt":"2021-03-03T12:11:39","guid":{"rendered":"https:\/\/schaefer-biz-qa2.mcon-group.com\/?page_id=15353"},"modified":"2026-03-03T15:28:26","modified_gmt":"2026-03-03T14:28:26","slug":"certificates","status":"publish","type":"page","link":"https:\/\/schaefer.biz\/en\/company\/certificates\/","title":{"rendered":"Certificates"},"content":{"rendered":"<section class=\"l-section wpb_row us_custom_075d7b37 height_small\"><div class=\"l-section-h i-cf\"><div class=\"g-cols vc_row via_flex valign_top type_default stacking_default\"><div class=\"vc_col-sm-12 wpb_column vc_column_container\"><div class=\"vc_column-inner\"><div class=\"wpb_wrapper\"><div class=\"wpb_text_column\"><div class=\"wpb_wrapper\"><hr \/>\n<\/div><\/div><\/div><\/div><\/div><\/div><\/div><\/section><section class=\"l-section wpb_row us_custom_075d7b37 height_small\"><div class=\"l-section-h i-cf\"><div class=\"g-cols vc_row via_flex valign_top type_default stacking_default\"><div class=\"vc_col-sm-4 wpb_column vc_column_container\"><div class=\"vc_column-inner\"><div class=\"wpb_wrapper\"><div class=\"w-image align_none\"><div class=\"w-image-h\"><img decoding=\"async\" width=\"300\" height=\"119\" src=\"https:\/\/schaefer.biz\/wp-content\/uploads\/2018\/12\/logo_schaefer.png\" class=\"attachment-medium size-medium\" alt=\"\" loading=\"lazy\" \/><\/div><\/div><\/div><\/div><\/div><div class=\"vc_col-sm-8 wpb_column vc_column_container\"><div class=\"vc_column-inner\"><div class=\"wpb_wrapper\"><\/div><\/div><\/div><\/div><\/div><\/section><section class=\"l-section wpb_row us_custom_eb66e5a8 height_small\"><div class=\"l-section-h i-cf\"><div class=\"g-cols vc_row via_flex valign_top type_default stacking_default\"><div class=\"vc_col-sm-12 wpb_column vc_column_container\"><div class=\"vc_column-inner\"><div class=\"wpb_wrapper\"><div class=\"wpb_text_column us_custom_cdf14ffd\"><div class=\"wpb_wrapper\"><h2>Sch\u00e4fer Werkzeug- und Sondermaschinenbau GmbH<\/h2>\n<h3 class=\"w-page-title align_left\">Bad Sch\u00f6nborn | Germany<\/h3>\n<\/div><\/div><\/div><\/div><\/div><\/div><\/div><\/section><section class=\"l-section wpb_row us_custom_075d7b37 height_small\"><div class=\"l-section-h i-cf\"><div class=\"g-cols vc_row via_flex valign_top type_default stacking_default\"><div class=\"vc_col-sm-4 wpb_column vc_column_container\"><div class=\"vc_column-inner\"><div class=\"wpb_wrapper\"><div class=\"wpb_text_column\"><div class=\"wpb_wrapper\"><h3>Quality and Environmental Management<\/h3>\n<div>\n<div data-tid=\"messageBodyContainer\">\n<div data-tid=\"messageBodyContent\">\n<div>\n<div>\n<div>\n<p>Sch\u00e4fer has provided evidence through audits, that these quality and environmental management systems meet the requirements of the following standards:<\/p>\n<p><strong>ISO 9001:2015<br \/>\nISO 14001:2015<\/strong><\/p>\n<\/div>\n<\/div>\n<\/div>\n<\/div>\n<\/div>\n<\/div>\n<\/div><\/div><div class=\"w-image us_custom_c6c9007c style_shadow-1 align_left\"><a target=\"_blank\" rel=\"nofollow\" title=\"Certificate Quality and Enviromental Management\" href=\"\/wp-content\/uploads\/2026\/02\/Schaefer-QM-UM-2026-2029-en.pdf\" aria-label=\"Schaefer-BS-QM-2026-29-Certificate-EN-404px\" class=\"w-image-h\"><img decoding=\"async\" width=\"297\" height=\"404\" src=\"https:\/\/schaefer.biz\/wp-content\/uploads\/2026\/02\/Schaefer-BS-QM-2026-29-Certificate-EN-404px.jpg\" class=\"attachment-full size-full\" alt=\"\" loading=\"lazy\" srcset=\"https:\/\/schaefer.biz\/wp-content\/uploads\/2026\/02\/Schaefer-BS-QM-2026-29-Certificate-EN-404px.jpg 297w, https:\/\/schaefer.biz\/wp-content\/uploads\/2026\/02\/Schaefer-BS-QM-2026-29-Certificate-EN-404px-221x300.jpg 221w\" sizes=\"auto, (max-width: 297px) 100vw, 297px\" \/><\/a><\/div><div class=\"w-btn-wrapper align_none\"><a class=\"w-btn us-btn-style_1 us_custom_703b2333\" target=\"_blank\" rel=\"nofollow\" title=\"Certificate Quality and Enviromental Management\" href=\"\/wp-content\/uploads\/2026\/02\/Schaefer-QM-UM-2026-2029-en.pdf\"><span class=\"w-btn-label\">Download certificate<\/span><\/a><\/div><\/div><\/div><\/div><div class=\"vc_col-sm-4 wpb_column vc_column_container\"><div class=\"vc_column-inner\"><div class=\"wpb_wrapper\"><div class=\"wpb_text_column\"><div class=\"wpb_wrapper\"><h3>Known Consignor<\/h3>\n<p>Sch\u00e4fer Werkzeug- und Sondermaschinenbau GmbH has been approved by the Federal Aviation Authority as a &#8220;Known Consignor&#8221; in accordance with EU Regulation (EC) No. 300\/2008.<\/p>\n<p>The company thus meets the requirements of the &#8220;Secure Supply Chain&#8221; for air cargo.<\/p>\n<\/div><\/div><div class=\"w-btn-wrapper align_none\"><a class=\"w-btn us-btn-style_1\" title=\"Known Consignor\" href=\"\/en\/company\/schaefer-gmbh-bad-schoenborn-germany\/known-consignor\/\"><span class=\"w-btn-label\">More information<\/span><\/a><\/div><\/div><\/div><\/div><div class=\"vc_col-sm-4 wpb_column vc_column_container\"><div class=\"vc_column-inner\"><div class=\"wpb_wrapper\"><\/div><\/div><\/div><\/div><\/div><\/section><section class=\"l-section wpb_row us_custom_075d7b37 height_small\"><div class=\"l-section-h i-cf\"><div class=\"g-cols vc_row via_flex valign_top type_default stacking_default\"><div class=\"vc_col-sm-12 wpb_column vc_column_container\"><div class=\"vc_column-inner\"><div class=\"wpb_wrapper\"><div class=\"wpb_text_column\"><div class=\"wpb_wrapper\"><hr \/>\n<\/div><\/div><\/div><\/div><\/div><\/div><\/div><\/section><section class=\"l-section wpb_row us_custom_075d7b37 height_small\"><div class=\"l-section-h i-cf\"><div class=\"g-cols vc_row via_flex valign_top type_default stacking_default\"><div class=\"vc_col-sm-4 wpb_column vc_column_container\"><div class=\"vc_column-inner\"><div class=\"wpb_wrapper\"><div class=\"w-image align_none\"><div class=\"w-image-h\"><img decoding=\"async\" width=\"300\" height=\"119\" src=\"https:\/\/schaefer.biz\/wp-content\/uploads\/2018\/12\/logo_schaefer_werkzeugbau.png\" class=\"attachment-medium size-medium\" alt=\"\" loading=\"lazy\" \/><\/div><\/div><\/div><\/div><\/div><div class=\"vc_col-sm-8 wpb_column vc_column_container\"><div class=\"vc_column-inner\"><div class=\"wpb_wrapper\"><\/div><\/div><\/div><\/div><\/div><\/section><section class=\"l-section wpb_row us_custom_eb66e5a8 height_small\"><div class=\"l-section-h i-cf\"><div class=\"g-cols vc_row via_flex valign_top type_default stacking_default\"><div class=\"vc_col-sm-12 wpb_column vc_column_container\"><div class=\"vc_column-inner\"><div class=\"wpb_wrapper\"><div class=\"wpb_text_column us_custom_cdf14ffd\"><div class=\"wpb_wrapper\"><h2 id=\"Niederlassungen-Sch\u00e4ferWerkzeug-undSondermaschinenbauGmbH\">Sch\u00e4fer GmbH Werkzeug- und Sondermaschinenbau<\/h2>\n<h3 class=\"w-page-title align_left\">Gerstungen | Germany<\/h3>\n<\/div><\/div><\/div><\/div><\/div><\/div><\/div><\/section><section class=\"l-section wpb_row us_custom_075d7b37 height_small\"><div class=\"l-section-h i-cf\"><div class=\"g-cols vc_row via_flex valign_top type_default stacking_default\"><div class=\"vc_col-sm-4 wpb_column vc_column_container\"><div class=\"vc_column-inner\"><div class=\"wpb_wrapper\"><div class=\"wpb_text_column\"><div class=\"wpb_wrapper\"><h3>Quality Management<\/h3>\n<p>Sch\u00e4fer GmbH in Gerstungen is certified according to the standard<strong>\u00a0ISO 9001:2015<\/strong> as proof of its efficiency and competence as well as for continuous improvement.<\/p>\n<\/div><\/div><div class=\"w-image us_custom_c6c9007c style_shadow-1 align_left\"><a target=\"_blank\" rel=\"nofollow\" title=\"Quality Management\" href=\"\/wp-content\/uploads\/2025\/04\/Schaefer-UE-ISO-9001-Zertifikat-2025-EN.pdf\" aria-label=\"Schaefer-UE-Certificate-QM-2022-25-en\" class=\"w-image-h\"><img decoding=\"async\" width=\"300\" height=\"404\" src=\"https:\/\/schaefer.biz\/wp-content\/uploads\/2022\/04\/Schaefer-UE-Certificate-QM-2022-25-en.jpg\" class=\"attachment-full size-full\" alt=\"\" loading=\"lazy\" srcset=\"https:\/\/schaefer.biz\/wp-content\/uploads\/2022\/04\/Schaefer-UE-Certificate-QM-2022-25-en.jpg 300w, https:\/\/schaefer.biz\/wp-content\/uploads\/2022\/04\/Schaefer-UE-Certificate-QM-2022-25-en-223x300.jpg 223w\" sizes=\"auto, (max-width: 300px) 100vw, 300px\" \/><\/a><\/div><div class=\"w-btn-wrapper align_none\"><a class=\"w-btn us-btn-style_1 us_custom_703b2333\" target=\"_blank\" rel=\"nofollow\" title=\"Quality Management\" href=\"\/wp-content\/uploads\/2025\/04\/Schaefer-UE-ISO-9001-Zertifikat-2025-EN.pdf\"><span class=\"w-btn-label\">Download certificate<\/span><\/a><\/div><\/div><\/div><\/div><div class=\"vc_col-sm-4 wpb_column vc_column_container\"><div class=\"vc_column-inner\"><div class=\"wpb_wrapper\"><div class=\"wpb_text_column\"><div class=\"wpb_wrapper\"><h3>Environmental Management<\/h3>\n<p>Environmental protection is a self-evident component of our corporate policy, therefore Sch\u00e4fer GmbH in Gerstungen has an environmental management system certified to the standard <strong>ISO 14001:2015<\/strong>.<\/p>\n<\/div><\/div><div class=\"w-image us_custom_4a1dd1f3 style_shadow-1 align_left\"><a target=\"_blank\" rel=\"nofollow\" title=\"Quality Management\" href=\"\/wp-content\/uploads\/2025\/04\/Schaefer-UE-ISO-14001-Zertifikat-2025-EN.pdf\" aria-label=\"Schaefer-UE-Certificate-EM-2022-25-en\" class=\"w-image-h\"><img decoding=\"async\" width=\"300\" height=\"404\" src=\"https:\/\/schaefer.biz\/wp-content\/uploads\/2022\/04\/Schaefer-UE-Certificate-EM-2022-25-en.jpg\" class=\"attachment-full size-full\" alt=\"\" loading=\"lazy\" srcset=\"https:\/\/schaefer.biz\/wp-content\/uploads\/2022\/04\/Schaefer-UE-Certificate-EM-2022-25-en.jpg 300w, https:\/\/schaefer.biz\/wp-content\/uploads\/2022\/04\/Schaefer-UE-Certificate-EM-2022-25-en-223x300.jpg 223w\" sizes=\"auto, (max-width: 300px) 100vw, 300px\" \/><\/a><\/div><div class=\"w-btn-wrapper align_none\"><a class=\"w-btn us-btn-style_1 us_custom_703b2333\" target=\"_blank\" rel=\"nofollow\" title=\"Environmental Management\" href=\"\/wp-content\/uploads\/2025\/04\/Schaefer-UE-ISO-14001-Zertifikat-2025-EN.pdf\"><span class=\"w-btn-label\">Download certificate<\/span><\/a><\/div><\/div><\/div><\/div><div class=\"vc_col-sm-4 wpb_column vc_column_container\"><div class=\"vc_column-inner\"><div class=\"wpb_wrapper\"><\/div><\/div><\/div><\/div><\/div><\/section><section class=\"l-section wpb_row us_custom_075d7b37 height_small\"><div class=\"l-section-h i-cf\"><div class=\"g-cols vc_row via_flex valign_top type_default stacking_default\"><div class=\"vc_col-sm-12 wpb_column vc_column_container\"><div class=\"vc_column-inner\"><div class=\"wpb_wrapper\"><div class=\"wpb_text_column\"><div class=\"wpb_wrapper\"><hr \/>\n<\/div><\/div><\/div><\/div><\/div><\/div><\/div><\/section><section class=\"l-section wpb_row us_custom_075d7b37 height_small\"><div class=\"l-section-h i-cf\"><div class=\"g-cols vc_row via_flex valign_top type_default stacking_default\"><div class=\"vc_col-sm-4 wpb_column vc_column_container\"><div class=\"vc_column-inner\"><div class=\"wpb_wrapper\"><div class=\"w-image align_none\"><div class=\"w-image-h\"><img decoding=\"async\" width=\"300\" height=\"119\" src=\"https:\/\/schaefer.biz\/wp-content\/uploads\/2018\/12\/logo_schaefer_werkzeugbau.png\" class=\"attachment-medium size-medium\" alt=\"\" loading=\"lazy\" \/><\/div><\/div><\/div><\/div><\/div><div class=\"vc_col-sm-8 wpb_column vc_column_container\"><div class=\"vc_column-inner\"><div class=\"wpb_wrapper\"><\/div><\/div><\/div><\/div><\/div><\/section><section class=\"l-section wpb_row us_custom_eb66e5a8 height_small\"><div class=\"l-section-h i-cf\"><div class=\"g-cols vc_row via_flex valign_top type_default stacking_default\"><div class=\"vc_col-sm-12 wpb_column vc_column_container\"><div class=\"vc_column-inner\"><div class=\"wpb_wrapper\"><div class=\"wpb_text_column us_custom_cdf14ffd\"><div class=\"wpb_wrapper\"><h2 id=\"Niederlassungen-Sch\u00e4ferWerkzeug-undSondermaschinenbauGmbH\">Sch\u00e4fer GmbH Werkzeug- und Sondermaschinenbau<\/h2>\n<h3 class=\"w-page-title align_left\">Bad Oeynhausen | Germany<\/h3>\n<\/div><\/div><\/div><\/div><\/div><\/div><\/div><\/section><section class=\"l-section wpb_row us_custom_075d7b37 height_small\"><div class=\"l-section-h i-cf\"><div class=\"g-cols vc_row via_flex valign_top type_default stacking_default\"><div class=\"vc_col-sm-4 wpb_column vc_column_container\"><div class=\"vc_column-inner\"><div class=\"wpb_wrapper\"><div class=\"wpb_text_column\"><div class=\"wpb_wrapper\"><h3>Quality Management<\/h3>\n<p>Sch\u00e4fer GmbH in Bad Oeynhausen is certified according to the standard<strong>\u00a0ISO 9001:2015<\/strong> as proof of its efficiency and competence as well as for continuous improvement.<\/p>\n<\/div><\/div><div class=\"w-image us_custom_59eaa0a9 style_shadow-1 align_left\"><a target=\"_blank\" rel=\"nofollow\" title=\"Quality Management\" href=\"\/wp-content\/uploads\/2025\/04\/Schaefer-BO-ISO9001-Annex_EN-1.pdf\" aria-label=\"Schaefer-BO-Certificate-9001-25-en\" class=\"w-image-h\"><img decoding=\"async\" width=\"284\" height=\"403\" src=\"https:\/\/schaefer.biz\/wp-content\/uploads\/2025\/04\/Schaefer-BO-Certificate-9001-25-en.jpg\" class=\"attachment-full size-full\" alt=\"\" loading=\"lazy\" srcset=\"https:\/\/schaefer.biz\/wp-content\/uploads\/2025\/04\/Schaefer-BO-Certificate-9001-25-en.jpg 284w, https:\/\/schaefer.biz\/wp-content\/uploads\/2025\/04\/Schaefer-BO-Certificate-9001-25-en-211x300.jpg 211w\" sizes=\"auto, (max-width: 284px) 100vw, 284px\" \/><\/a><\/div><div class=\"w-btn-wrapper align_none\"><a class=\"w-btn us-btn-style_1 us_custom_703b2333\" target=\"_blank\" rel=\"nofollow\" title=\"Quality Management\" href=\"\/wp-content\/uploads\/2025\/04\/Schaefer-BO-ISO9001-Annex_EN-1.pdf\"><span class=\"w-btn-label\">Download certificate<\/span><\/a><\/div><\/div><\/div><\/div><div class=\"vc_col-sm-4 wpb_column vc_column_container\"><div class=\"vc_column-inner\"><div class=\"wpb_wrapper\"><div class=\"wpb_text_column\"><div class=\"wpb_wrapper\"><h3>Environmental Management<\/h3>\n<p>Environmental protection is a self-evident component of our corporate policy, therefore Sch\u00e4fer GmbH in Bad Oeynhausen has an environmental management system certified to the standard <strong>ISO 14001:2015<\/strong>.<\/p>\n<\/div><\/div><div class=\"w-image us_custom_59eaa0a9 style_shadow-1 align_left\"><a target=\"_blank\" rel=\"nofollow\" title=\"Quality Management\" href=\"\/wp-content\/uploads\/2025\/04\/Schaefer-BO-14001-Annex_EN.pdf\" aria-label=\"Schaefer-BO-Certificate-14001-25-en\" class=\"w-image-h\"><img decoding=\"async\" width=\"284\" height=\"403\" src=\"https:\/\/schaefer.biz\/wp-content\/uploads\/2025\/04\/Schaefer-BO-Certificate-14001-25-en.jpg\" class=\"attachment-full size-full\" alt=\"\" loading=\"lazy\" srcset=\"https:\/\/schaefer.biz\/wp-content\/uploads\/2025\/04\/Schaefer-BO-Certificate-14001-25-en.jpg 284w, https:\/\/schaefer.biz\/wp-content\/uploads\/2025\/04\/Schaefer-BO-Certificate-14001-25-en-211x300.jpg 211w\" sizes=\"auto, (max-width: 284px) 100vw, 284px\" \/><\/a><\/div><div class=\"w-btn-wrapper align_none\"><a class=\"w-btn us-btn-style_1 us_custom_703b2333\" target=\"_blank\" rel=\"nofollow\" title=\"Environmental Management\" href=\"\/wp-content\/uploads\/2025\/04\/Schaefer-BO-14001-Annex_EN.pdf\"><span class=\"w-btn-label\">Download certificate<\/span><\/a><\/div><\/div><\/div><\/div><div class=\"vc_col-sm-4 wpb_column vc_column_container\"><div class=\"vc_column-inner\"><div class=\"wpb_wrapper\"><\/div><\/div><\/div><\/div><\/div><\/section>\n","protected":false},"excerpt":{"rendered":"Sch\u00e4fer Werkzeug- und Sondermaschinenbau GmbH Bad Sch\u00f6nborn | Germany Quality and Environmental Management Sch\u00e4fer has provided evidence through audits, that these quality and environmental management systems meet the requirements of the following standards: ISO 9001:2015 ISO 14001:2015 Download certificateKnown Consignor Sch\u00e4fer Werkzeug- und Sondermaschinenbau GmbH has been approved by the Federal Aviation Authority as a...","protected":false},"author":6,"featured_media":18754,"parent":1814,"menu_order":0,"comment_status":"closed","ping_status":"open","template":"","meta":{"_acf_changed":false,"footnotes":""},"class_list":["post-15353","page","type-page","status-publish","has-post-thumbnail","hentry"],"acf":[],"yoast_head":"<!-- This site is optimized with the Yoast SEO Premium plugin v27.4 (Yoast SEO v27.4) - https:\/\/yoast.com\/product\/yoast-seo-premium-wordpress\/ -->\n<title>Certificates | Sch\u00e4fer Group<\/title>\n<meta name=\"robots\" content=\"index, follow, max-snippet:-1, max-image-preview:large, max-video-preview:-1\" \/>\n<link rel=\"canonical\" href=\"https:\/\/schaefer.biz\/en\/company\/certificates\/\" \/>\n<meta property=\"og:locale\" content=\"en_US\" \/>\n<meta property=\"og:type\" content=\"article\" \/>\n<meta property=\"og:title\" content=\"Certificates\" \/>\n<meta property=\"og:url\" content=\"https:\/\/schaefer.biz\/en\/company\/certificates\/\" \/>\n<meta property=\"og:site_name\" content=\"Sch\u00e4fer Group\" \/>\n<meta property=\"article:publisher\" content=\"https:\/\/www.facebook.com\/SchaeferGroupMarketing\" \/>\n<meta property=\"article:modified_time\" content=\"2026-03-03T14:28:26+00:00\" \/>\n<meta property=\"og:image\" content=\"https:\/\/schaefer.biz\/wp-content\/uploads\/2022\/04\/Luftbild_Firmenzentrale-1.jpg\" \/>\n\t<meta property=\"og:image:width\" content=\"1140\" \/>\n\t<meta property=\"og:image:height\" content=\"570\" \/>\n\t<meta property=\"og:image:type\" content=\"image\/jpeg\" \/>\n<meta name=\"twitter:card\" content=\"summary_large_image\" \/>\n<meta name=\"twitter:label1\" content=\"Est. reading time\" \/>\n\t<meta name=\"twitter:data1\" content=\"2 minutes\" \/>\n<!-- \/ Yoast SEO Premium plugin. -->","yoast_head_json":{"title":"Certificates | Sch\u00e4fer Group","robots":{"index":"index","follow":"follow","max-snippet":"max-snippet:-1","max-image-preview":"max-image-preview:large","max-video-preview":"max-video-preview:-1"},"canonical":"https:\/\/schaefer.biz\/en\/company\/certificates\/","og_locale":"en_US","og_type":"article","og_title":"Certificates","og_url":"https:\/\/schaefer.biz\/en\/company\/certificates\/","og_site_name":"Sch\u00e4fer Group","article_publisher":"https:\/\/www.facebook.com\/SchaeferGroupMarketing","article_modified_time":"2026-03-03T14:28:26+00:00","og_image":[{"width":1140,"height":570,"url":"https:\/\/schaefer.biz\/wp-content\/uploads\/2022\/04\/Luftbild_Firmenzentrale-1.jpg","type":"image\/jpeg"}],"twitter_card":"summary_large_image","twitter_misc":{"Est. reading time":"2 minutes"},"schema":{"@context":"https:\/\/schema.org","@graph":[{"@type":"WebPage","@id":"https:\/\/schaefer.biz\/en\/company\/certificates\/","url":"https:\/\/schaefer.biz\/en\/company\/certificates\/","name":"Certificates | Sch\u00e4fer Group","isPartOf":{"@id":"https:\/\/schaefer.biz\/en\/#website"},"primaryImageOfPage":{"@id":"https:\/\/schaefer.biz\/en\/company\/certificates\/#primaryimage"},"image":{"@id":"https:\/\/schaefer.biz\/en\/company\/certificates\/#primaryimage"},"thumbnailUrl":"https:\/\/schaefer.biz\/wp-content\/uploads\/2022\/04\/Luftbild_Firmenzentrale-1.jpg","datePublished":"2021-03-03T12:11:39+00:00","dateModified":"2026-03-03T14:28:26+00:00","breadcrumb":{"@id":"https:\/\/schaefer.biz\/en\/company\/certificates\/#breadcrumb"},"inLanguage":"en-US","potentialAction":[{"@type":"ReadAction","target":["https:\/\/schaefer.biz\/en\/company\/certificates\/"]}]},{"@type":"ImageObject","inLanguage":"en-US","@id":"https:\/\/schaefer.biz\/en\/company\/certificates\/#primaryimage","url":"https:\/\/schaefer.biz\/wp-content\/uploads\/2022\/04\/Luftbild_Firmenzentrale-1.jpg","contentUrl":"https:\/\/schaefer.biz\/wp-content\/uploads\/2022\/04\/Luftbild_Firmenzentrale-1.jpg","width":1140,"height":570},{"@type":"BreadcrumbList","@id":"https:\/\/schaefer.biz\/en\/company\/certificates\/#breadcrumb","itemListElement":[{"@type":"ListItem","position":1,"name":"Startseite","item":"https:\/\/schaefer.biz\/en\/"},{"@type":"ListItem","position":2,"name":"About the Company","item":"https:\/\/schaefer.biz\/en\/company\/"},{"@type":"ListItem","position":3,"name":"Certificates"}]},{"@type":"WebSite","@id":"https:\/\/schaefer.biz\/en\/#website","url":"https:\/\/schaefer.biz\/en\/","name":"Sch\u00e4fer Group","description":"Spezifische L\u00f6sungen f\u00fcr Ihre Kabel- und Kontaktverarbeitung | Individual solutions for your wire and terminal processing","publisher":{"@id":"https:\/\/schaefer.biz\/en\/#organization"},"alternateName":"Sch\u00e4fer Group","potentialAction":[{"@type":"SearchAction","target":{"@type":"EntryPoint","urlTemplate":"https:\/\/schaefer.biz\/en\/?s={search_term_string}"},"query-input":{"@type":"PropertyValueSpecification","valueRequired":true,"valueName":"search_term_string"}}],"inLanguage":"en-US"},{"@type":"Organization","@id":"https:\/\/schaefer.biz\/en\/#organization","name":"Sch\u00e4fer Group","url":"https:\/\/schaefer.biz\/en\/","logo":{"@type":"ImageObject","inLanguage":"en-US","@id":"https:\/\/schaefer.biz\/en\/#\/schema\/logo\/image\/","url":"https:\/\/schaefer.biz\/wp-content\/uploads\/2018\/11\/Logo_Schaefer_RGB_100-70-0-0.png","contentUrl":"https:\/\/schaefer.biz\/wp-content\/uploads\/2018\/11\/Logo_Schaefer_RGB_100-70-0-0.png","width":2084,"height":823,"caption":"Sch\u00e4fer Group"},"image":{"@id":"https:\/\/schaefer.biz\/en\/#\/schema\/logo\/image\/"},"sameAs":["https:\/\/www.facebook.com\/SchaeferGroupMarketing","https:\/\/www.linkedin.com\/company\/schaefergroup","https:\/\/www.youtube.com\/user\/SchaeferMarketing","https:\/\/www.instagram.com\/schaefer_group\/"]}]}},"_links":{"self":[{"href":"https:\/\/schaefer.biz\/en\/wp-json\/wp\/v2\/pages\/15353","targetHints":{"allow":["GET"]}}],"collection":[{"href":"https:\/\/schaefer.biz\/en\/wp-json\/wp\/v2\/pages"}],"about":[{"href":"https:\/\/schaefer.biz\/en\/wp-json\/wp\/v2\/types\/page"}],"author":[{"embeddable":true,"href":"https:\/\/schaefer.biz\/en\/wp-json\/wp\/v2\/users\/6"}],"replies":[{"embeddable":true,"href":"https:\/\/schaefer.biz\/en\/wp-json\/wp\/v2\/comments?post=15353"}],"version-history":[{"count":8,"href":"https:\/\/schaefer.biz\/en\/wp-json\/wp\/v2\/pages\/15353\/revisions"}],"predecessor-version":[{"id":40206,"href":"https:\/\/schaefer.biz\/en\/wp-json\/wp\/v2\/pages\/15353\/revisions\/40206"}],"up":[{"embeddable":true,"href":"https:\/\/schaefer.biz\/en\/wp-json\/wp\/v2\/pages\/1814"}],"wp:featuredmedia":[{"embeddable":true,"href":"https:\/\/schaefer.biz\/en\/wp-json\/wp\/v2\/media\/18754"}],"wp:attachment":[{"href":"https:\/\/schaefer.biz\/en\/wp-json\/wp\/v2\/media?parent=15353"}],"curies":[{"name":"wp","href":"https:\/\/api.w.org\/{rel}","templated":true}]}}