{"id":1812,"date":"2018-12-18T14:26:49","date_gmt":"2018-12-18T13:26:49","guid":{"rendered":"https:\/\/schaefer-biz-qa2.mcon-group.com\/imprint\/"},"modified":"2025-08-06T13:02:48","modified_gmt":"2025-08-06T11:02:48","slug":"imprint","status":"publish","type":"page","link":"https:\/\/schaefer.biz\/en\/imprint\/","title":{"rendered":"Imprint"},"content":{"rendered":"<section class=\"l-section wpb_row us_custom_d2199d32 height_small\"><div class=\"l-section-h i-cf\"><div class=\"g-cols vc_row via_flex valign_top type_default stacking_default\"><div class=\"vc_col-sm-6 wpb_column vc_column_container\"><div class=\"vc_column-inner\"><div class=\"wpb_wrapper\"><div class=\"wpb_text_column\"><div class=\"wpb_wrapper\"><h3 class=\"Standard\">Sch\u00e4fer Werkzeug- und<br \/>\nSondermaschinenbau GmbH<\/h3>\n<div class=\"Standard\">\n<p>Dr.-Alfred-Weckesser-Stra\u00dfe 6<br \/>\n76669 Bad Sch\u00f6nborn<br \/>\nGermany<\/p>\n<p>Phone: +49 7253\/9421-0<\/p>\n<p>E-Mail: <a title=\"info@schaefer.biz\" href=\"mailto:i%6efo@scha%65fer%2eb%69z\">info@schaefer.biz<\/a><br \/>\nWebsite: <a href=\"https:\/\/schaefer.athene.wpspace.me\/\">www.schaefer.biz<\/a><\/p>\n<h3>Sales Tax Identification Number<\/h3>\n<p>DE 143400947<\/p>\n<h3>Registration Office<\/h3>\n<p>AG Mannheim \/ HRB 350718<\/p>\n<h3>Chamber of Crafts Karlsruhe<\/h3>\n<p>Friedrichsplatz 4-5<br \/>\n76133 Karlsruhe<br \/>\nGermany<\/p>\n<p>regarding 10.11.2001, BGBI I S.2997<\/p>\n<\/div>\n<\/div><\/div><\/div><\/div><\/div><div class=\"vc_col-sm-6 wpb_column vc_column_container\"><div class=\"vc_column-inner\"><div class=\"wpb_wrapper\"><div class=\"wpb_text_column\"><div class=\"wpb_wrapper\"><div class=\"Standard\">\n<h3>Executives<\/h3>\n<ul>\n<li>Bernhard Sch\u00e4fer<\/li>\n<li>Gisela Sch\u00e4fer<\/li>\n<li>Markus Sch\u00e4fer<\/li>\n<li>Dr.-Ing. Alexander Sch\u00e4fer<\/li>\n<\/ul>\n<h3>Data Security Officer<\/h3>\n<p>Philipp Herold<br \/>\nE-Mail: <a href=\"mailto:privacy@schaefer.biz\">privacy@schaefer.biz<\/a><\/p>\n<h3>Pictures<\/h3>\n<p>\u00a9 Gorodenkoff &#8211; stock.adobe.com<br \/>\n\u00a9 ASDF &#8211; stock.adobe.com<br \/>\n\u00a9 pressmaster &#8211; stock.adobe.com<br \/>\n\u00a9 Siarhei &#8211; stock.adobe.com<br \/>\n\u00a9 SergeyBitos &#8211; stock.adobe.com<br \/>\n\u00a9 z1b \u2013 stock.adobe.com<br \/>\n\u00a9 NDABCREATIVITY &#8211; stock.adobe.com<br \/>\n\u00a9 bongkarn &#8211; stock.adobe.com<br \/>\n\u00a9 Bojan &#8211; stock.adobe.com<br \/>\n\u00a9 phonlamaiphoto &#8211; stock.adobe.com<br \/>\n\u00a9 bloomicon &#8211; stock.adobe.com<br \/>\n\u00a9 auremar \u2013 stock.adobe.com<br \/>\n\u00a9 Spuno \u2013 stock.adobe.com<\/p>\n<h3>Further information<\/h3>\n<ul>\n<li>All rights reserved.<\/li>\n<li>Duplicating only with the permit of the publisher.<\/li>\n<li>Technical modifications excepted.<\/li>\n<\/ul>\n<\/div>\n<\/div><\/div><\/div><\/div><\/div><\/div><\/div><\/section>\n","protected":false},"excerpt":{"rendered":"Sch\u00e4fer Werkzeug- und Sondermaschinenbau GmbH Dr.-Alfred-Weckesser-Stra\u00dfe 6 76669 Bad Sch\u00f6nborn Germany Phone: +49 7253\/9421-0 E-Mail: info@schaefer.biz Website: www.schaefer.biz Sales Tax Identification Number DE 143400947 Registration Office AG Mannheim \/ HRB 350718 Chamber of Crafts Karlsruhe Friedrichsplatz 4-5 76133 Karlsruhe Germany regarding 10.11.2001, BGBI I S.2997 Executives Bernhard Sch\u00e4fer Gisela Sch\u00e4fer Markus Sch\u00e4fer Dr.-Ing. Alexander Sch\u00e4fer...","protected":false},"author":5,"featured_media":0,"parent":0,"menu_order":0,"comment_status":"closed","ping_status":"open","template":"","meta":{"_acf_changed":false,"footnotes":""},"class_list":["post-1812","page","type-page","status-publish","hentry"],"acf":[],"yoast_head":"<!-- This site is optimized with the Yoast SEO Premium plugin v27.4 (Yoast SEO v27.5) - https:\/\/yoast.com\/product\/yoast-seo-premium-wordpress\/ -->\n<title>Imprint | Sch\u00e4fer Group<\/title>\n<meta name=\"robots\" content=\"index, follow, max-snippet:-1, max-image-preview:large, max-video-preview:-1\" \/>\n<link rel=\"canonical\" href=\"https:\/\/schaefer.biz\/en\/imprint\/\" \/>\n<meta property=\"og:locale\" content=\"en_US\" \/>\n<meta property=\"og:type\" content=\"article\" \/>\n<meta property=\"og:title\" content=\"Imprint\" \/>\n<meta property=\"og:url\" content=\"https:\/\/schaefer.biz\/en\/imprint\/\" \/>\n<meta property=\"og:site_name\" content=\"Sch\u00e4fer Group\" \/>\n<meta property=\"article:publisher\" content=\"https:\/\/www.facebook.com\/SchaeferGroupMarketing\" \/>\n<meta property=\"article:modified_time\" content=\"2025-08-06T11:02:48+00:00\" \/>\n<meta property=\"og:image\" content=\"https:\/\/schaefer.biz\/wp-content\/uploads\/2022\/03\/Schaefer-Crimping-Machine-EPS-2001-Airbag-Connector-1200px-1140px.jpg\" \/>\n\t<meta property=\"og:image:width\" content=\"1140\" \/>\n\t<meta property=\"og:image:height\" content=\"554\" \/>\n\t<meta property=\"og:image:type\" content=\"image\/jpeg\" \/>\n<meta name=\"twitter:card\" content=\"summary_large_image\" \/>\n<meta name=\"twitter:label1\" content=\"Est. reading time\" \/>\n\t<meta name=\"twitter:data1\" content=\"1 minute\" \/>\n<!-- \/ Yoast SEO Premium plugin. -->","yoast_head_json":{"title":"Imprint | Sch\u00e4fer Group","robots":{"index":"index","follow":"follow","max-snippet":"max-snippet:-1","max-image-preview":"max-image-preview:large","max-video-preview":"max-video-preview:-1"},"canonical":"https:\/\/schaefer.biz\/en\/imprint\/","og_locale":"en_US","og_type":"article","og_title":"Imprint","og_url":"https:\/\/schaefer.biz\/en\/imprint\/","og_site_name":"Sch\u00e4fer Group","article_publisher":"https:\/\/www.facebook.com\/SchaeferGroupMarketing","article_modified_time":"2025-08-06T11:02:48+00:00","og_image":[{"width":1140,"height":554,"url":"https:\/\/schaefer.biz\/wp-content\/uploads\/2022\/03\/Schaefer-Crimping-Machine-EPS-2001-Airbag-Connector-1200px-1140px.jpg","type":"image\/jpeg"}],"twitter_card":"summary_large_image","twitter_misc":{"Est. reading time":"1 minute"},"schema":{"@context":"https:\/\/schema.org","@graph":[{"@type":"WebPage","@id":"https:\/\/schaefer.biz\/en\/imprint\/","url":"https:\/\/schaefer.biz\/en\/imprint\/","name":"Imprint | Sch\u00e4fer Group","isPartOf":{"@id":"https:\/\/schaefer.biz\/en\/#website"},"datePublished":"2018-12-18T13:26:49+00:00","dateModified":"2025-08-06T11:02:48+00:00","breadcrumb":{"@id":"https:\/\/schaefer.biz\/en\/imprint\/#breadcrumb"},"inLanguage":"en-US","potentialAction":[{"@type":"ReadAction","target":["https:\/\/schaefer.biz\/en\/imprint\/"]}]},{"@type":"BreadcrumbList","@id":"https:\/\/schaefer.biz\/en\/imprint\/#breadcrumb","itemListElement":[{"@type":"ListItem","position":1,"name":"Startseite","item":"https:\/\/schaefer.biz\/en\/"},{"@type":"ListItem","position":2,"name":"Imprint"}]},{"@type":"WebSite","@id":"https:\/\/schaefer.biz\/en\/#website","url":"https:\/\/schaefer.biz\/en\/","name":"Sch\u00e4fer Group","description":"Spezifische L\u00f6sungen f\u00fcr Ihre Kabel- und Kontaktverarbeitung | Individual solutions for your wire and terminal processing","publisher":{"@id":"https:\/\/schaefer.biz\/en\/#organization"},"alternateName":"Sch\u00e4fer Group","potentialAction":[{"@type":"SearchAction","target":{"@type":"EntryPoint","urlTemplate":"https:\/\/schaefer.biz\/en\/?s={search_term_string}"},"query-input":{"@type":"PropertyValueSpecification","valueRequired":true,"valueName":"search_term_string"}}],"inLanguage":"en-US"},{"@type":"Organization","@id":"https:\/\/schaefer.biz\/en\/#organization","name":"Sch\u00e4fer Group","url":"https:\/\/schaefer.biz\/en\/","logo":{"@type":"ImageObject","inLanguage":"en-US","@id":"https:\/\/schaefer.biz\/en\/#\/schema\/logo\/image\/","url":"https:\/\/schaefer.biz\/wp-content\/uploads\/2018\/11\/Logo_Schaefer_RGB_100-70-0-0.png","contentUrl":"https:\/\/schaefer.biz\/wp-content\/uploads\/2018\/11\/Logo_Schaefer_RGB_100-70-0-0.png","width":2084,"height":823,"caption":"Sch\u00e4fer Group"},"image":{"@id":"https:\/\/schaefer.biz\/en\/#\/schema\/logo\/image\/"},"sameAs":["https:\/\/www.facebook.com\/SchaeferGroupMarketing","https:\/\/www.linkedin.com\/company\/schaefergroup","https:\/\/www.youtube.com\/user\/SchaeferMarketing","https:\/\/www.instagram.com\/schaefer_group\/"]}]}},"_links":{"self":[{"href":"https:\/\/schaefer.biz\/en\/wp-json\/wp\/v2\/pages\/1812","targetHints":{"allow":["GET"]}}],"collection":[{"href":"https:\/\/schaefer.biz\/en\/wp-json\/wp\/v2\/pages"}],"about":[{"href":"https:\/\/schaefer.biz\/en\/wp-json\/wp\/v2\/types\/page"}],"author":[{"embeddable":true,"href":"https:\/\/schaefer.biz\/en\/wp-json\/wp\/v2\/users\/5"}],"replies":[{"embeddable":true,"href":"https:\/\/schaefer.biz\/en\/wp-json\/wp\/v2\/comments?post=1812"}],"version-history":[{"count":1,"href":"https:\/\/schaefer.biz\/en\/wp-json\/wp\/v2\/pages\/1812\/revisions"}],"predecessor-version":[{"id":36444,"href":"https:\/\/schaefer.biz\/en\/wp-json\/wp\/v2\/pages\/1812\/revisions\/36444"}],"wp:attachment":[{"href":"https:\/\/schaefer.biz\/en\/wp-json\/wp\/v2\/media?parent=1812"}],"curies":[{"name":"wp","href":"https:\/\/api.w.org\/{rel}","templated":true}]}}