{"id":1814,"date":"2018-12-18T14:33:32","date_gmt":"2018-12-18T13:33:32","guid":{"rendered":"https:\/\/schaefer-biz-qa2.mcon-group.com\/company\/"},"modified":"2025-09-09T13:46:21","modified_gmt":"2025-09-09T11:46:21","slug":"company","status":"publish","type":"page","link":"https:\/\/schaefer.biz\/en\/company\/","title":{"rendered":"About the Company"},"content":{"rendered":"<section class=\"l-section wpb_row height_small\"><div class=\"l-section-h i-cf\"><div class=\"g-cols vc_row via_flex valign_top type_default stacking_default\"><div class=\"vc_col-sm-12 wpb_column vc_column_container\"><div class=\"vc_column-inner\"><div class=\"wpb_wrapper\"><div class=\"w-image align_none\"><div class=\"w-image-h\"><img decoding=\"async\" width=\"2000\" height=\"565\" src=\"https:\/\/schaefer.biz\/wp-content\/uploads\/2018\/12\/Schaefer_Gebaude_Pano_01.jpg\" class=\"attachment-full size-full\" alt=\"\" loading=\"lazy\" \/><\/div><\/div><div class=\"wpb_text_column us_custom_2ae65f69\"><div class=\"wpb_wrapper\"><p>The headquarters of the Sch\u00e4fer Group in Bad Sch\u00f6nborn, Germany.<\/p>\n<\/div><\/div><div class=\"wpb_text_column us_custom_af6a9b6a\"><div class=\"wpb_wrapper\"><h2>Diverse Portfolio<\/h2>\n<p>Sch\u00e4fer is your solution provider for reliable and customized connection and automation processes, offering a comprehensive range of products from component production to tools and machines, as well as software-based quality assurance, all from a single source. The wide-ranging portfolio includes:<\/p>\n<ul>\n<li><strong>Automation Systems<\/strong> for Optimized Assembly and Manufacturing Processes<\/li>\n<li>Machines and applicators for manufacturing <strong>connections<\/strong> that ensure the safe transmission of energy, signals, and forces<\/li>\n<li><strong>Software solutions<\/strong> for operating and networking machines in the context of a Smart Factory<\/li>\n<li><strong>Tools and molds<\/strong> for high-precision stamping, casting, injection molding, and friction welding<\/li>\n<li><strong>Production of stamped and cast parts<\/strong> for demanding applications in both small and large quantities<\/li>\n<\/ul>\n<\/div><\/div><div class=\"w-btn-wrapper align_none\"><a class=\"w-btn us-btn-style_1\" href=\"\/en\/products\/\"><span class=\"w-btn-label\">Product overview<\/span><\/a><\/div><div class=\"wpb_text_column us_custom_af6a9b6a\"><div class=\"wpb_wrapper\"><h2>Working in Partnership<\/h2>\n<p>As a partner for development and operational startups as well as for spare parts and repairs, Sch\u00e4fer gives support in every product lifecycle section. Quick response, neatly defined processes and a constructive collaboration are the basis for a high product quality and professional services.<\/p>\n<\/div><\/div><div class=\"w-btn-wrapper align_none\"><a class=\"w-btn us-btn-style_1\" href=\"\/en\/company\/technical-service\/\"><span class=\"w-btn-label\">Our services<\/span><\/a><\/div><div class=\"wpb_text_column us_custom_af6a9b6a\"><div class=\"wpb_wrapper\"><h2>Continuous Improvement<\/h2>\n<p>Certification to ISO 9001:2015 states Sch\u00e4fer\u2019s capability and competence. Tasks connected to the quality management procedures take effect in continuous improvement and an enhanced customer satisfaction. The headquarters of Sch\u00e4fer has a certified environmental management system according to ISO 14001:2015 and has been approved as a known consignor by LBA &#8211; Luftfahrtbundesamt (German federal aviation administration), according to regulation EG 300\/2008.<\/p>\n<\/div><\/div><div class=\"w-btn-wrapper align_none\"><a class=\"w-btn us-btn-style_1\" href=\"\/en\/company\/certificates\/\"><span class=\"w-btn-label\">To the certificates<\/span><\/a><\/div><\/div><\/div><\/div><\/div><\/div><\/section>","protected":false},"excerpt":{"rendered":"The headquarters of the Sch\u00e4fer Group in Bad Sch\u00f6nborn, Germany. Diverse Portfolio Sch\u00e4fer is your solution provider for reliable and customized connection and automation processes, offering a comprehensive range of products from component production to tools and machines, as well as software-based quality assurance, all from a single source. The wide-ranging portfolio includes: Automation Systems...","protected":false},"author":6,"featured_media":1731,"parent":0,"menu_order":0,"comment_status":"closed","ping_status":"open","template":"","meta":{"_acf_changed":false,"footnotes":""},"class_list":["post-1814","page","type-page","status-publish","has-post-thumbnail","hentry"],"acf":[],"yoast_head":"<!-- This site is optimized with the Yoast SEO Premium plugin v27.4 (Yoast SEO v27.4) - https:\/\/yoast.com\/product\/yoast-seo-premium-wordpress\/ -->\n<title>About the Company | Sch\u00e4fer Group<\/title>\n<meta name=\"description\" content=\"The Sch\u00e4fer Group develops highly automated solutions for the production of complex assemblies for various industries.\" \/>\n<meta name=\"robots\" content=\"index, follow, max-snippet:-1, max-image-preview:large, max-video-preview:-1\" \/>\n<link rel=\"canonical\" href=\"https:\/\/schaefer.biz\/en\/company\/\" \/>\n<meta property=\"og:locale\" content=\"en_US\" \/>\n<meta property=\"og:type\" content=\"article\" \/>\n<meta property=\"og:title\" content=\"About the Company\" \/>\n<meta property=\"og:description\" content=\"The Sch\u00e4fer Group develops highly automated solutions for the production of complex assemblies for various industries.\" \/>\n<meta property=\"og:url\" content=\"https:\/\/schaefer.biz\/en\/company\/\" \/>\n<meta property=\"og:site_name\" content=\"Sch\u00e4fer Group\" \/>\n<meta property=\"article:publisher\" content=\"https:\/\/www.facebook.com\/SchaeferGroupMarketing\" \/>\n<meta property=\"article:modified_time\" content=\"2025-09-09T11:46:21+00:00\" \/>\n<meta property=\"og:image\" content=\"https:\/\/schaefer.biz\/wp-content\/uploads\/2018\/12\/Schaefer_Gebaude_Pano_01.jpg\" \/>\n\t<meta property=\"og:image:width\" content=\"2000\" \/>\n\t<meta property=\"og:image:height\" content=\"565\" \/>\n\t<meta property=\"og:image:type\" content=\"image\/jpeg\" \/>\n<meta name=\"twitter:card\" content=\"summary_large_image\" \/>\n<meta name=\"twitter:label1\" content=\"Est. reading time\" \/>\n\t<meta name=\"twitter:data1\" content=\"2 minutes\" \/>\n<!-- \/ Yoast SEO Premium plugin. -->","yoast_head_json":{"title":"About the Company | Sch\u00e4fer Group","description":"The Sch\u00e4fer Group develops highly automated solutions for the production of complex assemblies for various industries.","robots":{"index":"index","follow":"follow","max-snippet":"max-snippet:-1","max-image-preview":"max-image-preview:large","max-video-preview":"max-video-preview:-1"},"canonical":"https:\/\/schaefer.biz\/en\/company\/","og_locale":"en_US","og_type":"article","og_title":"About the Company","og_description":"The Sch\u00e4fer Group develops highly automated solutions for the production of complex assemblies for various industries.","og_url":"https:\/\/schaefer.biz\/en\/company\/","og_site_name":"Sch\u00e4fer Group","article_publisher":"https:\/\/www.facebook.com\/SchaeferGroupMarketing","article_modified_time":"2025-09-09T11:46:21+00:00","og_image":[{"width":2000,"height":565,"url":"https:\/\/schaefer.biz\/wp-content\/uploads\/2018\/12\/Schaefer_Gebaude_Pano_01.jpg","type":"image\/jpeg"}],"twitter_card":"summary_large_image","twitter_misc":{"Est. reading time":"2 minutes"},"schema":{"@context":"https:\/\/schema.org","@graph":[{"@type":"WebPage","@id":"https:\/\/schaefer.biz\/en\/company\/","url":"https:\/\/schaefer.biz\/en\/company\/","name":"About the Company | Sch\u00e4fer Group","isPartOf":{"@id":"https:\/\/schaefer.biz\/en\/#website"},"primaryImageOfPage":{"@id":"https:\/\/schaefer.biz\/en\/company\/#primaryimage"},"image":{"@id":"https:\/\/schaefer.biz\/en\/company\/#primaryimage"},"thumbnailUrl":"https:\/\/schaefer.biz\/wp-content\/uploads\/2018\/12\/Schaefer_Gebaude_Pano_01.jpg","datePublished":"2018-12-18T13:33:32+00:00","dateModified":"2025-09-09T11:46:21+00:00","description":"The Sch\u00e4fer Group develops highly automated solutions for the production of complex assemblies for various industries.","breadcrumb":{"@id":"https:\/\/schaefer.biz\/en\/company\/#breadcrumb"},"inLanguage":"en-US","potentialAction":[{"@type":"ReadAction","target":["https:\/\/schaefer.biz\/en\/company\/"]}]},{"@type":"ImageObject","inLanguage":"en-US","@id":"https:\/\/schaefer.biz\/en\/company\/#primaryimage","url":"https:\/\/schaefer.biz\/wp-content\/uploads\/2018\/12\/Schaefer_Gebaude_Pano_01.jpg","contentUrl":"https:\/\/schaefer.biz\/wp-content\/uploads\/2018\/12\/Schaefer_Gebaude_Pano_01.jpg","width":2000,"height":565},{"@type":"BreadcrumbList","@id":"https:\/\/schaefer.biz\/en\/company\/#breadcrumb","itemListElement":[{"@type":"ListItem","position":1,"name":"Startseite","item":"https:\/\/schaefer.biz\/en\/"},{"@type":"ListItem","position":2,"name":"About the Company"}]},{"@type":"WebSite","@id":"https:\/\/schaefer.biz\/en\/#website","url":"https:\/\/schaefer.biz\/en\/","name":"Sch\u00e4fer Group","description":"Spezifische L\u00f6sungen f\u00fcr Ihre Kabel- und Kontaktverarbeitung | Individual solutions for your wire and terminal processing","publisher":{"@id":"https:\/\/schaefer.biz\/en\/#organization"},"alternateName":"Sch\u00e4fer Group","potentialAction":[{"@type":"SearchAction","target":{"@type":"EntryPoint","urlTemplate":"https:\/\/schaefer.biz\/en\/?s={search_term_string}"},"query-input":{"@type":"PropertyValueSpecification","valueRequired":true,"valueName":"search_term_string"}}],"inLanguage":"en-US"},{"@type":"Organization","@id":"https:\/\/schaefer.biz\/en\/#organization","name":"Sch\u00e4fer Group","url":"https:\/\/schaefer.biz\/en\/","logo":{"@type":"ImageObject","inLanguage":"en-US","@id":"https:\/\/schaefer.biz\/en\/#\/schema\/logo\/image\/","url":"https:\/\/schaefer.biz\/wp-content\/uploads\/2018\/11\/Logo_Schaefer_RGB_100-70-0-0.png","contentUrl":"https:\/\/schaefer.biz\/wp-content\/uploads\/2018\/11\/Logo_Schaefer_RGB_100-70-0-0.png","width":2084,"height":823,"caption":"Sch\u00e4fer Group"},"image":{"@id":"https:\/\/schaefer.biz\/en\/#\/schema\/logo\/image\/"},"sameAs":["https:\/\/www.facebook.com\/SchaeferGroupMarketing","https:\/\/www.linkedin.com\/company\/schaefergroup","https:\/\/www.youtube.com\/user\/SchaeferMarketing","https:\/\/www.instagram.com\/schaefer_group\/"]}]}},"_links":{"self":[{"href":"https:\/\/schaefer.biz\/en\/wp-json\/wp\/v2\/pages\/1814","targetHints":{"allow":["GET"]}}],"collection":[{"href":"https:\/\/schaefer.biz\/en\/wp-json\/wp\/v2\/pages"}],"about":[{"href":"https:\/\/schaefer.biz\/en\/wp-json\/wp\/v2\/types\/page"}],"author":[{"embeddable":true,"href":"https:\/\/schaefer.biz\/en\/wp-json\/wp\/v2\/users\/6"}],"replies":[{"embeddable":true,"href":"https:\/\/schaefer.biz\/en\/wp-json\/wp\/v2\/comments?post=1814"}],"version-history":[{"count":6,"href":"https:\/\/schaefer.biz\/en\/wp-json\/wp\/v2\/pages\/1814\/revisions"}],"predecessor-version":[{"id":37641,"href":"https:\/\/schaefer.biz\/en\/wp-json\/wp\/v2\/pages\/1814\/revisions\/37641"}],"wp:featuredmedia":[{"embeddable":true,"href":"https:\/\/schaefer.biz\/en\/wp-json\/wp\/v2\/media\/1731"}],"wp:attachment":[{"href":"https:\/\/schaefer.biz\/en\/wp-json\/wp\/v2\/media?parent=1814"}],"curies":[{"name":"wp","href":"https:\/\/api.w.org\/{rel}","templated":true}]}}