{"id":1829,"date":"2018-12-18T14:54:27","date_gmt":"2018-12-18T13:54:27","guid":{"rendered":"https:\/\/schaefer-biz-qa2.mcon-group.com\/company\/data-and-facts\/"},"modified":"2025-10-06T08:20:43","modified_gmt":"2025-10-06T06:20:43","slug":"data-and-facts","status":"publish","type":"page","link":"https:\/\/schaefer.biz\/en\/company\/data-and-facts\/","title":{"rendered":"Data and Facts"},"content":{"rendered":"<section class=\"l-section wpb_row height_small\"><div class=\"l-section-h i-cf\"><div class=\"g-cols vc_row via_flex valign_top type_default stacking_default\"><div class=\"vc_col-sm-6 wpb_column vc_column_container\"><div class=\"vc_column-inner\"><div class=\"wpb_wrapper\"><div class=\"wpb_text_column\"><div class=\"wpb_wrapper\"><h2>Headquarters<\/h2>\n<ul>\n<li>Bad Sch\u00f6nborn, Germany<\/li>\n<\/ul>\n<h2>Branch Offices<\/h2>\n<ul>\n<li>Gerstungen, Germany<\/li>\n<li>Bad Oeynhausen, Germany<\/li>\n<li>Katowice, Poland<\/li>\n<li><span>Petrosani<\/span>, Rumania<\/li>\n<li>Sousse, Tunesia<\/li>\n<li>Batavia, USA<\/li>\n<li>New Berlin, USA<\/li>\n<li>Shanghai, China<\/li>\n<\/ul>\n<\/div><\/div><\/div><\/div><\/div><div class=\"vc_col-sm-6 wpb_column vc_column_container\"><div class=\"vc_column-inner\"><div class=\"wpb_wrapper\"><div class=\"wpb_text_column\"><div class=\"wpb_wrapper\"><h2>Employees<\/h2>\n<ul>\n<li>220<\/li>\n<\/ul>\n<h2>Industries<\/h2>\n<ul>\n<li>Automotive<\/li>\n<li>Machines<\/li>\n<li>Utility Vehicles<\/li>\n<li>Telecommunication<\/li>\n<li>Multimedia<\/li>\n<li>Aviation<\/li>\n<li>Computers<\/li>\n<li>Medicin<\/li>\n<li>White Goods<\/li>\n<li>Control Cabinets<\/li>\n<li>and more&#8230;<\/li>\n<\/ul>\n<\/div><\/div><\/div><\/div><\/div><\/div><\/div><\/section>\n","protected":false},"excerpt":{"rendered":"Headquarters Bad Sch\u00f6nborn, Germany Branch Offices Gerstungen, Germany Bad Oeynhausen, Germany Katowice, Poland Petrosani, Rumania Sousse, Tunesia Batavia, USA New Berlin, USA Shanghai, China Employees 220 Industries Automotive Machines Utility Vehicles Telecommunication Multimedia Aviation Computers Medicin White Goods Control Cabinets and more&#8230;","protected":false},"author":6,"featured_media":18754,"parent":1814,"menu_order":0,"comment_status":"closed","ping_status":"open","template":"","meta":{"_acf_changed":false,"footnotes":""},"class_list":["post-1829","page","type-page","status-publish","has-post-thumbnail","hentry"],"acf":[],"yoast_head":"<!-- This site is optimized with the Yoast SEO Premium plugin v27.4 (Yoast SEO v27.4) - https:\/\/yoast.com\/product\/yoast-seo-premium-wordpress\/ -->\n<title>Data and Facts | Sch\u00e4fer Group<\/title>\n<meta name=\"robots\" content=\"index, follow, max-snippet:-1, max-image-preview:large, max-video-preview:-1\" \/>\n<link rel=\"canonical\" href=\"https:\/\/schaefer.biz\/en\/company\/data-and-facts\/\" \/>\n<meta property=\"og:locale\" content=\"en_US\" \/>\n<meta property=\"og:type\" content=\"article\" \/>\n<meta property=\"og:title\" content=\"Data and Facts\" \/>\n<meta property=\"og:url\" content=\"https:\/\/schaefer.biz\/en\/company\/data-and-facts\/\" \/>\n<meta property=\"og:site_name\" content=\"Sch\u00e4fer Group\" \/>\n<meta property=\"article:publisher\" content=\"https:\/\/www.facebook.com\/SchaeferGroupMarketing\" \/>\n<meta property=\"article:modified_time\" content=\"2025-10-06T06:20:43+00:00\" \/>\n<meta property=\"og:image\" content=\"https:\/\/schaefer.biz\/wp-content\/uploads\/2022\/03\/Schaefer-Crimping-Machine-EPS-2001-Airbag-Connector-1200px-1140px.jpg\" \/>\n\t<meta property=\"og:image:width\" content=\"1140\" \/>\n\t<meta property=\"og:image:height\" content=\"554\" \/>\n\t<meta property=\"og:image:type\" content=\"image\/jpeg\" \/>\n<meta name=\"twitter:card\" content=\"summary_large_image\" \/>\n<meta name=\"twitter:label1\" content=\"Est. reading time\" \/>\n\t<meta name=\"twitter:data1\" content=\"1 minute\" \/>\n<!-- \/ Yoast SEO Premium plugin. -->","yoast_head_json":{"title":"Data and Facts | Sch\u00e4fer Group","robots":{"index":"index","follow":"follow","max-snippet":"max-snippet:-1","max-image-preview":"max-image-preview:large","max-video-preview":"max-video-preview:-1"},"canonical":"https:\/\/schaefer.biz\/en\/company\/data-and-facts\/","og_locale":"en_US","og_type":"article","og_title":"Data and Facts","og_url":"https:\/\/schaefer.biz\/en\/company\/data-and-facts\/","og_site_name":"Sch\u00e4fer Group","article_publisher":"https:\/\/www.facebook.com\/SchaeferGroupMarketing","article_modified_time":"2025-10-06T06:20:43+00:00","og_image":[{"width":1140,"height":554,"url":"https:\/\/schaefer.biz\/wp-content\/uploads\/2022\/03\/Schaefer-Crimping-Machine-EPS-2001-Airbag-Connector-1200px-1140px.jpg","type":"image\/jpeg"}],"twitter_card":"summary_large_image","twitter_misc":{"Est. reading time":"1 minute"},"schema":{"@context":"https:\/\/schema.org","@graph":[{"@type":"WebPage","@id":"https:\/\/schaefer.biz\/en\/company\/data-and-facts\/","url":"https:\/\/schaefer.biz\/en\/company\/data-and-facts\/","name":"Data and Facts | Sch\u00e4fer Group","isPartOf":{"@id":"https:\/\/schaefer.biz\/en\/#website"},"primaryImageOfPage":{"@id":"https:\/\/schaefer.biz\/en\/company\/data-and-facts\/#primaryimage"},"image":{"@id":"https:\/\/schaefer.biz\/en\/company\/data-and-facts\/#primaryimage"},"thumbnailUrl":"https:\/\/schaefer.biz\/wp-content\/uploads\/2022\/04\/Luftbild_Firmenzentrale-1.jpg","datePublished":"2018-12-18T13:54:27+00:00","dateModified":"2025-10-06T06:20:43+00:00","breadcrumb":{"@id":"https:\/\/schaefer.biz\/en\/company\/data-and-facts\/#breadcrumb"},"inLanguage":"en-US","potentialAction":[{"@type":"ReadAction","target":["https:\/\/schaefer.biz\/en\/company\/data-and-facts\/"]}]},{"@type":"ImageObject","inLanguage":"en-US","@id":"https:\/\/schaefer.biz\/en\/company\/data-and-facts\/#primaryimage","url":"https:\/\/schaefer.biz\/wp-content\/uploads\/2022\/04\/Luftbild_Firmenzentrale-1.jpg","contentUrl":"https:\/\/schaefer.biz\/wp-content\/uploads\/2022\/04\/Luftbild_Firmenzentrale-1.jpg","width":1140,"height":570},{"@type":"BreadcrumbList","@id":"https:\/\/schaefer.biz\/en\/company\/data-and-facts\/#breadcrumb","itemListElement":[{"@type":"ListItem","position":1,"name":"Startseite","item":"https:\/\/schaefer.biz\/en\/"},{"@type":"ListItem","position":2,"name":"About the Company","item":"https:\/\/schaefer.biz\/en\/company\/"},{"@type":"ListItem","position":3,"name":"Data and Facts"}]},{"@type":"WebSite","@id":"https:\/\/schaefer.biz\/en\/#website","url":"https:\/\/schaefer.biz\/en\/","name":"Sch\u00e4fer Group","description":"Spezifische L\u00f6sungen f\u00fcr Ihre Kabel- und Kontaktverarbeitung | Individual solutions for your wire and terminal processing","publisher":{"@id":"https:\/\/schaefer.biz\/en\/#organization"},"alternateName":"Sch\u00e4fer Group","potentialAction":[{"@type":"SearchAction","target":{"@type":"EntryPoint","urlTemplate":"https:\/\/schaefer.biz\/en\/?s={search_term_string}"},"query-input":{"@type":"PropertyValueSpecification","valueRequired":true,"valueName":"search_term_string"}}],"inLanguage":"en-US"},{"@type":"Organization","@id":"https:\/\/schaefer.biz\/en\/#organization","name":"Sch\u00e4fer Group","url":"https:\/\/schaefer.biz\/en\/","logo":{"@type":"ImageObject","inLanguage":"en-US","@id":"https:\/\/schaefer.biz\/en\/#\/schema\/logo\/image\/","url":"https:\/\/schaefer.biz\/wp-content\/uploads\/2018\/11\/Logo_Schaefer_RGB_100-70-0-0.png","contentUrl":"https:\/\/schaefer.biz\/wp-content\/uploads\/2018\/11\/Logo_Schaefer_RGB_100-70-0-0.png","width":2084,"height":823,"caption":"Sch\u00e4fer Group"},"image":{"@id":"https:\/\/schaefer.biz\/en\/#\/schema\/logo\/image\/"},"sameAs":["https:\/\/www.facebook.com\/SchaeferGroupMarketing","https:\/\/www.linkedin.com\/company\/schaefergroup","https:\/\/www.youtube.com\/user\/SchaeferMarketing","https:\/\/www.instagram.com\/schaefer_group\/"]}]}},"_links":{"self":[{"href":"https:\/\/schaefer.biz\/en\/wp-json\/wp\/v2\/pages\/1829","targetHints":{"allow":["GET"]}}],"collection":[{"href":"https:\/\/schaefer.biz\/en\/wp-json\/wp\/v2\/pages"}],"about":[{"href":"https:\/\/schaefer.biz\/en\/wp-json\/wp\/v2\/types\/page"}],"author":[{"embeddable":true,"href":"https:\/\/schaefer.biz\/en\/wp-json\/wp\/v2\/users\/6"}],"replies":[{"embeddable":true,"href":"https:\/\/schaefer.biz\/en\/wp-json\/wp\/v2\/comments?post=1829"}],"version-history":[{"count":2,"href":"https:\/\/schaefer.biz\/en\/wp-json\/wp\/v2\/pages\/1829\/revisions"}],"predecessor-version":[{"id":38742,"href":"https:\/\/schaefer.biz\/en\/wp-json\/wp\/v2\/pages\/1829\/revisions\/38742"}],"up":[{"embeddable":true,"href":"https:\/\/schaefer.biz\/en\/wp-json\/wp\/v2\/pages\/1814"}],"wp:featuredmedia":[{"embeddable":true,"href":"https:\/\/schaefer.biz\/en\/wp-json\/wp\/v2\/media\/18754"}],"wp:attachment":[{"href":"https:\/\/schaefer.biz\/en\/wp-json\/wp\/v2\/media?parent=1829"}],"curies":[{"name":"wp","href":"https:\/\/api.w.org\/{rel}","templated":true}]}}