{"id":1906,"date":"2018-12-19T11:18:18","date_gmt":"2018-12-19T10:18:18","guid":{"rendered":"https:\/\/schaefer-biz-qa2.mcon-group.com\/products\/wire-processing\/fully-automatic-machines\/"},"modified":"2025-09-19T14:48:31","modified_gmt":"2025-09-19T12:48:31","slug":"fully-automatic-crimping-machines-speedline","status":"publish","type":"page","link":"https:\/\/schaefer.biz\/en\/products\/fully-automatic-crimping-machines-speedline\/","title":{"rendered":"Fully automatic crimping machines SpeedLine"},"content":{"rendered":"<section class=\"l-section wpb_row height_small\"><div class=\"l-section-h i-cf\"><div class=\"g-cols vc_row via_flex valign_top type_default stacking_default\"><div class=\"vc_col-sm-12 wpb_column vc_column_container\"><div class=\"vc_column-inner\"><div class=\"wpb_wrapper\"><div class=\"wpb_text_column\"><div class=\"wpb_wrapper\"><p>With the &#8220;SpeedLine&#8221; crimping automats, Sch\u00e4fer offers innovative swing-arm cable processing machines with high productivity and for diverse applications. Different machine variants have been developed on a modular platform to provide maximum flexibility for customer-specific requirements.<\/p>\n<\/div><\/div><\/div><\/div><\/div><\/div><\/div><\/section><section class=\"l-section wpb_row height_small\"><div class=\"l-section-h i-cf\"><div class=\"g-cols vc_row via_flex valign_top type_default stacking_default\"><div class=\"vc_col-sm-6 wpb_column vc_column_container\"><div class=\"vc_column-inner\"><div class=\"wpb_wrapper\"><div class=\"w-image align_left\"><a href=\"\/en\/portfolio\/speedline-advanced\/\" aria-label=\"Schaefer-Crimping-Machine-SpeedLine-ADVANCED-1140px\" class=\"w-image-h\"><img decoding=\"async\" width=\"1140\" height=\"697\" src=\"https:\/\/schaefer.biz\/wp-content\/uploads\/2018\/03\/Schaefer-Crimping-Machine-SpeedLine-ADVANCED-1140px.jpg\" class=\"attachment-full size-full\" alt=\"\" loading=\"lazy\" srcset=\"https:\/\/schaefer.biz\/wp-content\/uploads\/2018\/03\/Schaefer-Crimping-Machine-SpeedLine-ADVANCED-1140px.jpg 1140w, https:\/\/schaefer.biz\/wp-content\/uploads\/2018\/03\/Schaefer-Crimping-Machine-SpeedLine-ADVANCED-1140px-300x183.jpg 300w, https:\/\/schaefer.biz\/wp-content\/uploads\/2018\/03\/Schaefer-Crimping-Machine-SpeedLine-ADVANCED-1140px-1024x626.jpg 1024w\" sizes=\"auto, (max-width: 1140px) 100vw, 1140px\" \/><\/a><\/div><div class=\"wpb_text_column us_custom_703b2333\"><div class=\"wpb_wrapper\"><h3>SpeedLine 22 ADVANCED<\/h3>\n<p>Crimping machine with up to 4 stations for fully automatic cable production with wires in the cross-sectional range of 0.08 to 6 mm\u00b2.<\/p>\n<\/div><\/div><div class=\"w-btn-wrapper align_none\"><a class=\"w-btn us-btn-style_1\" href=\"\/en\/portfolio\/speedline-advanced\/\"><span class=\"w-btn-label\">Read more<\/span><\/a><\/div><\/div><\/div><\/div><div class=\"vc_col-sm-6 wpb_column vc_column_container\"><div class=\"vc_column-inner\"><div class=\"wpb_wrapper\"><div class=\"w-image align_left\"><a href=\"\/en\/portfolio\/speedline-individual\/\" aria-label=\"Schaefer-Crimping-Machine-SpeedLine-33-INDIVIDUAL-1140px\" class=\"w-image-h\"><img decoding=\"async\" width=\"1140\" height=\"697\" src=\"https:\/\/schaefer.biz\/wp-content\/uploads\/2025\/09\/Schaefer-Crimping-Machine-SpeedLine-33-INDIVIDUAL-1140px.jpg\" class=\"attachment-full size-full\" alt=\"\" loading=\"lazy\" srcset=\"https:\/\/schaefer.biz\/wp-content\/uploads\/2025\/09\/Schaefer-Crimping-Machine-SpeedLine-33-INDIVIDUAL-1140px.jpg 1140w, https:\/\/schaefer.biz\/wp-content\/uploads\/2025\/09\/Schaefer-Crimping-Machine-SpeedLine-33-INDIVIDUAL-1140px-300x183.jpg 300w, https:\/\/schaefer.biz\/wp-content\/uploads\/2025\/09\/Schaefer-Crimping-Machine-SpeedLine-33-INDIVIDUAL-1140px-1024x626.jpg 1024w\" sizes=\"auto, (max-width: 1140px) 100vw, 1140px\" \/><\/a><\/div><div class=\"wpb_text_column us_custom_703b2333\"><div class=\"wpb_wrapper\"><h3>SpeedLine 33 INDIVIDUAL<\/h3>\n<p>Individual crimping machine with up to 6 specific stations for fully automatic cable production with wires in the cross-sectional range of 0.08 to 8 mm\u00b2.<\/p>\n<\/div><\/div><div class=\"w-btn-wrapper align_none\"><a class=\"w-btn us-btn-style_1\" href=\"\/en\/portfolio\/speedline-individual\/\"><span class=\"w-btn-label\">Read more<\/span><\/a><\/div><\/div><\/div><\/div><\/div><\/div><\/section><section class=\"l-section wpb_row us_custom_a069d783 height_small\"><div class=\"l-section-h i-cf\"><div class=\"g-cols vc_row via_flex valign_top type_default stacking_default\"><div class=\"vc_col-sm-12 wpb_column vc_column_container\"><div class=\"vc_column-inner\"><div class=\"wpb_wrapper\"><div class=\"w-separator size_medium with_line width_default thick_1 style_solid color_border align_center\"><div class=\"w-separator-h\"><\/div><\/div><\/div><\/div><\/div><\/div><\/div><\/section><section class=\"l-section wpb_row us_custom_a069d783 height_small\"><div class=\"l-section-h i-cf\"><div class=\"g-cols vc_row via_flex valign_top type_default stacking_default\"><div class=\"vc_col-sm-6 wpb_column vc_column_container\"><div class=\"vc_column-inner\"><div class=\"wpb_wrapper\"><div class=\"wpb_text_column\"><div class=\"wpb_wrapper\"><h2><span lang=\"EN-US\">User Interface<\/span> WireStar<\/h2>\n<h4>HMI Software for Fully Automatic Crimping Machines<\/h4>\n<p><span lang=\"EN-US\">Safe handling of automatic machines can be achieved via the modern WireStar user interface. The HMI software developed by Schaefer especially for this machine series supports ideal workflows and offers constant data availability from previous productions.<\/span><\/p>\n<\/div><\/div><div class=\"w-btn-wrapper align_none\"><a class=\"w-btn us-btn-style_1\" title=\"Sch\u00e4fer WireStar\" href=\"\/en\/hmi-software\/schaefer-wirestar\/\"><span class=\"w-btn-label\">Read more<\/span><\/a><\/div><\/div><\/div><\/div><div class=\"vc_col-sm-6 wpb_column vc_column_container\"><div class=\"vc_column-inner\"><div class=\"wpb_wrapper\"><div class=\"w-image align_none\"><div class=\"w-image-h\"><img decoding=\"async\" width=\"570\" height=\"347\" src=\"https:\/\/schaefer.biz\/wp-content\/uploads\/2022\/02\/Schaefer-WireStar-Screenshot-en-570px.jpg\" class=\"attachment-full size-full\" alt=\"\" loading=\"lazy\" srcset=\"https:\/\/schaefer.biz\/wp-content\/uploads\/2022\/02\/Schaefer-WireStar-Screenshot-en-570px.jpg 570w, https:\/\/schaefer.biz\/wp-content\/uploads\/2022\/02\/Schaefer-WireStar-Screenshot-en-570px-300x183.jpg 300w\" sizes=\"auto, (max-width: 570px) 100vw, 570px\" \/><\/div><\/div><\/div><\/div><\/div><\/div><\/div><\/section><section class=\"l-section wpb_row us_custom_a069d783 height_small\"><div class=\"l-section-h i-cf\"><div class=\"g-cols vc_row via_flex valign_top type_default stacking_default\"><div class=\"vc_col-sm-12 wpb_column vc_column_container\"><div class=\"vc_column-inner\"><div class=\"wpb_wrapper\"><div class=\"w-separator size_medium with_line width_default thick_1 style_solid color_border align_center\"><div class=\"w-separator-h\"><\/div><\/div><div class=\"wpb_text_column us_custom_a40275d7\"><div class=\"wpb_wrapper\"><h2 id=\"CrimpvollautomatenMegomat-Megomat-Produktfamilie\">Optional Extensions<\/h2>\n<\/div><\/div><\/div><\/div><\/div><\/div><\/div><\/section><section class=\"l-section wpb_row height_small\"><div class=\"l-section-h i-cf\"><div class=\"g-cols vc_row via_flex valign_top type_default stacking_default\"><div class=\"vc_col-sm-6 wpb_column vc_column_container\"><div class=\"vc_column-inner\"><div class=\"wpb_wrapper\"><div class=\"wpb_text_column\"><div class=\"wpb_wrapper\"><h3 id=\"CrimpvollautomatenMegomat-Werkzeug-Shuttle\">Shuttle System<\/h3>\n<p>Sch\u00e4fer\u2019s innovative shuttle system increases productivity by reducing machine downtime.<\/p>\n<p>Crimping applicator and corresponding terminals are placed on the shuttle in the right sequence required for processing on the fully automated machine. The cart enables simple and fast shuttle handling at the setup station and the running machine.<\/p>\n<\/div><\/div><\/div><\/div><\/div><div class=\"vc_col-sm-6 wpb_column vc_column_container\"><div class=\"vc_column-inner\"><div class=\"wpb_wrapper\"><div class=\"w-image align_left\"><div class=\"w-image-h\"><img decoding=\"async\" width=\"220\" height=\"300\" src=\"https:\/\/schaefer.biz\/wp-content\/uploads\/2022\/03\/Schaefer-Shuttle-Megomat-300px-220x300.jpg\" class=\"attachment-medium size-medium\" alt=\"\" loading=\"lazy\" srcset=\"https:\/\/schaefer.biz\/wp-content\/uploads\/2022\/03\/Schaefer-Shuttle-Megomat-300px-220x300.jpg 220w, https:\/\/schaefer.biz\/wp-content\/uploads\/2022\/03\/Schaefer-Shuttle-Megomat-300px.jpg 300w\" sizes=\"auto, (max-width: 220px) 100vw, 220px\" \/><\/div><\/div><\/div><\/div><\/div><\/div><\/div><\/section><section class=\"l-section wpb_row us_custom_4ee2cffa height_small\"><div class=\"l-section-h i-cf\"><div class=\"g-cols vc_row via_flex valign_top type_default stacking_default\"><div class=\"vc_col-sm-6 wpb_column vc_column_container\"><div class=\"vc_column-inner\"><div class=\"wpb_wrapper\"><div class=\"w-image us_custom_68905004 align_none\"><div class=\"w-image-h\"><img decoding=\"async\" width=\"1024\" height=\"681\" src=\"https:\/\/schaefer.biz\/wp-content\/uploads\/2022\/11\/Service-Employee-1024x681px.jpg\" class=\"attachment-full size-full\" alt=\"\" loading=\"lazy\" srcset=\"https:\/\/schaefer.biz\/wp-content\/uploads\/2022\/11\/Service-Employee-1024x681px.jpg 1024w, https:\/\/schaefer.biz\/wp-content\/uploads\/2022\/11\/Service-Employee-1024x681px-300x200.jpg 300w\" sizes=\"auto, (max-width: 1024px) 100vw, 1024px\" \/><\/div><\/div><\/div><\/div><\/div><div class=\"vc_col-sm-6 wpb_column vc_column_container\"><div class=\"vc_column-inner\"><div class=\"wpb_wrapper\"><div class=\"wpb_text_column us_custom_13f389bc\"><div class=\"wpb_wrapper\"><h2>Individual consulting<\/h2>\n<\/div><\/div><div class=\"wpb_text_column\"><div class=\"wpb_wrapper\"><p>Are you looking for an experienced partner to automate your processes? Sch\u00e4fer develops and produces your fully automated system customized to your requirements.<\/p>\n<p>Contact our experts now for individual consulting!<\/p>\n<\/div><\/div><div class=\"w-btn-wrapper align_none\"><a class=\"w-btn us-btn-style_1\" href=\"\/en\/contact\/\"><span class=\"w-btn-label\">Contact us<\/span><\/a><\/div><\/div><\/div><\/div><\/div><\/div><\/section>\n","protected":false},"excerpt":{"rendered":"With the &#8220;SpeedLine&#8221; crimping automats, Sch\u00e4fer offers innovative swing-arm cable processing machines with high productivity and for diverse applications. Different machine variants have been developed on a modular platform to provide maximum flexibility for customer-specific requirements. SpeedLine 22 ADVANCED Crimping machine with up to 4 stations for fully automatic cable production with wires in the...","protected":false},"author":6,"featured_media":35943,"parent":1883,"menu_order":0,"comment_status":"closed","ping_status":"open","template":"","meta":{"_acf_changed":false,"footnotes":""},"class_list":["post-1906","page","type-page","status-publish","has-post-thumbnail","hentry"],"acf":[],"yoast_head":"<!-- This site is optimized with the Yoast SEO Premium plugin v27.4 (Yoast SEO v27.4) - https:\/\/yoast.com\/product\/yoast-seo-premium-wordpress\/ -->\n<title>Fully automatic crimping machines SpeedLine | Sch\u00e4fer Group<\/title>\n<meta name=\"description\" content=\"Fully automatic crimping machines with intuitive WireStar HMI for high productivity and best quality in automatic wire processing\" \/>\n<meta name=\"robots\" content=\"index, follow, max-snippet:-1, max-image-preview:large, max-video-preview:-1\" \/>\n<link rel=\"canonical\" href=\"https:\/\/schaefer.biz\/en\/products\/fully-automatic-crimping-machines-speedline\/\" \/>\n<meta property=\"og:locale\" content=\"en_US\" \/>\n<meta property=\"og:type\" content=\"article\" \/>\n<meta property=\"og:title\" content=\"Fully automatic crimping machines SpeedLine\" \/>\n<meta property=\"og:description\" content=\"Fully automatic crimping machines with intuitive WireStar HMI for high productivity and best quality in automatic wire processing\" \/>\n<meta property=\"og:url\" content=\"https:\/\/schaefer.biz\/en\/products\/fully-automatic-crimping-machines-speedline\/\" \/>\n<meta property=\"og:site_name\" content=\"Sch\u00e4fer Group\" \/>\n<meta property=\"article:publisher\" content=\"https:\/\/www.facebook.com\/SchaeferGroupMarketing\" \/>\n<meta property=\"article:modified_time\" content=\"2025-09-19T12:48:31+00:00\" \/>\n<meta property=\"og:image\" content=\"https:\/\/schaefer.biz\/wp-content\/uploads\/2025\/07\/Schaefer-Crimping-Machine-SpeedLine-ADVANCED-344px.jpg\" \/>\n\t<meta property=\"og:image:width\" content=\"344\" \/>\n\t<meta property=\"og:image:height\" content=\"344\" \/>\n\t<meta property=\"og:image:type\" content=\"image\/jpeg\" \/>\n<meta name=\"twitter:card\" content=\"summary_large_image\" \/>\n<meta name=\"twitter:label1\" content=\"Est. reading time\" \/>\n\t<meta name=\"twitter:data1\" content=\"2 minutes\" \/>\n<!-- \/ Yoast SEO Premium plugin. -->","yoast_head_json":{"title":"Fully automatic crimping machines SpeedLine | Sch\u00e4fer Group","description":"Fully automatic crimping machines with intuitive WireStar HMI for high productivity and best quality in automatic wire processing","robots":{"index":"index","follow":"follow","max-snippet":"max-snippet:-1","max-image-preview":"max-image-preview:large","max-video-preview":"max-video-preview:-1"},"canonical":"https:\/\/schaefer.biz\/en\/products\/fully-automatic-crimping-machines-speedline\/","og_locale":"en_US","og_type":"article","og_title":"Fully automatic crimping machines SpeedLine","og_description":"Fully automatic crimping machines with intuitive WireStar HMI for high productivity and best quality in automatic wire processing","og_url":"https:\/\/schaefer.biz\/en\/products\/fully-automatic-crimping-machines-speedline\/","og_site_name":"Sch\u00e4fer Group","article_publisher":"https:\/\/www.facebook.com\/SchaeferGroupMarketing","article_modified_time":"2025-09-19T12:48:31+00:00","og_image":[{"width":344,"height":344,"url":"https:\/\/schaefer.biz\/wp-content\/uploads\/2025\/07\/Schaefer-Crimping-Machine-SpeedLine-ADVANCED-344px.jpg","type":"image\/jpeg"}],"twitter_card":"summary_large_image","twitter_misc":{"Est. reading time":"2 minutes"},"schema":{"@context":"https:\/\/schema.org","@graph":[{"@type":"WebPage","@id":"https:\/\/schaefer.biz\/en\/products\/fully-automatic-crimping-machines-speedline\/","url":"https:\/\/schaefer.biz\/en\/products\/fully-automatic-crimping-machines-speedline\/","name":"Fully automatic crimping machines SpeedLine | Sch\u00e4fer Group","isPartOf":{"@id":"https:\/\/schaefer.biz\/en\/#website"},"primaryImageOfPage":{"@id":"https:\/\/schaefer.biz\/en\/products\/fully-automatic-crimping-machines-speedline\/#primaryimage"},"image":{"@id":"https:\/\/schaefer.biz\/en\/products\/fully-automatic-crimping-machines-speedline\/#primaryimage"},"thumbnailUrl":"https:\/\/schaefer.biz\/wp-content\/uploads\/2025\/07\/Schaefer-Crimping-Machine-SpeedLine-ADVANCED-344px.jpg","datePublished":"2018-12-19T10:18:18+00:00","dateModified":"2025-09-19T12:48:31+00:00","description":"Fully automatic crimping machines with intuitive WireStar HMI for high productivity and best quality in automatic wire processing","breadcrumb":{"@id":"https:\/\/schaefer.biz\/en\/products\/fully-automatic-crimping-machines-speedline\/#breadcrumb"},"inLanguage":"en-US","potentialAction":[{"@type":"ReadAction","target":["https:\/\/schaefer.biz\/en\/products\/fully-automatic-crimping-machines-speedline\/"]}]},{"@type":"ImageObject","inLanguage":"en-US","@id":"https:\/\/schaefer.biz\/en\/products\/fully-automatic-crimping-machines-speedline\/#primaryimage","url":"https:\/\/schaefer.biz\/wp-content\/uploads\/2025\/07\/Schaefer-Crimping-Machine-SpeedLine-ADVANCED-344px.jpg","contentUrl":"https:\/\/schaefer.biz\/wp-content\/uploads\/2025\/07\/Schaefer-Crimping-Machine-SpeedLine-ADVANCED-344px.jpg","width":344,"height":344},{"@type":"BreadcrumbList","@id":"https:\/\/schaefer.biz\/en\/products\/fully-automatic-crimping-machines-speedline\/#breadcrumb","itemListElement":[{"@type":"ListItem","position":1,"name":"Startseite","item":"https:\/\/schaefer.biz\/en\/"},{"@type":"ListItem","position":2,"name":"Products","item":"https:\/\/schaefer.biz\/en\/products\/"},{"@type":"ListItem","position":3,"name":"Fully automatic crimping machines SpeedLine"}]},{"@type":"WebSite","@id":"https:\/\/schaefer.biz\/en\/#website","url":"https:\/\/schaefer.biz\/en\/","name":"Sch\u00e4fer Group","description":"Spezifische L\u00f6sungen f\u00fcr Ihre Kabel- und Kontaktverarbeitung | Individual solutions for your wire and terminal processing","publisher":{"@id":"https:\/\/schaefer.biz\/en\/#organization"},"alternateName":"Sch\u00e4fer Group","potentialAction":[{"@type":"SearchAction","target":{"@type":"EntryPoint","urlTemplate":"https:\/\/schaefer.biz\/en\/?s={search_term_string}"},"query-input":{"@type":"PropertyValueSpecification","valueRequired":true,"valueName":"search_term_string"}}],"inLanguage":"en-US"},{"@type":"Organization","@id":"https:\/\/schaefer.biz\/en\/#organization","name":"Sch\u00e4fer Group","url":"https:\/\/schaefer.biz\/en\/","logo":{"@type":"ImageObject","inLanguage":"en-US","@id":"https:\/\/schaefer.biz\/en\/#\/schema\/logo\/image\/","url":"https:\/\/schaefer.biz\/wp-content\/uploads\/2018\/11\/Logo_Schaefer_RGB_100-70-0-0.png","contentUrl":"https:\/\/schaefer.biz\/wp-content\/uploads\/2018\/11\/Logo_Schaefer_RGB_100-70-0-0.png","width":2084,"height":823,"caption":"Sch\u00e4fer Group"},"image":{"@id":"https:\/\/schaefer.biz\/en\/#\/schema\/logo\/image\/"},"sameAs":["https:\/\/www.facebook.com\/SchaeferGroupMarketing","https:\/\/www.linkedin.com\/company\/schaefergroup","https:\/\/www.youtube.com\/user\/SchaeferMarketing","https:\/\/www.instagram.com\/schaefer_group\/"]}]}},"_links":{"self":[{"href":"https:\/\/schaefer.biz\/en\/wp-json\/wp\/v2\/pages\/1906","targetHints":{"allow":["GET"]}}],"collection":[{"href":"https:\/\/schaefer.biz\/en\/wp-json\/wp\/v2\/pages"}],"about":[{"href":"https:\/\/schaefer.biz\/en\/wp-json\/wp\/v2\/types\/page"}],"author":[{"embeddable":true,"href":"https:\/\/schaefer.biz\/en\/wp-json\/wp\/v2\/users\/6"}],"replies":[{"embeddable":true,"href":"https:\/\/schaefer.biz\/en\/wp-json\/wp\/v2\/comments?post=1906"}],"version-history":[{"count":3,"href":"https:\/\/schaefer.biz\/en\/wp-json\/wp\/v2\/pages\/1906\/revisions"}],"predecessor-version":[{"id":38412,"href":"https:\/\/schaefer.biz\/en\/wp-json\/wp\/v2\/pages\/1906\/revisions\/38412"}],"up":[{"embeddable":true,"href":"https:\/\/schaefer.biz\/en\/wp-json\/wp\/v2\/pages\/1883"}],"wp:featuredmedia":[{"embeddable":true,"href":"https:\/\/schaefer.biz\/en\/wp-json\/wp\/v2\/media\/35943"}],"wp:attachment":[{"href":"https:\/\/schaefer.biz\/en\/wp-json\/wp\/v2\/media?parent=1906"}],"curies":[{"name":"wp","href":"https:\/\/api.w.org\/{rel}","templated":true}]}}