{"id":1918,"date":"2018-12-19T13:46:21","date_gmt":"2018-12-19T12:46:21","guid":{"rendered":"https:\/\/schaefer-biz-qa2.mcon-group.com\/products\/tool-and-die-making\/tools-and-molding-dies\/"},"modified":"2025-02-13T15:35:54","modified_gmt":"2025-02-13T14:35:54","slug":"tools-and-molding-dies","status":"publish","type":"page","link":"https:\/\/schaefer.biz\/en\/solutions\/tools-and-molding-dies\/","title":{"rendered":"Tools and Molding Dies"},"content":{"rendered":"<section class=\"l-section wpb_row height_small\"><div class=\"l-section-h i-cf\"><div class=\"g-cols vc_row via_flex valign_top type_default stacking_default\"><div class=\"vc_col-sm-12 wpb_column vc_column_container\"><div class=\"vc_column-inner\"><div class=\"wpb_wrapper\"><div class=\"wpb_text_column\"><div class=\"wpb_wrapper\"><div class=\"wpb_text_column\">\n<div class=\"wpb_wrapper\">\n<h2>Wide Range of Manufacturing Options<\/h2>\n<\/div>\n<\/div>\n<div class=\"wpb_text_column us_custom_703b2333\">\n<div class=\"wpb_wrapper\">\n<p>With its manufacturing site in Gerstungen, Sch\u00e4fer offers market-oriented complete solutions in the field of tool and mold making. From the beginning, for example, for a sample production, the design and manufacture of the tools, through to series production, assembly and testing, the project team works closely with the customers. In quality assurance, including initial sampling according to VDA, Sch\u00e4fer is oriented towards the requirements of the automotive industry.<\/p>\n<\/div>\n<\/div>\n<\/div><\/div><div class=\"wpb_text_column\"><div class=\"wpb_wrapper\"><div class=\"wpb_text_column\">\n<div class=\"wpb_wrapper\">\n<h2>Individual Molds and Dies<\/h2>\n<\/div>\n<\/div>\n<\/div><\/div><div class=\"w-grid us_carousel type_carousel layout_1882 preload_style_spinner items_3\" id=\"us_grid_1\" style=\"--items:3;--gap:1.5rem;\"><style>.layout_1882 .w-grid-item-h{}.layout_1882 .usg_post_image_1{transition-duration:0.3s;transform:scale(1) translate(0%,0%)}.layout_1882 .w-grid-item-h:focus-within .usg_post_image_1,.layout_1882 .w-grid-item-h:hover .usg_post_image_1{transform:scale(0.95) translate(0%,0%);opacity:1}.layout_1882 .usg_post_image_1{margin-bottom:1rem!important}.layout_1882 .usg_post_content_1{margin-top:0.5rem!important;font-family:var(--font-family)!important}.layout_1882 .usg_btn_1{margin-top:1.5rem!important;font-size:18px!important}.layout_1882 .usg_post_title_1{margin-bottom:0.5rem!important;font-family:var(--h1-font-family)!important;font-size:1.2rem!important}<\/style><div class=\"w-grid-list owl-carousel valign_stretch dotstyle_circle navstyle_circle arrows-ver-pos_middle arrows-hor-pos_on_sides_outside arrows-disabled_hide owl-responsive-2000 with_arrows\" style=\"--transition-duration:350ms;--arrows-size:1.5rem;--arrows-hor-offset:calc(0px + 1.5rem);--arrows-gap:10px;\">\t<article class=\"w-grid-item post-21873 us_portfolio type-us_portfolio status-publish has-post-thumbnail hentry us_portfolio_category-tools-and-molding-dies\" data-id=\"21873\">\r\n\t\t<div class=\"w-grid-item-h\">\r\n\t\t\t\t\t\t<div class=\"w-post-elm post_image usg_post_image_1 stretched\"><a href=\"https:\/\/schaefer.biz\/en\/portfolio\/plastic-injection-molds\/\" aria-label=\"Plastic Injection Molds\"><img decoding=\"async\" width=\"570\" height=\"436\" src=\"https:\/\/schaefer.biz\/wp-content\/uploads\/2023\/02\/Schaefer-Plastic-Injection-molds-thumb-570px.jpg\" class=\"attachment-large size-large wp-post-image\" alt=\"Spritzgusswerkzeuge\" srcset=\"https:\/\/schaefer.biz\/wp-content\/uploads\/2023\/02\/Schaefer-Plastic-Injection-molds-thumb-570px.jpg 570w, https:\/\/schaefer.biz\/wp-content\/uploads\/2023\/02\/Schaefer-Plastic-Injection-molds-thumb-570px-300x229.jpg 300w\" sizes=\"(max-width: 570px) 100vw, 570px\" \/><\/a><\/div><h2 class=\"w-post-elm post_title usg_post_title_1 entry-title color_link_inherit\"><a href=\"https:\/\/schaefer.biz\/en\/portfolio\/plastic-injection-molds\/\">Plastic Injection Molds<\/a><\/h2><div class=\"w-post-elm post_content usg_post_content_1\"><p>Molds for injection molding of plastics such as thermoplastics or thermosetting materials<\/p>\n<\/div><a class=\"w-btn us-btn-style_1 usg_btn_1\" href=\"https:\/\/schaefer.biz\/en\/portfolio\/plastic-injection-molds\/\"><span class=\"w-btn-label\">Read more<\/span><\/a>\t\t<\/div>\r\n\t\t\t<\/article>\r\n\t<article class=\"w-grid-item post-21875 us_portfolio type-us_portfolio status-publish has-post-thumbnail hentry us_portfolio_category-tools-and-molding-dies\" data-id=\"21875\">\r\n\t\t<div class=\"w-grid-item-h\">\r\n\t\t\t\t\t\t<div class=\"w-post-elm post_image usg_post_image_1 stretched\"><a href=\"https:\/\/schaefer.biz\/en\/portfolio\/hotmelt-molding-tools\/\" aria-label=\"Hotmelt Molding Tools\"><img decoding=\"async\" width=\"570\" height=\"427\" src=\"https:\/\/schaefer.biz\/wp-content\/uploads\/2023\/02\/Schaefer-Hotmelt-Tool-570x427px.jpg\" class=\"attachment-large size-large wp-post-image\" alt=\"\" srcset=\"https:\/\/schaefer.biz\/wp-content\/uploads\/2023\/02\/Schaefer-Hotmelt-Tool-570x427px.jpg 570w, https:\/\/schaefer.biz\/wp-content\/uploads\/2023\/02\/Schaefer-Hotmelt-Tool-570x427px-300x225.jpg 300w, https:\/\/schaefer.biz\/wp-content\/uploads\/2023\/02\/Schaefer-Hotmelt-Tool-570x427px-45x34.jpg 45w\" sizes=\"(max-width: 570px) 100vw, 570px\" \/><\/a><\/div><h2 class=\"w-post-elm post_title usg_post_title_1 entry-title color_link_inherit\"><a href=\"https:\/\/schaefer.biz\/en\/portfolio\/hotmelt-molding-tools\/\">Hotmelt Molding Tools<\/a><\/h2><div class=\"w-post-elm post_content usg_post_content_1\"><p>Powerful tools for casting hot melt adhesive in the low-pressure process<\/p>\n<\/div><a class=\"w-btn us-btn-style_1 usg_btn_1\" href=\"https:\/\/schaefer.biz\/en\/portfolio\/hotmelt-molding-tools\/\"><span class=\"w-btn-label\">Read more<\/span><\/a>\t\t<\/div>\r\n\t\t\t<\/article>\r\n\t<article class=\"w-grid-item post-21867 us_portfolio type-us_portfolio status-publish has-post-thumbnail hentry us_portfolio_category-tools-and-molding-dies\" data-id=\"21867\">\r\n\t\t<div class=\"w-grid-item-h\">\r\n\t\t\t\t\t\t<div class=\"w-post-elm post_image usg_post_image_1 stretched\"><a href=\"https:\/\/schaefer.biz\/en\/portfolio\/stamping-dies\/\" aria-label=\"Stamping Dies\"><img decoding=\"async\" width=\"570\" height=\"436\" src=\"https:\/\/schaefer.biz\/wp-content\/uploads\/2023\/02\/Schaefer-Stamping-dies-thumb-570px.jpg\" class=\"attachment-large size-large wp-post-image\" alt=\"Folgeverbundwerkzeuge\" srcset=\"https:\/\/schaefer.biz\/wp-content\/uploads\/2023\/02\/Schaefer-Stamping-dies-thumb-570px.jpg 570w, https:\/\/schaefer.biz\/wp-content\/uploads\/2023\/02\/Schaefer-Stamping-dies-thumb-570px-300x229.jpg 300w\" sizes=\"(max-width: 570px) 100vw, 570px\" \/><\/a><\/div><h2 class=\"w-post-elm post_title usg_post_title_1 entry-title color_link_inherit\"><a href=\"https:\/\/schaefer.biz\/en\/portfolio\/stamping-dies\/\">Stamping Dies<\/a><\/h2><div class=\"w-post-elm post_content usg_post_content_1\"><p>Progressive dies in compact and modular design for cutting, forming or bending and stamping<\/p>\n<\/div><a class=\"w-btn us-btn-style_1 usg_btn_1\" href=\"https:\/\/schaefer.biz\/en\/portfolio\/stamping-dies\/\"><span class=\"w-btn-label\">Read more<\/span><\/a>\t\t<\/div>\r\n\t\t\t<\/article>\r\n\t<article class=\"w-grid-item post-21883 us_portfolio type-us_portfolio status-publish has-post-thumbnail hentry us_portfolio_category-tools-and-molding-dies\" data-id=\"21883\">\r\n\t\t<div class=\"w-grid-item-h\">\r\n\t\t\t\t\t\t<div class=\"w-post-elm post_image usg_post_image_1 stretched\"><a href=\"https:\/\/schaefer.biz\/en\/portfolio\/friction-welding-tools\/\" aria-label=\"Friction Welding Tools\"><img decoding=\"async\" width=\"570\" height=\"436\" src=\"https:\/\/schaefer.biz\/wp-content\/uploads\/2023\/02\/Schaefer-Friction-Welding-Tools-thumb-570px.jpg\" class=\"attachment-large size-large wp-post-image\" alt=\"Reibschwei\u00dfwerkzeuge\" srcset=\"https:\/\/schaefer.biz\/wp-content\/uploads\/2023\/02\/Schaefer-Friction-Welding-Tools-thumb-570px.jpg 570w, https:\/\/schaefer.biz\/wp-content\/uploads\/2023\/02\/Schaefer-Friction-Welding-Tools-thumb-570px-300x229.jpg 300w\" sizes=\"(max-width: 570px) 100vw, 570px\" \/><\/a><\/div><h2 class=\"w-post-elm post_title usg_post_title_1 entry-title color_link_inherit\"><a href=\"https:\/\/schaefer.biz\/en\/portfolio\/friction-welding-tools\/\">Friction Welding Tools<\/a><\/h2><div class=\"w-post-elm post_content usg_post_content_1\"><p>Precise molds for joining plastic parts by friction in small as well as larger quantities<\/p>\n<\/div><a class=\"w-btn us-btn-style_1 usg_btn_1\" href=\"https:\/\/schaefer.biz\/en\/portfolio\/friction-welding-tools\/\"><span class=\"w-btn-label\">Read more<\/span><\/a>\t\t<\/div>\r\n\t\t\t<\/article>\r\n\t<article class=\"w-grid-item post-21900 us_portfolio type-us_portfolio status-publish has-post-thumbnail hentry us_portfolio_category-tools-and-molding-dies\" data-id=\"21900\">\r\n\t\t<div class=\"w-grid-item-h\">\r\n\t\t\t\t\t\t<div class=\"w-post-elm post_image usg_post_image_1 stretched\"><a href=\"https:\/\/schaefer.biz\/en\/portfolio\/die-casting-molds\/\" aria-label=\"Die Casting Molds\"><img decoding=\"async\" width=\"570\" height=\"436\" src=\"https:\/\/schaefer.biz\/wp-content\/uploads\/2023\/02\/Schaefer-Die-Casting-molds-thumb-570px.jpg\" class=\"attachment-large size-large wp-post-image\" alt=\"Druckgu\u00dfwerkzeuge\" srcset=\"https:\/\/schaefer.biz\/wp-content\/uploads\/2023\/02\/Schaefer-Die-Casting-molds-thumb-570px.jpg 570w, https:\/\/schaefer.biz\/wp-content\/uploads\/2023\/02\/Schaefer-Die-Casting-molds-thumb-570px-300x229.jpg 300w\" sizes=\"(max-width: 570px) 100vw, 570px\" \/><\/a><\/div><h2 class=\"w-post-elm post_title usg_post_title_1 entry-title color_link_inherit\"><a href=\"https:\/\/schaefer.biz\/en\/portfolio\/die-casting-molds\/\">Die Casting Molds<\/a><\/h2><div class=\"w-post-elm post_content usg_post_content_1\"><p>Precise tools for casting alloys of aluminum, magnesium, zinc and tin<\/p>\n<\/div><a class=\"w-btn us-btn-style_1 usg_btn_1\" href=\"https:\/\/schaefer.biz\/en\/portfolio\/die-casting-molds\/\"><span class=\"w-btn-label\">Read more<\/span><\/a>\t\t<\/div>\r\n\t\t\t<\/article>\r\n<\/div><div class=\"w-grid-carousel-json hidden\" onclick='return {&quot;carousel_settings&quot;:{&quot;aria_labels&quot;:{&quot;prev&quot;:&quot;Previous&quot;,&quot;next&quot;:&quot;Next&quot;},&quot;autoplayContinual&quot;:false,&quot;autoplayHoverPause&quot;:false,&quot;autoplayTimeout&quot;:3000,&quot;autoWidth&quot;:false,&quot;smartSpeed&quot;:350,&quot;margin&quot;:0,&quot;mouseDrag&quot;:true,&quot;rtl&quot;:false,&quot;slideBy&quot;:&quot;1&quot;,&quot;touchDrag&quot;:true,&quot;slideTransition&quot;:&quot;&quot;,&quot;responsive&quot;:{&quot;0&quot;:{&quot;autoHeight&quot;:false,&quot;autoplay&quot;:true,&quot;autoWidth&quot;:false,&quot;center&quot;:false,&quot;dots&quot;:false,&quot;items&quot;:1,&quot;loop&quot;:true,&quot;nav&quot;:false,&quot;stagePadding&quot;:0,&quot;slideBy&quot;:&quot;1&quot;},&quot;601&quot;:{&quot;autoHeight&quot;:false,&quot;autoplay&quot;:true,&quot;autoWidth&quot;:false,&quot;center&quot;:false,&quot;dots&quot;:false,&quot;items&quot;:2,&quot;loop&quot;:true,&quot;nav&quot;:true,&quot;stagePadding&quot;:0,&quot;slideBy&quot;:&quot;1&quot;},&quot;1025&quot;:{&quot;autoHeight&quot;:false,&quot;autoplay&quot;:true,&quot;autoWidth&quot;:false,&quot;center&quot;:false,&quot;dots&quot;:false,&quot;items&quot;:3,&quot;loop&quot;:true,&quot;nav&quot;:true,&quot;stagePadding&quot;:0,&quot;slideBy&quot;:&quot;1&quot;},&quot;1381&quot;:{&quot;items&quot;:3,&quot;autoplay&quot;:false,&quot;center&quot;:false,&quot;dots&quot;:false,&quot;nav&quot;:true,&quot;autoHeight&quot;:false,&quot;autoWidth&quot;:false,&quot;loop&quot;:true,&quot;stagePadding&quot;:0}}}}'><\/div><\/div><div class=\"w-image us_custom_2e426560 align_none\"><div class=\"w-image-h\"><img decoding=\"async\" width=\"1140\" height=\"855\" src=\"https:\/\/schaefer.biz\/wp-content\/uploads\/2023\/02\/Werkzeuge-Formen-1140px.jpg\" class=\"attachment-full size-full\" alt=\"\" loading=\"lazy\" srcset=\"https:\/\/schaefer.biz\/wp-content\/uploads\/2023\/02\/Werkzeuge-Formen-1140px.jpg 1140w, https:\/\/schaefer.biz\/wp-content\/uploads\/2023\/02\/Werkzeuge-Formen-1140px-300x225.jpg 300w, https:\/\/schaefer.biz\/wp-content\/uploads\/2023\/02\/Werkzeuge-Formen-1140px-1024x768.jpg 1024w\" sizes=\"auto, (max-width: 1140px) 100vw, 1140px\" \/><\/div><\/div><\/div><\/div><\/div><\/div><\/div><\/section>\n","protected":false},"excerpt":{"rendered":"Die Casting Molds Individual casting molds Sch\u00e4fer constructs and fabricates high-performance die casting molds at a size of up to 800 x 800 mm. These molds are suitable for die casting aluminum, magnesium, zinc and tin alloys. The true-to-size molds ensure production of castings with excellent surface characteristics and a long service life. Sch\u00e4fer provides...","protected":false},"author":6,"featured_media":18082,"parent":32597,"menu_order":0,"comment_status":"closed","ping_status":"open","template":"","meta":{"_acf_changed":false,"footnotes":""},"class_list":["post-1918","page","type-page","status-publish","has-post-thumbnail","hentry"],"acf":[],"yoast_head":"<!-- This site is optimized with the Yoast SEO Premium plugin v27.2 (Yoast SEO v27.4) - https:\/\/yoast.com\/product\/yoast-seo-premium-wordpress\/ -->\n<title>Tools and Molding Dies | Sch\u00e4fer Group<\/title>\n<meta name=\"description\" content=\"Sch\u00e4fer offers market-oriented complete solutions in the field of tool and mold making.\" \/>\n<meta name=\"robots\" content=\"index, follow, max-snippet:-1, max-image-preview:large, max-video-preview:-1\" \/>\n<link rel=\"canonical\" href=\"https:\/\/schaefer.biz\/en\/solutions\/tools-and-molding-dies\/\" \/>\n<meta property=\"og:locale\" content=\"en_US\" \/>\n<meta property=\"og:type\" content=\"article\" \/>\n<meta property=\"og:title\" content=\"Tools and Molding Dies\" \/>\n<meta property=\"og:description\" content=\"Sch\u00e4fer offers market-oriented complete solutions in the field of tool and mold making.\" \/>\n<meta property=\"og:url\" content=\"https:\/\/schaefer.biz\/en\/solutions\/tools-and-molding-dies\/\" \/>\n<meta property=\"og:site_name\" content=\"Sch\u00e4fer Group\" \/>\n<meta property=\"article:publisher\" content=\"https:\/\/www.facebook.com\/SchaeferGroupMarketing\" \/>\n<meta property=\"article:modified_time\" content=\"2025-02-13T14:35:54+00:00\" \/>\n<meta property=\"og:image\" content=\"https:\/\/schaefer.biz\/wp-content\/uploads\/2022\/02\/Schaefer-Stanzen-570px.jpg\" \/>\n\t<meta property=\"og:image:width\" content=\"570\" \/>\n\t<meta property=\"og:image:height\" content=\"380\" \/>\n\t<meta property=\"og:image:type\" content=\"image\/jpeg\" \/>\n<meta name=\"twitter:card\" content=\"summary_large_image\" \/>\n<meta name=\"twitter:label1\" content=\"Est. reading time\" \/>\n\t<meta name=\"twitter:data1\" content=\"1 minute\" \/>\n<!-- \/ Yoast SEO Premium plugin. -->","yoast_head_json":{"title":"Tools and Molding Dies | Sch\u00e4fer Group","description":"Sch\u00e4fer offers market-oriented complete solutions in the field of tool and mold making.","robots":{"index":"index","follow":"follow","max-snippet":"max-snippet:-1","max-image-preview":"max-image-preview:large","max-video-preview":"max-video-preview:-1"},"canonical":"https:\/\/schaefer.biz\/en\/solutions\/tools-and-molding-dies\/","og_locale":"en_US","og_type":"article","og_title":"Tools and Molding Dies","og_description":"Sch\u00e4fer offers market-oriented complete solutions in the field of tool and mold making.","og_url":"https:\/\/schaefer.biz\/en\/solutions\/tools-and-molding-dies\/","og_site_name":"Sch\u00e4fer Group","article_publisher":"https:\/\/www.facebook.com\/SchaeferGroupMarketing","article_modified_time":"2025-02-13T14:35:54+00:00","og_image":[{"width":570,"height":380,"url":"https:\/\/schaefer.biz\/wp-content\/uploads\/2022\/02\/Schaefer-Stanzen-570px.jpg","type":"image\/jpeg"}],"twitter_card":"summary_large_image","twitter_misc":{"Est. reading time":"1 minute"},"schema":{"@context":"https:\/\/schema.org","@graph":[{"@type":"WebPage","@id":"https:\/\/schaefer.biz\/en\/solutions\/tools-and-molding-dies\/","url":"https:\/\/schaefer.biz\/en\/solutions\/tools-and-molding-dies\/","name":"Tools and Molding Dies | Sch\u00e4fer Group","isPartOf":{"@id":"https:\/\/schaefer.biz\/en\/#website"},"primaryImageOfPage":{"@id":"https:\/\/schaefer.biz\/en\/solutions\/tools-and-molding-dies\/#primaryimage"},"image":{"@id":"https:\/\/schaefer.biz\/en\/solutions\/tools-and-molding-dies\/#primaryimage"},"thumbnailUrl":"https:\/\/schaefer.biz\/wp-content\/uploads\/2022\/02\/Schaefer-Stanzen-570px.jpg","datePublished":"2018-12-19T12:46:21+00:00","dateModified":"2025-02-13T14:35:54+00:00","description":"Sch\u00e4fer offers market-oriented complete solutions in the field of tool and mold making.","breadcrumb":{"@id":"https:\/\/schaefer.biz\/en\/solutions\/tools-and-molding-dies\/#breadcrumb"},"inLanguage":"en-US","potentialAction":[{"@type":"ReadAction","target":["https:\/\/schaefer.biz\/en\/solutions\/tools-and-molding-dies\/"]}]},{"@type":"ImageObject","inLanguage":"en-US","@id":"https:\/\/schaefer.biz\/en\/solutions\/tools-and-molding-dies\/#primaryimage","url":"https:\/\/schaefer.biz\/wp-content\/uploads\/2022\/02\/Schaefer-Stanzen-570px.jpg","contentUrl":"https:\/\/schaefer.biz\/wp-content\/uploads\/2022\/02\/Schaefer-Stanzen-570px.jpg","width":570,"height":380,"caption":"Abstarktes Bild aus dem Werkzeug- und Formenbau"},{"@type":"BreadcrumbList","@id":"https:\/\/schaefer.biz\/en\/solutions\/tools-and-molding-dies\/#breadcrumb","itemListElement":[{"@type":"ListItem","position":1,"name":"Startseite","item":"https:\/\/schaefer.biz\/en\/"},{"@type":"ListItem","position":2,"name":"Products","item":"https:\/\/schaefer.biz\/en\/products\/"},{"@type":"ListItem","position":3,"name":"Tools and Molding Dies"}]},{"@type":"WebSite","@id":"https:\/\/schaefer.biz\/en\/#website","url":"https:\/\/schaefer.biz\/en\/","name":"Sch\u00e4fer Group","description":"Spezifische L\u00f6sungen f\u00fcr Ihre Kabel- und Kontaktverarbeitung | Individual solutions for your wire and terminal processing","publisher":{"@id":"https:\/\/schaefer.biz\/en\/#organization"},"alternateName":"Sch\u00e4fer Group","potentialAction":[{"@type":"SearchAction","target":{"@type":"EntryPoint","urlTemplate":"https:\/\/schaefer.biz\/en\/?s={search_term_string}"},"query-input":{"@type":"PropertyValueSpecification","valueRequired":true,"valueName":"search_term_string"}}],"inLanguage":"en-US"},{"@type":"Organization","@id":"https:\/\/schaefer.biz\/en\/#organization","name":"Sch\u00e4fer Group","url":"https:\/\/schaefer.biz\/en\/","logo":{"@type":"ImageObject","inLanguage":"en-US","@id":"https:\/\/schaefer.biz\/en\/#\/schema\/logo\/image\/","url":"https:\/\/schaefer.biz\/wp-content\/uploads\/2018\/11\/Logo_Schaefer_RGB_100-70-0-0.png","contentUrl":"https:\/\/schaefer.biz\/wp-content\/uploads\/2018\/11\/Logo_Schaefer_RGB_100-70-0-0.png","width":2084,"height":823,"caption":"Sch\u00e4fer Group"},"image":{"@id":"https:\/\/schaefer.biz\/en\/#\/schema\/logo\/image\/"},"sameAs":["https:\/\/www.facebook.com\/SchaeferGroupMarketing","https:\/\/www.linkedin.com\/company\/schaefergroup","https:\/\/www.youtube.com\/user\/SchaeferMarketing","https:\/\/www.instagram.com\/schaefer_group\/"]}]}},"_links":{"self":[{"href":"https:\/\/schaefer.biz\/en\/wp-json\/wp\/v2\/pages\/1918","targetHints":{"allow":["GET"]}}],"collection":[{"href":"https:\/\/schaefer.biz\/en\/wp-json\/wp\/v2\/pages"}],"about":[{"href":"https:\/\/schaefer.biz\/en\/wp-json\/wp\/v2\/types\/page"}],"author":[{"embeddable":true,"href":"https:\/\/schaefer.biz\/en\/wp-json\/wp\/v2\/users\/6"}],"replies":[{"embeddable":true,"href":"https:\/\/schaefer.biz\/en\/wp-json\/wp\/v2\/comments?post=1918"}],"version-history":[{"count":0,"href":"https:\/\/schaefer.biz\/en\/wp-json\/wp\/v2\/pages\/1918\/revisions"}],"up":[{"embeddable":true,"href":"https:\/\/schaefer.biz\/en\/wp-json\/wp\/v2\/pages\/32597"}],"wp:featuredmedia":[{"embeddable":true,"href":"https:\/\/schaefer.biz\/en\/wp-json\/wp\/v2\/media\/18082"}],"wp:attachment":[{"href":"https:\/\/schaefer.biz\/en\/wp-json\/wp\/v2\/media?parent=1918"}],"curies":[{"name":"wp","href":"https:\/\/api.w.org\/{rel}","templated":true}]}}