{"id":2004,"date":"2018-12-20T10:43:49","date_gmt":"2018-12-20T09:43:49","guid":{"rendered":"https:\/\/schaefer-biz-qa2.mcon-group.com\/company\/schaefer-gmbh-gerstungen-germany\/"},"modified":"2025-08-05T09:45:13","modified_gmt":"2025-08-05T07:45:13","slug":"gerstungen","status":"publish","type":"page","link":"https:\/\/schaefer.biz\/en\/company\/gerstungen\/","title":{"rendered":"Sch\u00e4fer GmbH | Gerstungen | Germany"},"content":{"rendered":"<section class=\"l-section wpb_row height_small\"><div class=\"l-section-h i-cf\"><div class=\"g-cols vc_row via_flex valign_top type_default stacking_default\"><div class=\"vc_col-sm-12 wpb_column vc_column_container usp\"><div class=\"vc_column-inner\"><div class=\"wpb_wrapper\"><div class=\"wpb_text_column\"><div class=\"wpb_wrapper\"><h1>Sch\u00e4fer GmbH Werkzeug- und Sondermaschinenbau<\/h1>\n<h2>Gerstungen | Germany<\/h2>\n<\/div><\/div><div class=\"w-image us_custom_f2eec366 align_none\"><div class=\"w-image-h\"><img decoding=\"async\" width=\"1140\" height=\"342\" src=\"https:\/\/schaefer.biz\/wp-content\/uploads\/2020\/02\/2020-02-14_Geb\u00e4ude_UE_Panorama2.jpg\" class=\"attachment-full size-full\" alt=\"\" loading=\"lazy\" \/><\/div><\/div><div class=\"wpb_text_column\"><div class=\"wpb_wrapper\"><p>In July 1992, the Schaefer GmbH was founded in the area of Eisenach, Germany. The company started with two employees producing eccentric presses in a rented facility. Aggressive sales growth and favorable economic conditions all contributed to the need for major expansion eight years later. In 2000, the space was increased to 2000 sq. meters. The new space allowed to increase engineering capability as well as more manufacturing space.<\/p>\n<p>Additional investments improved our fabricating capabilities. Today, parts are being manufactured on state of the art machining centers and CNC machines coupled with CAD for direct data transfers. This networking allows for efficient manufacturing using wire and sink erosion, 3- and 5 axis grinding and turning.<\/p>\n<p>The Schaefer GmbH offers market-oriented system solutions. During manufacturing of the products, from design through production and testing, the project team is always in close contact to our customer. Quality assurance procedures, including pre-production sampling according to VDA, helps to meet the stringent standards of the automotive industry.<\/p>\n<h3>Manufacturing capabilities<\/h3>\n<\/div><\/div><div class=\"w-grid us_grid us_custom_f2eec366 type_grid layout_gallery_default cols_5 preload_style_spinner\" id=\"us_grid_1\" style=\"--columns:5;--gap:0.5rem;\" data-filterable=\"true\"><style>@media (max-width:1380px){#us_grid_1{--columns:3!important}}@media (max-width:1024px){#us_grid_1{--columns:2!important}}@media (max-width:600px){#us_grid_1{--columns:1!important}}.layout_gallery_default .w-grid-item-h{}<\/style><div class=\"w-grid-list\">\t<article class=\"w-grid-item size_1x1 post-18086 attachment type-attachment status-inherit hentry\" data-id=\"18086\">\r\n\t\t<div class=\"w-grid-item-h\">\r\n\t\t\t\t\t\t<div class=\"w-post-elm post_image usg_post_image_1 stretched\"><img decoding=\"async\" width=\"570\" height=\"380\" src=\"https:\/\/schaefer.biz\/wp-content\/uploads\/2022\/02\/Schaefer-Reibschweissen-570px.jpg\" class=\"attachment-large size-large\" alt=\"\" srcset=\"https:\/\/schaefer.biz\/wp-content\/uploads\/2022\/02\/Schaefer-Reibschweissen-570px.jpg 570w, https:\/\/schaefer.biz\/wp-content\/uploads\/2022\/02\/Schaefer-Reibschweissen-570px-300x200.jpg 300w\" sizes=\"(max-width: 570px) 100vw, 570px\" \/><\/div>\t\t<\/div>\r\n\t\t\t<\/article>\r\n\t<article class=\"w-grid-item size_1x1 post-18084 attachment type-attachment status-inherit hentry\" data-id=\"18084\">\r\n\t\t<div class=\"w-grid-item-h\">\r\n\t\t\t\t\t\t<div class=\"w-post-elm post_image usg_post_image_1 stretched\"><img decoding=\"async\" width=\"570\" height=\"380\" src=\"https:\/\/schaefer.biz\/wp-content\/uploads\/2022\/02\/Schaefer-Druckguss-570px.jpg\" class=\"attachment-large size-large\" alt=\"\" srcset=\"https:\/\/schaefer.biz\/wp-content\/uploads\/2022\/02\/Schaefer-Druckguss-570px.jpg 570w, https:\/\/schaefer.biz\/wp-content\/uploads\/2022\/02\/Schaefer-Druckguss-570px-300x200.jpg 300w\" sizes=\"(max-width: 570px) 100vw, 570px\" \/><\/div>\t\t<\/div>\r\n\t\t\t<\/article>\r\n\t<article class=\"w-grid-item size_1x1 post-18090 attachment type-attachment status-inherit hentry\" data-id=\"18090\">\r\n\t\t<div class=\"w-grid-item-h\">\r\n\t\t\t\t\t\t<div class=\"w-post-elm post_image usg_post_image_1 stretched\"><img decoding=\"async\" width=\"570\" height=\"380\" src=\"https:\/\/schaefer.biz\/wp-content\/uploads\/2022\/02\/Schaefer-Hotmelt-570px.jpg\" class=\"attachment-large size-large\" alt=\"\" srcset=\"https:\/\/schaefer.biz\/wp-content\/uploads\/2022\/02\/Schaefer-Hotmelt-570px.jpg 570w, https:\/\/schaefer.biz\/wp-content\/uploads\/2022\/02\/Schaefer-Hotmelt-570px-300x200.jpg 300w\" sizes=\"(max-width: 570px) 100vw, 570px\" \/><\/div>\t\t<\/div>\r\n\t\t\t<\/article>\r\n\t<article class=\"w-grid-item size_1x1 post-18082 attachment type-attachment status-inherit hentry\" data-id=\"18082\">\r\n\t\t<div class=\"w-grid-item-h\">\r\n\t\t\t\t\t\t<div class=\"w-post-elm post_image usg_post_image_1 stretched\"><img decoding=\"async\" width=\"570\" height=\"380\" src=\"https:\/\/schaefer.biz\/wp-content\/uploads\/2022\/02\/Schaefer-Stanzen-570px.jpg\" class=\"attachment-large size-large\" alt=\"Abstarktes Bild aus dem Werkzeug- und Formenbau\" srcset=\"https:\/\/schaefer.biz\/wp-content\/uploads\/2022\/02\/Schaefer-Stanzen-570px.jpg 570w, https:\/\/schaefer.biz\/wp-content\/uploads\/2022\/02\/Schaefer-Stanzen-570px-300x200.jpg 300w\" sizes=\"(max-width: 570px) 100vw, 570px\" \/><\/div>\t\t<\/div>\r\n\t\t\t<\/article>\r\n\t<article class=\"w-grid-item size_1x1 post-18088 attachment type-attachment status-inherit hentry\" data-id=\"18088\">\r\n\t\t<div class=\"w-grid-item-h\">\r\n\t\t\t\t\t\t<div class=\"w-post-elm post_image usg_post_image_1 stretched\"><img decoding=\"async\" width=\"570\" height=\"380\" src=\"https:\/\/schaefer.biz\/wp-content\/uploads\/2022\/02\/Schaefer-Spritzguss-570px.jpg\" class=\"attachment-large size-large\" alt=\"\" srcset=\"https:\/\/schaefer.biz\/wp-content\/uploads\/2022\/02\/Schaefer-Spritzguss-570px.jpg 570w, https:\/\/schaefer.biz\/wp-content\/uploads\/2022\/02\/Schaefer-Spritzguss-570px-300x200.jpg 300w\" sizes=\"(max-width: 570px) 100vw, 570px\" \/><\/div>\t\t<\/div>\r\n\t\t\t<\/article>\r\n<\/div>\t<div class=\"w-grid-preloader\">\r\n\t\t<div class=\"g-preloader type_1\">\r\n\t\t\t<div><\/div>\r\n\t\t<\/div>\r\n\t<\/div>\r\n\t\t<div class=\"w-grid-json hidden\" onclick='return {&quot;action&quot;:&quot;us_ajax_grid&quot;,&quot;infinite_scroll&quot;:0,&quot;max_num_pages&quot;:1,&quot;pagination&quot;:&quot;none&quot;,&quot;template_vars&quot;:{&quot;columns&quot;:&quot;5&quot;,&quot;exclude_items&quot;:&quot;none&quot;,&quot;img_size&quot;:&quot;default&quot;,&quot;ignore_items_size&quot;:0,&quot;items_layout&quot;:&quot;gallery_default&quot;,&quot;items_offset&quot;:&quot;1&quot;,&quot;load_animation&quot;:&quot;none&quot;,&quot;overriding_link&quot;:&quot;{\\&quot;url\\&quot;:\\&quot;\\&quot;}&quot;,&quot;post_id&quot;:0,&quot;query_args&quot;:{&quot;post_type&quot;:[&quot;attachment&quot;],&quot;post__in&quot;:[&quot;18086&quot;,&quot;18084&quot;,&quot;18082&quot;,&quot;18090&quot;,&quot;18088&quot;],&quot;post_status&quot;:&quot;inherit&quot;,&quot;post_mime_type&quot;:&quot;image&quot;,&quot;posts_per_page&quot;:&quot;10&quot;},&quot;orderby_query_args&quot;:{&quot;orderby&quot;:&quot;RAND(1885374535)&quot;},&quot;type&quot;:&quot;grid&quot;,&quot;us_grid_post_type&quot;:&quot;attachment&quot;,&quot;us_grid_ajax_index&quot;:1,&quot;us_grid_filter_query_string&quot;:null,&quot;us_grid_index&quot;:1,&quot;page_args&quot;:[],&quot;lang&quot;:&quot;en&quot;}}'><\/div>\r\n\t<\/div><div class=\"g-cols wpb_row via_flex valign_top type_default stacking_default\"><div class=\"vc_col-sm-4 wpb_column vc_column_container\"><div class=\"vc_column-inner\"><div class=\"wpb_wrapper\"><div class=\"wpb_text_column\"><div class=\"wpb_wrapper\"><ul>\n<li>Stamping dies<\/li>\n<li>Injection molding dies<\/li>\n<li>Die casting molds<\/li>\n<li>Tooling for ultra-sonic welding<\/li>\n<li>Hotmelt injection molding dies and machines<\/li>\n<\/ul>\n<\/div><\/div><\/div><\/div><\/div><div class=\"vc_col-sm-8 wpb_column vc_column_container\"><div class=\"vc_column-inner\"><div class=\"wpb_wrapper\"><div class=\"wpb_text_column\"><div class=\"wpb_wrapper\"><ul>\n<li>Hotmelt injection molding machines and systems<\/li>\n<li>Fixtures and calibration aids<\/li>\n<li>Serial production of stamping parts on a 50 ton Bruderer stamping machine<\/li>\n<li>Prototype production of plastic injection parts on a Arburg 470C<\/li>\n<li>Prototype production of Hotmelt injection molded components<\/li>\n<\/ul>\n<\/div><\/div><\/div><\/div><\/div><\/div><div class=\"w-btn-wrapper align_none\"><a class=\"w-btn us-btn-style_2 us_custom_3fd77211\" href=\"\/en\/products\/tools-and-molding-dies\/\"><span class=\"w-btn-label\">Product information<\/span><\/a><\/div><\/div><\/div><\/div><\/div><\/div><\/section><section class=\"l-section wpb_row height_small\"><div class=\"l-section-h i-cf\"><div class=\"g-cols vc_row via_flex valign_top type_default stacking_default\"><div class=\"vc_col-sm-12 wpb_column vc_column_container usp\"><div class=\"vc_column-inner\"><div class=\"wpb_wrapper\"><div class=\"wpb_text_column us_custom_4f24afa8\"><div class=\"wpb_wrapper\"><h2>Fundings<\/h2>\n<\/div><\/div><div class=\"wpb_text_column\"><div class=\"wpb_wrapper\"><p><img decoding=\"async\" class=\"alignnone wp-image-9569 size-full\" src=\"https:\/\/schaefer.biz\/wp-content\/uploads\/2019\/09\/efre_eu.png\" alt=\"\" width=\"600\" height=\"125\" \/><\/p>\n<\/div><\/div><div class=\"wpb_text_column us_custom_38d68270\"><div class=\"wpb_wrapper\"><table style=\"height: auto;\" width=\"99%\">\n<tbody>\n<tr>\n<td colspan=\"2\">The project, funded by the Free State of Thuringia, was co-financed by funds from the European Union within the framework of the European Regional Development Fund.<\/td>\n<\/tr>\n<\/tbody>\n<\/table>\n<\/div><\/div><div class=\"wpb_text_column us_custom_cdf14ffd\"><div class=\"wpb_wrapper\"><h4>Energy efficiency consultation<\/h4>\n<p>The situation analysis for implementation an energy efficiency consulting serves the uncovering of potentials for energy saving in the area of production. Consumers are measured over a certain period of time, then evaluated and the potentials are revealed where savings are possible.<\/p>\n<h4>Improving competitiveness and productivity<\/h4>\n<p>Investment in job preservation through the purchase of new machines and equipment according to the energy consulting report. This results in significant energy savings and an increase in energy efficiency in the company.<\/p>\n<h4>Improvement of energy efficiency<\/h4>\n<p>Renewal of the lighting by LED technology in production area and administration offices for higher energy efficiency to save resources.<\/p>\n<\/div><\/div><div class=\"w-btn-wrapper align_none\"><a class=\"w-btn us-btn-style_1\" target=\"_blank\" rel=\"nofollow\" href=\"\/wp-content\/uploads\/2020\/10\/2020-09-21_Schaefer-Gerstungen_EFRE_v2.pdf\"><span class=\"w-btn-label\">Read more<\/span><\/a><\/div><div class=\"wpb_text_column us_custom_cdf14ffd\"><div class=\"wpb_wrapper\"><h4>Acquisition of a filling system<\/h4>\n<p>By investing in a system for the automatic filling of boxes with stamped and bent parts, production is optimized to enable more cost-effective and resource-efficient manufacturing.<\/p>\n<\/div><\/div><div class=\"w-btn-wrapper align_none\"><a class=\"w-btn us-btn-style_1\" target=\"_blank\" rel=\"nofollow\" href=\"\/wp-content\/uploads\/2025\/08\/2025_07_EFRE_Innoinvest.pdf\"><span class=\"w-btn-label\">Read more<\/span><\/a><\/div><div class=\"wpb_text_column us_custom_af6a9b6a\"><div class=\"wpb_wrapper\"><h3>Certifications<\/h3>\n<\/div><\/div><div class=\"w-iconbox iconpos_left style_default color_primary align_left no_text\"><a target=\"_blank\" rel=\"nofollow\" title=\"Quality Management\" href=\"\/wp-content\/uploads\/2025\/04\/Schaefer-UE-ISO-9001-Zertifikat-2025-EN.pdf\" class=\"w-iconbox-link\" aria-label=\"Quality Management\"><div class=\"w-iconbox-icon\" style=\"font-size:20;\"><i class=\"fas fa-certificate\"><\/i><\/div><\/a><div class=\"w-iconbox-meta\"><p class=\"w-iconbox-title\" style=\"font-size:24;\"><a target=\"_blank\" rel=\"nofollow\" title=\"Quality Management\" href=\"\/wp-content\/uploads\/2025\/04\/Schaefer-UE-ISO-9001-Zertifikat-2025-EN.pdf\" class=\"w-iconbox-link\" aria-label=\"Quality Management\">Quality Management<\/a><\/p><\/div><\/div><div class=\"w-iconbox iconpos_left style_default color_primary align_left no_text\"><a target=\"_blank\" rel=\"nofollow\" title=\"Environmental Management\" href=\"\/wp-content\/uploads\/2025\/04\/Schaefer-UE-ISO-14001-Zertifikat-2025-EN.pdf\" class=\"w-iconbox-link\" aria-label=\"Environmental Management\"><div class=\"w-iconbox-icon\" style=\"font-size:20;\"><i class=\"fas fa-trees\"><\/i><\/div><\/a><div class=\"w-iconbox-meta\"><p class=\"w-iconbox-title\" style=\"font-size:24;\"><a target=\"_blank\" rel=\"nofollow\" title=\"Environmental Management\" href=\"\/wp-content\/uploads\/2025\/04\/Schaefer-UE-ISO-14001-Zertifikat-2025-EN.pdf\" class=\"w-iconbox-link\" aria-label=\"Environmental Management\">Environmental Management<\/a><\/p><\/div><\/div><div class=\"wpb_text_column us_custom_af6a9b6a\"><div class=\"wpb_wrapper\"><h3>Conditions<\/h3>\n<\/div><\/div><div class=\"w-iconbox iconpos_left style_default color_primary align_left no_text\"><a href=\"\/en\/company\/schaefer-gmbh-gerstungen-germany\/conditions-for-purchase\/\" class=\"w-iconbox-link\" aria-label=\"Conditions for Purchase\"><div class=\"w-iconbox-icon\" style=\"font-size:20;\"><i class=\"fas fa-shopping-cart\"><\/i><\/div><\/a><div class=\"w-iconbox-meta\"><p class=\"w-iconbox-title\" style=\"font-size:24;\"><a href=\"\/en\/company\/schaefer-gmbh-gerstungen-germany\/conditions-for-purchase\/\" class=\"w-iconbox-link\" aria-label=\"Conditions for Purchase\">Conditions for Purchase<\/a><\/p><\/div><\/div><div class=\"w-iconbox iconpos_left style_default color_primary align_left no_text\"><a href=\"\/en\/company\/schaefer-gmbh-gerstungen-germany\/conditions-for-sale-and-delivery\/\" class=\"w-iconbox-link\" aria-label=\"Conditions for Sale and Delivery\"><div class=\"w-iconbox-icon\" style=\"font-size:20;\"><i class=\"fas fa-truck\"><\/i><\/div><\/a><div class=\"w-iconbox-meta\"><p class=\"w-iconbox-title\" style=\"font-size:24;\"><a href=\"\/en\/company\/schaefer-gmbh-gerstungen-germany\/conditions-for-sale-and-delivery\/\" class=\"w-iconbox-link\" aria-label=\"Conditions for Sale and Delivery\">Conditions for Sale and Delivery<\/a><\/p><\/div><\/div><\/div><\/div><\/div><\/div><\/div><\/section><div class=\"vc_col-sm-12 wpb_column vc_column_container\"><div class=\"vc_column-inner\"><div class=\"wpb_wrapper\"><\/div><\/div><\/div>\n","protected":false},"excerpt":{"rendered":"","protected":false},"author":6,"featured_media":19259,"parent":1814,"menu_order":0,"comment_status":"closed","ping_status":"open","template":"","meta":{"_acf_changed":false,"footnotes":""},"class_list":["post-2004","page","type-page","status-publish","has-post-thumbnail","hentry"],"acf":[],"yoast_head":"<!-- This site is optimized with the Yoast SEO Premium plugin v27.2 (Yoast SEO v27.4) - https:\/\/yoast.com\/product\/yoast-seo-premium-wordpress\/ -->\n<title>Sch\u00e4fer GmbH | Gerstungen | Germany | Sch\u00e4fer Group<\/title>\n<meta name=\"robots\" content=\"index, follow, max-snippet:-1, max-image-preview:large, max-video-preview:-1\" \/>\n<link rel=\"canonical\" href=\"https:\/\/schaefer.biz\/en\/company\/gerstungen\/\" \/>\n<meta property=\"og:locale\" content=\"en_US\" \/>\n<meta property=\"og:type\" content=\"article\" \/>\n<meta property=\"og:title\" content=\"Sch\u00e4fer GmbH | Gerstungen | Germany\" \/>\n<meta property=\"og:url\" content=\"https:\/\/schaefer.biz\/en\/company\/gerstungen\/\" \/>\n<meta property=\"og:site_name\" content=\"Sch\u00e4fer Group\" \/>\n<meta property=\"article:publisher\" content=\"https:\/\/www.facebook.com\/SchaeferGroupMarketing\" \/>\n<meta property=\"article:modified_time\" content=\"2025-08-05T07:45:13+00:00\" \/>\n<meta property=\"og:image\" content=\"https:\/\/schaefer.biz\/wp-content\/uploads\/2022\/05\/2020-02-14-Gebaeude-UE-quad.jpg\" \/>\n\t<meta property=\"og:image:width\" content=\"344\" \/>\n\t<meta property=\"og:image:height\" content=\"344\" \/>\n\t<meta property=\"og:image:type\" content=\"image\/jpeg\" \/>\n<meta name=\"twitter:card\" content=\"summary_large_image\" \/>\n<meta name=\"twitter:label1\" content=\"Est. reading time\" \/>\n\t<meta name=\"twitter:data1\" content=\"4 minutes\" \/>\n<!-- \/ Yoast SEO Premium plugin. -->","yoast_head_json":{"title":"Sch\u00e4fer GmbH | Gerstungen | Germany | Sch\u00e4fer Group","robots":{"index":"index","follow":"follow","max-snippet":"max-snippet:-1","max-image-preview":"max-image-preview:large","max-video-preview":"max-video-preview:-1"},"canonical":"https:\/\/schaefer.biz\/en\/company\/gerstungen\/","og_locale":"en_US","og_type":"article","og_title":"Sch\u00e4fer GmbH | Gerstungen | Germany","og_url":"https:\/\/schaefer.biz\/en\/company\/gerstungen\/","og_site_name":"Sch\u00e4fer Group","article_publisher":"https:\/\/www.facebook.com\/SchaeferGroupMarketing","article_modified_time":"2025-08-05T07:45:13+00:00","og_image":[{"width":344,"height":344,"url":"https:\/\/schaefer.biz\/wp-content\/uploads\/2022\/05\/2020-02-14-Gebaeude-UE-quad.jpg","type":"image\/jpeg"}],"twitter_card":"summary_large_image","twitter_misc":{"Est. reading time":"4 minutes"},"schema":{"@context":"https:\/\/schema.org","@graph":[{"@type":"WebPage","@id":"https:\/\/schaefer.biz\/en\/company\/gerstungen\/","url":"https:\/\/schaefer.biz\/en\/company\/gerstungen\/","name":"Sch\u00e4fer GmbH | Gerstungen | Germany | Sch\u00e4fer Group","isPartOf":{"@id":"https:\/\/schaefer.biz\/en\/#website"},"primaryImageOfPage":{"@id":"https:\/\/schaefer.biz\/en\/company\/gerstungen\/#primaryimage"},"image":{"@id":"https:\/\/schaefer.biz\/en\/company\/gerstungen\/#primaryimage"},"thumbnailUrl":"https:\/\/schaefer.biz\/wp-content\/uploads\/2022\/05\/2020-02-14-Gebaeude-UE-quad.jpg","datePublished":"2018-12-20T09:43:49+00:00","dateModified":"2025-08-05T07:45:13+00:00","breadcrumb":{"@id":"https:\/\/schaefer.biz\/en\/company\/gerstungen\/#breadcrumb"},"inLanguage":"en-US","potentialAction":[{"@type":"ReadAction","target":["https:\/\/schaefer.biz\/en\/company\/gerstungen\/"]}]},{"@type":"ImageObject","inLanguage":"en-US","@id":"https:\/\/schaefer.biz\/en\/company\/gerstungen\/#primaryimage","url":"https:\/\/schaefer.biz\/wp-content\/uploads\/2022\/05\/2020-02-14-Gebaeude-UE-quad.jpg","contentUrl":"https:\/\/schaefer.biz\/wp-content\/uploads\/2022\/05\/2020-02-14-Gebaeude-UE-quad.jpg","width":344,"height":344},{"@type":"BreadcrumbList","@id":"https:\/\/schaefer.biz\/en\/company\/gerstungen\/#breadcrumb","itemListElement":[{"@type":"ListItem","position":1,"name":"Startseite","item":"https:\/\/schaefer.biz\/en\/"},{"@type":"ListItem","position":2,"name":"About the Company","item":"https:\/\/schaefer.biz\/en\/company\/"},{"@type":"ListItem","position":3,"name":"Sch\u00e4fer GmbH | Gerstungen | Germany"}]},{"@type":"WebSite","@id":"https:\/\/schaefer.biz\/en\/#website","url":"https:\/\/schaefer.biz\/en\/","name":"Sch\u00e4fer Group","description":"Spezifische L\u00f6sungen f\u00fcr Ihre Kabel- und Kontaktverarbeitung | Individual solutions for your wire and terminal processing","publisher":{"@id":"https:\/\/schaefer.biz\/en\/#organization"},"alternateName":"Sch\u00e4fer Group","potentialAction":[{"@type":"SearchAction","target":{"@type":"EntryPoint","urlTemplate":"https:\/\/schaefer.biz\/en\/?s={search_term_string}"},"query-input":{"@type":"PropertyValueSpecification","valueRequired":true,"valueName":"search_term_string"}}],"inLanguage":"en-US"},{"@type":"Organization","@id":"https:\/\/schaefer.biz\/en\/#organization","name":"Sch\u00e4fer Group","url":"https:\/\/schaefer.biz\/en\/","logo":{"@type":"ImageObject","inLanguage":"en-US","@id":"https:\/\/schaefer.biz\/en\/#\/schema\/logo\/image\/","url":"https:\/\/schaefer.biz\/wp-content\/uploads\/2018\/11\/Logo_Schaefer_RGB_100-70-0-0.png","contentUrl":"https:\/\/schaefer.biz\/wp-content\/uploads\/2018\/11\/Logo_Schaefer_RGB_100-70-0-0.png","width":2084,"height":823,"caption":"Sch\u00e4fer Group"},"image":{"@id":"https:\/\/schaefer.biz\/en\/#\/schema\/logo\/image\/"},"sameAs":["https:\/\/www.facebook.com\/SchaeferGroupMarketing","https:\/\/www.linkedin.com\/company\/schaefergroup","https:\/\/www.youtube.com\/user\/SchaeferMarketing","https:\/\/www.instagram.com\/schaefer_group\/"]}]}},"_links":{"self":[{"href":"https:\/\/schaefer.biz\/en\/wp-json\/wp\/v2\/pages\/2004","targetHints":{"allow":["GET"]}}],"collection":[{"href":"https:\/\/schaefer.biz\/en\/wp-json\/wp\/v2\/pages"}],"about":[{"href":"https:\/\/schaefer.biz\/en\/wp-json\/wp\/v2\/types\/page"}],"author":[{"embeddable":true,"href":"https:\/\/schaefer.biz\/en\/wp-json\/wp\/v2\/users\/6"}],"replies":[{"embeddable":true,"href":"https:\/\/schaefer.biz\/en\/wp-json\/wp\/v2\/comments?post=2004"}],"version-history":[{"count":2,"href":"https:\/\/schaefer.biz\/en\/wp-json\/wp\/v2\/pages\/2004\/revisions"}],"predecessor-version":[{"id":36395,"href":"https:\/\/schaefer.biz\/en\/wp-json\/wp\/v2\/pages\/2004\/revisions\/36395"}],"up":[{"embeddable":true,"href":"https:\/\/schaefer.biz\/en\/wp-json\/wp\/v2\/pages\/1814"}],"wp:featuredmedia":[{"embeddable":true,"href":"https:\/\/schaefer.biz\/en\/wp-json\/wp\/v2\/media\/19259"}],"wp:attachment":[{"href":"https:\/\/schaefer.biz\/en\/wp-json\/wp\/v2\/media?parent=2004"}],"curies":[{"name":"wp","href":"https:\/\/api.w.org\/{rel}","templated":true}]}}