{"id":2022,"date":"2018-12-20T11:08:28","date_gmt":"2018-12-20T10:08:28","guid":{"rendered":"https:\/\/schaefer-biz-qa2.mcon-group.com\/company\/schaefer-gmbh-bad-schoenborn-germany\/known-consignor\/"},"modified":"2021-03-08T14:05:23","modified_gmt":"2021-03-08T13:05:23","slug":"known-consignor","status":"publish","type":"page","link":"https:\/\/schaefer.biz\/en\/company\/bad-schoenborn\/known-consignor\/","title":{"rendered":"Known Consignor"},"content":{"rendered":"<section class=\"l-section wpb_row us_custom_0f8f44b7 height_small\"><div class=\"l-section-h i-cf\"><div class=\"g-cols vc_row via_flex valign_top type_default stacking_default\"><div class=\"vc_col-sm-8 wpb_column vc_column_container\"><div class=\"vc_column-inner\"><div class=\"wpb_wrapper\"><div class=\"wpb_text_column\"><div class=\"wpb_wrapper\"><h2>Secure supply chain<\/h2>\n<p>The headquarters, Sch\u00e4fer Werkzeug- und Sondermaschinenbau GmbH, has been approved as a known consignor by LBA &#8211; Luftfahrtbundesamt (German federal aviation administration), according to regulation EG 300\/2008.<\/p>\n<\/div><\/div><\/div><\/div><\/div><div class=\"vc_col-sm-4 wpb_column vc_column_container\"><div class=\"vc_column-inner\"><div class=\"wpb_wrapper\"><\/div><\/div><\/div><\/div><\/div><\/section>\n","protected":false},"excerpt":{"rendered":"Secure supply chain The headquarters, Sch\u00e4fer Werkzeug- und Sondermaschinenbau GmbH, has been approved as a known consignor by LBA &#8211; Luftfahrtbundesamt (German federal aviation administration), according to regulation EG 300\/2008.","protected":false},"author":2,"featured_media":0,"parent":2001,"menu_order":0,"comment_status":"closed","ping_status":"open","template":"","meta":{"_acf_changed":false,"footnotes":""},"class_list":["post-2022","page","type-page","status-publish","hentry"],"acf":[],"yoast_head":"<!-- This site is optimized with the Yoast SEO Premium plugin v27.2 (Yoast SEO v27.4) - https:\/\/yoast.com\/product\/yoast-seo-premium-wordpress\/ -->\n<title>Known Consignor | Sch\u00e4fer Group<\/title>\n<meta name=\"robots\" content=\"index, follow, max-snippet:-1, max-image-preview:large, max-video-preview:-1\" \/>\n<link rel=\"canonical\" href=\"https:\/\/schaefer.biz\/en\/company\/bad-schoenborn\/known-consignor\/\" \/>\n<meta property=\"og:locale\" content=\"en_US\" \/>\n<meta property=\"og:type\" content=\"article\" \/>\n<meta property=\"og:title\" content=\"Known Consignor\" \/>\n<meta property=\"og:url\" content=\"https:\/\/schaefer.biz\/en\/company\/bad-schoenborn\/known-consignor\/\" \/>\n<meta property=\"og:site_name\" content=\"Sch\u00e4fer Group\" \/>\n<meta property=\"article:publisher\" content=\"https:\/\/www.facebook.com\/SchaeferGroupMarketing\" \/>\n<meta property=\"article:modified_time\" content=\"2021-03-08T13:05:23+00:00\" \/>\n<meta property=\"og:image\" content=\"https:\/\/schaefer.biz\/wp-content\/uploads\/2022\/03\/Schaefer-Crimping-Machine-EPS-2001-Airbag-Connector-1200px-1140px.jpg\" \/>\n\t<meta property=\"og:image:width\" content=\"1140\" \/>\n\t<meta property=\"og:image:height\" content=\"554\" \/>\n\t<meta property=\"og:image:type\" content=\"image\/jpeg\" \/>\n<meta name=\"twitter:card\" content=\"summary_large_image\" \/>\n<meta name=\"twitter:label1\" content=\"Est. reading time\" \/>\n\t<meta name=\"twitter:data1\" content=\"1 minute\" \/>\n<!-- \/ Yoast SEO Premium plugin. -->","yoast_head_json":{"title":"Known Consignor | Sch\u00e4fer Group","robots":{"index":"index","follow":"follow","max-snippet":"max-snippet:-1","max-image-preview":"max-image-preview:large","max-video-preview":"max-video-preview:-1"},"canonical":"https:\/\/schaefer.biz\/en\/company\/bad-schoenborn\/known-consignor\/","og_locale":"en_US","og_type":"article","og_title":"Known Consignor","og_url":"https:\/\/schaefer.biz\/en\/company\/bad-schoenborn\/known-consignor\/","og_site_name":"Sch\u00e4fer Group","article_publisher":"https:\/\/www.facebook.com\/SchaeferGroupMarketing","article_modified_time":"2021-03-08T13:05:23+00:00","og_image":[{"width":1140,"height":554,"url":"https:\/\/schaefer.biz\/wp-content\/uploads\/2022\/03\/Schaefer-Crimping-Machine-EPS-2001-Airbag-Connector-1200px-1140px.jpg","type":"image\/jpeg"}],"twitter_card":"summary_large_image","twitter_misc":{"Est. reading time":"1 minute"},"schema":{"@context":"https:\/\/schema.org","@graph":[{"@type":"WebPage","@id":"https:\/\/schaefer.biz\/en\/company\/bad-schoenborn\/known-consignor\/","url":"https:\/\/schaefer.biz\/en\/company\/bad-schoenborn\/known-consignor\/","name":"Known Consignor | Sch\u00e4fer Group","isPartOf":{"@id":"https:\/\/schaefer.biz\/en\/#website"},"datePublished":"2018-12-20T10:08:28+00:00","dateModified":"2021-03-08T13:05:23+00:00","breadcrumb":{"@id":"https:\/\/schaefer.biz\/en\/company\/bad-schoenborn\/known-consignor\/#breadcrumb"},"inLanguage":"en-US","potentialAction":[{"@type":"ReadAction","target":["https:\/\/schaefer.biz\/en\/company\/bad-schoenborn\/known-consignor\/"]}]},{"@type":"BreadcrumbList","@id":"https:\/\/schaefer.biz\/en\/company\/bad-schoenborn\/known-consignor\/#breadcrumb","itemListElement":[{"@type":"ListItem","position":1,"name":"Startseite","item":"https:\/\/schaefer.biz\/en\/"},{"@type":"ListItem","position":2,"name":"About the Company","item":"https:\/\/schaefer.biz\/en\/company\/"},{"@type":"ListItem","position":3,"name":"Sch\u00e4fer GmbH | Bad Sch\u00f6nborn | Germany","item":"https:\/\/schaefer.biz\/en\/company\/bad-schoenborn\/"},{"@type":"ListItem","position":4,"name":"Known Consignor"}]},{"@type":"WebSite","@id":"https:\/\/schaefer.biz\/en\/#website","url":"https:\/\/schaefer.biz\/en\/","name":"Sch\u00e4fer Group","description":"Spezifische L\u00f6sungen f\u00fcr Ihre Kabel- und Kontaktverarbeitung | Individual solutions for your wire and terminal processing","publisher":{"@id":"https:\/\/schaefer.biz\/en\/#organization"},"alternateName":"Sch\u00e4fer Group","potentialAction":[{"@type":"SearchAction","target":{"@type":"EntryPoint","urlTemplate":"https:\/\/schaefer.biz\/en\/?s={search_term_string}"},"query-input":{"@type":"PropertyValueSpecification","valueRequired":true,"valueName":"search_term_string"}}],"inLanguage":"en-US"},{"@type":"Organization","@id":"https:\/\/schaefer.biz\/en\/#organization","name":"Sch\u00e4fer Group","url":"https:\/\/schaefer.biz\/en\/","logo":{"@type":"ImageObject","inLanguage":"en-US","@id":"https:\/\/schaefer.biz\/en\/#\/schema\/logo\/image\/","url":"https:\/\/schaefer.biz\/wp-content\/uploads\/2018\/11\/Logo_Schaefer_RGB_100-70-0-0.png","contentUrl":"https:\/\/schaefer.biz\/wp-content\/uploads\/2018\/11\/Logo_Schaefer_RGB_100-70-0-0.png","width":2084,"height":823,"caption":"Sch\u00e4fer Group"},"image":{"@id":"https:\/\/schaefer.biz\/en\/#\/schema\/logo\/image\/"},"sameAs":["https:\/\/www.facebook.com\/SchaeferGroupMarketing","https:\/\/www.linkedin.com\/company\/schaefergroup","https:\/\/www.youtube.com\/user\/SchaeferMarketing","https:\/\/www.instagram.com\/schaefer_group\/"]}]}},"_links":{"self":[{"href":"https:\/\/schaefer.biz\/en\/wp-json\/wp\/v2\/pages\/2022","targetHints":{"allow":["GET"]}}],"collection":[{"href":"https:\/\/schaefer.biz\/en\/wp-json\/wp\/v2\/pages"}],"about":[{"href":"https:\/\/schaefer.biz\/en\/wp-json\/wp\/v2\/types\/page"}],"author":[{"embeddable":true,"href":"https:\/\/schaefer.biz\/en\/wp-json\/wp\/v2\/users\/2"}],"replies":[{"embeddable":true,"href":"https:\/\/schaefer.biz\/en\/wp-json\/wp\/v2\/comments?post=2022"}],"version-history":[{"count":0,"href":"https:\/\/schaefer.biz\/en\/wp-json\/wp\/v2\/pages\/2022\/revisions"}],"up":[{"embeddable":true,"href":"https:\/\/schaefer.biz\/en\/wp-json\/wp\/v2\/pages\/2001"}],"wp:attachment":[{"href":"https:\/\/schaefer.biz\/en\/wp-json\/wp\/v2\/media?parent=2022"}],"curies":[{"name":"wp","href":"https:\/\/api.w.org\/{rel}","templated":true}]}}