{"id":28160,"date":"2024-04-25T11:55:39","date_gmt":"2024-04-25T09:55:39","guid":{"rendered":"https:\/\/schaefer.biz\/?page_id=28160"},"modified":"2024-07-29T14:38:49","modified_gmt":"2024-07-29T12:38:49","slug":"crimping-applicators-for-belted-terminals","status":"publish","type":"page","link":"https:\/\/schaefer.biz\/en\/products\/crimping-applicators\/crimping-applicators-for-belted-terminals\/","title":{"rendered":"Crimping Applicators for Belted Terminals"},"content":{"rendered":"<section class=\"l-section wpb_row height_small\"><div class=\"l-section-h i-cf\"><div class=\"g-cols vc_row via_flex valign_top type_default stacking_default\"><div class=\"vc_col-sm-12 wpb_column vc_column_container\"><div class=\"vc_column-inner\"><div class=\"wpb_wrapper\"><div class=\"wpb_text_column\"><div class=\"wpb_wrapper\"><div class=\"wpb_text_column\">\n<div class=\"wpb_wrapper\">\n<div class=\"wpb_text_column\">\n<div class=\"wpb_wrapper\">\n<h2>Efficient Terminal and Wire Processing<\/h2>\n<\/div>\n<\/div>\n<\/div>\n<\/div>\n<div class=\"wpb_text_column\">\n<div class=\"wpb_wrapper\">\n<p>Sch\u00e4fer offers modern crimping applicators and machines for production of high-performance crimp connections in <a href=\"https:\/\/schaefer.biz\/en\/wire-processing\/\">terminal and wire processing<\/a>. Crimp applicators with mechanical or pneumatic terminal feed are available. Individual applicators for customer-specific solutions enable, for example, forming or bending of terminals, simultaneous processing of two terminals or connecting of machined terminals.<\/p>\n<\/div>\n<\/div>\n<\/div><\/div><div class=\"wpb_text_column us_custom_cdf14ffd\"><div class=\"wpb_wrapper\"><div class=\"wpb_text_column\">\n<h2 class=\"wpb_wrapper\">High-performance Crimping Applicators<\/h2>\n<\/div>\n<\/div><\/div><div class=\"g-cols wpb_row via_flex valign_top type_default stacking_default\"><div class=\"vc_col-sm-12 wpb_column vc_column_container\"><div class=\"vc_column-inner\"><div class=\"wpb_wrapper\"><form class=\"w-filter for_grid state_desktop us-field-style_1 layout_hor items_3 mod_dropdown dropdown_style_trendy align_none drop_on_hover hide_item_title\" action onsubmit=\"return false;\" onclick='return {&quot;filterPrefix&quot;:&quot;filter&quot;,&quot;hideDisabledValues&quot;:false,&quot;layout&quot;:&quot;hor&quot;,&quot;mobileWidth&quot;:600,&quot;use_grid&quot;:&quot;first&quot;,&quot;gridNotFoundMessage&quot;:&quot;Nothing to filter. Add a suitable Grid to this page.&quot;}'><div class=\"w-filter-list\"><div class=\"w-filter-list-title\">Filters<\/div><button class=\"w-filter-list-closer\" title=\"Close\" aria-label=\"Close\"><\/button><\/div><\/form><div class=\"w-grid us_grid us_custom_703b2333 type_grid layout_19910 no_results cols_3 preload_style_spinner\" id=\"us_grid_1\" style=\"--columns:3;--gap:1.5rem;\" data-filterable=\"true\"><style>@media (max-width:1024px){#us_grid_1{--columns:2!important}}@media (max-width:600px){#us_grid_1{--columns:1!important}}.layout_19910 .w-grid-item-h{color:#000000}.layout_19910 .usg_post_image_1{transition-duration:0.3s;transform-origin:50% 50%;transform:scale(1) translate(0%,0%)}.layout_19910 .w-grid-item-h:focus-within .usg_post_image_1,.layout_19910 .w-grid-item-h:hover .usg_post_image_1{transform:scale(0.95) translate(0%,3%);opacity:1}.layout_19910 .usg_post_content_1{transition-duration:0.3s;transform-origin:50% 50%;transform:scale(1) translate(0%,0%)}.layout_19910 .w-grid-item-h:focus-within .usg_post_content_1,.layout_19910 .w-grid-item-h:hover .usg_post_content_1{transform:scale(1) translate(0%,0%);opacity:1}.layout_19910 .usg_post_title_1{font-size:1.2rem!important;font-family:var(--h1-font-family)!important}.layout_19910 .usg_post_content_1{font-family:var(--font-family)!important;margin-top:-1rem!important}<\/style><div class=\"w-grid-list\"><\/div>\t<div class=\"w-grid-preloader\">\r\n\t\t<div class=\"g-preloader type_1\">\r\n\t\t\t<div><\/div>\r\n\t\t<\/div>\r\n\t<\/div>\r\n\t\t<div class=\"w-grid-json hidden\" onclick='return {&quot;action&quot;:&quot;us_ajax_grid&quot;,&quot;infinite_scroll&quot;:0,&quot;max_num_pages&quot;:0,&quot;pagination&quot;:&quot;none&quot;,&quot;template_vars&quot;:{&quot;columns&quot;:&quot;3&quot;,&quot;exclude_items&quot;:&quot;none&quot;,&quot;img_size&quot;:&quot;default&quot;,&quot;ignore_items_size&quot;:0,&quot;items_layout&quot;:&quot;19910&quot;,&quot;items_offset&quot;:&quot;1&quot;,&quot;load_animation&quot;:&quot;none&quot;,&quot;overriding_link&quot;:&quot;%7B%22url%22%3A%22%22%7D&quot;,&quot;post_id&quot;:0,&quot;query_args&quot;:{&quot;post_type&quot;:[&quot;us_portfolio&quot;],&quot;tax_query&quot;:[{&quot;taxonomy&quot;:&quot;us_portfolio_category&quot;,&quot;field&quot;:&quot;slug&quot;,&quot;terms&quot;:[&quot;crimping-applicators-product-group&quot;]},{&quot;taxonomy&quot;:&quot;us_portfolio_tag&quot;,&quot;field&quot;:&quot;slug&quot;,&quot;terms&quot;:[&quot;standard-applicator&quot;]}],&quot;post_status&quot;:[&quot;publish&quot;,&quot;acf-disabled&quot;],&quot;posts_per_page&quot;:&quot;20&quot;},&quot;orderby_query_args&quot;:{&quot;orderby&quot;:{&quot;date&quot;:&quot;ASC&quot;}},&quot;type&quot;:&quot;grid&quot;,&quot;us_grid_post_type&quot;:&quot;us_portfolio&quot;,&quot;us_grid_ajax_index&quot;:1,&quot;us_grid_filter_query_string&quot;:null,&quot;us_grid_index&quot;:1,&quot;page_args&quot;:[],&quot;lang&quot;:&quot;en&quot;}}'><\/div>\r\n\t<\/div><div class=\"w-grid-none type_message\">No results found.<\/div><\/div><\/div><\/div><\/div><\/div><\/div><\/div><\/div><\/div><\/section>\n","protected":false},"excerpt":{"rendered":"Efficient Terminal and Wire Processing Sch\u00e4fer offers modern crimping applicators and machines for production of high-performance crimp connections in terminal and wire processing. Crimp applicators with mechanical or pneumatic terminal feed are available. Individual applicators for customer-specific solutions enable, for example, forming or bending of terminals, simultaneous processing of two terminals or connecting of machined...","protected":false},"author":7,"featured_media":18046,"parent":14492,"menu_order":0,"comment_status":"closed","ping_status":"open","template":"","meta":{"_acf_changed":false,"footnotes":""},"class_list":["post-28160","page","type-page","status-publish","has-post-thumbnail","hentry"],"acf":[],"yoast_head":"<!-- This site is optimized with the Yoast SEO Premium plugin v27.4 (Yoast SEO v27.6) - https:\/\/yoast.com\/product\/yoast-seo-premium-wordpress\/ -->\n<title>Crimping Applicator | Sch\u00e4fer Group<\/title>\n<meta name=\"description\" content=\"Crimping applicator for connecting electrical wires and terminals with crimping machines in the cable processing industry\" \/>\n<meta name=\"robots\" content=\"index, follow, max-snippet:-1, max-image-preview:large, max-video-preview:-1\" \/>\n<link rel=\"canonical\" href=\"https:\/\/schaefer.biz\/en\/products\/crimping-applicators\/crimping-applicators-for-belted-terminals\/\" \/>\n<meta property=\"og:locale\" content=\"en_US\" \/>\n<meta property=\"og:type\" content=\"article\" \/>\n<meta property=\"og:title\" content=\"Crimping Applicators for Belted Terminals\" \/>\n<meta property=\"og:description\" content=\"Crimping applicator for connecting electrical wires and terminals with crimping machines in the cable processing industry\" \/>\n<meta property=\"og:url\" content=\"https:\/\/schaefer.biz\/en\/products\/crimping-applicators\/crimping-applicators-for-belted-terminals\/\" \/>\n<meta property=\"og:site_name\" content=\"Sch\u00e4fer Group\" \/>\n<meta property=\"article:publisher\" content=\"https:\/\/www.facebook.com\/SchaeferGroupMarketing\" \/>\n<meta property=\"article:modified_time\" content=\"2024-07-29T12:38:49+00:00\" \/>\n<meta property=\"og:image\" content=\"https:\/\/schaefer.biz\/wp-content\/uploads\/2022\/02\/Schaefer-Crimping-Applicator-21.100-570px.jpg\" \/>\n\t<meta property=\"og:image:width\" content=\"570\" \/>\n\t<meta property=\"og:image:height\" content=\"436\" \/>\n\t<meta property=\"og:image:type\" content=\"image\/jpeg\" \/>\n<meta name=\"twitter:card\" content=\"summary_large_image\" \/>\n<meta name=\"twitter:label1\" content=\"Est. reading time\" \/>\n\t<meta name=\"twitter:data1\" content=\"1 minute\" \/>\n<!-- \/ Yoast SEO Premium plugin. -->","yoast_head_json":{"title":"Crimping Applicator | Sch\u00e4fer Group","description":"Crimping applicator for connecting electrical wires and terminals with crimping machines in the cable processing industry","robots":{"index":"index","follow":"follow","max-snippet":"max-snippet:-1","max-image-preview":"max-image-preview:large","max-video-preview":"max-video-preview:-1"},"canonical":"https:\/\/schaefer.biz\/en\/products\/crimping-applicators\/crimping-applicators-for-belted-terminals\/","og_locale":"en_US","og_type":"article","og_title":"Crimping Applicators for Belted Terminals","og_description":"Crimping applicator for connecting electrical wires and terminals with crimping machines in the cable processing industry","og_url":"https:\/\/schaefer.biz\/en\/products\/crimping-applicators\/crimping-applicators-for-belted-terminals\/","og_site_name":"Sch\u00e4fer Group","article_publisher":"https:\/\/www.facebook.com\/SchaeferGroupMarketing","article_modified_time":"2024-07-29T12:38:49+00:00","og_image":[{"width":570,"height":436,"url":"https:\/\/schaefer.biz\/wp-content\/uploads\/2022\/02\/Schaefer-Crimping-Applicator-21.100-570px.jpg","type":"image\/jpeg"}],"twitter_card":"summary_large_image","twitter_misc":{"Est. reading time":"1 minute"},"schema":{"@context":"https:\/\/schema.org","@graph":[{"@type":"WebPage","@id":"https:\/\/schaefer.biz\/en\/products\/crimping-applicators\/crimping-applicators-for-belted-terminals\/","url":"https:\/\/schaefer.biz\/en\/products\/crimping-applicators\/crimping-applicators-for-belted-terminals\/","name":"Crimping Applicator | Sch\u00e4fer Group","isPartOf":{"@id":"https:\/\/schaefer.biz\/en\/#website"},"primaryImageOfPage":{"@id":"https:\/\/schaefer.biz\/en\/products\/crimping-applicators\/crimping-applicators-for-belted-terminals\/#primaryimage"},"image":{"@id":"https:\/\/schaefer.biz\/en\/products\/crimping-applicators\/crimping-applicators-for-belted-terminals\/#primaryimage"},"thumbnailUrl":"https:\/\/schaefer.biz\/wp-content\/uploads\/2022\/02\/Schaefer-Crimping-Applicator-21.100-570px.jpg","datePublished":"2024-04-25T09:55:39+00:00","dateModified":"2024-07-29T12:38:49+00:00","description":"Crimping applicator for connecting electrical wires and terminals with crimping machines in the cable processing industry","breadcrumb":{"@id":"https:\/\/schaefer.biz\/en\/products\/crimping-applicators\/crimping-applicators-for-belted-terminals\/#breadcrumb"},"inLanguage":"en-US","potentialAction":[{"@type":"ReadAction","target":["https:\/\/schaefer.biz\/en\/products\/crimping-applicators\/crimping-applicators-for-belted-terminals\/"]}]},{"@type":"ImageObject","inLanguage":"en-US","@id":"https:\/\/schaefer.biz\/en\/products\/crimping-applicators\/crimping-applicators-for-belted-terminals\/#primaryimage","url":"https:\/\/schaefer.biz\/wp-content\/uploads\/2022\/02\/Schaefer-Crimping-Applicator-21.100-570px.jpg","contentUrl":"https:\/\/schaefer.biz\/wp-content\/uploads\/2022\/02\/Schaefer-Crimping-Applicator-21.100-570px.jpg","width":570,"height":436,"caption":"Crimpwerkzeuge:"},{"@type":"BreadcrumbList","@id":"https:\/\/schaefer.biz\/en\/products\/crimping-applicators\/crimping-applicators-for-belted-terminals\/#breadcrumb","itemListElement":[{"@type":"ListItem","position":1,"name":"Startseite","item":"https:\/\/schaefer.biz\/en\/"},{"@type":"ListItem","position":2,"name":"Products","item":"https:\/\/schaefer.biz\/en\/products\/"},{"@type":"ListItem","position":3,"name":"Crimping Applicators","item":"https:\/\/schaefer.biz\/en\/products\/crimping-applicators\/"},{"@type":"ListItem","position":4,"name":"Crimping Applicators for Belted Terminals"}]},{"@type":"WebSite","@id":"https:\/\/schaefer.biz\/en\/#website","url":"https:\/\/schaefer.biz\/en\/","name":"Sch\u00e4fer Group","description":"Spezifische L\u00f6sungen f\u00fcr Ihre Kabel- und Kontaktverarbeitung | Individual solutions for your wire and terminal processing","publisher":{"@id":"https:\/\/schaefer.biz\/en\/#organization"},"alternateName":"Sch\u00e4fer Group","potentialAction":[{"@type":"SearchAction","target":{"@type":"EntryPoint","urlTemplate":"https:\/\/schaefer.biz\/en\/?s={search_term_string}"},"query-input":{"@type":"PropertyValueSpecification","valueRequired":true,"valueName":"search_term_string"}}],"inLanguage":"en-US"},{"@type":"Organization","@id":"https:\/\/schaefer.biz\/en\/#organization","name":"Sch\u00e4fer Group","url":"https:\/\/schaefer.biz\/en\/","logo":{"@type":"ImageObject","inLanguage":"en-US","@id":"https:\/\/schaefer.biz\/en\/#\/schema\/logo\/image\/","url":"https:\/\/schaefer.biz\/wp-content\/uploads\/2018\/11\/Logo_Schaefer_RGB_100-70-0-0.png","contentUrl":"https:\/\/schaefer.biz\/wp-content\/uploads\/2018\/11\/Logo_Schaefer_RGB_100-70-0-0.png","width":2084,"height":823,"caption":"Sch\u00e4fer Group"},"image":{"@id":"https:\/\/schaefer.biz\/en\/#\/schema\/logo\/image\/"},"sameAs":["https:\/\/www.facebook.com\/SchaeferGroupMarketing","https:\/\/www.linkedin.com\/company\/schaefergroup","https:\/\/www.youtube.com\/user\/SchaeferMarketing","https:\/\/www.instagram.com\/schaefer_group\/"]}]}},"_links":{"self":[{"href":"https:\/\/schaefer.biz\/en\/wp-json\/wp\/v2\/pages\/28160","targetHints":{"allow":["GET"]}}],"collection":[{"href":"https:\/\/schaefer.biz\/en\/wp-json\/wp\/v2\/pages"}],"about":[{"href":"https:\/\/schaefer.biz\/en\/wp-json\/wp\/v2\/types\/page"}],"author":[{"embeddable":true,"href":"https:\/\/schaefer.biz\/en\/wp-json\/wp\/v2\/users\/7"}],"replies":[{"embeddable":true,"href":"https:\/\/schaefer.biz\/en\/wp-json\/wp\/v2\/comments?post=28160"}],"version-history":[{"count":0,"href":"https:\/\/schaefer.biz\/en\/wp-json\/wp\/v2\/pages\/28160\/revisions"}],"up":[{"embeddable":true,"href":"https:\/\/schaefer.biz\/en\/wp-json\/wp\/v2\/pages\/14492"}],"wp:featuredmedia":[{"embeddable":true,"href":"https:\/\/schaefer.biz\/en\/wp-json\/wp\/v2\/media\/18046"}],"wp:attachment":[{"href":"https:\/\/schaefer.biz\/en\/wp-json\/wp\/v2\/media?parent=28160"}],"curies":[{"name":"wp","href":"https:\/\/api.w.org\/{rel}","templated":true}]}}