{"id":28437,"date":"2024-04-30T11:30:56","date_gmt":"2024-04-30T09:30:56","guid":{"rendered":"https:\/\/schaefer.biz\/?page_id=28437"},"modified":"2026-04-23T11:31:15","modified_gmt":"2026-04-23T09:31:15","slug":"newsletter","status":"publish","type":"page","link":"https:\/\/schaefer.biz\/en\/news\/newsletter\/","title":{"rendered":"Newsletter"},"content":{"rendered":"<section class=\"l-section wpb_row height_small\"><div class=\"l-section-h i-cf\"><div class=\"g-cols vc_row via_flex valign_top type_default stacking_default\"><div class=\"vc_col-sm-12 wpb_column vc_column_container\"><div class=\"vc_column-inner\"><div class=\"wpb_wrapper\"><div class=\"w-image align_none\"><div class=\"w-image-h\"><img decoding=\"async\" width=\"1176\" height=\"600\" src=\"https:\/\/schaefer.biz\/wp-content\/uploads\/2024\/05\/Schaefer-Newsletter-Header.jpg\" class=\"attachment-full size-full\" alt=\"\" loading=\"lazy\" srcset=\"https:\/\/schaefer.biz\/wp-content\/uploads\/2024\/05\/Schaefer-Newsletter-Header.jpg 1176w, https:\/\/schaefer.biz\/wp-content\/uploads\/2024\/05\/Schaefer-Newsletter-Header-300x153.jpg 300w, https:\/\/schaefer.biz\/wp-content\/uploads\/2024\/05\/Schaefer-Newsletter-Header-1024x522.jpg 1024w\" sizes=\"auto, (max-width: 1176px) 100vw, 1176px\" \/><\/div><\/div><\/div><\/div><\/div><\/div><\/div><\/section><section class=\"l-section wpb_row height_small\"><div class=\"l-section-h i-cf\"><div class=\"g-cols vc_row via_flex valign_top type_default stacking_default\"><div class=\"vc_col-sm-6 wpb_column vc_column_container\"><div class=\"vc_column-inner\"><div class=\"wpb_wrapper\"><div class=\"wpb_text_column\"><div class=\"wpb_wrapper\"><h2>Newsletter registration<\/h2>\n<\/div><\/div><div class=\"wpb_text_column\"><div class=\"wpb_wrapper\"><p>Yes, I would like to receive regular news and advertising from the Sch\u00e4fer Group via email.<\/p>\n<\/div><\/div><div class=\"wpb_text_column\"><div class=\"wpb_wrapper\"><p><iframe src=\"https:\/\/newsletter.schaefer.biz\/225\/1411\/5b1a1e3bda\/subscribe\/form.html?_g=1714475404\" width=\"100%\" height=\"730\" frameborder=\"0\"><\/iframe><\/p>\n<\/div><\/div><\/div><\/div><\/div><div class=\"vc_col-sm-6 wpb_column vc_column_container\"><div class=\"vc_column-inner\"><div class=\"wpb_wrapper\"><div class=\"wpb_text_column\"><div class=\"wpb_wrapper\"><h3>What is the Sch\u00e4fer Newsletter?<\/h3>\n<p>With a subscription to our Newsletter, you will receive news from the Sch\u00e4fer Group. Stay informed about the latest products and services, upcoming events, and benefit from exclusive offers. We will keep you up to date on all of this and much more.<\/p>\n<h3>What are the advantages for me?<\/h3>\n<ul>\n<li>Product innovations: We present new solutions for wire and terminal processing!<\/li>\n<li>Current news: Be the first to hear about company news and discount promotions!<\/li>\n<li>Events and trade shows: Receive invitations to Sch\u00e4fer events or trade show appearances.<\/li>\n<li>Expert articles: We share our knowledge on specific topics!<\/li>\n<\/ul>\n<h3>What&#8217;s next?<\/h3>\n<p>Once you have subscribed to the newsletter, you will receive an email with a link. Please click on this link to complete your newsletter registration.<\/p>\n<h3>How do I unsubscribe?<\/h3>\n<p>You can unsubscribe from receiving our newsletter at any time. An unsubscribe link can be found in every newsletter.<\/p>\n<h3>Information on data protection<\/h3>\n<p>Your consent to the processing of your personal data is based on Art. 6 para. 1a GDPR and \u00a7 7 para. 2 no. 3 or para. 3 UWG. Further information can be found in our <a href=\"https:\/\/schaefer.biz\/en\/privacy-policy\/\">Privacy Policy<\/a>.<\/p>\n<\/div><\/div><\/div><\/div><\/div><\/div><\/div><\/section>\n","protected":false},"excerpt":{"rendered":"Newsletter registration Yes, I would like to receive regular news and advertising from the Sch\u00e4fer Group via email. What is the Sch\u00e4fer Newsletter? With a subscription to our Newsletter, you will receive news from the Sch\u00e4fer Group. Stay informed about the latest products and services, upcoming events, and benefit from exclusive offers. We will keep...","protected":false},"author":6,"featured_media":28960,"parent":1800,"menu_order":0,"comment_status":"closed","ping_status":"closed","template":"","meta":{"_acf_changed":false,"footnotes":""},"class_list":["post-28437","page","type-page","status-publish","has-post-thumbnail","hentry"],"acf":[],"yoast_head":"<!-- This site is optimized with the Yoast SEO Premium plugin v27.4 (Yoast SEO v27.4) - https:\/\/yoast.com\/product\/yoast-seo-premium-wordpress\/ -->\n<title>Newsletter | Sch\u00e4fer Group<\/title>\n<meta name=\"robots\" content=\"index, follow, max-snippet:-1, max-image-preview:large, max-video-preview:-1\" \/>\n<link rel=\"canonical\" href=\"https:\/\/schaefer.biz\/en\/news\/newsletter\/\" \/>\n<meta property=\"og:locale\" content=\"en_US\" \/>\n<meta property=\"og:type\" content=\"article\" \/>\n<meta property=\"og:title\" content=\"Newsletter\" \/>\n<meta property=\"og:url\" content=\"https:\/\/schaefer.biz\/en\/news\/newsletter\/\" \/>\n<meta property=\"og:site_name\" content=\"Sch\u00e4fer Group\" \/>\n<meta property=\"article:publisher\" content=\"https:\/\/www.facebook.com\/SchaeferGroupMarketing\" \/>\n<meta property=\"article:modified_time\" content=\"2026-04-23T09:31:15+00:00\" \/>\n<meta property=\"og:image\" content=\"https:\/\/schaefer.biz\/wp-content\/uploads\/2024\/05\/Newsletter-Thumb.jpg\" \/>\n\t<meta property=\"og:image:width\" content=\"337\" \/>\n\t<meta property=\"og:image:height\" content=\"227\" \/>\n\t<meta property=\"og:image:type\" content=\"image\/jpeg\" \/>\n<meta name=\"twitter:card\" content=\"summary_large_image\" \/>\n<meta name=\"twitter:label1\" content=\"Est. reading time\" \/>\n\t<meta name=\"twitter:data1\" content=\"2 minutes\" \/>\n<!-- \/ Yoast SEO Premium plugin. -->","yoast_head_json":{"title":"Newsletter | Sch\u00e4fer Group","robots":{"index":"index","follow":"follow","max-snippet":"max-snippet:-1","max-image-preview":"max-image-preview:large","max-video-preview":"max-video-preview:-1"},"canonical":"https:\/\/schaefer.biz\/en\/news\/newsletter\/","og_locale":"en_US","og_type":"article","og_title":"Newsletter","og_url":"https:\/\/schaefer.biz\/en\/news\/newsletter\/","og_site_name":"Sch\u00e4fer Group","article_publisher":"https:\/\/www.facebook.com\/SchaeferGroupMarketing","article_modified_time":"2026-04-23T09:31:15+00:00","og_image":[{"width":337,"height":227,"url":"https:\/\/schaefer.biz\/wp-content\/uploads\/2024\/05\/Newsletter-Thumb.jpg","type":"image\/jpeg"}],"twitter_card":"summary_large_image","twitter_misc":{"Est. reading time":"2 minutes"},"schema":{"@context":"https:\/\/schema.org","@graph":[{"@type":"WebPage","@id":"https:\/\/schaefer.biz\/en\/news\/newsletter\/","url":"https:\/\/schaefer.biz\/en\/news\/newsletter\/","name":"Newsletter | Sch\u00e4fer Group","isPartOf":{"@id":"https:\/\/schaefer.biz\/en\/#website"},"primaryImageOfPage":{"@id":"https:\/\/schaefer.biz\/en\/news\/newsletter\/#primaryimage"},"image":{"@id":"https:\/\/schaefer.biz\/en\/news\/newsletter\/#primaryimage"},"thumbnailUrl":"https:\/\/schaefer.biz\/wp-content\/uploads\/2024\/05\/Newsletter-Thumb.jpg","datePublished":"2024-04-30T09:30:56+00:00","dateModified":"2026-04-23T09:31:15+00:00","breadcrumb":{"@id":"https:\/\/schaefer.biz\/en\/news\/newsletter\/#breadcrumb"},"inLanguage":"en-US","potentialAction":[{"@type":"ReadAction","target":["https:\/\/schaefer.biz\/en\/news\/newsletter\/"]}]},{"@type":"ImageObject","inLanguage":"en-US","@id":"https:\/\/schaefer.biz\/en\/news\/newsletter\/#primaryimage","url":"https:\/\/schaefer.biz\/wp-content\/uploads\/2024\/05\/Newsletter-Thumb.jpg","contentUrl":"https:\/\/schaefer.biz\/wp-content\/uploads\/2024\/05\/Newsletter-Thumb.jpg","width":337,"height":227},{"@type":"BreadcrumbList","@id":"https:\/\/schaefer.biz\/en\/news\/newsletter\/#breadcrumb","itemListElement":[{"@type":"ListItem","position":1,"name":"Startseite","item":"https:\/\/schaefer.biz\/en\/"},{"@type":"ListItem","position":2,"name":"News","item":"https:\/\/schaefer.biz\/en\/news\/"},{"@type":"ListItem","position":3,"name":"Newsletter"}]},{"@type":"WebSite","@id":"https:\/\/schaefer.biz\/en\/#website","url":"https:\/\/schaefer.biz\/en\/","name":"Sch\u00e4fer Group","description":"Spezifische L\u00f6sungen f\u00fcr Ihre Kabel- und Kontaktverarbeitung | Individual solutions for your wire and terminal processing","publisher":{"@id":"https:\/\/schaefer.biz\/en\/#organization"},"alternateName":"Sch\u00e4fer Group","potentialAction":[{"@type":"SearchAction","target":{"@type":"EntryPoint","urlTemplate":"https:\/\/schaefer.biz\/en\/?s={search_term_string}"},"query-input":{"@type":"PropertyValueSpecification","valueRequired":true,"valueName":"search_term_string"}}],"inLanguage":"en-US"},{"@type":"Organization","@id":"https:\/\/schaefer.biz\/en\/#organization","name":"Sch\u00e4fer Group","url":"https:\/\/schaefer.biz\/en\/","logo":{"@type":"ImageObject","inLanguage":"en-US","@id":"https:\/\/schaefer.biz\/en\/#\/schema\/logo\/image\/","url":"https:\/\/schaefer.biz\/wp-content\/uploads\/2018\/11\/Logo_Schaefer_RGB_100-70-0-0.png","contentUrl":"https:\/\/schaefer.biz\/wp-content\/uploads\/2018\/11\/Logo_Schaefer_RGB_100-70-0-0.png","width":2084,"height":823,"caption":"Sch\u00e4fer Group"},"image":{"@id":"https:\/\/schaefer.biz\/en\/#\/schema\/logo\/image\/"},"sameAs":["https:\/\/www.facebook.com\/SchaeferGroupMarketing","https:\/\/www.linkedin.com\/company\/schaefergroup","https:\/\/www.youtube.com\/user\/SchaeferMarketing","https:\/\/www.instagram.com\/schaefer_group\/"]}]}},"_links":{"self":[{"href":"https:\/\/schaefer.biz\/en\/wp-json\/wp\/v2\/pages\/28437","targetHints":{"allow":["GET"]}}],"collection":[{"href":"https:\/\/schaefer.biz\/en\/wp-json\/wp\/v2\/pages"}],"about":[{"href":"https:\/\/schaefer.biz\/en\/wp-json\/wp\/v2\/types\/page"}],"author":[{"embeddable":true,"href":"https:\/\/schaefer.biz\/en\/wp-json\/wp\/v2\/users\/6"}],"replies":[{"embeddable":true,"href":"https:\/\/schaefer.biz\/en\/wp-json\/wp\/v2\/comments?post=28437"}],"version-history":[{"count":1,"href":"https:\/\/schaefer.biz\/en\/wp-json\/wp\/v2\/pages\/28437\/revisions"}],"predecessor-version":[{"id":40904,"href":"https:\/\/schaefer.biz\/en\/wp-json\/wp\/v2\/pages\/28437\/revisions\/40904"}],"up":[{"embeddable":true,"href":"https:\/\/schaefer.biz\/en\/wp-json\/wp\/v2\/pages\/1800"}],"wp:featuredmedia":[{"embeddable":true,"href":"https:\/\/schaefer.biz\/en\/wp-json\/wp\/v2\/media\/28960"}],"wp:attachment":[{"href":"https:\/\/schaefer.biz\/en\/wp-json\/wp\/v2\/media?parent=28437"}],"curies":[{"name":"wp","href":"https:\/\/api.w.org\/{rel}","templated":true}]}}