{"id":29261,"date":"2024-05-21T08:59:59","date_gmt":"2024-05-21T06:59:59","guid":{"rendered":"https:\/\/schaefer.biz\/?page_id=29261"},"modified":"2024-05-21T08:59:59","modified_gmt":"2024-05-21T06:59:59","slug":"follow-us","status":"publish","type":"page","link":"https:\/\/schaefer.biz\/en\/news\/follow-us\/","title":{"rendered":"Follow us!"},"content":{"rendered":"<section class=\"l-section wpb_row height_small\"><div class=\"l-section-h i-cf\"><div class=\"g-cols vc_row via_flex valign_top type_default stacking_default\"><div class=\"vc_col-sm-12 wpb_column vc_column_container\"><div class=\"vc_column-inner\"><div class=\"wpb_wrapper\"><div class=\"wpb_text_column\"><div class=\"wpb_wrapper\"><h2>Follow us!<\/h2>\n<\/div><\/div><div class=\"w-image us_custom_8a949e57 align_none\"><div class=\"w-image-h\"><img decoding=\"async\" width=\"2475\" height=\"1703\" src=\"https:\/\/schaefer.biz\/wp-content\/uploads\/2021\/03\/SM-channels-2023-01.jpg\" class=\"attachment-full size-full\" alt=\"\" loading=\"lazy\" srcset=\"https:\/\/schaefer.biz\/wp-content\/uploads\/2021\/03\/SM-channels-2023-01.jpg 2475w, https:\/\/schaefer.biz\/wp-content\/uploads\/2021\/03\/SM-channels-2023-01-300x206.jpg 300w, https:\/\/schaefer.biz\/wp-content\/uploads\/2021\/03\/SM-channels-2023-01-1024x705.jpg 1024w\" sizes=\"auto, (max-width: 2475px) 100vw, 2475px\" \/><\/div><\/div><div class=\"wpb_text_column us_custom_cdf14ffd\"><div class=\"wpb_wrapper\"><h4 id=\"SocialMediaKan\u00e4le-Insightsintoourcontents\">Our Social Media Channels<\/h4>\n<\/div><\/div><div class=\"wpb_text_column\"><div class=\"wpb_wrapper\"><p>Do you want to find out even more about Sch\u00e4fer? Then visit us on our social media channels. There you will get interesting insights into the company, information worth knowing about new products and your career opportunities at Sch\u00e4fer-Group.<\/p>\n<p>We look forward to your visit and further communication!<\/p>\n<\/div><\/div><div class=\"g-cols wpb_row hide_on_tablets hide_on_mobiles via_flex valign_top type_default stacking_default\"><div class=\"vc_col-sm-1 wpb_column vc_column_container\"><div class=\"vc_column-inner\"><div class=\"wpb_wrapper\"><div class=\"w-iconbox iconpos_top style_default color_primary align_center no_text no_title icontype_img\"><a href=\"https:\/\/www.linkedin.com\/company\/schaefergroup\/\" class=\"w-iconbox-link\" aria-label=\"fas|star\"><div class=\"w-iconbox-icon\" style=\"font-size:2rem;\"><img decoding=\"async\" width=\"45\" height=\"45\" src=\"https:\/\/schaefer.biz\/wp-content\/uploads\/2021\/03\/LinkedIn-Icon.png\" class=\"attachment-full size-full\" alt=\"\" \/><\/div><\/a><div class=\"w-iconbox-meta\"><\/div><\/div><\/div><\/div><\/div><div class=\"vc_col-sm-1 wpb_column vc_column_container\"><div class=\"vc_column-inner\"><div class=\"wpb_wrapper\"><div class=\"w-iconbox us_custom_eb94a9ca iconpos_top style_default color_primary align_center no_text no_title icontype_img\"><a href=\"https:\/\/www.youtube.com\/channel\/UCqjPJGueEFZ8ksnwR9nq7lA\" class=\"w-iconbox-link\" aria-label=\"fas|star\"><div class=\"w-iconbox-icon\" style=\"font-size:3.5rem;\"><img decoding=\"async\" width=\"70\" height=\"45\" src=\"https:\/\/schaefer.biz\/wp-content\/uploads\/2021\/03\/youtube-icon.png\" class=\"attachment-full size-full\" alt=\"\" \/><\/div><\/a><div class=\"w-iconbox-meta\"><\/div><\/div><\/div><\/div><\/div><div class=\"vc_col-sm-1 wpb_column vc_column_container\"><div class=\"vc_column-inner\"><div class=\"wpb_wrapper\"><div class=\"w-iconbox iconpos_top style_default color_primary align_center no_text no_title icontype_img\"><a href=\"https:\/\/www.instagram.com\/schaefer_group\/\" class=\"w-iconbox-link\" aria-label=\"fas|star\"><div class=\"w-iconbox-icon\" style=\"font-size:2rem;\"><img decoding=\"async\" width=\"45\" height=\"45\" src=\"https:\/\/schaefer.biz\/wp-content\/uploads\/2021\/03\/Instagram-Icon.png\" class=\"attachment-full size-full\" alt=\"\" \/><\/div><\/a><div class=\"w-iconbox-meta\"><\/div><\/div><\/div><\/div><\/div><div class=\"vc_col-sm-1 wpb_column vc_column_container\"><div class=\"vc_column-inner\"><div class=\"wpb_wrapper\"><div class=\"w-iconbox iconpos_top style_default color_primary align_center no_text no_title icontype_img\"><a href=\"https:\/\/www.facebook.com\/SchaeferGroupMarketing\" class=\"w-iconbox-link\" aria-label=\"fas|star\"><div class=\"w-iconbox-icon\" style=\"font-size:2rem;\"><img decoding=\"async\" width=\"45\" height=\"45\" src=\"https:\/\/schaefer.biz\/wp-content\/uploads\/2021\/03\/Facebook-Icon.png\" class=\"attachment-full size-full\" alt=\"\" \/><\/div><\/a><div class=\"w-iconbox-meta\"><\/div><\/div><\/div><\/div><\/div><div class=\"vc_col-sm-1 wpb_column vc_column_container\"><div class=\"vc_column-inner\"><div class=\"wpb_wrapper\"><\/div><\/div><\/div><div class=\"vc_col-sm-1 wpb_column vc_column_container\"><div class=\"vc_column-inner\"><div class=\"wpb_wrapper\"><\/div><\/div><\/div><div class=\"vc_col-sm-1 wpb_column vc_column_container\"><div class=\"vc_column-inner\"><div class=\"wpb_wrapper\"><\/div><\/div><\/div><div class=\"vc_col-sm-1 wpb_column vc_column_container\"><div class=\"vc_column-inner\"><div class=\"wpb_wrapper\"><\/div><\/div><\/div><div class=\"vc_col-sm-1 wpb_column vc_column_container\"><div class=\"vc_column-inner\"><div class=\"wpb_wrapper\"><\/div><\/div><\/div><div class=\"vc_col-sm-1 wpb_column vc_column_container\"><div class=\"vc_column-inner\"><div class=\"wpb_wrapper\"><\/div><\/div><\/div><div class=\"vc_col-sm-1 wpb_column vc_column_container\"><div class=\"vc_column-inner\"><div class=\"wpb_wrapper\"><\/div><\/div><\/div><\/div><div class=\"g-cols wpb_row hide_on_default hide_on_laptops via_flex valign_top type_default stacking_default\"><div class=\"vc_col-sm-4 wpb_column vc_column_container\"><div class=\"vc_column-inner\"><div class=\"wpb_wrapper\"><\/div><\/div><\/div><div class=\"vc_col-sm-4 wpb_column vc_column_container\"><div class=\"vc_column-inner\"><div class=\"wpb_wrapper\"><div class=\"w-socials us_custom_e1afff76 hide_on_default hide_on_laptops color_brand shape_square style_colored hover_fade stretch\" style=\"--gap:1em;\"><div class=\"w-socials-list\"><div class=\"w-socials-item linkedin\"><a target=\"_blank\" rel=\"nofollow\" href=\"https:\/\/www.linkedin.com\/company\/schaefergroup\/\" class=\"w-socials-item-link\" aria-label=\"LinkedIn\"><span class=\"w-socials-item-link-hover\"><\/span><i class=\"fab fa-linkedin\"><\/i><\/a><div class=\"w-socials-item-popup\"><span>LinkedIn<\/span><\/div><\/div><div class=\"w-socials-item youtube\"><a target=\"_blank\" rel=\"nofollow\" href=\"https:\/\/www.youtube.com\/schaefergroup\" class=\"w-socials-item-link\" aria-label=\"YouTube\"><span class=\"w-socials-item-link-hover\"><\/span><i class=\"fab fa-youtube\"><\/i><\/a><div class=\"w-socials-item-popup\"><span>YouTube<\/span><\/div><\/div><div class=\"w-socials-item instagram\"><a target=\"_blank\" rel=\"nofollow\" href=\"https:\/\/www.instagram.com\/schaefer_group\/\" class=\"w-socials-item-link\" aria-label=\"Instagram\"><span class=\"w-socials-item-link-hover\"><\/span><i class=\"fab fa-instagram\"><\/i><\/a><div class=\"w-socials-item-popup\"><span>Instagram<\/span><\/div><\/div><div class=\"w-socials-item facebook\"><a target=\"_blank\" rel=\"nofollow\" href=\"https:\/\/www.facebook.com\/SchaeferGroupMarketing\" class=\"w-socials-item-link\" aria-label=\"Facebook\"><span class=\"w-socials-item-link-hover\"><\/span><i class=\"fab fa-facebook\"><\/i><\/a><div class=\"w-socials-item-popup\"><span>Facebook<\/span><\/div><\/div><\/div><\/div><\/div><\/div><\/div><div class=\"vc_col-sm-4 wpb_column vc_column_container\"><div class=\"vc_column-inner\"><div class=\"wpb_wrapper\"><\/div><\/div><\/div><\/div><div class=\"g-cols wpb_row via_flex valign_top type_default stacking_default\"><div class=\"vc_col-sm-12 wpb_column vc_column_container\"><div class=\"vc_column-inner\"><div class=\"wpb_wrapper\"><div class=\"wpb_text_column us_custom_cdf14ffd\"><div class=\"wpb_wrapper\"><h4 id=\"SocialMediaKan\u00e4le-Insightsintoourcontents\">Insights into our contents<\/h4>\n<\/div><\/div><div class=\"w-grid us_carousel us_custom_4f24afa8 type_carousel layout_18833 preload_style_spinner items_3\" id=\"us_grid_1\" style=\"--items:3;--gap:1.5rem;\"><style>.layout_18833 .w-grid-item-h{}<\/style><div class=\"w-grid-list owl-carousel valign_stretch dotstyle_circle navstyle_circle arrows-ver-pos_middle arrows-hor-pos_on_sides_outside arrows-disabled_hide owl-responsive-2000 with_arrows\" style=\"--transition-duration:350ms;--arrows-size:1.5rem;--arrows-hor-offset:calc(0px + 1.5rem);--arrows-gap:10px;\">\t<article class=\"w-grid-item post-23708 attachment type-attachment status-inherit hentry\" data-id=\"23708\">\r\n\t\t<div class=\"w-grid-item-h\">\r\n\t\t\t\t\t\t<div class=\"w-post-elm post_image usg_post_image_1 stretched\"><img decoding=\"async\" width=\"300\" height=\"300\" src=\"https:\/\/schaefer.biz\/wp-content\/uploads\/2021\/03\/Analyse-Schliffbild-1200px-300x300.jpg\" class=\"attachment-medium size-medium\" alt=\"\" srcset=\"https:\/\/schaefer.biz\/wp-content\/uploads\/2021\/03\/Analyse-Schliffbild-1200px-300x300.jpg 300w, https:\/\/schaefer.biz\/wp-content\/uploads\/2021\/03\/Analyse-Schliffbild-1200px-1024x1024.jpg 1024w, https:\/\/schaefer.biz\/wp-content\/uploads\/2021\/03\/Analyse-Schliffbild-1200px-150x150.jpg 150w, https:\/\/schaefer.biz\/wp-content\/uploads\/2021\/03\/Analyse-Schliffbild-1200px-350x350.jpg 350w, https:\/\/schaefer.biz\/wp-content\/uploads\/2021\/03\/Analyse-Schliffbild-1200px-600x600.jpg 600w, https:\/\/schaefer.biz\/wp-content\/uploads\/2021\/03\/Analyse-Schliffbild-1200px.jpg 1200w\" sizes=\"(max-width: 300px) 100vw, 300px\" \/><\/div>\t\t<\/div>\r\n\t\t\t<\/article>\r\n\t<article class=\"w-grid-item post-23706 attachment type-attachment status-inherit hentry\" data-id=\"23706\">\r\n\t\t<div class=\"w-grid-item-h\">\r\n\t\t\t\t\t\t<div class=\"w-post-elm post_image usg_post_image_1 stretched\"><img decoding=\"async\" width=\"300\" height=\"300\" src=\"https:\/\/schaefer.biz\/wp-content\/uploads\/2021\/03\/Schaefer-SmartGlasses-Assist-300x300.jpg\" class=\"attachment-medium size-medium\" alt=\"\" srcset=\"https:\/\/schaefer.biz\/wp-content\/uploads\/2021\/03\/Schaefer-SmartGlasses-Assist-300x300.jpg 300w, https:\/\/schaefer.biz\/wp-content\/uploads\/2021\/03\/Schaefer-SmartGlasses-Assist-1024x1024.jpg 1024w, https:\/\/schaefer.biz\/wp-content\/uploads\/2021\/03\/Schaefer-SmartGlasses-Assist-150x150.jpg 150w, https:\/\/schaefer.biz\/wp-content\/uploads\/2021\/03\/Schaefer-SmartGlasses-Assist-350x350.jpg 350w, https:\/\/schaefer.biz\/wp-content\/uploads\/2021\/03\/Schaefer-SmartGlasses-Assist-600x600.jpg 600w, https:\/\/schaefer.biz\/wp-content\/uploads\/2021\/03\/Schaefer-SmartGlasses-Assist.jpg 1200w\" sizes=\"(max-width: 300px) 100vw, 300px\" \/><\/div>\t\t<\/div>\r\n\t\t\t<\/article>\r\n\t<article class=\"w-grid-item post-23714 attachment type-attachment status-inherit hentry\" data-id=\"23714\">\r\n\t\t<div class=\"w-grid-item-h\">\r\n\t\t\t\t\t\t<div class=\"w-post-elm post_image usg_post_image_1 stretched\"><img decoding=\"async\" width=\"300\" height=\"300\" src=\"https:\/\/schaefer.biz\/wp-content\/uploads\/2023\/05\/Schaefer-Motek-Messe-300x300.jpg\" class=\"attachment-medium size-medium\" alt=\"\" srcset=\"https:\/\/schaefer.biz\/wp-content\/uploads\/2023\/05\/Schaefer-Motek-Messe-300x300.jpg 300w, https:\/\/schaefer.biz\/wp-content\/uploads\/2023\/05\/Schaefer-Motek-Messe-1024x1024.jpg 1024w, https:\/\/schaefer.biz\/wp-content\/uploads\/2023\/05\/Schaefer-Motek-Messe-150x150.jpg 150w, https:\/\/schaefer.biz\/wp-content\/uploads\/2023\/05\/Schaefer-Motek-Messe-350x350.jpg 350w, https:\/\/schaefer.biz\/wp-content\/uploads\/2023\/05\/Schaefer-Motek-Messe-600x600.jpg 600w, https:\/\/schaefer.biz\/wp-content\/uploads\/2023\/05\/Schaefer-Motek-Messe.jpg 1200w\" sizes=\"(max-width: 300px) 100vw, 300px\" \/><\/div>\t\t<\/div>\r\n\t\t\t<\/article>\r\n\t<article class=\"w-grid-item post-23710 attachment type-attachment status-inherit hentry\" data-id=\"23710\">\r\n\t\t<div class=\"w-grid-item-h\">\r\n\t\t\t\t\t\t<div class=\"w-post-elm post_image usg_post_image_1 stretched\"><img decoding=\"async\" width=\"300\" height=\"300\" src=\"https:\/\/schaefer.biz\/wp-content\/uploads\/2021\/03\/Crimpmaschine_Airbag-1200px-5-300x300.jpg\" class=\"attachment-medium size-medium\" alt=\"\" srcset=\"https:\/\/schaefer.biz\/wp-content\/uploads\/2021\/03\/Crimpmaschine_Airbag-1200px-5-300x300.jpg 300w, https:\/\/schaefer.biz\/wp-content\/uploads\/2021\/03\/Crimpmaschine_Airbag-1200px-5-1024x1024.jpg 1024w, https:\/\/schaefer.biz\/wp-content\/uploads\/2021\/03\/Crimpmaschine_Airbag-1200px-5-150x150.jpg 150w, https:\/\/schaefer.biz\/wp-content\/uploads\/2021\/03\/Crimpmaschine_Airbag-1200px-5-350x350.jpg 350w, https:\/\/schaefer.biz\/wp-content\/uploads\/2021\/03\/Crimpmaschine_Airbag-1200px-5-600x600.jpg 600w, https:\/\/schaefer.biz\/wp-content\/uploads\/2021\/03\/Crimpmaschine_Airbag-1200px-5.jpg 1200w\" sizes=\"(max-width: 300px) 100vw, 300px\" \/><\/div>\t\t<\/div>\r\n\t\t\t<\/article>\r\n\t<article class=\"w-grid-item post-23712 attachment type-attachment status-inherit hentry\" data-id=\"23712\">\r\n\t\t<div class=\"w-grid-item-h\">\r\n\t\t\t\t\t\t<div class=\"w-post-elm post_image usg_post_image_1 stretched\"><img decoding=\"async\" width=\"300\" height=\"300\" src=\"https:\/\/schaefer.biz\/wp-content\/uploads\/2021\/03\/Crimptechnik-Sichtpruefung-Schliffbild-Final-300x300.jpg\" class=\"attachment-medium size-medium\" alt=\"\" srcset=\"https:\/\/schaefer.biz\/wp-content\/uploads\/2021\/03\/Crimptechnik-Sichtpruefung-Schliffbild-Final-300x300.jpg 300w, https:\/\/schaefer.biz\/wp-content\/uploads\/2021\/03\/Crimptechnik-Sichtpruefung-Schliffbild-Final-1024x1024.jpg 1024w, https:\/\/schaefer.biz\/wp-content\/uploads\/2021\/03\/Crimptechnik-Sichtpruefung-Schliffbild-Final-150x150.jpg 150w, https:\/\/schaefer.biz\/wp-content\/uploads\/2021\/03\/Crimptechnik-Sichtpruefung-Schliffbild-Final-350x350.jpg 350w, https:\/\/schaefer.biz\/wp-content\/uploads\/2021\/03\/Crimptechnik-Sichtpruefung-Schliffbild-Final-600x600.jpg 600w, https:\/\/schaefer.biz\/wp-content\/uploads\/2021\/03\/Crimptechnik-Sichtpruefung-Schliffbild-Final.jpg 1200w\" sizes=\"(max-width: 300px) 100vw, 300px\" \/><\/div>\t\t<\/div>\r\n\t\t\t<\/article>\r\n<\/div><div class=\"w-grid-carousel-json hidden\" onclick='return {&quot;carousel_settings&quot;:{&quot;aria_labels&quot;:{&quot;prev&quot;:&quot;Previous&quot;,&quot;next&quot;:&quot;Next&quot;},&quot;autoplayContinual&quot;:false,&quot;autoplayContinualCss&quot;:false,&quot;autoplayHoverPause&quot;:false,&quot;autoplayTimeout&quot;:3000,&quot;autoWidth&quot;:false,&quot;smartSpeed&quot;:350,&quot;margin&quot;:0,&quot;mouseDrag&quot;:true,&quot;rtl&quot;:false,&quot;slideBy&quot;:&quot;1&quot;,&quot;touchDrag&quot;:true,&quot;slideTransition&quot;:&quot;&quot;,&quot;responsive&quot;:{&quot;0&quot;:{&quot;autoHeight&quot;:false,&quot;autoplay&quot;:true,&quot;autoplayContinualCss&quot;:false,&quot;autoWidth&quot;:false,&quot;center&quot;:false,&quot;dots&quot;:false,&quot;items&quot;:1,&quot;loop&quot;:true,&quot;nav&quot;:false,&quot;stagePadding&quot;:0,&quot;slideBy&quot;:&quot;1&quot;,&quot;touchDrag&quot;:true,&quot;mouseDrag&quot;:true},&quot;601&quot;:{&quot;autoHeight&quot;:false,&quot;autoplay&quot;:true,&quot;autoplayContinualCss&quot;:false,&quot;autoWidth&quot;:false,&quot;center&quot;:false,&quot;dots&quot;:false,&quot;items&quot;:2,&quot;loop&quot;:true,&quot;nav&quot;:true,&quot;stagePadding&quot;:0,&quot;slideBy&quot;:&quot;1&quot;,&quot;touchDrag&quot;:true,&quot;mouseDrag&quot;:true},&quot;1025&quot;:{&quot;autoHeight&quot;:false,&quot;autoplay&quot;:true,&quot;autoplayContinualCss&quot;:false,&quot;autoWidth&quot;:false,&quot;center&quot;:false,&quot;dots&quot;:false,&quot;items&quot;:3,&quot;loop&quot;:true,&quot;nav&quot;:true,&quot;stagePadding&quot;:0,&quot;slideBy&quot;:&quot;1&quot;,&quot;touchDrag&quot;:true,&quot;mouseDrag&quot;:true},&quot;1381&quot;:{&quot;items&quot;:3,&quot;autoplay&quot;:false,&quot;autoplayContinualCss&quot;:false,&quot;center&quot;:false,&quot;dots&quot;:false,&quot;nav&quot;:true,&quot;autoHeight&quot;:false,&quot;autoWidth&quot;:false,&quot;loop&quot;:true,&quot;stagePadding&quot;:0}}}}'><\/div><\/div><\/div><\/div><\/div><\/div><\/div><\/div><\/div><\/div><\/div><\/section>\n","protected":false},"excerpt":{"rendered":"","protected":false},"author":6,"featured_media":0,"parent":1800,"menu_order":0,"comment_status":"closed","ping_status":"closed","template":"","meta":{"_acf_changed":false,"footnotes":""},"class_list":["post-29261","page","type-page","status-publish","hentry"],"acf":[],"yoast_head":"<!-- This site is optimized with the Yoast SEO Premium plugin v27.4 (Yoast SEO v27.5) - https:\/\/yoast.com\/product\/yoast-seo-premium-wordpress\/ -->\n<title>Follow us! | Sch\u00e4fer Group<\/title>\n<meta name=\"robots\" content=\"index, follow, max-snippet:-1, max-image-preview:large, max-video-preview:-1\" \/>\n<link rel=\"canonical\" href=\"https:\/\/schaefer.biz\/en\/news\/follow-us\/\" \/>\n<meta property=\"og:locale\" content=\"en_US\" \/>\n<meta property=\"og:type\" content=\"article\" \/>\n<meta property=\"og:title\" content=\"Follow us!\" \/>\n<meta property=\"og:url\" content=\"https:\/\/schaefer.biz\/en\/news\/follow-us\/\" \/>\n<meta property=\"og:site_name\" content=\"Sch\u00e4fer Group\" \/>\n<meta property=\"article:publisher\" content=\"https:\/\/www.facebook.com\/SchaeferGroupMarketing\" \/>\n<meta property=\"og:image\" content=\"https:\/\/schaefer.biz\/wp-content\/uploads\/2022\/03\/Schaefer-Crimping-Machine-EPS-2001-Airbag-Connector-1200px-1140px.jpg\" \/>\n\t<meta property=\"og:image:width\" content=\"1140\" \/>\n\t<meta property=\"og:image:height\" content=\"554\" \/>\n\t<meta property=\"og:image:type\" content=\"image\/jpeg\" \/>\n<meta name=\"twitter:card\" content=\"summary_large_image\" \/>\n<meta name=\"twitter:label1\" content=\"Est. reading time\" \/>\n\t<meta name=\"twitter:data1\" content=\"1 minute\" \/>\n<!-- \/ Yoast SEO Premium plugin. -->","yoast_head_json":{"title":"Follow us! | Sch\u00e4fer Group","robots":{"index":"index","follow":"follow","max-snippet":"max-snippet:-1","max-image-preview":"max-image-preview:large","max-video-preview":"max-video-preview:-1"},"canonical":"https:\/\/schaefer.biz\/en\/news\/follow-us\/","og_locale":"en_US","og_type":"article","og_title":"Follow us!","og_url":"https:\/\/schaefer.biz\/en\/news\/follow-us\/","og_site_name":"Sch\u00e4fer Group","article_publisher":"https:\/\/www.facebook.com\/SchaeferGroupMarketing","og_image":[{"width":1140,"height":554,"url":"https:\/\/schaefer.biz\/wp-content\/uploads\/2022\/03\/Schaefer-Crimping-Machine-EPS-2001-Airbag-Connector-1200px-1140px.jpg","type":"image\/jpeg"}],"twitter_card":"summary_large_image","twitter_misc":{"Est. reading time":"1 minute"},"schema":{"@context":"https:\/\/schema.org","@graph":[{"@type":"WebPage","@id":"https:\/\/schaefer.biz\/en\/news\/follow-us\/","url":"https:\/\/schaefer.biz\/en\/news\/follow-us\/","name":"Follow us! | Sch\u00e4fer Group","isPartOf":{"@id":"https:\/\/schaefer.biz\/en\/#website"},"datePublished":"2024-05-21T06:59:59+00:00","breadcrumb":{"@id":"https:\/\/schaefer.biz\/en\/news\/follow-us\/#breadcrumb"},"inLanguage":"en-US","potentialAction":[{"@type":"ReadAction","target":["https:\/\/schaefer.biz\/en\/news\/follow-us\/"]}]},{"@type":"BreadcrumbList","@id":"https:\/\/schaefer.biz\/en\/news\/follow-us\/#breadcrumb","itemListElement":[{"@type":"ListItem","position":1,"name":"Startseite","item":"https:\/\/schaefer.biz\/en\/"},{"@type":"ListItem","position":2,"name":"News","item":"https:\/\/schaefer.biz\/en\/news\/"},{"@type":"ListItem","position":3,"name":"Follow us!"}]},{"@type":"WebSite","@id":"https:\/\/schaefer.biz\/en\/#website","url":"https:\/\/schaefer.biz\/en\/","name":"Sch\u00e4fer Group","description":"Spezifische L\u00f6sungen f\u00fcr Ihre Kabel- und Kontaktverarbeitung | Individual solutions for your wire and terminal processing","publisher":{"@id":"https:\/\/schaefer.biz\/en\/#organization"},"alternateName":"Sch\u00e4fer Group","potentialAction":[{"@type":"SearchAction","target":{"@type":"EntryPoint","urlTemplate":"https:\/\/schaefer.biz\/en\/?s={search_term_string}"},"query-input":{"@type":"PropertyValueSpecification","valueRequired":true,"valueName":"search_term_string"}}],"inLanguage":"en-US"},{"@type":"Organization","@id":"https:\/\/schaefer.biz\/en\/#organization","name":"Sch\u00e4fer Group","url":"https:\/\/schaefer.biz\/en\/","logo":{"@type":"ImageObject","inLanguage":"en-US","@id":"https:\/\/schaefer.biz\/en\/#\/schema\/logo\/image\/","url":"https:\/\/schaefer.biz\/wp-content\/uploads\/2018\/11\/Logo_Schaefer_RGB_100-70-0-0.png","contentUrl":"https:\/\/schaefer.biz\/wp-content\/uploads\/2018\/11\/Logo_Schaefer_RGB_100-70-0-0.png","width":2084,"height":823,"caption":"Sch\u00e4fer Group"},"image":{"@id":"https:\/\/schaefer.biz\/en\/#\/schema\/logo\/image\/"},"sameAs":["https:\/\/www.facebook.com\/SchaeferGroupMarketing","https:\/\/www.linkedin.com\/company\/schaefergroup","https:\/\/www.youtube.com\/user\/SchaeferMarketing","https:\/\/www.instagram.com\/schaefer_group\/"]}]}},"_links":{"self":[{"href":"https:\/\/schaefer.biz\/en\/wp-json\/wp\/v2\/pages\/29261","targetHints":{"allow":["GET"]}}],"collection":[{"href":"https:\/\/schaefer.biz\/en\/wp-json\/wp\/v2\/pages"}],"about":[{"href":"https:\/\/schaefer.biz\/en\/wp-json\/wp\/v2\/types\/page"}],"author":[{"embeddable":true,"href":"https:\/\/schaefer.biz\/en\/wp-json\/wp\/v2\/users\/6"}],"replies":[{"embeddable":true,"href":"https:\/\/schaefer.biz\/en\/wp-json\/wp\/v2\/comments?post=29261"}],"version-history":[{"count":0,"href":"https:\/\/schaefer.biz\/en\/wp-json\/wp\/v2\/pages\/29261\/revisions"}],"up":[{"embeddable":true,"href":"https:\/\/schaefer.biz\/en\/wp-json\/wp\/v2\/pages\/1800"}],"wp:attachment":[{"href":"https:\/\/schaefer.biz\/en\/wp-json\/wp\/v2\/media?parent=29261"}],"curies":[{"name":"wp","href":"https:\/\/api.w.org\/{rel}","templated":true}]}}