{"id":29443,"date":"2024-07-18T09:39:47","date_gmt":"2024-07-18T07:39:47","guid":{"rendered":"https:\/\/schaefer.biz\/?page_id=29443"},"modified":"2025-12-16T11:05:39","modified_gmt":"2025-12-16T10:05:39","slug":"technical-service","status":"publish","type":"page","link":"https:\/\/schaefer.biz\/en\/company\/technical-service\/","title":{"rendered":"Technical Service"},"content":{"rendered":"<section class=\"l-section wpb_row height_small\"><div class=\"l-section-h i-cf\"><div class=\"g-cols vc_row via_flex valign_top type_default stacking_default\"><div class=\"vc_col-sm-12 wpb_column vc_column_container\"><div class=\"vc_column-inner\"><div class=\"wpb_wrapper\"><div class=\"w-image align_right\"><div class=\"w-image-h\"><img decoding=\"async\" width=\"1140\" height=\"535\" src=\"https:\/\/schaefer.biz\/wp-content\/uploads\/2023\/02\/Schaefer-Datenbrille-Assist_1140px.jpg\" class=\"attachment-full size-full\" alt=\"\" loading=\"lazy\" srcset=\"https:\/\/schaefer.biz\/wp-content\/uploads\/2023\/02\/Schaefer-Datenbrille-Assist_1140px.jpg 1140w, https:\/\/schaefer.biz\/wp-content\/uploads\/2023\/02\/Schaefer-Datenbrille-Assist_1140px-300x141.jpg 300w, https:\/\/schaefer.biz\/wp-content\/uploads\/2023\/02\/Schaefer-Datenbrille-Assist_1140px-1024x481.jpg 1024w\" sizes=\"auto, (max-width: 1140px) 100vw, 1140px\" \/><\/div><\/div><\/div><\/div><\/div><\/div><\/div><\/section><section class=\"l-section wpb_row us_custom_5cd26a65 height_small\"><div class=\"l-section-h i-cf\"><div class=\"g-cols vc_row via_flex valign_top type_default stacking_default\"><div class=\"vc_col-sm-12 wpb_column vc_column_container\"><div class=\"vc_column-inner\"><div class=\"wpb_wrapper\"><div class=\"wpb_text_column\"><div class=\"wpb_wrapper\"><h2 id=\"FirmengeschichteNEU-Gr\u00fcndungalsHandwerksbetrieb\">Worldwide After-Sales Service<\/h2>\n<p><span>Our technical service offers you comprehensive support during commissioning, maintenance, and troubleshooting. Our goal is to ensure that you are satisfied with our products and can achieve the best possible performance and quality in your production. That&#8217;s why we offer an extensive after-sales service that supports you throughout the entire product lifecycle. Our dedicated service team is worldwide available to answer questions and implement your technical requirements.<\/span><\/p>\n<\/div><\/div><div class=\"wpb_text_column\"><div class=\"wpb_wrapper\"><h2>Maintenance and Calibration<\/h2>\n<p>Our service team is your reliable partner for the maintenance of all Sch\u00e4fer machines and applicators. We want to ensure that your machines are in optimal condition and run without disruptions. Our range of services includes regular inspections and the performance of machine capability studies to identify and rectify potential weaknesses at an early stage. In addition, we offer machine refurbishments to maintain their functionality and extend their lifespan. To ensure the accuracy of your machines and measuring devices, we recommend an annual calibration and inspection by our specialists. This allows you to rely on precise results and achieve high quality.<span style=\"font-size: 18px; letter-spacing: 0em;\"><\/p>\n<\/div><\/div><\/div><\/div><\/div><\/div><\/div><\/section><section class=\"l-section wpb_row us_custom_5cd26a65 height_small\"><div class=\"l-section-h i-cf\"><div class=\"g-cols vc_row via_flex valign_top type_default stacking_default\"><div class=\"vc_col-sm-6 wpb_column vc_column_container\"><div class=\"vc_column-inner\"><div class=\"wpb_wrapper\"><div class=\"w-image align_none\"><div class=\"w-image-h\"><img decoding=\"async\" width=\"1000\" height=\"550\" src=\"https:\/\/schaefer.biz\/wp-content\/uploads\/2024\/07\/VT-Teile_1000x550px.jpg\" class=\"attachment-full size-full\" alt=\"\" loading=\"lazy\" srcset=\"https:\/\/schaefer.biz\/wp-content\/uploads\/2024\/07\/VT-Teile_1000x550px.jpg 1000w, https:\/\/schaefer.biz\/wp-content\/uploads\/2024\/07\/VT-Teile_1000x550px-300x165.jpg 300w\" sizes=\"auto, (max-width: 1000px) 100vw, 1000px\" \/><\/div><\/div><\/div><\/div><\/div><div class=\"vc_col-sm-6 wpb_column vc_column_container\"><div class=\"vc_column-inner\"><div class=\"wpb_wrapper\"><div class=\"wpb_text_column\"><div class=\"wpb_wrapper\"><p><\/span><\/p>\n<h2>Spare and Wear Parts<\/h2>\n<p>We understand how important it is for you to keep your cable processing machines in top condition. When it comes to efficiency, lifespan, and precision, Sch\u00e4fer&#8217;s original spare parts make the difference. Our spare parts are carefully manufactured, extensively tested, and subject to the highest quality standards.<\/p>\n<p>You can rely on this, as our long-standing experience and continuous developments reflect our nature and the high industry standard.<\/p>\n<\/div><\/div><\/div><\/div><\/div><\/div><\/div><\/section><section class=\"l-section wpb_row us_custom_5cd26a65 height_small\"><div class=\"l-section-h i-cf\"><div class=\"g-cols vc_row via_flex valign_top type_default stacking_default\"><div class=\"vc_col-sm-12 wpb_column vc_column_container\"><div class=\"vc_column-inner\"><div class=\"wpb_wrapper\"><div class=\"wpb_text_column\"><div class=\"wpb_wrapper\"><h2 id=\"FirmengeschichteNEU-WachstumundErweiterung\">Refurbishments and Repair<\/h2>\n<p>To extend the lifespan of products, we offer professional repairs for your machines and applicators at Sch\u00e4fer. Additionally, our experienced technicians perform minor repairs both remotely and on-site at your location. We place great value on quick availability to get your machines back in operation as soon as possible. Our repair services offer you the advantage of cost savings and sustainability, as not every machine needs to be replaced immediately.<span style=\"font-size: 18px; letter-spacing: 0em;\"><\/p>\n<\/div><\/div><div class=\"wpb_text_column\"><div class=\"wpb_wrapper\"><p><\/span><\/p>\n<h2>Retrofit and Upgrade<\/h2>\n<p>We retrofit existing machines and enhance them with new functionalities so that you can use them under specific requirements. Furthermore, we offer software upgrades to introduce new features into controls. For example, you can purchase Sch\u00e4fer Connect to network your machine park and thereby increase productivity, flexibility, and quality.<br \/>\n<span style=\"font-size: 18px; letter-spacing: 0em;\"><\/p>\n<\/div><\/div><\/div><\/div><\/div><\/div><\/div><\/section><section class=\"l-section wpb_row us_custom_5cd26a65 height_small\"><div class=\"l-section-h i-cf\"><div class=\"g-cols vc_row via_flex valign_top type_default stacking_default\"><div class=\"vc_col-sm-6 wpb_column vc_column_container\"><div class=\"vc_column-inner\"><div class=\"wpb_wrapper\"><div class=\"w-image align_none\"><div class=\"w-image-h\"><img decoding=\"async\" width=\"969\" height=\"533\" src=\"https:\/\/schaefer.biz\/wp-content\/uploads\/2024\/07\/training_1000x550px.jpg\" class=\"attachment-full size-full\" alt=\"\" loading=\"lazy\" srcset=\"https:\/\/schaefer.biz\/wp-content\/uploads\/2024\/07\/training_1000x550px.jpg 969w, https:\/\/schaefer.biz\/wp-content\/uploads\/2024\/07\/training_1000x550px-300x165.jpg 300w\" sizes=\"auto, (max-width: 969px) 100vw, 969px\" \/><\/div><\/div><\/div><\/div><\/div><div class=\"vc_col-sm-6 wpb_column vc_column_container\"><div class=\"vc_column-inner\"><div class=\"wpb_wrapper\"><div class=\"wpb_text_column\"><div class=\"wpb_wrapper\"><p><\/span><\/p>\n<h2><span style=\"letter-spacing: 0em;\">Training and Education<\/span><\/h2>\n<p><span style=\"letter-spacing: 0em;\">For each of our products, we offer individually tailored training. We also provide education on various topics, such as crimping technology and quality assurance in cable production. <\/span><\/p>\n<p><span style=\"letter-spacing: 0em;\">The training sessions can take place either at our site, online, or directly at your location. <\/span><span style=\"letter-spacing: 0em;\">All participants receive a certificate for successful completion.<\/span><span style=\"font-size: 18px; letter-spacing: 0em;\"><\/p>\n<\/div><\/div><\/div><\/div><\/div><\/div><\/div><\/section><section class=\"l-section wpb_row us_custom_5cd26a65 height_small\"><div class=\"l-section-h i-cf\"><div class=\"g-cols vc_row via_flex valign_top type_default stacking_default\"><div class=\"vc_col-sm-12 wpb_column vc_column_container\"><div class=\"vc_column-inner\"><div class=\"wpb_wrapper\"><div class=\"wpb_text_column\"><div class=\"wpb_wrapper\"><p><\/span><\/p>\n<h2>Commissioning and Instruction<\/h2>\n<p>We offer professional on-site commissioning of your machines. Our service includes assembly, adjustment, and installation of options and applications. Our experienced team performs analyses and adjustments to ensure that your product operates optimally. If necessary, we can also integrate the machine into your production planning and control. We instruct your operating and service personnel in the use of the machine and support you during a smooth trial operation.<span style=\"font-size: 18px; letter-spacing: 0em;\"><\/p>\n<\/div><\/div><div class=\"wpb_text_column\"><div class=\"wpb_wrapper\"><p><\/span><\/p>\n<h2>Remote Support<\/h2>\n<p>Our service team offers you remote support through Sch\u00e4fer Assist. We support you with pre-acceptance, problem-solving, and assistance, and can interact directly with you on your machine to work out an initial diagnosis or solution together. All inquiries are recorded in the Sch\u00e4fer ticket system to ensure efficient problem resolution. Using our remote software Assist offers you additional benefits: you have round-the-clock access to documents, which increases the availability of information and improves work productivity through optimized process flows.<\/p>\n<\/div><\/div><\/div><\/div><\/div><\/div><\/div><\/section><section class=\"l-section wpb_row us_custom_5cd26a65 height_small\"><div class=\"l-section-h i-cf\"><div class=\"g-cols vc_row via_flex valign_top type_default stacking_default\"><div class=\"vc_col-sm-6 wpb_column vc_column_container\"><div class=\"vc_column-inner\"><div class=\"wpb_wrapper\"><div class=\"w-image align_none\"><div class=\"w-image-h\"><img decoding=\"async\" width=\"1000\" height=\"550\" src=\"https:\/\/schaefer.biz\/wp-content\/uploads\/2024\/07\/AdobeStock_194120552_Bojan_links_1000x550px.jpg\" class=\"attachment-full size-full\" alt=\"\" loading=\"lazy\" srcset=\"https:\/\/schaefer.biz\/wp-content\/uploads\/2024\/07\/AdobeStock_194120552_Bojan_links_1000x550px.jpg 1000w, https:\/\/schaefer.biz\/wp-content\/uploads\/2024\/07\/AdobeStock_194120552_Bojan_links_1000x550px-300x165.jpg 300w\" sizes=\"auto, (max-width: 1000px) 100vw, 1000px\" \/><\/div><\/div><\/div><\/div><\/div><div class=\"vc_col-sm-6 wpb_column vc_column_container\"><div class=\"vc_column-inner\"><div class=\"wpb_wrapper\"><div class=\"wpb_text_column\"><div class=\"wpb_wrapper\"><h2>Contact Us!<\/h2>\n<p>Do you have questions? You can reach our service team in urgent cases by phone at: +49 7253 94210<\/p>\n<p>For spare part orders, please use our <a href=\"https:\/\/schaefer.biz\/en\/contact\/spare-parts-order\/\">form<\/a> so we can process your request efficiently.<\/p>\n<p>For other service topics, please contact us here:<\/p>\n<\/div><\/div><div class=\"w-btn-wrapper align_none\"><a class=\"w-btn us-btn-style_1\" rel=\"nofollow\" href=\"\/en\/contact\/technical-support\/\"><span class=\"w-btn-label\">Contact service<\/span><\/a><\/div><\/div><\/div><\/div><\/div><\/div><\/section><!-- \/wp:post-content -->","protected":false},"excerpt":{"rendered":"Worldwide After-Sales Service Our technical service offers you comprehensive support during commissioning, maintenance, and troubleshooting. Our goal is to ensure that you are satisfied with our products and can achieve the best possible performance and quality in your production. That&#8217;s why we offer an extensive after-sales service that supports you throughout the entire product lifecycle....","protected":false},"author":6,"featured_media":28429,"parent":1814,"menu_order":0,"comment_status":"closed","ping_status":"closed","template":"","meta":{"_acf_changed":false,"footnotes":""},"class_list":["post-29443","page","type-page","status-publish","has-post-thumbnail","hentry"],"acf":[],"yoast_head":"<!-- This site is optimized with the Yoast SEO Premium plugin v27.2 (Yoast SEO v27.4) - https:\/\/yoast.com\/product\/yoast-seo-premium-wordpress\/ -->\n<title>Technical Service | Sch\u00e4fer Group<\/title>\n<meta name=\"robots\" content=\"index, follow, max-snippet:-1, max-image-preview:large, max-video-preview:-1\" \/>\n<link rel=\"canonical\" href=\"https:\/\/schaefer.biz\/en\/company\/technical-service\/\" \/>\n<meta property=\"og:locale\" content=\"en_US\" \/>\n<meta property=\"og:type\" content=\"article\" \/>\n<meta property=\"og:title\" content=\"Technical Service\" \/>\n<meta property=\"og:url\" content=\"https:\/\/schaefer.biz\/en\/company\/technical-service\/\" \/>\n<meta property=\"og:site_name\" content=\"Sch\u00e4fer Group\" \/>\n<meta property=\"article:publisher\" content=\"https:\/\/www.facebook.com\/SchaeferGroupMarketing\" \/>\n<meta property=\"article:modified_time\" content=\"2025-12-16T10:05:39+00:00\" \/>\n<meta property=\"og:image\" content=\"https:\/\/schaefer.biz\/wp-content\/uploads\/2024\/04\/Service-1200px.jpg\" \/>\n\t<meta property=\"og:image:width\" content=\"1200\" \/>\n\t<meta property=\"og:image:height\" content=\"1200\" \/>\n\t<meta property=\"og:image:type\" content=\"image\/jpeg\" \/>\n<meta name=\"twitter:card\" content=\"summary_large_image\" \/>\n<meta name=\"twitter:label1\" content=\"Est. reading time\" \/>\n\t<meta name=\"twitter:data1\" content=\"4 minutes\" \/>\n<!-- \/ Yoast SEO Premium plugin. -->","yoast_head_json":{"title":"Technical Service | Sch\u00e4fer Group","robots":{"index":"index","follow":"follow","max-snippet":"max-snippet:-1","max-image-preview":"max-image-preview:large","max-video-preview":"max-video-preview:-1"},"canonical":"https:\/\/schaefer.biz\/en\/company\/technical-service\/","og_locale":"en_US","og_type":"article","og_title":"Technical Service","og_url":"https:\/\/schaefer.biz\/en\/company\/technical-service\/","og_site_name":"Sch\u00e4fer Group","article_publisher":"https:\/\/www.facebook.com\/SchaeferGroupMarketing","article_modified_time":"2025-12-16T10:05:39+00:00","og_image":[{"width":1200,"height":1200,"url":"https:\/\/schaefer.biz\/wp-content\/uploads\/2024\/04\/Service-1200px.jpg","type":"image\/jpeg"}],"twitter_card":"summary_large_image","twitter_misc":{"Est. reading time":"4 minutes"},"schema":{"@context":"https:\/\/schema.org","@graph":[{"@type":"WebPage","@id":"https:\/\/schaefer.biz\/en\/company\/technical-service\/","url":"https:\/\/schaefer.biz\/en\/company\/technical-service\/","name":"Technical Service | Sch\u00e4fer Group","isPartOf":{"@id":"https:\/\/schaefer.biz\/en\/#website"},"primaryImageOfPage":{"@id":"https:\/\/schaefer.biz\/en\/company\/technical-service\/#primaryimage"},"image":{"@id":"https:\/\/schaefer.biz\/en\/company\/technical-service\/#primaryimage"},"thumbnailUrl":"https:\/\/schaefer.biz\/wp-content\/uploads\/2024\/04\/Service-1200px.jpg","datePublished":"2024-07-18T07:39:47+00:00","dateModified":"2025-12-16T10:05:39+00:00","breadcrumb":{"@id":"https:\/\/schaefer.biz\/en\/company\/technical-service\/#breadcrumb"},"inLanguage":"en-US","potentialAction":[{"@type":"ReadAction","target":["https:\/\/schaefer.biz\/en\/company\/technical-service\/"]}]},{"@type":"ImageObject","inLanguage":"en-US","@id":"https:\/\/schaefer.biz\/en\/company\/technical-service\/#primaryimage","url":"https:\/\/schaefer.biz\/wp-content\/uploads\/2024\/04\/Service-1200px.jpg","contentUrl":"https:\/\/schaefer.biz\/wp-content\/uploads\/2024\/04\/Service-1200px.jpg","width":1200,"height":1200},{"@type":"BreadcrumbList","@id":"https:\/\/schaefer.biz\/en\/company\/technical-service\/#breadcrumb","itemListElement":[{"@type":"ListItem","position":1,"name":"Startseite","item":"https:\/\/schaefer.biz\/en\/"},{"@type":"ListItem","position":2,"name":"About the Company","item":"https:\/\/schaefer.biz\/en\/company\/"},{"@type":"ListItem","position":3,"name":"Technical Service"}]},{"@type":"WebSite","@id":"https:\/\/schaefer.biz\/en\/#website","url":"https:\/\/schaefer.biz\/en\/","name":"Sch\u00e4fer Group","description":"Spezifische L\u00f6sungen f\u00fcr Ihre Kabel- und Kontaktverarbeitung | Individual solutions for your wire and terminal processing","publisher":{"@id":"https:\/\/schaefer.biz\/en\/#organization"},"alternateName":"Sch\u00e4fer Group","potentialAction":[{"@type":"SearchAction","target":{"@type":"EntryPoint","urlTemplate":"https:\/\/schaefer.biz\/en\/?s={search_term_string}"},"query-input":{"@type":"PropertyValueSpecification","valueRequired":true,"valueName":"search_term_string"}}],"inLanguage":"en-US"},{"@type":"Organization","@id":"https:\/\/schaefer.biz\/en\/#organization","name":"Sch\u00e4fer Group","url":"https:\/\/schaefer.biz\/en\/","logo":{"@type":"ImageObject","inLanguage":"en-US","@id":"https:\/\/schaefer.biz\/en\/#\/schema\/logo\/image\/","url":"https:\/\/schaefer.biz\/wp-content\/uploads\/2018\/11\/Logo_Schaefer_RGB_100-70-0-0.png","contentUrl":"https:\/\/schaefer.biz\/wp-content\/uploads\/2018\/11\/Logo_Schaefer_RGB_100-70-0-0.png","width":2084,"height":823,"caption":"Sch\u00e4fer Group"},"image":{"@id":"https:\/\/schaefer.biz\/en\/#\/schema\/logo\/image\/"},"sameAs":["https:\/\/www.facebook.com\/SchaeferGroupMarketing","https:\/\/www.linkedin.com\/company\/schaefergroup","https:\/\/www.youtube.com\/user\/SchaeferMarketing","https:\/\/www.instagram.com\/schaefer_group\/"]}]}},"_links":{"self":[{"href":"https:\/\/schaefer.biz\/en\/wp-json\/wp\/v2\/pages\/29443","targetHints":{"allow":["GET"]}}],"collection":[{"href":"https:\/\/schaefer.biz\/en\/wp-json\/wp\/v2\/pages"}],"about":[{"href":"https:\/\/schaefer.biz\/en\/wp-json\/wp\/v2\/types\/page"}],"author":[{"embeddable":true,"href":"https:\/\/schaefer.biz\/en\/wp-json\/wp\/v2\/users\/6"}],"replies":[{"embeddable":true,"href":"https:\/\/schaefer.biz\/en\/wp-json\/wp\/v2\/comments?post=29443"}],"version-history":[{"count":1,"href":"https:\/\/schaefer.biz\/en\/wp-json\/wp\/v2\/pages\/29443\/revisions"}],"predecessor-version":[{"id":39580,"href":"https:\/\/schaefer.biz\/en\/wp-json\/wp\/v2\/pages\/29443\/revisions\/39580"}],"up":[{"embeddable":true,"href":"https:\/\/schaefer.biz\/en\/wp-json\/wp\/v2\/pages\/1814"}],"wp:featuredmedia":[{"embeddable":true,"href":"https:\/\/schaefer.biz\/en\/wp-json\/wp\/v2\/media\/28429"}],"wp:attachment":[{"href":"https:\/\/schaefer.biz\/en\/wp-json\/wp\/v2\/media?parent=29443"}],"curies":[{"name":"wp","href":"https:\/\/api.w.org\/{rel}","templated":true}]}}