{"id":32597,"date":"2025-02-13T15:09:56","date_gmt":"2025-02-13T14:09:56","guid":{"rendered":"https:\/\/schaefer.biz\/?page_id=32597"},"modified":"2026-03-25T08:18:49","modified_gmt":"2026-03-25T07:18:49","slug":"solutions","status":"publish","type":"page","link":"https:\/\/schaefer.biz\/en\/solutions\/","title":{"rendered":"Various Solutions"},"content":{"rendered":"<section class=\"l-section wpb_row height_small\"><div class=\"l-section-h i-cf\"><div class=\"g-cols vc_row via_flex valign_top type_default stacking_default\"><div class=\"vc_col-sm-12 wpb_column vc_column_container\"><div class=\"vc_column-inner\"><div class=\"wpb_wrapper\"><div class=\"wpb_text_column\"><div class=\"wpb_wrapper\"><h2>Our Expertise<\/h2>\n<p>Tailored solutions from Sch\u00e4fer optimize production processes and ensure maximum reliability and efficiency across various industries, such as the automotive, medical technology, and electronics industries. With state-of-the-art technology and the highest quality standards, we offer innovative connections, automation, software solutions, tools, and molds that meet the specific requirements of these industrial sectors. Trust Sch\u00e4fer to successfully tackle your industrial challenges.<\/p>\n<\/div><\/div><\/div><\/div><\/div><\/div><\/div><\/section><section class=\"l-section wpb_row height_small\"><div class=\"l-section-h i-cf\"><div class=\"g-cols vc_row via_flex valign_top type_default stacking_default\"><div class=\"vc_col-sm-6 wpb_column vc_column_container\"><div class=\"vc_column-inner\"><div class=\"wpb_wrapper\"><div class=\"wpb_text_column\"><div class=\"wpb_wrapper\"><h2>Automation of Processes<\/h2>\n<p>Our automation systems are designed to optimize production and assembly processes, significantly enhancing both productivity and the quality of your manufacturing operations. By employing the latest technology, we seamlessly integrate individual processes into fully automated complete solutions. These solutions are specifically tailored to the production of assemblies, components, and parts in various industrial sectors.<\/p>\n<\/div><\/div><div class=\"w-btn-wrapper align_none\"><a class=\"w-btn us-btn-style_1\" title=\"weitere Produkte\" href=\"\/en\/solutions\/automation\/\"><span class=\"w-btn-label\">Automation Solutions<\/span><\/a><\/div><\/div><\/div><\/div><div class=\"vc_col-sm-6 wpb_column vc_column_container\"><div class=\"vc_column-inner\"><div class=\"wpb_wrapper\"><div class=\"w-image align_none\"><div class=\"w-image-h\"><img decoding=\"async\" width=\"570\" height=\"381\" src=\"https:\/\/schaefer.biz\/wp-content\/uploads\/2025\/02\/Schaefer-Automation-570px.jpg\" class=\"attachment-full size-full\" alt=\"\" loading=\"lazy\" srcset=\"https:\/\/schaefer.biz\/wp-content\/uploads\/2025\/02\/Schaefer-Automation-570px.jpg 570w, https:\/\/schaefer.biz\/wp-content\/uploads\/2025\/02\/Schaefer-Automation-570px-300x201.jpg 300w\" sizes=\"auto, (max-width: 570px) 100vw, 570px\" \/><\/div><\/div><\/div><\/div><\/div><\/div><\/div><\/section><section class=\"l-section wpb_row height_small\"><div class=\"l-section-h i-cf\"><div class=\"g-cols vc_row via_flex valign_top type_default stacking_default\"><div class=\"vc_col-sm-6 wpb_column vc_column_container\"><div class=\"vc_column-inner\"><div class=\"wpb_wrapper\"><div class=\"w-image align_none\"><div class=\"w-image-h\"><img decoding=\"async\" width=\"570\" height=\"381\" src=\"https:\/\/schaefer.biz\/wp-content\/uploads\/2025\/02\/Schaefer-Connection-570x381px.jpg\" class=\"attachment-full size-full\" alt=\"\" loading=\"lazy\" srcset=\"https:\/\/schaefer.biz\/wp-content\/uploads\/2025\/02\/Schaefer-Connection-570x381px.jpg 570w, https:\/\/schaefer.biz\/wp-content\/uploads\/2025\/02\/Schaefer-Connection-570x381px-300x201.jpg 300w\" sizes=\"auto, (max-width: 570px) 100vw, 570px\" \/><\/div><\/div><\/div><\/div><\/div><div class=\"vc_col-sm-6 wpb_column vc_column_container\"><div class=\"vc_column-inner\"><div class=\"wpb_wrapper\"><div class=\"wpb_text_column\"><div class=\"wpb_wrapper\"><h2 style=\"letter-spacing: normal;\">Connection of Components<\/h2>\n<p>Our connection solutions ensure the reliable transmission of energy, signals, and mechanical forces in a wide range of applications. These solutions enable connections of components and cables with various cross-sections. Whether in industrial power supply, advanced communication systems, or demanding mechanical applications, Sch\u00e4fer offers tailored solutions.<\/p>\n<\/div><\/div><div class=\"w-btn-wrapper align_none\"><a class=\"w-btn us-btn-style_1\" title=\"weitere Produkte\" href=\"\/en\/solutions\/connection-solutions\/\"><span class=\"w-btn-label\">Connections Solutions<\/span><\/a><\/div><\/div><\/div><\/div><\/div><\/div><\/section><section class=\"l-section wpb_row height_small\"><div class=\"l-section-h i-cf\"><div class=\"g-cols vc_row via_flex valign_top type_default stacking_default\"><div class=\"vc_col-sm-6 wpb_column vc_column_container\"><div class=\"vc_column-inner\"><div class=\"wpb_wrapper\"><div class=\"wpb_text_column\"><div class=\"wpb_wrapper\"><h2 style=\"letter-spacing: normal;\">Software Solutions<\/h2>\n<p>We offer innovative software for the operation and networking of machines in the context of a smart factory in cable and contact processing. Digital solutions for audiovisual support and data services in various operational situations, as well as for monitoring machine parks, open up new possibilities on the path to Industry 4.0.<\/p>\n<\/div><\/div><div class=\"w-btn-wrapper align_none\"><a class=\"w-btn us-btn-style_1\" title=\"weitere Produkte\" href=\"\/en\/solutions\/software-solutions\/\"><span class=\"w-btn-label\">Software Solutions<\/span><\/a><\/div><\/div><\/div><\/div><div class=\"vc_col-sm-6 wpb_column vc_column_container\"><div class=\"vc_column-inner\"><div class=\"wpb_wrapper\"><div class=\"w-image align_none\"><div class=\"w-image-h\"><img decoding=\"async\" width=\"570\" height=\"381\" src=\"https:\/\/schaefer.biz\/wp-content\/uploads\/2025\/02\/Schaefer-Software-Solutions-Thumb_570x381px.jpg\" class=\"attachment-full size-full\" alt=\"\" loading=\"lazy\" srcset=\"https:\/\/schaefer.biz\/wp-content\/uploads\/2025\/02\/Schaefer-Software-Solutions-Thumb_570x381px.jpg 570w, https:\/\/schaefer.biz\/wp-content\/uploads\/2025\/02\/Schaefer-Software-Solutions-Thumb_570x381px-300x201.jpg 300w\" sizes=\"auto, (max-width: 570px) 100vw, 570px\" \/><\/div><\/div><\/div><\/div><\/div><\/div><\/div><\/section><section class=\"l-section wpb_row height_small\"><div class=\"l-section-h i-cf\"><div class=\"g-cols vc_row via_flex valign_top type_default stacking_default\"><div class=\"vc_col-sm-6 wpb_column vc_column_container\"><div class=\"vc_column-inner\"><div class=\"wpb_wrapper\"><div class=\"w-image align_none\"><div class=\"w-image-h\"><img decoding=\"async\" width=\"570\" height=\"381\" src=\"https:\/\/schaefer.biz\/wp-content\/uploads\/2025\/02\/Schaefer-Connections-Mold-Making-570px.jpg\" class=\"attachment-full size-full\" alt=\"\" loading=\"lazy\" srcset=\"https:\/\/schaefer.biz\/wp-content\/uploads\/2025\/02\/Schaefer-Connections-Mold-Making-570px.jpg 570w, https:\/\/schaefer.biz\/wp-content\/uploads\/2025\/02\/Schaefer-Connections-Mold-Making-570px-300x201.jpg 300w\" sizes=\"auto, (max-width: 570px) 100vw, 570px\" \/><\/div><\/div><\/div><\/div><\/div><div class=\"vc_col-sm-6 wpb_column vc_column_container\"><div class=\"vc_column-inner\"><div class=\"wpb_wrapper\"><div class=\"wpb_text_column\"><div class=\"wpb_wrapper\"><h2>Molds and Dies<\/h2>\n<p>We create customized molds and dies precisely tailored to the specific requirements of our customers &#8211; from concept development to production. Our portfolio includes stamping tools, die-casting tools, and injection molds, which are used in various industrial sectors.<span><\/span><\/p>\n<\/div><\/div><div class=\"w-btn-wrapper align_none\"><a class=\"w-btn us-btn-style_1\" title=\"weitere Produkte\" href=\"\/en\/solutions\/tools-and-molding-dies\/\"><span class=\"w-btn-label\">Molds and Dies<\/span><\/a><\/div><\/div><\/div><\/div><\/div><\/div><\/section><section class=\"l-section wpb_row height_small\"><div class=\"l-section-h i-cf\"><div class=\"g-cols vc_row via_flex valign_top type_default stacking_default\"><div class=\"vc_col-sm-6 wpb_column vc_column_container\"><div class=\"vc_column-inner\"><div class=\"wpb_wrapper\"><div class=\"wpb_text_column\"><div class=\"wpb_wrapper\"><h2>Low Pressure Molding<\/h2>\n<p>We offer innovative solutions for hotmelt molding. With this process, connectors, cable entries, and circuit boards can be protected. To ensure connection systems can withstand extreme conditions such as heat, dust, or moisture, Sch\u00e4fer offers cost-effective and efficient solutions with hotmelt molding technology. Using the low-pressure molding process, components are encapsulated and sealed at the wire or terminal.<\/p>\n<\/div><\/div><div class=\"w-btn-wrapper align_none\"><a class=\"w-btn us-btn-style_1\" title=\"weitere Produkte\" href=\"\/en\/solutions\/low-pressure-molding\/\"><span class=\"w-btn-label\">Low Pressure Molding<\/span><\/a><\/div><\/div><\/div><\/div><div class=\"vc_col-sm-6 wpb_column vc_column_container\"><div class=\"vc_column-inner\"><div class=\"wpb_wrapper\"><div class=\"w-image align_none\"><div class=\"w-image-h\"><img decoding=\"async\" width=\"571\" height=\"428\" src=\"https:\/\/schaefer.biz\/wp-content\/uploads\/2025\/10\/Schaefer-Hotmelt-Samples-grey-570px-1.jpg\" class=\"attachment-full size-full\" alt=\"\" loading=\"lazy\" srcset=\"https:\/\/schaefer.biz\/wp-content\/uploads\/2025\/10\/Schaefer-Hotmelt-Samples-grey-570px-1.jpg 571w, https:\/\/schaefer.biz\/wp-content\/uploads\/2025\/10\/Schaefer-Hotmelt-Samples-grey-570px-1-300x225.jpg 300w\" sizes=\"auto, (max-width: 571px) 100vw, 571px\" \/><\/div><\/div><\/div><\/div><\/div><\/div><\/div><\/section><section class=\"l-section wpb_row height_small\"><div class=\"l-section-h i-cf\"><div class=\"g-cols vc_row via_flex valign_top type_default stacking_default\"><div class=\"vc_col-sm-6 wpb_column vc_column_container\"><div class=\"vc_column-inner\"><div class=\"wpb_wrapper\"><div class=\"w-image align_none\"><div class=\"w-image-h\"><img decoding=\"async\" width=\"570\" height=\"381\" src=\"https:\/\/schaefer.biz\/wp-content\/uploads\/2025\/02\/Schaefer-Connections-Parts-Production-570px.jpg\" class=\"attachment-full size-full\" alt=\"\" loading=\"lazy\" srcset=\"https:\/\/schaefer.biz\/wp-content\/uploads\/2025\/02\/Schaefer-Connections-Parts-Production-570px.jpg 570w, https:\/\/schaefer.biz\/wp-content\/uploads\/2025\/02\/Schaefer-Connections-Parts-Production-570px-300x201.jpg 300w\" sizes=\"auto, (max-width: 570px) 100vw, 570px\" \/><\/div><\/div><\/div><\/div><\/div><div class=\"vc_col-sm-6 wpb_column vc_column_container\"><div class=\"vc_column-inner\"><div class=\"wpb_wrapper\"><div class=\"wpb_text_column\"><div class=\"wpb_wrapper\"><h2 style=\"letter-spacing: normal;\">Stamped and Molded Parts<\/h2>\n<p>We guarantee the highest quality and precision in the production of parts and terminals that require maximum reliability in demanding applications. Our products are manufactured using the latest production technology and stringent quality controls to meet the highest standards. They are designed for extreme conditions and consistently deliver reliable performance.<\/p>\n<\/div><\/div><div class=\"w-btn-wrapper align_none\"><a class=\"w-btn us-btn-style_1\" title=\"weitere Produkte\" href=\"\/en\/solutions\/stamping-and-molding-parts\/\"><span class=\"w-btn-label\">Stamped and Molded Parts<\/span><\/a><\/div><\/div><\/div><\/div><\/div><\/div><\/section><div class=\"vc_col-sm-12 wpb_column vc_column_container\"><div class=\"vc_column-inner\"><div class=\"wpb_wrapper\"><div class=\"wpb_text_column\"><div class=\"wpb_wrapper\"><\/div><\/div><\/div><\/div><\/div>\n","protected":false},"excerpt":{"rendered":"Our Expertise Tailored solutions from Sch\u00e4fer optimize production processes and ensure maximum reliability and efficiency across various industries, such as the automotive, medical technology, and electronics industries. With state-of-the-art technology and the highest quality standards, we offer innovative connections, automation, software solutions, tools, and molds that meet the specific requirements of these industrial sectors. Trust...","protected":false},"author":7,"featured_media":19236,"parent":0,"menu_order":0,"comment_status":"closed","ping_status":"open","template":"","meta":{"_acf_changed":false,"footnotes":""},"class_list":["post-32597","page","type-page","status-publish","has-post-thumbnail","hentry"],"acf":[],"yoast_head":"<!-- This site is optimized with the Yoast SEO Premium plugin v27.2 (Yoast SEO v27.4) - https:\/\/yoast.com\/product\/yoast-seo-premium-wordpress\/ -->\n<title>Solutions for automation, connections, low pressure molding | Sch\u00e4fer Group<\/title>\n<meta name=\"description\" content=\"Solutions for automation and connectivity, also molding systems and parts production for various industries\" \/>\n<meta name=\"robots\" content=\"index, follow, max-snippet:-1, max-image-preview:large, max-video-preview:-1\" \/>\n<link rel=\"canonical\" href=\"https:\/\/schaefer.biz\/en\/solutions\/\" \/>\n<meta property=\"og:locale\" content=\"en_US\" \/>\n<meta property=\"og:type\" content=\"article\" \/>\n<meta property=\"og:title\" content=\"Various Solutions\" \/>\n<meta property=\"og:description\" content=\"Solutions for automation and connectivity, also molding systems and parts production for various industries\" \/>\n<meta property=\"og:url\" content=\"https:\/\/schaefer.biz\/en\/solutions\/\" \/>\n<meta property=\"og:site_name\" content=\"Sch\u00e4fer Group\" \/>\n<meta property=\"article:publisher\" content=\"https:\/\/www.facebook.com\/SchaeferGroupMarketing\" \/>\n<meta property=\"article:modified_time\" content=\"2026-03-25T07:18:49+00:00\" \/>\n<meta property=\"og:image\" content=\"https:\/\/schaefer.biz\/wp-content\/uploads\/2022\/05\/AuveM-Muster-Thumb-344px.jpg\" \/>\n\t<meta property=\"og:image:width\" content=\"344\" \/>\n\t<meta property=\"og:image:height\" content=\"344\" \/>\n\t<meta property=\"og:image:type\" content=\"image\/jpeg\" \/>\n<meta name=\"twitter:card\" content=\"summary_large_image\" \/>\n<meta name=\"twitter:label1\" content=\"Est. reading time\" \/>\n\t<meta name=\"twitter:data1\" content=\"3 minutes\" \/>\n<!-- \/ Yoast SEO Premium plugin. -->","yoast_head_json":{"title":"Solutions for automation, connections, low pressure molding | Sch\u00e4fer Group","description":"Solutions for automation and connectivity, also molding systems and parts production for various industries","robots":{"index":"index","follow":"follow","max-snippet":"max-snippet:-1","max-image-preview":"max-image-preview:large","max-video-preview":"max-video-preview:-1"},"canonical":"https:\/\/schaefer.biz\/en\/solutions\/","og_locale":"en_US","og_type":"article","og_title":"Various Solutions","og_description":"Solutions for automation and connectivity, also molding systems and parts production for various industries","og_url":"https:\/\/schaefer.biz\/en\/solutions\/","og_site_name":"Sch\u00e4fer Group","article_publisher":"https:\/\/www.facebook.com\/SchaeferGroupMarketing","article_modified_time":"2026-03-25T07:18:49+00:00","og_image":[{"width":344,"height":344,"url":"https:\/\/schaefer.biz\/wp-content\/uploads\/2022\/05\/AuveM-Muster-Thumb-344px.jpg","type":"image\/jpeg"}],"twitter_card":"summary_large_image","twitter_misc":{"Est. reading time":"3 minutes"},"schema":{"@context":"https:\/\/schema.org","@graph":[{"@type":"WebPage","@id":"https:\/\/schaefer.biz\/en\/solutions\/","url":"https:\/\/schaefer.biz\/en\/solutions\/","name":"Solutions for automation, connections, low pressure molding | Sch\u00e4fer Group","isPartOf":{"@id":"https:\/\/schaefer.biz\/en\/#website"},"primaryImageOfPage":{"@id":"https:\/\/schaefer.biz\/en\/solutions\/#primaryimage"},"image":{"@id":"https:\/\/schaefer.biz\/en\/solutions\/#primaryimage"},"thumbnailUrl":"https:\/\/schaefer.biz\/wp-content\/uploads\/2022\/05\/AuveM-Muster-Thumb-344px.jpg","datePublished":"2025-02-13T14:09:56+00:00","dateModified":"2026-03-25T07:18:49+00:00","description":"Solutions for automation and connectivity, also molding systems and parts production for various industries","breadcrumb":{"@id":"https:\/\/schaefer.biz\/en\/solutions\/#breadcrumb"},"inLanguage":"en-US","potentialAction":[{"@type":"ReadAction","target":["https:\/\/schaefer.biz\/en\/solutions\/"]}]},{"@type":"ImageObject","inLanguage":"en-US","@id":"https:\/\/schaefer.biz\/en\/solutions\/#primaryimage","url":"https:\/\/schaefer.biz\/wp-content\/uploads\/2022\/05\/AuveM-Muster-Thumb-344px.jpg","contentUrl":"https:\/\/schaefer.biz\/wp-content\/uploads\/2022\/05\/AuveM-Muster-Thumb-344px.jpg","width":344,"height":344},{"@type":"BreadcrumbList","@id":"https:\/\/schaefer.biz\/en\/solutions\/#breadcrumb","itemListElement":[{"@type":"ListItem","position":1,"name":"Startseite","item":"https:\/\/schaefer.biz\/en\/"},{"@type":"ListItem","position":2,"name":"Various Solutions"}]},{"@type":"WebSite","@id":"https:\/\/schaefer.biz\/en\/#website","url":"https:\/\/schaefer.biz\/en\/","name":"Sch\u00e4fer Group","description":"Spezifische L\u00f6sungen f\u00fcr Ihre Kabel- und Kontaktverarbeitung | Individual solutions for your wire and terminal processing","publisher":{"@id":"https:\/\/schaefer.biz\/en\/#organization"},"alternateName":"Sch\u00e4fer Group","potentialAction":[{"@type":"SearchAction","target":{"@type":"EntryPoint","urlTemplate":"https:\/\/schaefer.biz\/en\/?s={search_term_string}"},"query-input":{"@type":"PropertyValueSpecification","valueRequired":true,"valueName":"search_term_string"}}],"inLanguage":"en-US"},{"@type":"Organization","@id":"https:\/\/schaefer.biz\/en\/#organization","name":"Sch\u00e4fer Group","url":"https:\/\/schaefer.biz\/en\/","logo":{"@type":"ImageObject","inLanguage":"en-US","@id":"https:\/\/schaefer.biz\/en\/#\/schema\/logo\/image\/","url":"https:\/\/schaefer.biz\/wp-content\/uploads\/2018\/11\/Logo_Schaefer_RGB_100-70-0-0.png","contentUrl":"https:\/\/schaefer.biz\/wp-content\/uploads\/2018\/11\/Logo_Schaefer_RGB_100-70-0-0.png","width":2084,"height":823,"caption":"Sch\u00e4fer Group"},"image":{"@id":"https:\/\/schaefer.biz\/en\/#\/schema\/logo\/image\/"},"sameAs":["https:\/\/www.facebook.com\/SchaeferGroupMarketing","https:\/\/www.linkedin.com\/company\/schaefergroup","https:\/\/www.youtube.com\/user\/SchaeferMarketing","https:\/\/www.instagram.com\/schaefer_group\/"]}]}},"_links":{"self":[{"href":"https:\/\/schaefer.biz\/en\/wp-json\/wp\/v2\/pages\/32597","targetHints":{"allow":["GET"]}}],"collection":[{"href":"https:\/\/schaefer.biz\/en\/wp-json\/wp\/v2\/pages"}],"about":[{"href":"https:\/\/schaefer.biz\/en\/wp-json\/wp\/v2\/types\/page"}],"author":[{"embeddable":true,"href":"https:\/\/schaefer.biz\/en\/wp-json\/wp\/v2\/users\/7"}],"replies":[{"embeddable":true,"href":"https:\/\/schaefer.biz\/en\/wp-json\/wp\/v2\/comments?post=32597"}],"version-history":[{"count":2,"href":"https:\/\/schaefer.biz\/en\/wp-json\/wp\/v2\/pages\/32597\/revisions"}],"predecessor-version":[{"id":40638,"href":"https:\/\/schaefer.biz\/en\/wp-json\/wp\/v2\/pages\/32597\/revisions\/40638"}],"wp:featuredmedia":[{"embeddable":true,"href":"https:\/\/schaefer.biz\/en\/wp-json\/wp\/v2\/media\/19236"}],"wp:attachment":[{"href":"https:\/\/schaefer.biz\/en\/wp-json\/wp\/v2\/media?parent=32597"}],"curies":[{"name":"wp","href":"https:\/\/api.w.org\/{rel}","templated":true}]}}