{"id":32712,"date":"2025-02-13T15:53:11","date_gmt":"2025-02-13T14:53:11","guid":{"rendered":"https:\/\/schaefer.biz\/?page_id=32712"},"modified":"2026-03-25T09:47:31","modified_gmt":"2026-03-25T08:47:31","slug":"software","status":"publish","type":"page","link":"https:\/\/schaefer.biz\/en\/solutions\/software\/","title":{"rendered":"Software Solutions"},"content":{"rendered":"<section class=\"l-section wpb_row height_small\"><div class=\"l-section-h i-cf\"><div class=\"g-cols vc_row via_flex valign_top type_default stacking_default\"><div class=\"vc_col-sm-12 wpb_column vc_column_container\"><div class=\"vc_column-inner\"><div class=\"wpb_wrapper\"><div class=\"wpb_text_column\"><div class=\"wpb_wrapper\"><p>Sch\u00e4fer offers innovative software for the operation and networking of machines in the sense of a Smart Factory in wire and terminal processing. Digital solutions for audiovisual support and data service in various operating situations as well as for the monitoring of machine parks open up new possibilities on the way to Industry 4.0.<\/p>\n<\/div><\/div><\/div><\/div><\/div><\/div><\/div><\/section><section class=\"l-section wpb_row height_small\"><div class=\"l-section-h i-cf\"><div class=\"g-cols vc_row via_flex valign_top type_default stacking_default\"><div class=\"vc_col-sm-4 wpb_column vc_column_container\"><div class=\"vc_column-inner\"><div class=\"wpb_wrapper\"><div class=\"w-image align_none\"><a title=\"Sch\u00e4fer STI\" href=\"\/en\/hmi-software\/schaefer-sti\/\" aria-label=\"STI-900x600px\" class=\"w-image-h\"><img decoding=\"async\" width=\"900\" height=\"600\" src=\"https:\/\/schaefer.biz\/wp-content\/uploads\/2020\/09\/STI-900x600px.jpg\" class=\"attachment-full size-full\" alt=\"\" loading=\"lazy\" srcset=\"https:\/\/schaefer.biz\/wp-content\/uploads\/2020\/09\/STI-900x600px.jpg 900w, https:\/\/schaefer.biz\/wp-content\/uploads\/2020\/09\/STI-900x600px-300x200.jpg 300w\" sizes=\"auto, (max-width: 900px) 100vw, 900px\" \/><\/a><\/div><\/div><\/div><\/div><div class=\"vc_col-sm-8 wpb_column vc_column_container\"><div class=\"vc_column-inner\"><div class=\"wpb_wrapper\"><div class=\"wpb_text_column\"><div class=\"wpb_wrapper\"><h2>Intuitive control of crimping machines<\/h2>\n<p>The HMI software STI is used in machines and processing stations from Sch\u00e4fer. The user-friendly touch screen enables safe navigation for operating and setting up the machine. The operator interacts via a structured and clear user interface, enabling him to understand the safe handling of the machine even in complex work processes.<\/p>\n<\/div><\/div><div class=\"w-btn-wrapper align_none\"><a class=\"w-btn us-btn-style_2\" title=\"Sch\u00e4fer Assist\" href=\"\/en\/hmi-software\/schaefer-sti\/\"><span class=\"w-btn-label\">Read more<\/span><\/a><\/div><\/div><\/div><\/div><\/div><\/div><\/section><section class=\"l-section wpb_row height_small\"><div class=\"l-section-h i-cf\"><div class=\"g-cols vc_row via_flex valign_top type_default stacking_default\"><div class=\"vc_col-sm-4 wpb_column vc_column_container\"><div class=\"vc_column-inner\"><div class=\"wpb_wrapper\"><div class=\"w-image align_none\"><a title=\"Sch\u00e4fer WireStar\" href=\"\/en\/software\/schaefer-wirestar\/\" aria-label=\"Wirestar-900x600px\" class=\"w-image-h\"><img decoding=\"async\" width=\"900\" height=\"600\" src=\"https:\/\/schaefer.biz\/wp-content\/uploads\/2020\/09\/Wirestar-900x600px.jpg\" class=\"attachment-full size-full\" alt=\"\" loading=\"lazy\" srcset=\"https:\/\/schaefer.biz\/wp-content\/uploads\/2020\/09\/Wirestar-900x600px.jpg 900w, https:\/\/schaefer.biz\/wp-content\/uploads\/2020\/09\/Wirestar-900x600px-300x200.jpg 300w\" sizes=\"auto, (max-width: 900px) 100vw, 900px\" \/><\/a><\/div><\/div><\/div><\/div><div class=\"vc_col-sm-8 wpb_column vc_column_container\"><div class=\"vc_column-inner\"><div class=\"wpb_wrapper\"><div class=\"wpb_text_column\"><div class=\"wpb_wrapper\"><h2>Safety control of fully automatic machines<\/h2>\n<p>The WireStar machine software supports optimum process sequences for high-quality production results both through reliable and delay-free data availability and through the user-friendly user interface. WireStar&#8217;s networkability contributes to central process coordination and is supported by extensive and configurable database management.<\/p>\n<\/div><\/div><div class=\"w-btn-wrapper align_none\"><a class=\"w-btn us-btn-style_2\" title=\"Sch\u00e4fer Assist\" href=\"\/en\/hmi-software\/schaefer-wirestar\/\"><span class=\"w-btn-label\">Read more<\/span><\/a><\/div><\/div><\/div><\/div><\/div><\/div><\/section><section class=\"l-section wpb_row height_small\"><div class=\"l-section-h i-cf\"><div class=\"g-cols vc_row via_flex valign_top type_default stacking_default\"><div class=\"vc_col-sm-4 wpb_column vc_column_container\"><div class=\"vc_column-inner\"><div class=\"wpb_wrapper\"><div class=\"w-image align_none\"><a title=\"Sch\u00e4fer Assist\" href=\"\/en\/software\/schaefer-assist\/\" aria-label=\"Assist-900x600px\" class=\"w-image-h\"><img decoding=\"async\" width=\"900\" height=\"600\" src=\"https:\/\/schaefer.biz\/wp-content\/uploads\/2020\/09\/Assist-900x600px.jpg\" class=\"attachment-full size-full\" alt=\"\" loading=\"lazy\" srcset=\"https:\/\/schaefer.biz\/wp-content\/uploads\/2020\/09\/Assist-900x600px.jpg 900w, https:\/\/schaefer.biz\/wp-content\/uploads\/2020\/09\/Assist-900x600px-300x200.jpg 300w\" sizes=\"auto, (max-width: 900px) 100vw, 900px\" \/><\/a><\/div><\/div><\/div><\/div><div class=\"vc_col-sm-8 wpb_column vc_column_container\"><div class=\"vc_column-inner\"><div class=\"wpb_wrapper\"><div class=\"wpb_text_column\"><div class=\"wpb_wrapper\"><h2>Remote service and documentations<\/h2>\n<p>Sch\u00e4fer offers the Assist software platform for audiovisual support in various operating situations such as maintenance, service or training. As a pioneer of the change to <strong>Industry 4.0<\/strong> in wire and terminal processing, Assist provides permanent access to relevant product information worldwide, including operating instructions and training videos.<\/p>\n<\/div><\/div><div class=\"w-btn-wrapper align_none\"><a class=\"w-btn us-btn-style_2\" title=\"Sch\u00e4fer Assist\" href=\"\/en\/hmi-software\/schaefer-assist\/\"><span class=\"w-btn-label\">Read more<\/span><\/a><\/div><\/div><\/div><\/div><\/div><\/div><\/section><section class=\"l-section wpb_row height_small\"><div class=\"l-section-h i-cf\"><div class=\"g-cols vc_row via_flex valign_top type_default stacking_default\"><div class=\"vc_col-sm-4 wpb_column vc_column_container\"><div class=\"vc_column-inner\"><div class=\"wpb_wrapper\"><div class=\"w-image align_none\"><a title=\"Sch\u00e4fer Connect\" href=\"\/en\/software\/schaefer-connect\/\" aria-label=\"Connect-900x600px\" class=\"w-image-h\"><img decoding=\"async\" width=\"900\" height=\"600\" src=\"https:\/\/schaefer.biz\/wp-content\/uploads\/2020\/09\/Connect-900x600px.jpg\" class=\"attachment-full size-full\" alt=\"\" loading=\"lazy\" srcset=\"https:\/\/schaefer.biz\/wp-content\/uploads\/2020\/09\/Connect-900x600px.jpg 900w, https:\/\/schaefer.biz\/wp-content\/uploads\/2020\/09\/Connect-900x600px-300x200.jpg 300w\" sizes=\"auto, (max-width: 900px) 100vw, 900px\" \/><\/a><\/div><\/div><\/div><\/div><div class=\"vc_col-sm-8 wpb_column vc_column_container\"><div class=\"vc_column-inner\"><div class=\"wpb_wrapper\"><div class=\"wpb_text_column\"><div class=\"wpb_wrapper\"><h2>Networking the machine park<\/h2>\n<p>Sch\u00e4fer Connect, a networking platform for communication between machines and the customer&#8217;s IT system (e.g. ERP\/MES), is another pioneer of the change to a <strong>Smart Factory<\/strong> in wire and terminal processing. Connect can support the monitoring of the machine park and thus contribute to the reduction of downtimes and non-productive times.<\/p>\n<\/div><\/div><div class=\"w-btn-wrapper align_none\"><a class=\"w-btn us-btn-style_2\" title=\"Sch\u00e4fer Assist\" href=\"\/en\/software\/schaefer-connect\/\"><span class=\"w-btn-label\">Read more<\/span><\/a><\/div><\/div><\/div><\/div><\/div><\/div><\/section>\n","protected":false},"excerpt":{"rendered":"Sch\u00e4fer offers innovative software for the operation and networking of machines in the sense of a Smart Factory in wire and terminal processing. Digital solutions for audiovisual support and data service in various operating situations as well as for the monitoring of machine parks open up new possibilities on the way to Industry 4.0. Intuitive...","protected":false},"author":7,"featured_media":13685,"parent":32597,"menu_order":0,"comment_status":"closed","ping_status":"open","template":"","meta":{"_acf_changed":false,"footnotes":""},"class_list":["post-32712","page","type-page","status-publish","has-post-thumbnail","hentry"],"acf":[],"yoast_head":"<!-- This site is optimized with the Yoast SEO Premium plugin v27.2 (Yoast SEO v27.4) - https:\/\/yoast.com\/product\/yoast-seo-premium-wordpress\/ -->\n<title>Software Solutions | Sch\u00e4fer Group<\/title>\n<meta name=\"robots\" content=\"index, follow, max-snippet:-1, max-image-preview:large, max-video-preview:-1\" \/>\n<link rel=\"canonical\" href=\"https:\/\/schaefer.biz\/en\/solutions\/software\/\" \/>\n<meta property=\"og:locale\" content=\"en_US\" \/>\n<meta property=\"og:type\" content=\"article\" \/>\n<meta property=\"og:title\" content=\"Software Solutions\" \/>\n<meta property=\"og:url\" content=\"https:\/\/schaefer.biz\/en\/solutions\/software\/\" \/>\n<meta property=\"og:site_name\" content=\"Sch\u00e4fer Group\" \/>\n<meta property=\"article:publisher\" content=\"https:\/\/www.facebook.com\/SchaeferGroupMarketing\" \/>\n<meta property=\"article:modified_time\" content=\"2026-03-25T08:47:31+00:00\" \/>\n<meta property=\"og:image\" content=\"https:\/\/schaefer.biz\/wp-content\/uploads\/2020\/08\/Assist_Teaser_344x229px.jpg\" \/>\n\t<meta property=\"og:image:width\" content=\"344\" \/>\n\t<meta property=\"og:image:height\" content=\"229\" \/>\n\t<meta property=\"og:image:type\" content=\"image\/jpeg\" \/>\n<meta name=\"twitter:card\" content=\"summary_large_image\" \/>\n<meta name=\"twitter:label1\" content=\"Est. reading time\" \/>\n\t<meta name=\"twitter:data1\" content=\"2 minutes\" \/>\n<!-- \/ Yoast SEO Premium plugin. -->","yoast_head_json":{"title":"Software Solutions | Sch\u00e4fer Group","robots":{"index":"index","follow":"follow","max-snippet":"max-snippet:-1","max-image-preview":"max-image-preview:large","max-video-preview":"max-video-preview:-1"},"canonical":"https:\/\/schaefer.biz\/en\/solutions\/software\/","og_locale":"en_US","og_type":"article","og_title":"Software Solutions","og_url":"https:\/\/schaefer.biz\/en\/solutions\/software\/","og_site_name":"Sch\u00e4fer Group","article_publisher":"https:\/\/www.facebook.com\/SchaeferGroupMarketing","article_modified_time":"2026-03-25T08:47:31+00:00","og_image":[{"width":344,"height":229,"url":"https:\/\/schaefer.biz\/wp-content\/uploads\/2020\/08\/Assist_Teaser_344x229px.jpg","type":"image\/jpeg"}],"twitter_card":"summary_large_image","twitter_misc":{"Est. reading time":"2 minutes"},"schema":{"@context":"https:\/\/schema.org","@graph":[{"@type":"WebPage","@id":"https:\/\/schaefer.biz\/en\/solutions\/software\/","url":"https:\/\/schaefer.biz\/en\/solutions\/software\/","name":"Software Solutions | Sch\u00e4fer Group","isPartOf":{"@id":"https:\/\/schaefer.biz\/en\/#website"},"primaryImageOfPage":{"@id":"https:\/\/schaefer.biz\/en\/solutions\/software\/#primaryimage"},"image":{"@id":"https:\/\/schaefer.biz\/en\/solutions\/software\/#primaryimage"},"thumbnailUrl":"https:\/\/schaefer.biz\/wp-content\/uploads\/2020\/08\/Assist_Teaser_344x229px.jpg","datePublished":"2025-02-13T14:53:11+00:00","dateModified":"2026-03-25T08:47:31+00:00","breadcrumb":{"@id":"https:\/\/schaefer.biz\/en\/solutions\/software\/#breadcrumb"},"inLanguage":"en-US","potentialAction":[{"@type":"ReadAction","target":["https:\/\/schaefer.biz\/en\/solutions\/software\/"]}]},{"@type":"ImageObject","inLanguage":"en-US","@id":"https:\/\/schaefer.biz\/en\/solutions\/software\/#primaryimage","url":"https:\/\/schaefer.biz\/wp-content\/uploads\/2020\/08\/Assist_Teaser_344x229px.jpg","contentUrl":"https:\/\/schaefer.biz\/wp-content\/uploads\/2020\/08\/Assist_Teaser_344x229px.jpg","width":344,"height":229,"caption":"Schriftzug mit Assist und Logo der Maschinensoftware"},{"@type":"BreadcrumbList","@id":"https:\/\/schaefer.biz\/en\/solutions\/software\/#breadcrumb","itemListElement":[{"@type":"ListItem","position":1,"name":"Startseite","item":"https:\/\/schaefer.biz\/en\/"},{"@type":"ListItem","position":2,"name":"Various Solutions","item":"https:\/\/schaefer.biz\/en\/solutions\/"},{"@type":"ListItem","position":3,"name":"Software Solutions"}]},{"@type":"WebSite","@id":"https:\/\/schaefer.biz\/en\/#website","url":"https:\/\/schaefer.biz\/en\/","name":"Sch\u00e4fer Group","description":"Spezifische L\u00f6sungen f\u00fcr Ihre Kabel- und Kontaktverarbeitung | Individual solutions for your wire and terminal processing","publisher":{"@id":"https:\/\/schaefer.biz\/en\/#organization"},"alternateName":"Sch\u00e4fer Group","potentialAction":[{"@type":"SearchAction","target":{"@type":"EntryPoint","urlTemplate":"https:\/\/schaefer.biz\/en\/?s={search_term_string}"},"query-input":{"@type":"PropertyValueSpecification","valueRequired":true,"valueName":"search_term_string"}}],"inLanguage":"en-US"},{"@type":"Organization","@id":"https:\/\/schaefer.biz\/en\/#organization","name":"Sch\u00e4fer Group","url":"https:\/\/schaefer.biz\/en\/","logo":{"@type":"ImageObject","inLanguage":"en-US","@id":"https:\/\/schaefer.biz\/en\/#\/schema\/logo\/image\/","url":"https:\/\/schaefer.biz\/wp-content\/uploads\/2018\/11\/Logo_Schaefer_RGB_100-70-0-0.png","contentUrl":"https:\/\/schaefer.biz\/wp-content\/uploads\/2018\/11\/Logo_Schaefer_RGB_100-70-0-0.png","width":2084,"height":823,"caption":"Sch\u00e4fer Group"},"image":{"@id":"https:\/\/schaefer.biz\/en\/#\/schema\/logo\/image\/"},"sameAs":["https:\/\/www.facebook.com\/SchaeferGroupMarketing","https:\/\/www.linkedin.com\/company\/schaefergroup","https:\/\/www.youtube.com\/user\/SchaeferMarketing","https:\/\/www.instagram.com\/schaefer_group\/"]}]}},"_links":{"self":[{"href":"https:\/\/schaefer.biz\/en\/wp-json\/wp\/v2\/pages\/32712","targetHints":{"allow":["GET"]}}],"collection":[{"href":"https:\/\/schaefer.biz\/en\/wp-json\/wp\/v2\/pages"}],"about":[{"href":"https:\/\/schaefer.biz\/en\/wp-json\/wp\/v2\/types\/page"}],"author":[{"embeddable":true,"href":"https:\/\/schaefer.biz\/en\/wp-json\/wp\/v2\/users\/7"}],"replies":[{"embeddable":true,"href":"https:\/\/schaefer.biz\/en\/wp-json\/wp\/v2\/comments?post=32712"}],"version-history":[{"count":1,"href":"https:\/\/schaefer.biz\/en\/wp-json\/wp\/v2\/pages\/32712\/revisions"}],"predecessor-version":[{"id":40733,"href":"https:\/\/schaefer.biz\/en\/wp-json\/wp\/v2\/pages\/32712\/revisions\/40733"}],"up":[{"embeddable":true,"href":"https:\/\/schaefer.biz\/en\/wp-json\/wp\/v2\/pages\/32597"}],"wp:featuredmedia":[{"embeddable":true,"href":"https:\/\/schaefer.biz\/en\/wp-json\/wp\/v2\/media\/13685"}],"wp:attachment":[{"href":"https:\/\/schaefer.biz\/en\/wp-json\/wp\/v2\/media?parent=32712"}],"curies":[{"name":"wp","href":"https:\/\/api.w.org\/{rel}","templated":true}]}}