{"id":34817,"date":"2025-04-14T10:32:42","date_gmt":"2025-04-14T08:32:42","guid":{"rendered":"https:\/\/schaefer.biz\/?page_id=34817"},"modified":"2025-04-15T08:46:07","modified_gmt":"2025-04-15T06:46:07","slug":"pof-machines","status":"publish","type":"page","link":"https:\/\/schaefer.biz\/en\/products\/pof-machines\/","title":{"rendered":"Fiber optic processing"},"content":{"rendered":"<section class=\"l-section wpb_row height_small\"><div class=\"l-section-h i-cf\"><div class=\"g-cols vc_row via_flex valign_top type_default stacking_default\"><div class=\"vc_col-sm-6 wpb_column vc_column_container\"><div class=\"vc_column-inner\"><div class=\"wpb_wrapper\"><div class=\"wpb_text_column\"><div class=\"wpb_wrapper\"><p>The special properties of plastic optical fibers require parameters and processes specifically tailored to the material. Sch\u00e4fer has many years of experience in the development and manufacturing of tools and machines in this segment.<\/p>\n<p>For the production of fiber optic cables, we offer processing lines and automation systems that meet high standards. With these, the entire process can be realized either semi-automatically or fully automatically. Typical applications of the cables include pigtails and control cables in the automotive industry, patch and signal cables for IT and building installations.<\/p>\n<\/div><\/div><\/div><\/div><\/div><div class=\"vc_col-sm-6 wpb_column vc_column_container\"><div class=\"vc_column-inner\"><div class=\"wpb_wrapper\"><div class=\"w-image align_none\"><div class=\"w-image-h\"><img decoding=\"async\" width=\"771\" height=\"431\" src=\"https:\/\/schaefer.biz\/wp-content\/uploads\/2025\/04\/LWL-Muster_alle_kompakt_flatmax.jpg\" class=\"attachment-full size-full\" alt=\"\" loading=\"lazy\" srcset=\"https:\/\/schaefer.biz\/wp-content\/uploads\/2025\/04\/LWL-Muster_alle_kompakt_flatmax.jpg 771w, https:\/\/schaefer.biz\/wp-content\/uploads\/2025\/04\/LWL-Muster_alle_kompakt_flatmax-300x168.jpg 300w\" sizes=\"auto, (max-width: 771px) 100vw, 771px\" \/><\/div><\/div><\/div><\/div><\/div><\/div><\/div><\/section><section class=\"l-section wpb_row height_small\"><div class=\"l-section-h i-cf\"><div class=\"g-cols vc_row via_flex valign_top type_default stacking_default\"><div class=\"vc_col-sm-12 wpb_column vc_column_container\"><div class=\"vc_column-inner\"><div class=\"wpb_wrapper\"><div class=\"wpb_text_column\"><div class=\"wpb_wrapper\"><h2>Semi-automatic solution<\/h2>\n<p>The fiber optic processing line is used for the production of high-quality fiber optic cables in various configurations. Welded connections with high precision and low light attenuation are made on the prepared cables.<span><\/span><\/p>\n<\/div><\/div><\/div><\/div><\/div><\/div><\/div><\/section><section class=\"l-section wpb_row height_small\"><div class=\"l-section-h i-cf\"><div class=\"g-cols vc_row via_flex valign_top type_default stacking_default\"><div class=\"vc_col-sm-4 wpb_column vc_column_container\"><div class=\"vc_column-inner\"><div class=\"wpb_wrapper\"><div class=\"w-image us_custom_97d0c0d5 align_none\"><div class=\"w-image-h\"><img decoding=\"async\" width=\"570\" height=\"380\" src=\"https:\/\/schaefer.biz\/wp-content\/uploads\/2025\/04\/LWL-Doppellaserschweissmodul_570x380px_oB.jpg\" class=\"attachment-full size-full\" alt=\"\" loading=\"lazy\" srcset=\"https:\/\/schaefer.biz\/wp-content\/uploads\/2025\/04\/LWL-Doppellaserschweissmodul_570x380px_oB.jpg 570w, https:\/\/schaefer.biz\/wp-content\/uploads\/2025\/04\/LWL-Doppellaserschweissmodul_570x380px_oB-300x200.jpg 300w\" sizes=\"auto, (max-width: 570px) 100vw, 570px\" \/><\/div><\/div><div class=\"wpb_text_column\"><div class=\"wpb_wrapper\"><h4>Laser welding module<\/h4>\n<p>Machine for creating the connection between the ferrule and the cable<\/p>\n<\/div><\/div><\/div><\/div><\/div><div class=\"vc_col-sm-4 wpb_column vc_column_container\"><div class=\"vc_column-inner\"><div class=\"wpb_wrapper\"><div class=\"w-image us_custom_97d0c0d5 align_none\"><div class=\"w-image-h\"><img decoding=\"async\" width=\"570\" height=\"380\" src=\"https:\/\/schaefer.biz\/wp-content\/uploads\/2025\/04\/LWL_Schneidmaschine_570x380px_oB.jpg\" class=\"attachment-full size-full\" alt=\"\" loading=\"lazy\" srcset=\"https:\/\/schaefer.biz\/wp-content\/uploads\/2025\/04\/LWL_Schneidmaschine_570x380px_oB.jpg 570w, https:\/\/schaefer.biz\/wp-content\/uploads\/2025\/04\/LWL_Schneidmaschine_570x380px_oB-300x200.jpg 300w\" sizes=\"auto, (max-width: 570px) 100vw, 570px\" \/><\/div><\/div><div class=\"wpb_text_column\"><div class=\"wpb_wrapper\"><h4>Cutting machine<\/h4>\n<p>Machine for cutting optical fibers to defined lengths<\/p>\n<\/div><\/div><\/div><\/div><\/div><div class=\"vc_col-sm-4 wpb_column vc_column_container\"><div class=\"vc_column-inner\"><div class=\"wpb_wrapper\"><div class=\"w-image us_custom_97d0c0d5 align_none\"><div class=\"w-image-h\"><img decoding=\"async\" width=\"570\" height=\"380\" src=\"https:\/\/schaefer.biz\/wp-content\/uploads\/2025\/04\/LWL-Abwickler_570x380px_oB.jpg\" class=\"attachment-full size-full\" alt=\"\" loading=\"lazy\" srcset=\"https:\/\/schaefer.biz\/wp-content\/uploads\/2025\/04\/LWL-Abwickler_570x380px_oB.jpg 570w, https:\/\/schaefer.biz\/wp-content\/uploads\/2025\/04\/LWL-Abwickler_570x380px_oB-300x200.jpg 300w\" sizes=\"auto, (max-width: 570px) 100vw, 570px\" \/><\/div><\/div><div class=\"wpb_text_column\"><div class=\"wpb_wrapper\"><h4>Cable dispenser<\/h4>\n<p>Dispenser with storage for tension-free cable feeding<\/p>\n<\/div><\/div><\/div><\/div><\/div><\/div><\/div><\/section><section class=\"l-section wpb_row height_small\"><div class=\"l-section-h i-cf\"><div class=\"g-cols vc_row via_flex valign_top type_default stacking_default\"><div class=\"vc_col-sm-12 wpb_column vc_column_container\"><div class=\"vc_column-inner\"><div class=\"wpb_wrapper\"><div class=\"w-btn-wrapper align_none\"><a class=\"w-btn us-btn-style_1 us_custom_1da3bb4d\" href=\"\/en\/portfolio\/optical-fiber-processing-line\/\"><span class=\"w-btn-label\">Further information<\/span><\/a><\/div><\/div><\/div><\/div><\/div><\/div><\/section><section class=\"l-section wpb_row height_small\"><div class=\"l-section-h i-cf\"><div class=\"g-cols vc_row via_flex valign_top type_default stacking_default\"><div class=\"vc_col-sm-12 wpb_column vc_column_container\"><div class=\"vc_column-inner\"><div class=\"wpb_wrapper\"><div class=\"wpb_text_column\"><div class=\"wpb_wrapper\"><h2>Fully automatic solution<\/h2>\n<p>With the automation system from the &#8220;SynchroLine&#8221; series, Sch\u00e4fer offers a solution for fully automatic cable production for larger series. The central control with fully integrated quality monitoring enables high efficiency.<\/p>\n<\/div><\/div><\/div><\/div><\/div><\/div><\/div><\/section><section class=\"l-section wpb_row height_small\"><div class=\"l-section-h i-cf\"><div class=\"g-cols vc_row via_flex valign_top type_default stacking_default\"><div class=\"vc_col-sm-6 wpb_column vc_column_container\"><div class=\"vc_column-inner\"><div class=\"wpb_wrapper\"><div class=\"w-image us_custom_97d0c0d5 align_none\"><a href=\"\/en\/portfolio\/automation-system-synchroline-for-light-wave-cables-pof\/\" aria-label=\"POF-Machine-10-Wire-Sample-08_566x378px\" class=\"w-image-h\"><img decoding=\"async\" width=\"566\" height=\"378\" src=\"https:\/\/schaefer.biz\/wp-content\/uploads\/2018\/04\/POF-Machine-10-Wire-Sample-08_566x378px.jpg\" class=\"attachment-full size-full\" alt=\"\" loading=\"lazy\" srcset=\"https:\/\/schaefer.biz\/wp-content\/uploads\/2018\/04\/POF-Machine-10-Wire-Sample-08_566x378px.jpg 566w, https:\/\/schaefer.biz\/wp-content\/uploads\/2018\/04\/POF-Machine-10-Wire-Sample-08_566x378px-300x200.jpg 300w\" sizes=\"auto, (max-width: 566px) 100vw, 566px\" \/><\/a><\/div><\/div><\/div><\/div><div class=\"vc_col-sm-6 wpb_column vc_column_container\"><div class=\"vc_column-inner\"><div class=\"wpb_wrapper\"><div class=\"w-image align_none\"><a href=\"\/en\/portfolio\/automation-system-synchroline-for-light-wave-cables-pof\/\" aria-label=\"Schaefer-POF-Machine-1140px\" class=\"w-image-h\"><img decoding=\"async\" width=\"1140\" height=\"741\" src=\"https:\/\/schaefer.biz\/wp-content\/uploads\/2018\/04\/Schaefer-POF-Machine-1140px.jpg\" class=\"attachment-full size-full\" alt=\"\" loading=\"lazy\" srcset=\"https:\/\/schaefer.biz\/wp-content\/uploads\/2018\/04\/Schaefer-POF-Machine-1140px.jpg 1140w, https:\/\/schaefer.biz\/wp-content\/uploads\/2018\/04\/Schaefer-POF-Machine-1140px-300x195.jpg 300w, https:\/\/schaefer.biz\/wp-content\/uploads\/2018\/04\/Schaefer-POF-Machine-1140px-1024x666.jpg 1024w\" sizes=\"auto, (max-width: 1140px) 100vw, 1140px\" \/><\/a><\/div><\/div><\/div><\/div><\/div><\/div><\/section><section class=\"l-section wpb_row us_custom_4f24afa8 height_small\"><div class=\"l-section-h i-cf\"><div class=\"g-cols vc_row via_flex valign_top type_default stacking_default\"><div class=\"vc_col-sm-12 wpb_column vc_column_container\"><div class=\"vc_column-inner\"><div class=\"wpb_wrapper\"><div class=\"w-btn-wrapper align_none\"><a class=\"w-btn us-btn-style_1 us_custom_1da3bb4d\" href=\"\/en\/portfolio\/automation-system-synchroline-for-light-wave-cables-pof\/\"><span class=\"w-btn-label\">Further information<\/span><\/a><\/div><\/div><\/div><\/div><\/div><\/div><\/section><section class=\"l-section wpb_row us_custom_38d68270 height_small\"><div class=\"l-section-h i-cf\"><div class=\"g-cols vc_row via_flex valign_top type_default stacking_default\"><div class=\"vc_col-sm-12 wpb_column vc_column_container\"><div class=\"vc_column-inner\"><div class=\"wpb_wrapper\"><section class=\"l-section wpb_row us_custom_38d68270 height_small width_full\"><div class=\"l-section-h i-cf\"><div class=\"g-cols vc_row via_flex valign_top type_default stacking_default\"><div class=\"vc_col-sm-6 wpb_column vc_column_container\"><div class=\"vc_column-inner\"><div class=\"wpb_wrapper\"><div class=\"w-image us_custom_68905004 align_none\"><div class=\"w-image-h\"><img decoding=\"async\" width=\"1024\" height=\"681\" src=\"https:\/\/schaefer.biz\/wp-content\/uploads\/2022\/11\/Service-Employee-1024x681px.jpg\" class=\"attachment-full size-full\" alt=\"\" loading=\"lazy\" srcset=\"https:\/\/schaefer.biz\/wp-content\/uploads\/2022\/11\/Service-Employee-1024x681px.jpg 1024w, https:\/\/schaefer.biz\/wp-content\/uploads\/2022\/11\/Service-Employee-1024x681px-300x200.jpg 300w\" sizes=\"auto, (max-width: 1024px) 100vw, 1024px\" \/><\/div><\/div><\/div><\/div><\/div><div class=\"vc_col-sm-6 wpb_column vc_column_container\"><div class=\"vc_column-inner\"><div class=\"wpb_wrapper\"><div class=\"wpb_text_column us_custom_13f389bc\"><div class=\"wpb_wrapper\"><h2>Individual Consultation<\/h2>\n<\/div><\/div><div class=\"wpb_text_column\"><div class=\"wpb_wrapper\"><p>Are you looking for an experienced partner for the manufacturing of machinery and equipment for the production of fiber optic cables? Sch\u00e4fer offers you a wide range of solutions for various application areas.<\/p>\n<p>Contact our experts now for personalized consultation!<\/p>\n<\/div><\/div><div class=\"w-btn-wrapper align_none\"><a class=\"w-btn us-btn-style_1\" href=\"\/en\/contact\/consulting-and-offer\/\"><span class=\"w-btn-label\">Contact us<\/span><\/a><\/div><\/div><\/div><\/div><\/div><\/div><\/section>\n<\/div><\/div><\/div><\/div><\/div><\/section>\n","protected":false},"excerpt":{"rendered":"The special properties of plastic optical fibers require parameters and processes specifically tailored to the material. Sch\u00e4fer has many years of experience in the development and manufacturing of tools and machines in this segment. For the production of fiber optic cables, we offer processing lines and automation systems that meet high standards. With these, the...","protected":false},"author":7,"featured_media":34833,"parent":1883,"menu_order":0,"comment_status":"closed","ping_status":"open","template":"","meta":{"_acf_changed":false,"footnotes":""},"class_list":["post-34817","page","type-page","status-publish","has-post-thumbnail","hentry"],"acf":[],"yoast_head":"<!-- This site is optimized with the Yoast SEO Premium plugin v27.2 (Yoast SEO v27.4) - https:\/\/yoast.com\/product\/yoast-seo-premium-wordpress\/ -->\n<title>POF Processing | Sch\u00e4fer Group<\/title>\n<meta name=\"description\" content=\"Machines and systems for processing optical fibers (LWL) and for industrial cable production for small and large series.\" \/>\n<meta name=\"robots\" content=\"index, follow, max-snippet:-1, max-image-preview:large, max-video-preview:-1\" \/>\n<link rel=\"canonical\" href=\"https:\/\/schaefer.biz\/en\/products\/pof-machines\/\" \/>\n<meta property=\"og:locale\" content=\"en_US\" \/>\n<meta property=\"og:type\" content=\"article\" \/>\n<meta property=\"og:title\" content=\"Fiber optic processing\" \/>\n<meta property=\"og:description\" content=\"Machines and systems for processing optical fibers (LWL) and for industrial cable production for small and large series.\" \/>\n<meta property=\"og:url\" content=\"https:\/\/schaefer.biz\/en\/products\/pof-machines\/\" \/>\n<meta property=\"og:site_name\" content=\"Sch\u00e4fer Group\" \/>\n<meta property=\"article:publisher\" content=\"https:\/\/www.facebook.com\/SchaeferGroupMarketing\" \/>\n<meta property=\"article:modified_time\" content=\"2025-04-15T06:46:07+00:00\" \/>\n<meta property=\"og:image\" content=\"https:\/\/schaefer.biz\/wp-content\/uploads\/2022\/03\/Schaefer-Crimping-Machine-EPS-2001-Airbag-Connector-1200px-1140px.jpg\" \/>\n\t<meta property=\"og:image:width\" content=\"1140\" \/>\n\t<meta property=\"og:image:height\" content=\"554\" \/>\n\t<meta property=\"og:image:type\" content=\"image\/jpeg\" \/>\n<meta name=\"twitter:card\" content=\"summary_large_image\" \/>\n<meta name=\"twitter:label1\" content=\"Est. reading time\" \/>\n\t<meta name=\"twitter:data1\" content=\"2 minutes\" \/>\n<!-- \/ Yoast SEO Premium plugin. -->","yoast_head_json":{"title":"POF Processing | Sch\u00e4fer Group","description":"Machines and systems for processing optical fibers (LWL) and for industrial cable production for small and large series.","robots":{"index":"index","follow":"follow","max-snippet":"max-snippet:-1","max-image-preview":"max-image-preview:large","max-video-preview":"max-video-preview:-1"},"canonical":"https:\/\/schaefer.biz\/en\/products\/pof-machines\/","og_locale":"en_US","og_type":"article","og_title":"Fiber optic processing","og_description":"Machines and systems for processing optical fibers (LWL) and for industrial cable production for small and large series.","og_url":"https:\/\/schaefer.biz\/en\/products\/pof-machines\/","og_site_name":"Sch\u00e4fer Group","article_publisher":"https:\/\/www.facebook.com\/SchaeferGroupMarketing","article_modified_time":"2025-04-15T06:46:07+00:00","og_image":[{"width":1140,"height":554,"url":"https:\/\/schaefer.biz\/wp-content\/uploads\/2022\/03\/Schaefer-Crimping-Machine-EPS-2001-Airbag-Connector-1200px-1140px.jpg","type":"image\/jpeg"}],"twitter_card":"summary_large_image","twitter_misc":{"Est. reading time":"2 minutes"},"schema":{"@context":"https:\/\/schema.org","@graph":[{"@type":"WebPage","@id":"https:\/\/schaefer.biz\/en\/products\/pof-machines\/","url":"https:\/\/schaefer.biz\/en\/products\/pof-machines\/","name":"POF Processing | Sch\u00e4fer Group","isPartOf":{"@id":"https:\/\/schaefer.biz\/en\/#website"},"primaryImageOfPage":{"@id":"https:\/\/schaefer.biz\/en\/products\/pof-machines\/#primaryimage"},"image":{"@id":"https:\/\/schaefer.biz\/en\/products\/pof-machines\/#primaryimage"},"thumbnailUrl":"https:\/\/schaefer.biz\/wp-content\/uploads\/2025\/04\/LWL-Muster_alle_kompakt.jpg","datePublished":"2025-04-14T08:32:42+00:00","dateModified":"2025-04-15T06:46:07+00:00","description":"Machines and systems for processing optical fibers (LWL) and for industrial cable production for small and large series.","breadcrumb":{"@id":"https:\/\/schaefer.biz\/en\/products\/pof-machines\/#breadcrumb"},"inLanguage":"en-US","potentialAction":[{"@type":"ReadAction","target":["https:\/\/schaefer.biz\/en\/products\/pof-machines\/"]}]},{"@type":"ImageObject","inLanguage":"en-US","@id":"https:\/\/schaefer.biz\/en\/products\/pof-machines\/#primaryimage","url":"https:\/\/schaefer.biz\/wp-content\/uploads\/2025\/04\/LWL-Muster_alle_kompakt.jpg","contentUrl":"https:\/\/schaefer.biz\/wp-content\/uploads\/2025\/04\/LWL-Muster_alle_kompakt.jpg","width":803,"height":535},{"@type":"BreadcrumbList","@id":"https:\/\/schaefer.biz\/en\/products\/pof-machines\/#breadcrumb","itemListElement":[{"@type":"ListItem","position":1,"name":"Startseite","item":"https:\/\/schaefer.biz\/en\/"},{"@type":"ListItem","position":2,"name":"Products","item":"https:\/\/schaefer.biz\/en\/products\/"},{"@type":"ListItem","position":3,"name":"Fiber optic processing"}]},{"@type":"WebSite","@id":"https:\/\/schaefer.biz\/en\/#website","url":"https:\/\/schaefer.biz\/en\/","name":"Sch\u00e4fer Group","description":"Spezifische L\u00f6sungen f\u00fcr Ihre Kabel- und Kontaktverarbeitung | Individual solutions for your wire and terminal processing","publisher":{"@id":"https:\/\/schaefer.biz\/en\/#organization"},"alternateName":"Sch\u00e4fer Group","potentialAction":[{"@type":"SearchAction","target":{"@type":"EntryPoint","urlTemplate":"https:\/\/schaefer.biz\/en\/?s={search_term_string}"},"query-input":{"@type":"PropertyValueSpecification","valueRequired":true,"valueName":"search_term_string"}}],"inLanguage":"en-US"},{"@type":"Organization","@id":"https:\/\/schaefer.biz\/en\/#organization","name":"Sch\u00e4fer Group","url":"https:\/\/schaefer.biz\/en\/","logo":{"@type":"ImageObject","inLanguage":"en-US","@id":"https:\/\/schaefer.biz\/en\/#\/schema\/logo\/image\/","url":"https:\/\/schaefer.biz\/wp-content\/uploads\/2018\/11\/Logo_Schaefer_RGB_100-70-0-0.png","contentUrl":"https:\/\/schaefer.biz\/wp-content\/uploads\/2018\/11\/Logo_Schaefer_RGB_100-70-0-0.png","width":2084,"height":823,"caption":"Sch\u00e4fer Group"},"image":{"@id":"https:\/\/schaefer.biz\/en\/#\/schema\/logo\/image\/"},"sameAs":["https:\/\/www.facebook.com\/SchaeferGroupMarketing","https:\/\/www.linkedin.com\/company\/schaefergroup","https:\/\/www.youtube.com\/user\/SchaeferMarketing","https:\/\/www.instagram.com\/schaefer_group\/"]}]}},"_links":{"self":[{"href":"https:\/\/schaefer.biz\/en\/wp-json\/wp\/v2\/pages\/34817","targetHints":{"allow":["GET"]}}],"collection":[{"href":"https:\/\/schaefer.biz\/en\/wp-json\/wp\/v2\/pages"}],"about":[{"href":"https:\/\/schaefer.biz\/en\/wp-json\/wp\/v2\/types\/page"}],"author":[{"embeddable":true,"href":"https:\/\/schaefer.biz\/en\/wp-json\/wp\/v2\/users\/7"}],"replies":[{"embeddable":true,"href":"https:\/\/schaefer.biz\/en\/wp-json\/wp\/v2\/comments?post=34817"}],"version-history":[{"count":0,"href":"https:\/\/schaefer.biz\/en\/wp-json\/wp\/v2\/pages\/34817\/revisions"}],"up":[{"embeddable":true,"href":"https:\/\/schaefer.biz\/en\/wp-json\/wp\/v2\/pages\/1883"}],"wp:featuredmedia":[{"embeddable":true,"href":"https:\/\/schaefer.biz\/en\/wp-json\/wp\/v2\/media\/34833"}],"wp:attachment":[{"href":"https:\/\/schaefer.biz\/en\/wp-json\/wp\/v2\/media?parent=34817"}],"curies":[{"name":"wp","href":"https:\/\/api.w.org\/{rel}","templated":true}]}}