{"id":37322,"date":"2025-09-04T14:32:16","date_gmt":"2025-09-04T12:32:16","guid":{"rendered":"https:\/\/schaefer.biz\/?page_id=37322"},"modified":"2026-04-01T13:48:15","modified_gmt":"2026-04-01T11:48:15","slug":"tickets","status":"publish","type":"page","link":"https:\/\/schaefer.biz\/en\/contact\/tickets\/","title":{"rendered":"Tickets for your trade fair visit"},"content":{"rendered":"<section class=\"l-section wpb_row height_small\"><div class=\"l-section-h i-cf\"><div class=\"g-cols vc_row via_flex valign_top type_default stacking_default\"><div class=\"vc_col-sm-6 wpb_column vc_column_container\"><div class=\"vc_column-inner\"><div class=\"wpb_wrapper\"><div class=\"w-image align_none\"><div class=\"w-image-h\"><img decoding=\"async\" width=\"710\" height=\"142\" src=\"https:\/\/schaefer.biz\/wp-content\/uploads\/2026\/04\/KUT_Logo_rgb_Ohne-Subline.png\" class=\"attachment-full size-full\" alt=\"Logo for KUTENO 2026 \u2013 the supplier trade fair for the plastics processing industry.\" loading=\"lazy\" srcset=\"https:\/\/schaefer.biz\/wp-content\/uploads\/2026\/04\/KUT_Logo_rgb_Ohne-Subline.png 710w, https:\/\/schaefer.biz\/wp-content\/uploads\/2026\/04\/KUT_Logo_rgb_Ohne-Subline-300x60.png 300w\" sizes=\"auto, (max-width: 710px) 100vw, 710px\" \/><\/div><\/div><div class=\"wpb_text_column us_custom_cdf14ffd\"><div class=\"wpb_wrapper\"><h3 data-renderer-start-pos=\"13\">2026 June 09 \u2013 11<br \/>\nBad Salzuflen, Germany<\/h3>\n<\/div><\/div><div class=\"wpb_text_column us_custom_703b2333\"><div class=\"wpb_wrapper\"><p>Schaefer is your solution provider for reliable and customized connection and automation processes, offering a comprehensive range of products from component production to tools and machines, as well as software-based quality assurance, all from a single source.<\/p>\n<p>Visit us and experience our innovative machines and cutting-edge software in action! Speak personally with our experts and see our products and new developments on-site.<\/p>\n<p><strong>Contact us for your personal visitor pass!<\/strong><\/p>\n<p>We look forward to welcoming you at our booth.<\/p>\n<\/div><\/div><\/div><\/div><\/div><div class=\"vc_col-sm-6 wpb_column vc_column_container\"><div class=\"vc_column-inner us_custom_7dff0e06\"><div class=\"wpb_wrapper\"><form class=\"w-form  us-field-style_1 layout_ver show_message_after_sending for_cform us_form_1\" action=\"https:\/\/schaefer.biz\/en\/wp-json\/wp\/v2\/pages\/37322\" method=\"post\"><div class=\"w-form-h\"><div class=\"w-form-row for_text has_label required\">\r\n\t\t\t<div class=\"w-form-row-label\">\r\n\t\t\t<span>Your Data *<\/span>\r\n\t\t<\/div>\r\n\t\t<div class=\"w-form-row-field\">\r\n\t\t\t\t\t\t<input aria-label=\"Your Data\" type=\"text\" name=\"us_form_1_text_1\" value placeholder=\"Mr.\/Mrs.\" data-required=\"true\" aria-required=\"true\"\/>\r\n\t\t\t<\/div>\r\n\t\t<div class=\"w-form-row-state\">Fill out this field<\/div>\r\n<\/div>\r\n<div class=\"w-form-row for_text required\">\r\n\t\t<div class=\"w-form-row-field\">\r\n\t\t\t\t\t\t<input aria-label=\"Name\" type=\"text\" name=\"us_form_1_text_2\" value placeholder=\"Name *\" data-required=\"true\" aria-required=\"true\"\/>\r\n\t\t\t<\/div>\r\n\t\t<div class=\"w-form-row-state\">Fill out this field<\/div>\r\n<\/div>\r\n<div class=\"w-form-row for_text required\">\r\n\t\t<div class=\"w-form-row-field\">\r\n\t\t\t\t\t\t<input aria-label=\"Company Name\" type=\"text\" name=\"us_form_1_text_3\" value placeholder=\"Company Name *\" data-required=\"true\" aria-required=\"true\"\/>\r\n\t\t\t<\/div>\r\n\t\t<div class=\"w-form-row-state\">Fill out this field<\/div>\r\n<\/div>\r\n<div class=\"w-form-row for_text required\">\r\n\t\t<div class=\"w-form-row-field\">\r\n\t\t\t\t\t\t<input aria-label=\"Street, No.\" type=\"text\" name=\"us_form_1_text_4\" value placeholder=\"Street, No. *\" data-required=\"true\" aria-required=\"true\"\/>\r\n\t\t\t<\/div>\r\n\t\t<div class=\"w-form-row-state\">Fill out this field<\/div>\r\n<\/div>\r\n<div class=\"w-form-row for_text required\">\r\n\t\t<div class=\"w-form-row-field\">\r\n\t\t\t\t\t\t<input aria-label=\"ZIP Code and City\" type=\"text\" name=\"us_form_1_text_5\" value placeholder=\"ZIP Code and City *\" data-required=\"true\" aria-required=\"true\"\/>\r\n\t\t\t<\/div>\r\n\t\t<div class=\"w-form-row-state\">Fill out this field<\/div>\r\n<\/div>\r\n<div class=\"w-form-row for_text required\">\r\n\t\t<div class=\"w-form-row-field\">\r\n\t\t\t\t\t\t<input aria-label=\"Country\" type=\"text\" name=\"us_form_1_text_6\" value placeholder=\"Country *\" data-required=\"true\" aria-required=\"true\"\/>\r\n\t\t\t<\/div>\r\n\t\t<div class=\"w-form-row-state\">Fill out this field<\/div>\r\n<\/div>\r\n<div class=\"w-form-row for_text required\">\r\n\t\t<div class=\"w-form-row-field\">\r\n\t\t\t\t\t\t<input aria-label=\"Phone\" type=\"text\" name=\"us_form_1_text_7\" value placeholder=\"Phone *\" data-required=\"true\" aria-required=\"true\"\/>\r\n\t\t\t<\/div>\r\n\t\t<div class=\"w-form-row-state\">Fill out this field<\/div>\r\n<\/div>\r\n<div class=\"w-form-row for_email required\">\r\n\t\t<div class=\"w-form-row-field\">\r\n\t\t\t\t\t\t<input aria-label=\"Email Address\" type=\"email\" name=\"us_form_1_email_1\" value placeholder=\"Email Address *\" data-required=\"true\" aria-required=\"true\"\/>\r\n\t\t\t<\/div>\r\n\t\t<div class=\"w-form-row-state\">Please enter a valid email address.<\/div>\r\n<\/div>\r\n<div class=\"w-form-row for_select has_label required\">\r\n\t\t\t<div class=\"w-form-row-label\">\r\n\t\t\t<span>Number of participants *<\/span>\r\n\t\t<\/div>\r\n\t\t<div class=\"w-form-row-field\">\r\n\t\t\t\t\t\t<select aria-label=\"Number of participants\" data-required=\"true\" aria-required=\"true\" name=\"us_form_1_select_1\">\r\n\t\t\t<option value=\"1\">1<\/option><option value=\"2\">2<\/option><option value=\"3\">3<\/option><option value=\"4\">4<\/option><option value=\"5\">5<\/option>\t\t<\/select>\r\n\t\t\t<\/div>\r\n\t\t<div class=\"w-form-row-state\">Select an option<\/div>\r\n<\/div>\r\n<div class=\"w-form-row for_textarea has_label required\">\r\n\t\t\t<div class=\"w-form-row-label\">\r\n\t\t\t<span>Names of the participants *<\/span>\r\n\t\t<\/div>\r\n\t\t<div class=\"w-form-row-field\">\r\n\t\t\t\t\t\t<textarea aria-label=\"Names of the participants\" name=\"us_form_1_textarea_1\" placeholder=\"John Doe\" data-required=\"true\" aria-required=\"true\"><\/textarea>\r\n\t\t\t<\/div>\r\n\t\t<div class=\"w-form-row-state\">Fill out this field<\/div>\r\n<\/div>\r\n<div class=\"w-form-row for_select has_label required\">\r\n\t\t\t<div class=\"w-form-row-label\">\r\n\t\t\t<span>Expected day of visit *<\/span>\r\n\t\t<\/div>\r\n\t\t<div class=\"w-form-row-field\">\r\n\t\t\t\t\t\t<select aria-label=\"Expected day of visit\" data-required=\"true\" aria-required=\"true\" name=\"us_form_1_select_2\">\r\n\t\t\t<option value=\"please choose\">please choose<\/option><option value=\"Tuesday, June 09, 2026\">Tuesday, June 09, 2026<\/option><option value=\"Wednesday, June 10, 2026\">Wednesday, June 10, 2026<\/option><option value=\"Thursday, June 11, 2026\">Thursday, June 11, 2026<\/option>\t\t<\/select>\r\n\t\t\t<\/div>\r\n\t\t<div class=\"w-form-row-state\">Select an option<\/div>\r\n<\/div>\r\n<div class=\"w-form-row for_select has_label\">\r\n\t\t\t<div class=\"w-form-row-label\">\r\n\t\t\t<span>Interest in the product<\/span>\r\n\t\t<\/div>\r\n\t\t<div class=\"w-form-row-field\">\r\n\t\t\t\t\t\t<select aria-label=\"Interest in the product\" name=\"us_form_1_select_3\">\r\n\t\t\t<option value=\"please choose\">please choose<\/option><option value=\"Crimping Applicator\">Crimping Applicator<\/option><option value=\"Crimping Machine\">Crimping Machine<\/option><option value=\"Seal-Crimp Machine\">Seal-Crimp Machine<\/option><option value=\"Crimp Quality Laboratory\">Crimp Quality Laboratory<\/option><option value=\"Crimp Force Monitoring\">Crimp Force Monitoring<\/option><option value=\"Wire Processing Machine\">Wire Processing Machine<\/option><option value=\"Wire Straightener\">Wire Straightener<\/option><option value=\"Stripping Machine\">Stripping Machine<\/option><option value=\"Cutting and Stripping Machine\">Cutting and Stripping Machine<\/option><option value=\"Seal Module\">Seal Module<\/option><option value=\"Press Analyzing System\">Press Analyzing System<\/option><option value=\"Stamping Die\">Stamping Die<\/option><option value=\"Plastic Injection Mold\">Plastic Injection Mold<\/option><option value=\"Die Casting Mold\">Die Casting Mold<\/option><option value=\"Friction Welding Tool\">Friction Welding Tool<\/option><option value=\"Hotmelt Molding Tool\">Hotmelt Molding Tool<\/option><option value=\"Hotmelt Machine\">Hotmelt Machine<\/option><option value=\"other product\">other product<\/option>\t\t<\/select>\r\n\t\t\t<\/div>\r\n\t\t<div class=\"w-form-row-state\">Select an option<\/div>\r\n<\/div>\r\n<div class=\"w-form-row for_textarea has_label\">\r\n\t\t\t<div class=\"w-form-row-label\">\r\n\t\t\t<span>Further interest <\/span>\r\n\t\t<\/div>\r\n\t\t<div class=\"w-form-row-field\">\r\n\t\t\t\t\t\t<textarea aria-label=\"Further interest \" name=\"us_form_1_textarea_2\" placeholder><\/textarea>\r\n\t\t\t<\/div>\r\n\t\t<div class=\"w-form-row-state\">Fill out this field<\/div>\r\n<\/div>\r\n<div class=\"w-form-row for_captcha has_label required\">\r\n\t<div class=\"w-form-row-label\">\r\n\t\t<span>Security question <span>20 - 15 = ?<\/span><\/span>\r\n\t<\/div>\r\n\t<div class=\"w-form-row-field\">\r\n\t\t\t\t<input type=\"hidden\" name=\"us_form_1_captcha_1_hash\" value=\"32448d84bf6a548695a0106f0bd78a77\" \/>\r\n\t\t\t\t<input aria-label=\"Security question\" type=\"text\" name=\"us_form_1_captcha_1\" placeholder data-required=\"true\" aria-required=\"true\"\/>\r\n\t\t\t<\/div>\r\n\t\t<div class=\"w-form-row-state\">Enter the equation result to proceed<\/div>\r\n<\/div>\r\n<div class=\"w-form-row for_checkboxes required\">\r\n\t\t<div class=\"w-form-row-field\">\r\n\t\t\t\t\t<label>\r\n\t\t\t\t<input type=\"checkbox\" name=\"us_form_1_checkboxes_1[]\" data-required=\"true\" value=\"I accept the privacy policy and agree to the storage of my personal data.\"\/>\r\n\t\t\t\t<span>I accept the privacy policy and agree to the storage of my personal data.<\/span>\r\n\t\t\t<\/label>\r\n\t\t\t\t<\/div>\r\n\t\t<div class=\"w-form-row-state\">Select an option<\/div>\r\n<\/div>\r\n<input type=\"hidden\" name=\"action\" value=\"us_ajax_cform\" \/>\r\n<input type=\"hidden\" name=\"post_id\" value=\"0\" \/>\r\n<input type=\"hidden\" name=\"form_index\" value=\"1\" \/>\r\n<div class=\"w-form-row for_submit align_none\"><button class=\"w-btn us-btn-style_1\" type=\"submit\" aria-label=\"Send request\"><span class=\"g-preloader type_1\"><\/span><span class=\"w-btn-label\">Send request<\/span><\/button><\/div><\/div><div class=\"w-form-message\"><\/div><div class=\"w-form-json hidden\" onclick='return {&quot;ajaxurl&quot;:&quot;https:\\\/\\\/schaefer.biz\\\/wp-admin\\\/admin-ajax.php&quot;,&quot;messages&quot;:{&quot;err_empty&quot;:&quot;Fill out this field&quot;,&quot;err_size&quot;:&quot;File size cannot exceed %s MB&quot;,&quot;err_extension&quot;:&quot;%s file type is not allowed&quot;,&quot;err_recaptcha_keys&quot;:&quot;reCAPTCHA keys are incorrect&quot;}}'><\/div><\/form><div class=\"w-btn-wrapper align_none\"><a class=\"w-btn us-btn-style_1 us_custom_703b2333\" target=\"_blank\" rel=\"nofollow\" title=\"Datenschutzerkl\u00e4rung\" href=\"\/en\/privacy-policy\/\"><span class=\"w-btn-label\">Read the privacy policy<\/span><\/a><\/div><\/div><\/div><\/div><\/div><\/div><\/section>\n","protected":false},"excerpt":{"rendered":"2026 June 09 \u2013 11 Bad Salzuflen, Germany Schaefer is your solution provider for reliable and customized connection and automation processes, offering a comprehensive range of products from component production to tools and machines, as well as software-based quality assurance, all from a single source. Visit us and experience our innovative machines and cutting-edge software...","protected":false},"author":6,"featured_media":0,"parent":1810,"menu_order":0,"comment_status":"closed","ping_status":"open","template":"","meta":{"_acf_changed":false,"footnotes":""},"class_list":["post-37322","page","type-page","status-publish","hentry"],"acf":[],"yoast_head":"<!-- This site is optimized with the Yoast SEO Premium plugin v27.4 (Yoast SEO v27.4) - https:\/\/yoast.com\/product\/yoast-seo-premium-wordpress\/ -->\n<title>Tickets for your trade fair visit | Sch\u00e4fer Group<\/title>\n<meta name=\"description\" content=\"Visit as at the Productronica in Munich!\" \/>\n<meta name=\"robots\" content=\"index, follow, max-snippet:-1, max-image-preview:large, max-video-preview:-1\" \/>\n<link rel=\"canonical\" href=\"https:\/\/schaefer.biz\/en\/contact\/tickets\/\" \/>\n<meta property=\"og:locale\" content=\"en_US\" \/>\n<meta property=\"og:type\" content=\"article\" \/>\n<meta property=\"og:title\" content=\"Tickets for your trade fair visit\" \/>\n<meta property=\"og:description\" content=\"Visit as at the Productronica in Munich!\" \/>\n<meta property=\"og:url\" content=\"https:\/\/schaefer.biz\/en\/contact\/tickets\/\" \/>\n<meta property=\"og:site_name\" content=\"Sch\u00e4fer Group\" \/>\n<meta property=\"article:publisher\" content=\"https:\/\/www.facebook.com\/SchaeferGroupMarketing\" \/>\n<meta property=\"article:modified_time\" content=\"2026-04-01T11:48:15+00:00\" \/>\n<meta property=\"og:image\" content=\"https:\/\/schaefer.biz\/wp-content\/uploads\/2026\/04\/KUTENO-2026-337x227px-Preview-EN.jpg\" \/>\n\t<meta property=\"og:image:width\" content=\"337\" \/>\n\t<meta property=\"og:image:height\" content=\"227\" \/>\n\t<meta property=\"og:image:type\" content=\"image\/jpeg\" \/>\n<meta name=\"twitter:card\" content=\"summary_large_image\" \/>\n<meta name=\"twitter:label1\" content=\"Est. reading time\" \/>\n\t<meta name=\"twitter:data1\" content=\"1 minute\" \/>\n<!-- \/ Yoast SEO Premium plugin. -->","yoast_head_json":{"title":"Tickets for your trade fair visit | Sch\u00e4fer Group","description":"Visit as at the Productronica in Munich!","robots":{"index":"index","follow":"follow","max-snippet":"max-snippet:-1","max-image-preview":"max-image-preview:large","max-video-preview":"max-video-preview:-1"},"canonical":"https:\/\/schaefer.biz\/en\/contact\/tickets\/","og_locale":"en_US","og_type":"article","og_title":"Tickets for your trade fair visit","og_description":"Visit as at the Productronica in Munich!","og_url":"https:\/\/schaefer.biz\/en\/contact\/tickets\/","og_site_name":"Sch\u00e4fer Group","article_publisher":"https:\/\/www.facebook.com\/SchaeferGroupMarketing","article_modified_time":"2026-04-01T11:48:15+00:00","og_image":[{"width":337,"height":227,"url":"https:\/\/schaefer.biz\/wp-content\/uploads\/2026\/04\/KUTENO-2026-337x227px-Preview-EN.jpg","type":"image\/jpeg"}],"twitter_card":"summary_large_image","twitter_misc":{"Est. reading time":"1 minute"},"schema":{"@context":"https:\/\/schema.org","@graph":[{"@type":"WebPage","@id":"https:\/\/schaefer.biz\/en\/contact\/tickets\/","url":"https:\/\/schaefer.biz\/en\/contact\/tickets\/","name":"Tickets for your trade fair visit | Sch\u00e4fer Group","isPartOf":{"@id":"https:\/\/schaefer.biz\/en\/#website"},"datePublished":"2025-09-04T12:32:16+00:00","dateModified":"2026-04-01T11:48:15+00:00","description":"Visit as at the Productronica in Munich!","breadcrumb":{"@id":"https:\/\/schaefer.biz\/en\/contact\/tickets\/#breadcrumb"},"inLanguage":"en-US","potentialAction":[{"@type":"ReadAction","target":["https:\/\/schaefer.biz\/en\/contact\/tickets\/"]}]},{"@type":"BreadcrumbList","@id":"https:\/\/schaefer.biz\/en\/contact\/tickets\/#breadcrumb","itemListElement":[{"@type":"ListItem","position":1,"name":"Startseite","item":"https:\/\/schaefer.biz\/en\/"},{"@type":"ListItem","position":2,"name":"Contact","item":"https:\/\/schaefer.biz\/en\/contact\/"},{"@type":"ListItem","position":3,"name":"Tickets for your trade fair visit"}]},{"@type":"WebSite","@id":"https:\/\/schaefer.biz\/en\/#website","url":"https:\/\/schaefer.biz\/en\/","name":"Sch\u00e4fer Group","description":"Spezifische L\u00f6sungen f\u00fcr Ihre Kabel- und Kontaktverarbeitung | Individual solutions for your wire and terminal processing","publisher":{"@id":"https:\/\/schaefer.biz\/en\/#organization"},"alternateName":"Sch\u00e4fer Group","potentialAction":[{"@type":"SearchAction","target":{"@type":"EntryPoint","urlTemplate":"https:\/\/schaefer.biz\/en\/?s={search_term_string}"},"query-input":{"@type":"PropertyValueSpecification","valueRequired":true,"valueName":"search_term_string"}}],"inLanguage":"en-US"},{"@type":"Organization","@id":"https:\/\/schaefer.biz\/en\/#organization","name":"Sch\u00e4fer Group","url":"https:\/\/schaefer.biz\/en\/","logo":{"@type":"ImageObject","inLanguage":"en-US","@id":"https:\/\/schaefer.biz\/en\/#\/schema\/logo\/image\/","url":"https:\/\/schaefer.biz\/wp-content\/uploads\/2018\/11\/Logo_Schaefer_RGB_100-70-0-0.png","contentUrl":"https:\/\/schaefer.biz\/wp-content\/uploads\/2018\/11\/Logo_Schaefer_RGB_100-70-0-0.png","width":2084,"height":823,"caption":"Sch\u00e4fer Group"},"image":{"@id":"https:\/\/schaefer.biz\/en\/#\/schema\/logo\/image\/"},"sameAs":["https:\/\/www.facebook.com\/SchaeferGroupMarketing","https:\/\/www.linkedin.com\/company\/schaefergroup","https:\/\/www.youtube.com\/user\/SchaeferMarketing","https:\/\/www.instagram.com\/schaefer_group\/"]}]}},"_links":{"self":[{"href":"https:\/\/schaefer.biz\/en\/wp-json\/wp\/v2\/pages\/37322","targetHints":{"allow":["GET"]}}],"collection":[{"href":"https:\/\/schaefer.biz\/en\/wp-json\/wp\/v2\/pages"}],"about":[{"href":"https:\/\/schaefer.biz\/en\/wp-json\/wp\/v2\/types\/page"}],"author":[{"embeddable":true,"href":"https:\/\/schaefer.biz\/en\/wp-json\/wp\/v2\/users\/6"}],"replies":[{"embeddable":true,"href":"https:\/\/schaefer.biz\/en\/wp-json\/wp\/v2\/comments?post=37322"}],"version-history":[{"count":35,"href":"https:\/\/schaefer.biz\/en\/wp-json\/wp\/v2\/pages\/37322\/revisions"}],"predecessor-version":[{"id":40816,"href":"https:\/\/schaefer.biz\/en\/wp-json\/wp\/v2\/pages\/37322\/revisions\/40816"}],"up":[{"embeddable":true,"href":"https:\/\/schaefer.biz\/en\/wp-json\/wp\/v2\/pages\/1810"}],"wp:attachment":[{"href":"https:\/\/schaefer.biz\/en\/wp-json\/wp\/v2\/media?parent=37322"}],"curies":[{"name":"wp","href":"https:\/\/api.w.org\/{rel}","templated":true}]}}