{"id":39763,"date":"2026-02-03T12:48:40","date_gmt":"2026-02-03T11:48:40","guid":{"rendered":"https:\/\/schaefer.biz\/?page_id=39763"},"modified":"2026-03-02T11:52:18","modified_gmt":"2026-03-02T10:52:18","slug":"hotmelt-molding-machines-moldline","status":"publish","type":"page","link":"https:\/\/schaefer.biz\/en\/products\/hotmelt-molding-solutions\/hotmelt-molding-machines-moldline\/","title":{"rendered":"Hotmelt Molding Machines"},"content":{"rendered":"<section class=\"l-section wpb_row us_custom_0620cbd6 height_small\"><div class=\"l-section-h i-cf\"><div class=\"g-cols vc_row via_flex valign_top type_default stacking_default\"><div class=\"vc_col-sm-12 wpb_column vc_column_container\"><div class=\"vc_column-inner\"><div class=\"wpb_wrapper\"><div class=\"wpb_text_column\"><div class=\"wpb_wrapper\"><p>Hotmelt molding machines from Sch\u00e4fer offer flexible applications and are ideal for overmolding components of various designs. Thanks to their innovative construction, they are optimally suited for processing different hot melt adhesives and unfilled thermoplastics.<\/p>\n<\/div><\/div><\/div><\/div><\/div><\/div><\/div><\/section><section class=\"l-section wpb_row us_custom_7dff0e06 height_small width_full\"><div class=\"l-section-h i-cf\"><div class=\"g-cols vc_row via_flex valign_top type_default stacking_default\"><div class=\"vc_col-sm-12 wpb_column vc_column_container\"><div class=\"vc_column-inner\"><div class=\"wpb_wrapper\"><section class=\"l-section wpb_row height_small\"><div class=\"l-section-h i-cf\"><div class=\"g-cols vc_row via_flex valign_top type_default stacking_default\"><div class=\"vc_col-sm-12 wpb_column vc_column_container\"><div class=\"vc_column-inner\"><div class=\"wpb_wrapper\"><div class=\"w-grid us_carousel us_custom_68905004 type_carousel layout_30298 preload_style_spinner items_3\" id=\"us_grid_1\" style=\"--items:3;--gap:1.5rem;\"><style>@media (min-width:1024px){#us_grid_1 .w-post-elm.post_title{font-size:50!important}}.layout_30298 .w-grid-item-h{color:#000000}.layout_30298 .usg_post_image_1{transition-duration:0.3s;transform-origin:50% 50%;transform:scale(1) translate(0%,0%)}.layout_30298 .w-grid-item-h:focus-within .usg_post_image_1,.layout_30298 .w-grid-item-h:hover .usg_post_image_1{transform:scale(0.95) translate(0%,3%);opacity:1}.layout_30298 .usg_post_content_1{transition-duration:0.3s;transform-origin:50% 50%;transform:scale(1) translate(0%,0%)}.layout_30298 .w-grid-item-h:focus-within .usg_post_content_1,.layout_30298 .w-grid-item-h:hover .usg_post_content_1{transform:scale(1) translate(0%,0%);opacity:1}.layout_30298 .usg_post_title_1{font-size:1.rem!important;font-family:var(--h1-font-family)!important;font-weight:500!important;margin-top:0.5rem!important}.layout_30298 .usg_post_content_1{font-family:var(--font-family)!important;margin-top:-1rem!important}<\/style><div class=\"w-grid-list owl-carousel valign_stretch dotstyle_circle navstyle_circle arrows-ver-pos_middle arrows-hor-pos_on_sides_outside arrows-disabled_hide owl-responsive-2000 with_arrows\" style=\"--transition-duration:350ms;--arrows-size:1.5rem;--arrows-hor-offset:calc(0px + 1.5rem);--arrows-gap:10px;\">\t<article class=\"w-grid-item post-39722 us_portfolio type-us_portfolio status-publish has-post-thumbnail hentry us_portfolio_category-hotmelt-machine\" data-id=\"39722\">\r\n\t\t<div class=\"w-grid-item-h\">\r\n\t\t\t\t\t\t<div class=\"w-post-elm post_image usg_post_image_1 stretched\"><a href=\"https:\/\/schaefer.biz\/en\/portfolio\/moldline-205-basic\/\" aria-label=\"MoldLine 205 BASIC\"><img decoding=\"async\" width=\"570\" height=\"436\" src=\"https:\/\/schaefer.biz\/wp-content\/uploads\/2026\/02\/Schaefer-Casting-Gun-185-570x436px.jpg\" class=\"attachment-large size-large wp-post-image\" alt=\"Hotmelt moulding device MoldLine 205 \u2013 compact handheld device for molding in small batch sizes\" srcset=\"https:\/\/schaefer.biz\/wp-content\/uploads\/2026\/02\/Schaefer-Casting-Gun-185-570x436px.jpg 570w, https:\/\/schaefer.biz\/wp-content\/uploads\/2026\/02\/Schaefer-Casting-Gun-185-570x436px-300x229.jpg 300w, https:\/\/schaefer.biz\/wp-content\/uploads\/2026\/02\/Schaefer-Casting-Gun-185-570x436px-45x34.jpg 45w\" sizes=\"(max-width: 570px) 100vw, 570px\" \/><\/a><\/div><h4 class=\"w-post-elm post_title usg_post_title_1 entry-title color_link_inherit\"><a href=\"https:\/\/schaefer.biz\/en\/portfolio\/moldline-205-basic\/\">MoldLine 205 BASIC<\/a><\/h4><div class=\"w-html usg_html_1\"><div style=\"font-size:0.3rem\">\n <p> <\/p><\/br>\n <\/div><\/div><div class=\"w-post-elm post_content usg_post_content_1\"><p>Compact Handheld Device for Casting in Small Batch Sizes<\/p>\n<\/div>\t\t<\/div>\r\n\t\t\t<\/article>\r\n\t<article class=\"w-grid-item post-39750 us_portfolio type-us_portfolio status-publish has-post-thumbnail hentry us_portfolio_category-hotmelt-machine\" data-id=\"39750\">\r\n\t\t<div class=\"w-grid-item-h\">\r\n\t\t\t\t\t\t<div class=\"w-post-elm post_image usg_post_image_1 stretched\"><a href=\"https:\/\/schaefer.biz\/en\/portfolio\/moldline-850-basic\/\" aria-label=\"MoldLine 850 BASIC\"><img decoding=\"async\" width=\"570\" height=\"436\" src=\"https:\/\/schaefer.biz\/wp-content\/uploads\/2026\/02\/Schaefer-MoldLine-850-BASIC-570x436px-1.jpg\" class=\"attachment-large size-large wp-post-image\" alt=\"Low-pressure moulding machine MoldLine 850 BASIC with sliding table for medium batch sizes\" srcset=\"https:\/\/schaefer.biz\/wp-content\/uploads\/2026\/02\/Schaefer-MoldLine-850-BASIC-570x436px-1.jpg 570w, https:\/\/schaefer.biz\/wp-content\/uploads\/2026\/02\/Schaefer-MoldLine-850-BASIC-570x436px-1-300x229.jpg 300w, https:\/\/schaefer.biz\/wp-content\/uploads\/2026\/02\/Schaefer-MoldLine-850-BASIC-570x436px-1-45x34.jpg 45w\" sizes=\"(max-width: 570px) 100vw, 570px\" \/><\/a><\/div><h4 class=\"w-post-elm post_title usg_post_title_1 entry-title color_link_inherit\"><a href=\"https:\/\/schaefer.biz\/en\/portfolio\/moldline-850-basic\/\">MoldLine 850 BASIC<\/a><\/h4><div class=\"w-html usg_html_1\"><div style=\"font-size:0.3rem\">\n <p> <\/p><\/br>\n <\/div><\/div><div class=\"w-post-elm post_content usg_post_content_1\"><p>Machine with Sliding Table for Medium Batch Sizes<\/p>\n<\/div>\t\t<\/div>\r\n\t\t\t<\/article>\r\n\t<article class=\"w-grid-item post-22848 us_portfolio type-us_portfolio status-publish has-post-thumbnail hentry us_portfolio_category-hotmelt-machine\" data-id=\"22848\">\r\n\t\t<div class=\"w-grid-item-h\">\r\n\t\t\t\t\t\t<div class=\"w-post-elm post_image usg_post_image_1 stretched\"><a href=\"https:\/\/schaefer.biz\/en\/portfolio\/moldline-2632-extended\/\" aria-label=\"MoldLine 2632 EXTENDED\"><img decoding=\"async\" width=\"570\" height=\"436\" src=\"https:\/\/schaefer.biz\/wp-content\/uploads\/2025\/12\/Schaefer-MoldLine-Thumbnail-1.jpg\" class=\"attachment-large size-large wp-post-image\" alt=\"Niederdruck-Vergussmaschine MoldLine 2632 EXTENDED f\u00fcr Hotmeltverguss f\u00fcr gro\u00dfe Losgr\u00f6\u00dfen\" srcset=\"https:\/\/schaefer.biz\/wp-content\/uploads\/2025\/12\/Schaefer-MoldLine-Thumbnail-1.jpg 570w, https:\/\/schaefer.biz\/wp-content\/uploads\/2025\/12\/Schaefer-MoldLine-Thumbnail-1-300x229.jpg 300w, https:\/\/schaefer.biz\/wp-content\/uploads\/2025\/12\/Schaefer-MoldLine-Thumbnail-1-45x34.jpg 45w\" sizes=\"(max-width: 570px) 100vw, 570px\" \/><\/a><\/div><h4 class=\"w-post-elm post_title usg_post_title_1 entry-title color_link_inherit\"><a href=\"https:\/\/schaefer.biz\/en\/portfolio\/moldline-2632-extended\/\">MoldLine 2632 EXTENDED<\/a><\/h4><div class=\"w-html usg_html_1\"><div style=\"font-size:0.3rem\">\n <p> <\/p><\/br>\n <\/div><\/div><div class=\"w-post-elm post_content usg_post_content_1\"><p>Machine with Sliding Table for Large Batch Sizes<\/p>\n<\/div>\t\t<\/div>\r\n\t\t\t<\/article>\r\n<\/div><div class=\"w-grid-carousel-json hidden\" onclick='return {&quot;carousel_settings&quot;:{&quot;aria_labels&quot;:{&quot;prev&quot;:&quot;Previous&quot;,&quot;next&quot;:&quot;Next&quot;},&quot;autoplayContinual&quot;:false,&quot;autoplayHoverPause&quot;:false,&quot;autoplayTimeout&quot;:3000,&quot;autoWidth&quot;:false,&quot;smartSpeed&quot;:350,&quot;margin&quot;:0,&quot;mouseDrag&quot;:true,&quot;rtl&quot;:false,&quot;slideBy&quot;:&quot;1&quot;,&quot;touchDrag&quot;:true,&quot;slideTransition&quot;:&quot;&quot;,&quot;responsive&quot;:{&quot;0&quot;:{&quot;autoHeight&quot;:false,&quot;autoplay&quot;:true,&quot;autoWidth&quot;:false,&quot;center&quot;:false,&quot;dots&quot;:false,&quot;items&quot;:1,&quot;loop&quot;:true,&quot;nav&quot;:false,&quot;stagePadding&quot;:0,&quot;slideBy&quot;:&quot;1&quot;},&quot;601&quot;:{&quot;autoHeight&quot;:false,&quot;autoplay&quot;:true,&quot;autoWidth&quot;:false,&quot;center&quot;:false,&quot;dots&quot;:false,&quot;items&quot;:2,&quot;loop&quot;:true,&quot;nav&quot;:true,&quot;stagePadding&quot;:0,&quot;slideBy&quot;:&quot;1&quot;},&quot;1025&quot;:{&quot;autoHeight&quot;:false,&quot;autoplay&quot;:true,&quot;autoWidth&quot;:false,&quot;center&quot;:false,&quot;dots&quot;:false,&quot;items&quot;:3,&quot;loop&quot;:false,&quot;nav&quot;:true,&quot;stagePadding&quot;:0,&quot;slideBy&quot;:&quot;1&quot;},&quot;1381&quot;:{&quot;items&quot;:3,&quot;autoplay&quot;:false,&quot;center&quot;:false,&quot;dots&quot;:false,&quot;nav&quot;:true,&quot;autoHeight&quot;:false,&quot;autoWidth&quot;:false,&quot;loop&quot;:false,&quot;stagePadding&quot;:-10}}}}'><\/div><\/div><\/div><\/div><\/div><\/div><\/div><\/section>\n<\/div><\/div><\/div><\/div><\/div><\/section><section class=\"l-section wpb_row us_custom_a069d783 height_small\"><div class=\"l-section-h i-cf\"><div class=\"g-cols vc_row via_flex valign_top type_default stacking_default\"><div class=\"vc_col-sm-6 wpb_column vc_column_container\"><div class=\"vc_column-inner\"><div class=\"wpb_wrapper\"><div class=\"wpb_text_column\"><div class=\"wpb_wrapper\"><div class=\"wpb_text_column\">\n<div class=\"wpb_wrapper\">\n<h3>High-Quality Molding Material<\/h3>\n<\/div>\n<\/div>\n<\/div><\/div><div class=\"wpb_text_column\"><div class=\"wpb_wrapper\"><p data-renderer-start-pos=\"724\">The Henkel brand TECHNOMELT is our first choice for industrial bonding with hot melt adhesives and provides optimal results in manufacturing processes. TECHNOMELT adhesives enhance operational efficiency through their reliability and high quality.<\/p>\n<p data-renderer-start-pos=\"992\">The diverse materials, such as polypropylenes, polyurethanes, co-polyamides, co-polyesters, Santoprene, TPE, Elastollan, and Hytrel, enable a wide range of application possibilities.<\/p>\n<p data-renderer-start-pos=\"992\"><span>We are happy to advise you and assist in selecting the suitable material for your application.<\/span><\/p>\n<\/div><\/div><div class=\"w-btn-wrapper align_none\"><a class=\"w-btn us-btn-style_1\" href=\"\/en\/products\/hotmelt-material\/\"><span class=\"w-btn-label\">Hotmelt Molding Material<\/span><\/a><\/div><\/div><\/div><\/div><div class=\"vc_col-sm-6 wpb_column vc_column_container\"><div class=\"vc_column-inner\"><div class=\"wpb_wrapper\"><div class=\"w-image align_none\"><div class=\"w-image-h\"><img decoding=\"async\" width=\"570\" height=\"427\" src=\"https:\/\/schaefer.biz\/wp-content\/uploads\/2026\/02\/Hotmelt-Sample-570x427px.jpg\" class=\"attachment-full size-full\" alt=\"\" loading=\"lazy\" srcset=\"https:\/\/schaefer.biz\/wp-content\/uploads\/2026\/02\/Hotmelt-Sample-570x427px.jpg 570w, https:\/\/schaefer.biz\/wp-content\/uploads\/2026\/02\/Hotmelt-Sample-570x427px-300x225.jpg 300w, https:\/\/schaefer.biz\/wp-content\/uploads\/2026\/02\/Hotmelt-Sample-570x427px-45x34.jpg 45w\" sizes=\"auto, (max-width: 570px) 100vw, 570px\" \/><\/div><\/div><\/div><\/div><\/div><\/div><\/div><\/section><section class=\"l-section wpb_row height_small\"><div class=\"l-section-h i-cf\"><div class=\"g-cols vc_row via_flex valign_top type_default stacking_default\"><div class=\"vc_col-sm-12 wpb_column vc_column_container\"><div class=\"vc_column-inner\"><div class=\"wpb_wrapper\"><div class=\"g-cols wpb_row via_flex valign_top type_default stacking_default\"><div class=\"vc_col-sm-6 wpb_column vc_column_container\"><div class=\"vc_column-inner\"><div class=\"wpb_wrapper\"><div class=\"w-image align_none\"><div class=\"w-image-h\"><img decoding=\"async\" width=\"570\" height=\"436\" src=\"https:\/\/schaefer.biz\/wp-content\/uploads\/2023\/02\/Schaefer-Hotmelt-thumb-570px.jpg\" class=\"attachment-large size-large\" alt=\"Hei\u00dfklebe-Vergusswerkzeuge\" loading=\"lazy\" srcset=\"https:\/\/schaefer.biz\/wp-content\/uploads\/2023\/02\/Schaefer-Hotmelt-thumb-570px.jpg 570w, https:\/\/schaefer.biz\/wp-content\/uploads\/2023\/02\/Schaefer-Hotmelt-thumb-570px-300x229.jpg 300w\" sizes=\"auto, (max-width: 570px) 100vw, 570px\" \/><\/div><\/div><\/div><\/div><\/div><div class=\"vc_col-sm-6 wpb_column vc_column_container\"><div class=\"vc_column-inner\"><div class=\"wpb_wrapper\"><div class=\"wpb_text_column\"><div class=\"wpb_wrapper\"><h3>Molding parts from our production<\/h3>\n<\/div><\/div><div class=\"wpb_text_column\"><div class=\"wpb_wrapper\"><p data-renderer-start-pos=\"1334\">We produce high-quality molding parts in small and medium-sized series with hotmelt as well as other molding materials. Our extensive expertise in processing these materials allows us to offer customized solutions for a variety of applications. Typical applications include:<\/p>\n<ul>\n<li data-renderer-start-pos=\"1610\">Injection molding of seals on components and assemblies.<\/li>\n<li data-renderer-start-pos=\"1610\">Molding of cable connections such as crimp connections.<\/li>\n<li data-renderer-start-pos=\"1610\">Molding of electrical components such as circuit boards and sensors.<\/li>\n<\/ul>\n<\/div><\/div><div class=\"w-btn-wrapper align_none\"><a class=\"w-btn us-btn-style_1\" title=\"To the Contact Form\" href=\"\/en\/solutions\/molding-parts\/\"><span class=\"w-btn-label\">Hotmelt Molding Parts<\/span><\/a><\/div><\/div><\/div><\/div><\/div><\/div><\/div><\/div><\/div><\/div><\/section><section class=\"l-section wpb_row us_custom_bbeaa718 height_small width_full\"><div class=\"l-section-h i-cf\"><div class=\"g-cols vc_row via_flex valign_top type_default stacking_default\"><div class=\"vc_col-sm-12 wpb_column vc_column_container\"><div class=\"vc_column-inner\"><div class=\"wpb_wrapper\"><section class=\"l-section wpb_row us_custom_38d68270 height_small\"><div class=\"l-section-h i-cf\"><div class=\"g-cols vc_row via_flex valign_top type_default stacking_default\"><div class=\"vc_col-sm-6 wpb_column vc_column_container\"><div class=\"vc_column-inner\"><div class=\"wpb_wrapper\"><div class=\"w-image us_custom_68905004 align_none\"><div class=\"w-image-h\"><img decoding=\"async\" width=\"1024\" height=\"681\" src=\"https:\/\/schaefer.biz\/wp-content\/uploads\/2022\/11\/Service-Employee-1024x681px.jpg\" class=\"attachment-full size-full\" alt=\"\" loading=\"lazy\" srcset=\"https:\/\/schaefer.biz\/wp-content\/uploads\/2022\/11\/Service-Employee-1024x681px.jpg 1024w, https:\/\/schaefer.biz\/wp-content\/uploads\/2022\/11\/Service-Employee-1024x681px-300x200.jpg 300w\" sizes=\"auto, (max-width: 1024px) 100vw, 1024px\" \/><\/div><\/div><\/div><\/div><\/div><div class=\"vc_col-sm-6 wpb_column vc_column_container\"><div class=\"vc_column-inner\"><div class=\"wpb_wrapper\"><div class=\"wpb_text_column us_custom_13f389bc\"><div class=\"wpb_wrapper\"><h2>Individual consulting<\/h2>\n<\/div><\/div><div class=\"wpb_text_column\"><div class=\"wpb_wrapper\"><p>Are you looking for an experienced partner in the field of hotmelt molding? Sch\u00e4fer offers you innovative solutions for molding with hotmelt and other plastics.<\/p>\n<p>Contact our experts now for personalized advice!<\/p>\n<\/div><\/div><div class=\"w-btn-wrapper align_none\"><a class=\"w-btn us-btn-style_1\" href=\"\/en\/contact\/consulting-and-offer\/\"><span class=\"w-btn-label\">Contact us!<\/span><\/a><\/div><\/div><\/div><\/div><\/div><\/div><\/section>\n<\/div><\/div><\/div><\/div><\/div><\/section>\n","protected":false},"excerpt":{"rendered":"MoldLine 2632 EXTENDED Molding Machine with Sliding Table for Large Batch Sizes High Flexibility and Productivity The molding machine from Sch\u00e4fer is designed for overmolding hotmelt polyamides on technical components. This provides insulation and mechanical protection for specific assemblies, allowing them to withstand extreme conditions such as heat, dust, or moisture. The powerful machine is...","protected":false},"author":6,"featured_media":40323,"parent":38931,"menu_order":0,"comment_status":"closed","ping_status":"open","template":"","meta":{"_acf_changed":false,"footnotes":""},"class_list":["post-39763","page","type-page","status-publish","has-post-thumbnail","hentry"],"acf":[],"yoast_head":"<!-- This site is optimized with the Yoast SEO Premium plugin v27.4 (Yoast SEO v27.4) - https:\/\/yoast.com\/product\/yoast-seo-premium-wordpress\/ -->\n<title>Hotmelt Molding Machines | Sch\u00e4fer Group<\/title>\n<meta name=\"description\" content=\"Hotmelt molding machines for polyamides PA and thermoplastics TPE, TPU. Low-pressure hotmelt molding, low-pressure molding, hotmelt moulding.\" \/>\n<meta name=\"robots\" content=\"index, follow, max-snippet:-1, max-image-preview:large, max-video-preview:-1\" \/>\n<link rel=\"canonical\" href=\"https:\/\/schaefer.biz\/en\/products\/hotmelt-molding-solutions\/hotmelt-molding-machines-moldline\/\" \/>\n<meta property=\"og:locale\" content=\"en_US\" \/>\n<meta property=\"og:type\" content=\"article\" \/>\n<meta property=\"og:title\" content=\"Hotmelt Molding Machines\" \/>\n<meta property=\"og:description\" content=\"Hotmelt molding machines for polyamides PA and thermoplastics TPE, TPU. Low-pressure hotmelt molding, low-pressure molding, hotmelt moulding.\" \/>\n<meta property=\"og:url\" content=\"https:\/\/schaefer.biz\/en\/products\/hotmelt-molding-solutions\/hotmelt-molding-machines-moldline\/\" \/>\n<meta property=\"og:site_name\" content=\"Sch\u00e4fer Group\" \/>\n<meta property=\"article:publisher\" content=\"https:\/\/www.facebook.com\/SchaeferGroupMarketing\" \/>\n<meta property=\"article:modified_time\" content=\"2026-03-02T10:52:18+00:00\" \/>\n<meta property=\"og:image\" content=\"https:\/\/schaefer.biz\/wp-content\/uploads\/2026\/02\/Schaefer-MoldLine-850-BASIC-570x570px-1.jpg\" \/>\n\t<meta property=\"og:image:width\" content=\"570\" \/>\n\t<meta property=\"og:image:height\" content=\"570\" \/>\n\t<meta property=\"og:image:type\" content=\"image\/jpeg\" \/>\n<meta name=\"twitter:card\" content=\"summary_large_image\" \/>\n<meta name=\"twitter:label1\" content=\"Est. reading time\" \/>\n\t<meta name=\"twitter:data1\" content=\"2 minutes\" \/>\n<!-- \/ Yoast SEO Premium plugin. -->","yoast_head_json":{"title":"Hotmelt Molding Machines | Sch\u00e4fer Group","description":"Hotmelt molding machines for polyamides PA and thermoplastics TPE, TPU. Low-pressure hotmelt molding, low-pressure molding, hotmelt moulding.","robots":{"index":"index","follow":"follow","max-snippet":"max-snippet:-1","max-image-preview":"max-image-preview:large","max-video-preview":"max-video-preview:-1"},"canonical":"https:\/\/schaefer.biz\/en\/products\/hotmelt-molding-solutions\/hotmelt-molding-machines-moldline\/","og_locale":"en_US","og_type":"article","og_title":"Hotmelt Molding Machines","og_description":"Hotmelt molding machines for polyamides PA and thermoplastics TPE, TPU. Low-pressure hotmelt molding, low-pressure molding, hotmelt moulding.","og_url":"https:\/\/schaefer.biz\/en\/products\/hotmelt-molding-solutions\/hotmelt-molding-machines-moldline\/","og_site_name":"Sch\u00e4fer Group","article_publisher":"https:\/\/www.facebook.com\/SchaeferGroupMarketing","article_modified_time":"2026-03-02T10:52:18+00:00","og_image":[{"width":570,"height":570,"url":"https:\/\/schaefer.biz\/wp-content\/uploads\/2026\/02\/Schaefer-MoldLine-850-BASIC-570x570px-1.jpg","type":"image\/jpeg"}],"twitter_card":"summary_large_image","twitter_misc":{"Est. reading time":"2 minutes"},"schema":{"@context":"https:\/\/schema.org","@graph":[{"@type":"WebPage","@id":"https:\/\/schaefer.biz\/en\/products\/hotmelt-molding-solutions\/hotmelt-molding-machines-moldline\/","url":"https:\/\/schaefer.biz\/en\/products\/hotmelt-molding-solutions\/hotmelt-molding-machines-moldline\/","name":"Hotmelt Molding Machines | Sch\u00e4fer Group","isPartOf":{"@id":"https:\/\/schaefer.biz\/en\/#website"},"primaryImageOfPage":{"@id":"https:\/\/schaefer.biz\/en\/products\/hotmelt-molding-solutions\/hotmelt-molding-machines-moldline\/#primaryimage"},"image":{"@id":"https:\/\/schaefer.biz\/en\/products\/hotmelt-molding-solutions\/hotmelt-molding-machines-moldline\/#primaryimage"},"thumbnailUrl":"https:\/\/schaefer.biz\/wp-content\/uploads\/2026\/02\/Schaefer-MoldLine-850-BASIC-570x570px-1.jpg","datePublished":"2026-02-03T11:48:40+00:00","dateModified":"2026-03-02T10:52:18+00:00","description":"Hotmelt molding machines for polyamides PA and thermoplastics TPE, TPU. Low-pressure hotmelt molding, low-pressure molding, hotmelt moulding.","breadcrumb":{"@id":"https:\/\/schaefer.biz\/en\/products\/hotmelt-molding-solutions\/hotmelt-molding-machines-moldline\/#breadcrumb"},"inLanguage":"en-US","potentialAction":[{"@type":"ReadAction","target":["https:\/\/schaefer.biz\/en\/products\/hotmelt-molding-solutions\/hotmelt-molding-machines-moldline\/"]}]},{"@type":"ImageObject","inLanguage":"en-US","@id":"https:\/\/schaefer.biz\/en\/products\/hotmelt-molding-solutions\/hotmelt-molding-machines-moldline\/#primaryimage","url":"https:\/\/schaefer.biz\/wp-content\/uploads\/2026\/02\/Schaefer-MoldLine-850-BASIC-570x570px-1.jpg","contentUrl":"https:\/\/schaefer.biz\/wp-content\/uploads\/2026\/02\/Schaefer-MoldLine-850-BASIC-570x570px-1.jpg","width":570,"height":570,"caption":"Low-pressure moulding machine MoldLine 850 BASIC with sliding table for medium batch sizes"},{"@type":"BreadcrumbList","@id":"https:\/\/schaefer.biz\/en\/products\/hotmelt-molding-solutions\/hotmelt-molding-machines-moldline\/#breadcrumb","itemListElement":[{"@type":"ListItem","position":1,"name":"Startseite","item":"https:\/\/schaefer.biz\/en\/"},{"@type":"ListItem","position":2,"name":"Products","item":"https:\/\/schaefer.biz\/en\/products\/"},{"@type":"ListItem","position":3,"name":"Hotmelt Molding Solutions","item":"https:\/\/schaefer.biz\/en\/products\/hotmelt-molding-solutions\/"},{"@type":"ListItem","position":4,"name":"Hotmelt Molding Machines"}]},{"@type":"WebSite","@id":"https:\/\/schaefer.biz\/en\/#website","url":"https:\/\/schaefer.biz\/en\/","name":"Sch\u00e4fer Group","description":"Spezifische L\u00f6sungen f\u00fcr Ihre Kabel- und Kontaktverarbeitung | Individual solutions for your wire and terminal processing","publisher":{"@id":"https:\/\/schaefer.biz\/en\/#organization"},"alternateName":"Sch\u00e4fer Group","potentialAction":[{"@type":"SearchAction","target":{"@type":"EntryPoint","urlTemplate":"https:\/\/schaefer.biz\/en\/?s={search_term_string}"},"query-input":{"@type":"PropertyValueSpecification","valueRequired":true,"valueName":"search_term_string"}}],"inLanguage":"en-US"},{"@type":"Organization","@id":"https:\/\/schaefer.biz\/en\/#organization","name":"Sch\u00e4fer Group","url":"https:\/\/schaefer.biz\/en\/","logo":{"@type":"ImageObject","inLanguage":"en-US","@id":"https:\/\/schaefer.biz\/en\/#\/schema\/logo\/image\/","url":"https:\/\/schaefer.biz\/wp-content\/uploads\/2018\/11\/Logo_Schaefer_RGB_100-70-0-0.png","contentUrl":"https:\/\/schaefer.biz\/wp-content\/uploads\/2018\/11\/Logo_Schaefer_RGB_100-70-0-0.png","width":2084,"height":823,"caption":"Sch\u00e4fer Group"},"image":{"@id":"https:\/\/schaefer.biz\/en\/#\/schema\/logo\/image\/"},"sameAs":["https:\/\/www.facebook.com\/SchaeferGroupMarketing","https:\/\/www.linkedin.com\/company\/schaefergroup","https:\/\/www.youtube.com\/user\/SchaeferMarketing","https:\/\/www.instagram.com\/schaefer_group\/"]}]}},"_links":{"self":[{"href":"https:\/\/schaefer.biz\/en\/wp-json\/wp\/v2\/pages\/39763","targetHints":{"allow":["GET"]}}],"collection":[{"href":"https:\/\/schaefer.biz\/en\/wp-json\/wp\/v2\/pages"}],"about":[{"href":"https:\/\/schaefer.biz\/en\/wp-json\/wp\/v2\/types\/page"}],"author":[{"embeddable":true,"href":"https:\/\/schaefer.biz\/en\/wp-json\/wp\/v2\/users\/6"}],"replies":[{"embeddable":true,"href":"https:\/\/schaefer.biz\/en\/wp-json\/wp\/v2\/comments?post=39763"}],"version-history":[{"count":26,"href":"https:\/\/schaefer.biz\/en\/wp-json\/wp\/v2\/pages\/39763\/revisions"}],"predecessor-version":[{"id":40423,"href":"https:\/\/schaefer.biz\/en\/wp-json\/wp\/v2\/pages\/39763\/revisions\/40423"}],"up":[{"embeddable":true,"href":"https:\/\/schaefer.biz\/en\/wp-json\/wp\/v2\/pages\/38931"}],"wp:featuredmedia":[{"embeddable":true,"href":"https:\/\/schaefer.biz\/en\/wp-json\/wp\/v2\/media\/40323"}],"wp:attachment":[{"href":"https:\/\/schaefer.biz\/en\/wp-json\/wp\/v2\/media?parent=39763"}],"curies":[{"name":"wp","href":"https:\/\/api.w.org\/{rel}","templated":true}]}}