{"id":40587,"date":"2026-03-05T09:16:19","date_gmt":"2026-03-05T08:16:19","guid":{"rendered":"https:\/\/schaefer.biz\/?page_id=40587"},"modified":"2026-03-05T11:50:56","modified_gmt":"2026-03-05T10:50:56","slug":"low-pressure-molding","status":"publish","type":"page","link":"https:\/\/schaefer.biz\/en\/solutions\/low-pressure-molding\/","title":{"rendered":"Low Pressure Molding Solutions"},"content":{"rendered":"<section class=\"l-section wpb_row height_small\"><div class=\"l-section-h i-cf\"><div class=\"g-cols vc_row via_flex valign_top type_default stacking_default\"><div class=\"vc_col-sm-6 wpb_column vc_column_container\"><div class=\"vc_column-inner\"><div class=\"wpb_wrapper\"><div class=\"wpb_text_column\"><div class=\"wpb_wrapper\"><h2>Systems for Low Pressure Molding<\/h2>\n<p>We offer innovative solutions for low pressure hotmelt molding. With this process, connectors, cable entries, and circuit boards can be protected.<\/p>\n<p>To ensure connection systems can withstand extreme conditions such as heat, dust, or moisture, Sch\u00e4fer offers cost-effective and efficient solutions with hotmelt molding technology. Using the low-pressure molding process, components are encapsulated and sealed at the wire or terminal.<\/p>\n<p><span>We are pleased to advise you and assist in configuring your solution based on machine, tool, and material for your low pressure hotmelt solution.<\/span><\/p>\n<\/div><\/div><div class=\"w-btn-wrapper align_none\"><a class=\"w-btn us-btn-style_1\" href=\"\/en\/contact\/consulting-and-offer\/\"><span class=\"w-btn-label\">Request consultation<\/span><\/a><\/div><\/div><\/div><\/div><div class=\"vc_col-sm-6 wpb_column vc_column_container\"><div class=\"vc_column-inner\"><div class=\"wpb_wrapper\"><div class=\"w-image align_none\"><div class=\"w-image-h\"><img decoding=\"async\" width=\"571\" height=\"428\" src=\"https:\/\/schaefer.biz\/wp-content\/uploads\/2025\/10\/Schaefer-Hotmelt-Samples-grey-570px-1.jpg\" class=\"attachment-full size-full\" alt=\"\" loading=\"lazy\" srcset=\"https:\/\/schaefer.biz\/wp-content\/uploads\/2025\/10\/Schaefer-Hotmelt-Samples-grey-570px-1.jpg 571w, https:\/\/schaefer.biz\/wp-content\/uploads\/2025\/10\/Schaefer-Hotmelt-Samples-grey-570px-1-300x225.jpg 300w\" sizes=\"auto, (max-width: 571px) 100vw, 571px\" \/><\/div><\/div><\/div><\/div><\/div><\/div><\/div><\/section><section class=\"l-section wpb_row height_small\"><div class=\"l-section-h i-cf\"><div class=\"g-cols vc_row via_flex valign_top type_default stacking_default\"><div class=\"vc_col-sm-6 wpb_column vc_column_container\"><div class=\"vc_column-inner\"><div class=\"wpb_wrapper\"><div class=\"w-image align_none\"><div class=\"w-image-h\"><img decoding=\"async\" width=\"570\" height=\"427\" src=\"https:\/\/schaefer.biz\/wp-content\/uploads\/2026\/02\/Hotmelt-Sample-570x427px-1.jpg\" class=\"attachment-full size-full\" alt=\"\" loading=\"lazy\" srcset=\"https:\/\/schaefer.biz\/wp-content\/uploads\/2026\/02\/Hotmelt-Sample-570x427px-1.jpg 570w, https:\/\/schaefer.biz\/wp-content\/uploads\/2026\/02\/Hotmelt-Sample-570x427px-1-300x225.jpg 300w, https:\/\/schaefer.biz\/wp-content\/uploads\/2026\/02\/Hotmelt-Sample-570x427px-1-45x34.jpg 45w\" sizes=\"auto, (max-width: 570px) 100vw, 570px\" \/><\/div><\/div><\/div><\/div><\/div><div class=\"vc_col-sm-6 wpb_column vc_column_container\"><div class=\"vc_column-inner\"><div class=\"wpb_wrapper\"><div class=\"wpb_text_column\"><div class=\"wpb_wrapper\"><h2>Low Pressure Molding Polyamides<\/h2>\n<p>The Henkel brand TECHNOMELT is our first choice for industrial bonding with hotmelt adhesives and offers optimal results in manufacturing processes. TECHNOMELT adhesives enhance operational efficiency through their reliability and high quality.<\/p>\n<p>The diverse materials, such as polypropylene, polyurethane, co-polyamide, co-polyester, Santoprene, TPE, Elastollan, and Hytrel, enable a wide range of application possibilities. They impress with rapid curing, strong adhesion, and high temperature resistance for demanding connections.<\/p>\n<\/div><\/div><div class=\"w-btn-wrapper align_none\"><a class=\"w-btn us-btn-style_1\" href=\"\/en\/products\/hotmelt-material\/\"><span class=\"w-btn-label\">Hotmelt molding adhesives<\/span><\/a><\/div><\/div><\/div><\/div><\/div><\/div><\/section><section class=\"l-section wpb_row height_small\"><div class=\"l-section-h i-cf\"><div class=\"g-cols vc_row via_flex valign_top type_default stacking_default\"><div class=\"vc_col-sm-6 wpb_column vc_column_container\"><div class=\"vc_column-inner\"><div class=\"wpb_wrapper\"><div class=\"wpb_text_column\"><div class=\"wpb_wrapper\"><h2>Molding Parts from our Production<\/h2>\n<p data-renderer-start-pos=\"1334\">We produce high-quality molding parts in small and medium-sized series with hotmelt as well as other molding materials. Our extensive expertise in processing these materials allows us to offer customized solutions for a variety of applications. Typical applications include:<\/p>\n<ul>\n<li data-renderer-start-pos=\"1610\">Injection molding of seals on components and assemblies.<\/li>\n<li data-renderer-start-pos=\"1610\">Encapsulation of cable connections such as crimp connections.<\/li>\n<li data-renderer-start-pos=\"1610\">Encapsulation of electrical components such as circuit boards and sensors.<\/li>\n<\/ul>\n<\/div><\/div><div class=\"w-btn-wrapper align_none\"><a class=\"w-btn us-btn-style_1\" href=\"\/en\/solutions\/molding-parts\/\"><span class=\"w-btn-label\">Hotmelt molding parts<\/span><\/a><\/div><\/div><\/div><\/div><div class=\"vc_col-sm-6 wpb_column vc_column_container\"><div class=\"vc_column-inner\"><div class=\"wpb_wrapper\"><div class=\"w-image align_none\"><div class=\"w-image-h\"><img decoding=\"async\" width=\"570\" height=\"427\" src=\"https:\/\/schaefer.biz\/wp-content\/uploads\/2025\/10\/Schaefer-Hotmelt-Parts-Sample-570x427px.jpg\" class=\"attachment-full size-full\" alt=\"\" loading=\"lazy\" srcset=\"https:\/\/schaefer.biz\/wp-content\/uploads\/2025\/10\/Schaefer-Hotmelt-Parts-Sample-570x427px.jpg 570w, https:\/\/schaefer.biz\/wp-content\/uploads\/2025\/10\/Schaefer-Hotmelt-Parts-Sample-570x427px-300x225.jpg 300w\" sizes=\"auto, (max-width: 570px) 100vw, 570px\" \/><\/div><\/div><\/div><\/div><\/div><\/div><\/div><\/section><section class=\"l-section wpb_row us_custom_7dff0e06 height_small\"><div class=\"l-section-h i-cf\"><div class=\"g-cols vc_row via_flex valign_top type_default stacking_default\"><div class=\"vc_col-sm-6 wpb_column vc_column_container\"><div class=\"vc_column-inner\"><div class=\"wpb_wrapper\"><div class=\"w-image us_custom_cdf14ffd align_none\"><div class=\"w-image-h\"><img decoding=\"async\" width=\"570\" height=\"427\" src=\"https:\/\/schaefer.biz\/wp-content\/uploads\/2023\/02\/Schaefer-Hotmelt-Applicator-bg-570x427px.jpg\" class=\"attachment-full size-full\" alt=\"\" loading=\"lazy\" srcset=\"https:\/\/schaefer.biz\/wp-content\/uploads\/2023\/02\/Schaefer-Hotmelt-Applicator-bg-570x427px.jpg 570w, https:\/\/schaefer.biz\/wp-content\/uploads\/2023\/02\/Schaefer-Hotmelt-Applicator-bg-570x427px-300x225.jpg 300w, https:\/\/schaefer.biz\/wp-content\/uploads\/2023\/02\/Schaefer-Hotmelt-Applicator-bg-570x427px-45x34.jpg 45w\" sizes=\"auto, (max-width: 570px) 100vw, 570px\" \/><\/div><\/div><\/div><\/div><\/div><div class=\"vc_col-sm-6 wpb_column vc_column_container\"><div class=\"vc_column-inner\"><div class=\"wpb_wrapper\"><div class=\"wpb_text_column us_custom_6d149020\"><div class=\"wpb_wrapper\"><h2>Low Pressure Molding Tools<\/h2>\n<p>We offer individual, precise molding tools and molds for use in our low pressure hotmelt machines. Based on drawings, samples, or application profiles, the development, design, and manufacturing of molding tools are realized, which are system-compatible with the processing machines. The production of sample parts from trial tools is also possible.<\/p>\n<p><span>We are pleased to provide comprehensive advice and assist in configuring the complete solution for your application.<\/span><\/p>\n<\/div><\/div><div class=\"w-btn-wrapper align_none\"><a class=\"w-btn us-btn-style_1\" href=\"\/en\/portfolio\/hotmelt-molding-tools\/\"><span class=\"w-btn-label\">Hotmelt molding tools<\/span><\/a><\/div><\/div><\/div><\/div><\/div><\/div><\/section><section class=\"l-section wpb_row height_small\"><div class=\"l-section-h i-cf\"><div class=\"g-cols vc_row via_flex valign_top type_default stacking_default\"><div class=\"vc_col-sm-6 wpb_column vc_column_container\"><div class=\"vc_column-inner\"><div class=\"wpb_wrapper\"><div class=\"wpb_text_column\"><div class=\"wpb_wrapper\"><h2>Low Pressure Molding Machines<\/h2>\n<p data-renderer-start-pos=\"2266\">Hotmelt molding machines from Sch\u00e4fer offer flexible applications and are ideal for encapsulating components of various designs. Thanks to their innovative design, they are optimal for processing various hotmelt adhesives and unfilled thermoplastics.<\/p>\n<\/div><\/div><div class=\"w-btn-wrapper align_none\"><a class=\"w-btn us-btn-style_1\" href=\"en\/portfolio\/moldline-205-basic\/\"><span class=\"w-btn-label\">Low Pressure Molding Device MoldLine 205 BASIC<\/span><\/a><\/div><div class=\"w-btn-wrapper align_none\"><a class=\"w-btn us-btn-style_1\" href=\"en\/portfolio\/moldline-850-basic\/\"><span class=\"w-btn-label\">Low Pressure Molding Machine MoldLine 850 BASIC<\/span><\/a><\/div><div class=\"w-btn-wrapper align_none\"><a class=\"w-btn us-btn-style_1\" href=\"\/en\/portfolio\/moldline-2632-extended\/\"><span class=\"w-btn-label\">Low Pressure Molding Machine MoldLine 2632 EXTENDED<\/span><\/a><\/div><\/div><\/div><\/div><div class=\"vc_col-sm-6 wpb_column vc_column_container\"><div class=\"vc_column-inner\"><div class=\"wpb_wrapper\"><div class=\"w-image align_none\"><div class=\"w-image-h\"><img decoding=\"async\" width=\"570\" height=\"427\" src=\"https:\/\/schaefer.biz\/wp-content\/uploads\/2025\/12\/Schaefer-Hotmelt-MoldLine-Thumb-Overview-570px-1.jpg\" class=\"attachment-full size-full\" alt=\"Niederdruck-Vergussmaschine MoldLine 2632 EXTENDED f\u00fcr Hotmeltverguss f\u00fcr gro\u00dfe Losgr\u00f6\u00dfen\" loading=\"lazy\" srcset=\"https:\/\/schaefer.biz\/wp-content\/uploads\/2025\/12\/Schaefer-Hotmelt-MoldLine-Thumb-Overview-570px-1.jpg 570w, https:\/\/schaefer.biz\/wp-content\/uploads\/2025\/12\/Schaefer-Hotmelt-MoldLine-Thumb-Overview-570px-1-300x225.jpg 300w, https:\/\/schaefer.biz\/wp-content\/uploads\/2025\/12\/Schaefer-Hotmelt-MoldLine-Thumb-Overview-570px-1-45x34.jpg 45w\" sizes=\"auto, (max-width: 570px) 100vw, 570px\" \/><\/div><\/div><\/div><\/div><\/div><\/div><\/div><\/section><section class=\"l-section wpb_row us_custom_4ee2cffa height_small\"><div class=\"l-section-h i-cf\"><div class=\"g-cols vc_row via_flex valign_top type_default stacking_default\"><div class=\"vc_col-sm-12 wpb_column vc_column_container\"><div class=\"vc_column-inner\"><div class=\"wpb_wrapper\"><section class=\"l-section wpb_row us_custom_38d68270 height_small width_full\"><div class=\"l-section-h i-cf\"><div class=\"g-cols vc_row via_flex valign_top type_default stacking_default\"><div class=\"vc_col-sm-6 wpb_column vc_column_container\"><div class=\"vc_column-inner\"><div class=\"wpb_wrapper\"><div class=\"w-image us_custom_68905004 align_none\"><div class=\"w-image-h\"><img decoding=\"async\" width=\"1024\" height=\"681\" src=\"https:\/\/schaefer.biz\/wp-content\/uploads\/2022\/11\/Service-Employee-1024x681px.jpg\" class=\"attachment-full size-full\" alt=\"\" loading=\"lazy\" srcset=\"https:\/\/schaefer.biz\/wp-content\/uploads\/2022\/11\/Service-Employee-1024x681px.jpg 1024w, https:\/\/schaefer.biz\/wp-content\/uploads\/2022\/11\/Service-Employee-1024x681px-300x200.jpg 300w\" sizes=\"auto, (max-width: 1024px) 100vw, 1024px\" \/><\/div><\/div><\/div><\/div><\/div><div class=\"vc_col-sm-6 wpb_column vc_column_container\"><div class=\"vc_column-inner\"><div class=\"wpb_wrapper\"><div class=\"wpb_text_column us_custom_13f389bc\"><div class=\"wpb_wrapper\"><h2>Individual Consultation<\/h2>\n<\/div><\/div><div class=\"wpb_text_column\"><div class=\"wpb_wrapper\"><p>Are you looking for an experienced partner in the field of tool and machine construction? Sch\u00e4fer develops and manufactures sophisticated solutions tailored to your requirements.<\/p>\n<p>Contact our experts now for personalized consultation!<\/p>\n<\/div><\/div><div class=\"w-btn-wrapper align_none\"><a class=\"w-btn us-btn-style_1\" href=\"\/en\/contact\/consulting-and-offer\/\"><span class=\"w-btn-label\">Contact us<\/span><\/a><\/div><\/div><\/div><\/div><\/div><\/div><\/section>\n<\/div><\/div><\/div><\/div><\/div><\/section>\n","protected":false},"excerpt":{"rendered":"Systems for Low Pressure Molding We offer innovative solutions for low pressure hotmelt molding. With this process, connectors, cable entries, and circuit boards can be protected. To ensure connection systems can withstand extreme conditions such as heat, dust, or moisture, Sch\u00e4fer offers cost-effective and efficient solutions with hotmelt molding technology. Using the low-pressure molding process,...","protected":false},"author":6,"featured_media":39420,"parent":32597,"menu_order":0,"comment_status":"closed","ping_status":"open","template":"","meta":{"_acf_changed":false,"footnotes":""},"class_list":["post-40587","page","type-page","status-publish","has-post-thumbnail","hentry"],"acf":[],"yoast_head":"<!-- This site is optimized with the Yoast SEO Premium plugin v27.4 (Yoast SEO v27.5) - https:\/\/yoast.com\/product\/yoast-seo-premium-wordpress\/ -->\n<title>Hotmelt Molding Solutions | Low Pressure Molding Machines | Sch\u00e4fer Group<\/title>\n<meta name=\"description\" content=\"Low pressure molding solutions for a variety of hotmelt and polyamides with our machines and tools for different industries\" \/>\n<meta name=\"robots\" content=\"index, follow, max-snippet:-1, max-image-preview:large, max-video-preview:-1\" \/>\n<link rel=\"canonical\" href=\"https:\/\/schaefer.biz\/en\/solutions\/low-pressure-molding\/\" \/>\n<meta property=\"og:locale\" content=\"en_US\" \/>\n<meta property=\"og:type\" content=\"article\" \/>\n<meta property=\"og:title\" content=\"Low Pressure Molding Solutions\" \/>\n<meta property=\"og:description\" content=\"Low pressure molding solutions for a variety of hotmelt and polyamides with our machines and tools for different industries\" \/>\n<meta property=\"og:url\" content=\"https:\/\/schaefer.biz\/en\/solutions\/low-pressure-molding\/\" \/>\n<meta property=\"og:site_name\" content=\"Sch\u00e4fer Group\" \/>\n<meta property=\"article:publisher\" content=\"https:\/\/www.facebook.com\/SchaeferGroupMarketing\" \/>\n<meta property=\"article:modified_time\" content=\"2026-03-05T10:50:56+00:00\" \/>\n<meta property=\"og:image\" content=\"https:\/\/schaefer.biz\/wp-content\/uploads\/2025\/12\/Schaefer-MoldLine-Thumbnail-1.jpg\" \/>\n\t<meta property=\"og:image:width\" content=\"570\" \/>\n\t<meta property=\"og:image:height\" content=\"436\" \/>\n\t<meta property=\"og:image:type\" content=\"image\/jpeg\" \/>\n<meta name=\"twitter:card\" content=\"summary_large_image\" \/>\n<meta name=\"twitter:label1\" content=\"Est. reading time\" \/>\n\t<meta name=\"twitter:data1\" content=\"3 minutes\" \/>\n<!-- \/ Yoast SEO Premium plugin. -->","yoast_head_json":{"title":"Hotmelt Molding Solutions | Low Pressure Molding Machines | Sch\u00e4fer Group","description":"Low pressure molding solutions for a variety of hotmelt and polyamides with our machines and tools for different industries","robots":{"index":"index","follow":"follow","max-snippet":"max-snippet:-1","max-image-preview":"max-image-preview:large","max-video-preview":"max-video-preview:-1"},"canonical":"https:\/\/schaefer.biz\/en\/solutions\/low-pressure-molding\/","og_locale":"en_US","og_type":"article","og_title":"Low Pressure Molding Solutions","og_description":"Low pressure molding solutions for a variety of hotmelt and polyamides with our machines and tools for different industries","og_url":"https:\/\/schaefer.biz\/en\/solutions\/low-pressure-molding\/","og_site_name":"Sch\u00e4fer Group","article_publisher":"https:\/\/www.facebook.com\/SchaeferGroupMarketing","article_modified_time":"2026-03-05T10:50:56+00:00","og_image":[{"width":570,"height":436,"url":"https:\/\/schaefer.biz\/wp-content\/uploads\/2025\/12\/Schaefer-MoldLine-Thumbnail-1.jpg","type":"image\/jpeg"}],"twitter_card":"summary_large_image","twitter_misc":{"Est. reading time":"3 minutes"},"schema":{"@context":"https:\/\/schema.org","@graph":[{"@type":"WebPage","@id":"https:\/\/schaefer.biz\/en\/solutions\/low-pressure-molding\/","url":"https:\/\/schaefer.biz\/en\/solutions\/low-pressure-molding\/","name":"Hotmelt Molding Solutions | Low Pressure Molding Machines | Sch\u00e4fer Group","isPartOf":{"@id":"https:\/\/schaefer.biz\/en\/#website"},"primaryImageOfPage":{"@id":"https:\/\/schaefer.biz\/en\/solutions\/low-pressure-molding\/#primaryimage"},"image":{"@id":"https:\/\/schaefer.biz\/en\/solutions\/low-pressure-molding\/#primaryimage"},"thumbnailUrl":"https:\/\/schaefer.biz\/wp-content\/uploads\/2025\/12\/Schaefer-MoldLine-Thumbnail-1.jpg","datePublished":"2026-03-05T08:16:19+00:00","dateModified":"2026-03-05T10:50:56+00:00","description":"Low pressure molding solutions for a variety of hotmelt and polyamides with our machines and tools for different industries","breadcrumb":{"@id":"https:\/\/schaefer.biz\/en\/solutions\/low-pressure-molding\/#breadcrumb"},"inLanguage":"en-US","potentialAction":[{"@type":"ReadAction","target":["https:\/\/schaefer.biz\/en\/solutions\/low-pressure-molding\/"]}]},{"@type":"ImageObject","inLanguage":"en-US","@id":"https:\/\/schaefer.biz\/en\/solutions\/low-pressure-molding\/#primaryimage","url":"https:\/\/schaefer.biz\/wp-content\/uploads\/2025\/12\/Schaefer-MoldLine-Thumbnail-1.jpg","contentUrl":"https:\/\/schaefer.biz\/wp-content\/uploads\/2025\/12\/Schaefer-MoldLine-Thumbnail-1.jpg","width":570,"height":436,"caption":"Niederdruck-Vergussmaschine MoldLine 2632 EXTENDED f\u00fcr Hotmeltverguss f\u00fcr gro\u00dfe Losgr\u00f6\u00dfen"},{"@type":"BreadcrumbList","@id":"https:\/\/schaefer.biz\/en\/solutions\/low-pressure-molding\/#breadcrumb","itemListElement":[{"@type":"ListItem","position":1,"name":"Startseite","item":"https:\/\/schaefer.biz\/en\/"},{"@type":"ListItem","position":2,"name":"Various Solutions","item":"https:\/\/schaefer.biz\/en\/solutions\/"},{"@type":"ListItem","position":3,"name":"Low Pressure Molding Solutions"}]},{"@type":"WebSite","@id":"https:\/\/schaefer.biz\/en\/#website","url":"https:\/\/schaefer.biz\/en\/","name":"Sch\u00e4fer Group","description":"Spezifische L\u00f6sungen f\u00fcr Ihre Kabel- und Kontaktverarbeitung | Individual solutions for your wire and terminal processing","publisher":{"@id":"https:\/\/schaefer.biz\/en\/#organization"},"alternateName":"Sch\u00e4fer Group","potentialAction":[{"@type":"SearchAction","target":{"@type":"EntryPoint","urlTemplate":"https:\/\/schaefer.biz\/en\/?s={search_term_string}"},"query-input":{"@type":"PropertyValueSpecification","valueRequired":true,"valueName":"search_term_string"}}],"inLanguage":"en-US"},{"@type":"Organization","@id":"https:\/\/schaefer.biz\/en\/#organization","name":"Sch\u00e4fer Group","url":"https:\/\/schaefer.biz\/en\/","logo":{"@type":"ImageObject","inLanguage":"en-US","@id":"https:\/\/schaefer.biz\/en\/#\/schema\/logo\/image\/","url":"https:\/\/schaefer.biz\/wp-content\/uploads\/2018\/11\/Logo_Schaefer_RGB_100-70-0-0.png","contentUrl":"https:\/\/schaefer.biz\/wp-content\/uploads\/2018\/11\/Logo_Schaefer_RGB_100-70-0-0.png","width":2084,"height":823,"caption":"Sch\u00e4fer Group"},"image":{"@id":"https:\/\/schaefer.biz\/en\/#\/schema\/logo\/image\/"},"sameAs":["https:\/\/www.facebook.com\/SchaeferGroupMarketing","https:\/\/www.linkedin.com\/company\/schaefergroup","https:\/\/www.youtube.com\/user\/SchaeferMarketing","https:\/\/www.instagram.com\/schaefer_group\/"]}]}},"_links":{"self":[{"href":"https:\/\/schaefer.biz\/en\/wp-json\/wp\/v2\/pages\/40587","targetHints":{"allow":["GET"]}}],"collection":[{"href":"https:\/\/schaefer.biz\/en\/wp-json\/wp\/v2\/pages"}],"about":[{"href":"https:\/\/schaefer.biz\/en\/wp-json\/wp\/v2\/types\/page"}],"author":[{"embeddable":true,"href":"https:\/\/schaefer.biz\/en\/wp-json\/wp\/v2\/users\/6"}],"replies":[{"embeddable":true,"href":"https:\/\/schaefer.biz\/en\/wp-json\/wp\/v2\/comments?post=40587"}],"version-history":[{"count":5,"href":"https:\/\/schaefer.biz\/en\/wp-json\/wp\/v2\/pages\/40587\/revisions"}],"predecessor-version":[{"id":40630,"href":"https:\/\/schaefer.biz\/en\/wp-json\/wp\/v2\/pages\/40587\/revisions\/40630"}],"up":[{"embeddable":true,"href":"https:\/\/schaefer.biz\/en\/wp-json\/wp\/v2\/pages\/32597"}],"wp:featuredmedia":[{"embeddable":true,"href":"https:\/\/schaefer.biz\/en\/wp-json\/wp\/v2\/media\/39420"}],"wp:attachment":[{"href":"https:\/\/schaefer.biz\/en\/wp-json\/wp\/v2\/media?parent=40587"}],"curies":[{"name":"wp","href":"https:\/\/api.w.org\/{rel}","templated":true}]}}