{"id":5355,"date":"2019-03-29T10:43:32","date_gmt":"2019-03-29T09:43:32","guid":{"rendered":"https:\/\/schaefer-biz-qa2.mcon-group.com\/?page_id=5355"},"modified":"2025-04-15T08:48:49","modified_gmt":"2025-04-15T06:48:49","slug":"stripping-machine","status":"publish","type":"page","link":"https:\/\/schaefer.biz\/en\/products\/stripping-machine\/","title":{"rendered":"Stripping Machines and Tools"},"content":{"rendered":"<section class=\"l-section wpb_row height_small\"><div class=\"l-section-h i-cf\"><div class=\"g-cols vc_row via_flex valign_top type_default stacking_default\"><div class=\"vc_col-sm-12 wpb_column vc_column_container\"><div class=\"vc_column-inner\"><div class=\"wpb_wrapper\"><div class=\"wpb_text_column\"><div class=\"wpb_wrapper\"><h2>Efficient Stripping of Wires and Cables<\/h2>\n<p>For the precise stripping and twisting of coaxial cables and sheathed cables, Sch\u00e4fer offers innovative solutions. The selection includes high-precision machines and tools for use in serial cable production for automobiles, household appliances, aviation and medical technology.<\/p>\n<p>The high-performance stripping machines and tools with 4-blade system for rotary cutting and stripping in one operation are suitable for preparing wires for <a href=\"https:\/\/schaefer.biz\/en\/wire-processing\/\">wire processing<\/a> with <a href=\"https:\/\/schaefer.biz\/en\/products\/crimping-machines\/\">crimping machines<\/a> and <a href=\"https:\/\/schaefer.biz\/en\/products\/wire-processing-machines\/\">wire processing machines<\/a> from Sch\u00e4fer. The high accuracy avoids damage to the conductor or dielectric and allows stripping of special insulations such as Kapton or Teflon.<\/p>\n<\/div><\/div><div class=\"wpb_text_column\"><div class=\"wpb_wrapper\"><h2>Machines and Tools for Stripping<\/h2>\n<\/div><\/div><div class=\"w-grid us_carousel type_carousel layout_1882 preload_style_spinner items_3\" id=\"us_grid_1\" style=\"--items:3;--gap:1.5rem;\"><style>.layout_1882 .w-grid-item-h{}.layout_1882 .usg_post_image_1{transition-duration:0.3s;transform:scale(1) translate(0%,0%)}.layout_1882 .w-grid-item-h:focus-within .usg_post_image_1,.layout_1882 .w-grid-item-h:hover .usg_post_image_1{transform:scale(0.95) translate(0%,0%);opacity:1}.layout_1882 .usg_post_image_1{margin-bottom:1rem!important}.layout_1882 .usg_post_content_1{margin-top:0.5rem!important;font-family:var(--font-family)!important}.layout_1882 .usg_btn_1{margin-top:1.5rem!important;font-size:18px!important}.layout_1882 .usg_post_title_1{margin-bottom:0.5rem!important;font-family:var(--h1-font-family)!important;font-size:1.2rem!important}<\/style><div class=\"w-grid-list owl-carousel valign_stretch dotstyle_circle navstyle_circle arrows-ver-pos_middle arrows-hor-pos_on_sides_outside arrows-disabled_hide owl-responsive-2000 with_arrows\" style=\"--transition-duration:350ms;--arrows-size:1.5rem;--arrows-hor-offset:calc(1rem + 1.5rem);--arrows-gap:10px;\">\t<article class=\"w-grid-item post-5431 us_portfolio type-us_portfolio status-publish has-post-thumbnail hentry us_portfolio_category-coaxial-cables us_portfolio_category-stripping-machines us_portfolio_tag-stripping\" data-id=\"5431\">\r\n\t\t<div class=\"w-grid-item-h\">\r\n\t\t\t\t\t\t<div class=\"w-post-elm post_image usg_post_image_1 stretched\"><a href=\"https:\/\/schaefer.biz\/en\/portfolio\/stripping-machine-st215w\/\" aria-label=\"Stripping Machine ST215W\"><img decoding=\"async\" width=\"344\" height=\"344\" src=\"https:\/\/schaefer.biz\/wp-content\/uploads\/2018\/08\/Stripping-Machine_ST215W_344px.jpg\" class=\"attachment-large size-large wp-post-image\" alt=\"Abisoliermaschine ST215W im Vollbild\" srcset=\"https:\/\/schaefer.biz\/wp-content\/uploads\/2018\/08\/Stripping-Machine_ST215W_344px.jpg 344w, https:\/\/schaefer.biz\/wp-content\/uploads\/2018\/08\/Stripping-Machine_ST215W_344px-300x300.jpg 300w, https:\/\/schaefer.biz\/wp-content\/uploads\/2018\/08\/Stripping-Machine_ST215W_344px-150x150.jpg 150w\" sizes=\"(max-width: 344px) 100vw, 344px\" \/><\/a><\/div><h2 class=\"w-post-elm post_title usg_post_title_1 entry-title color_link_inherit\"><a href=\"https:\/\/schaefer.biz\/en\/portfolio\/stripping-machine-st215w\/\">Stripping Machine ST215W<\/a><\/h2><div class=\"w-post-elm post_content usg_post_content_1\"><p>Stripping of single wires and coaxial cables with small cross sections<\/p>\n<\/div><a class=\"w-btn us-btn-style_1 usg_btn_1\" href=\"https:\/\/schaefer.biz\/en\/portfolio\/stripping-machine-st215w\/\"><span class=\"w-btn-label\">Read more<\/span><\/a>\t\t<\/div>\r\n\t\t\t<\/article>\r\n\t<article class=\"w-grid-item post-5475 us_portfolio type-us_portfolio status-publish has-post-thumbnail hentry us_portfolio_category-coaxial-cables us_portfolio_category-product-applications-en us_portfolio_category-stripping-machines us_portfolio_tag-stripping\" data-id=\"5475\">\r\n\t\t<div class=\"w-grid-item-h\">\r\n\t\t\t\t\t\t<div class=\"w-post-elm post_image usg_post_image_1 stretched\"><a href=\"https:\/\/schaefer.biz\/en\/portfolio\/stripping-machine-st730\/\" aria-label=\"Stripping and Twisting Machine ST730\"><img decoding=\"async\" width=\"344\" height=\"344\" src=\"https:\/\/schaefer.biz\/wp-content\/uploads\/2018\/08\/Stripping-Machine_ST730_344px.jpg\" class=\"attachment-large size-large wp-post-image\" alt=\"Abisoliermaschine ST730 zum Koaxialkabel abisolieren im Vollbild\" srcset=\"https:\/\/schaefer.biz\/wp-content\/uploads\/2018\/08\/Stripping-Machine_ST730_344px.jpg 344w, https:\/\/schaefer.biz\/wp-content\/uploads\/2018\/08\/Stripping-Machine_ST730_344px-300x300.jpg 300w, https:\/\/schaefer.biz\/wp-content\/uploads\/2018\/08\/Stripping-Machine_ST730_344px-150x150.jpg 150w\" sizes=\"(max-width: 344px) 100vw, 344px\" \/><\/a><\/div><h2 class=\"w-post-elm post_title usg_post_title_1 entry-title color_link_inherit\"><a href=\"https:\/\/schaefer.biz\/en\/portfolio\/stripping-machine-st730\/\">Stripping and Twisting Machine ST730<\/a><\/h2><div class=\"w-post-elm post_content usg_post_content_1\"><p>Stripping of single wires and coaxial cables with small cross sections<\/p>\n<\/div><a class=\"w-btn us-btn-style_1 usg_btn_1\" href=\"https:\/\/schaefer.biz\/en\/portfolio\/stripping-machine-st730\/\"><span class=\"w-btn-label\">Read more<\/span><\/a>\t\t<\/div>\r\n\t\t\t<\/article>\r\n\t<article class=\"w-grid-item post-5452 us_portfolio type-us_portfolio status-publish has-post-thumbnail hentry us_portfolio_category-coaxial-cables us_portfolio_category-stripping-machines us_portfolio_tag-stripping\" data-id=\"5452\">\r\n\t\t<div class=\"w-grid-item-h\">\r\n\t\t\t\t\t\t<div class=\"w-post-elm post_image usg_post_image_1 stretched\"><a href=\"https:\/\/schaefer.biz\/en\/portfolio\/stripping-tool-ministrip\/\" aria-label=\"Stripping Tool MiniStrip\"><img decoding=\"async\" width=\"344\" height=\"344\" src=\"https:\/\/schaefer.biz\/wp-content\/uploads\/2018\/08\/Stripping-Tool_Ministrip_344px.jpg\" class=\"attachment-large size-large wp-post-image\" alt=\"\" srcset=\"https:\/\/schaefer.biz\/wp-content\/uploads\/2018\/08\/Stripping-Tool_Ministrip_344px.jpg 344w, https:\/\/schaefer.biz\/wp-content\/uploads\/2018\/08\/Stripping-Tool_Ministrip_344px-300x300.jpg 300w, https:\/\/schaefer.biz\/wp-content\/uploads\/2018\/08\/Stripping-Tool_Ministrip_344px-150x150.jpg 150w\" sizes=\"(max-width: 344px) 100vw, 344px\" \/><\/a><\/div><h2 class=\"w-post-elm post_title usg_post_title_1 entry-title color_link_inherit\"><a href=\"https:\/\/schaefer.biz\/en\/portfolio\/stripping-tool-ministrip\/\">Stripping Tool MiniStrip<\/a><\/h2><div class=\"w-post-elm post_content usg_post_content_1\"><p>Stripping of single wires with small cross sections<\/p>\n<\/div><a class=\"w-btn us-btn-style_1 usg_btn_1\" href=\"https:\/\/schaefer.biz\/en\/portfolio\/stripping-tool-ministrip\/\"><span class=\"w-btn-label\">Read more<\/span><\/a>\t\t<\/div>\r\n\t\t\t<\/article>\r\n<\/div><div class=\"w-grid-carousel-json hidden\" onclick='return {&quot;carousel_settings&quot;:{&quot;aria_labels&quot;:{&quot;prev&quot;:&quot;Previous&quot;,&quot;next&quot;:&quot;Next&quot;},&quot;autoplayContinual&quot;:false,&quot;autoplayHoverPause&quot;:false,&quot;autoplayTimeout&quot;:3000,&quot;autoWidth&quot;:false,&quot;smartSpeed&quot;:350,&quot;margin&quot;:0,&quot;mouseDrag&quot;:true,&quot;rtl&quot;:false,&quot;slideBy&quot;:&quot;1&quot;,&quot;touchDrag&quot;:true,&quot;slideTransition&quot;:&quot;&quot;,&quot;responsive&quot;:{&quot;0&quot;:{&quot;autoHeight&quot;:false,&quot;autoplay&quot;:false,&quot;autoWidth&quot;:false,&quot;center&quot;:false,&quot;dots&quot;:false,&quot;items&quot;:1,&quot;loop&quot;:false,&quot;nav&quot;:false,&quot;stagePadding&quot;:0,&quot;slideBy&quot;:&quot;1&quot;},&quot;601&quot;:{&quot;items&quot;:3,&quot;autoplay&quot;:false,&quot;center&quot;:false,&quot;dots&quot;:false,&quot;nav&quot;:true,&quot;autoHeight&quot;:false,&quot;autoWidth&quot;:false,&quot;loop&quot;:false,&quot;stagePadding&quot;:0}}}}'><\/div><\/div><\/div><\/div><\/div><\/div><\/div><\/section>\n","protected":false},"excerpt":{"rendered":"Stripping Tool Ministrip Mobile stripping of single wires and coaxial cables Precise stripping The stripping tool MiniStrip features a four-blade system, which provides accurate and exactly repeated stripping of cables. The coating is removed by cutting with rotating blades and strip-off in one single step. This innovative procedure allows processing of coax cables as well...","protected":false},"author":6,"featured_media":5416,"parent":1883,"menu_order":0,"comment_status":"closed","ping_status":"open","template":"","meta":{"_acf_changed":false,"footnotes":""},"class_list":["post-5355","page","type-page","status-publish","has-post-thumbnail","hentry"],"acf":[],"yoast_head":"<!-- This site is optimized with the Yoast SEO Premium plugin v27.2 (Yoast SEO v27.4) - https:\/\/yoast.com\/product\/yoast-seo-premium-wordpress\/ -->\n<title>Stripping Machines | Sch\u00e4fer Group<\/title>\n<meta name=\"description\" content=\"Stripping of coaxial cables with precise stripping machines from Sch\u00e4fer for efficient wire processing in the automotive industry and more\" \/>\n<meta name=\"robots\" content=\"index, follow, max-snippet:-1, max-image-preview:large, max-video-preview:-1\" \/>\n<link rel=\"canonical\" href=\"https:\/\/schaefer.biz\/en\/products\/stripping-machine\/\" \/>\n<meta property=\"og:locale\" content=\"en_US\" \/>\n<meta property=\"og:type\" content=\"article\" \/>\n<meta property=\"og:title\" content=\"Stripping Machines and Tools\" \/>\n<meta property=\"og:description\" content=\"Stripping of coaxial cables with precise stripping machines from Sch\u00e4fer for efficient wire processing in the automotive industry and more\" \/>\n<meta property=\"og:url\" content=\"https:\/\/schaefer.biz\/en\/products\/stripping-machine\/\" \/>\n<meta property=\"og:site_name\" content=\"Sch\u00e4fer Group\" \/>\n<meta property=\"article:publisher\" content=\"https:\/\/www.facebook.com\/SchaeferGroupMarketing\" \/>\n<meta property=\"article:modified_time\" content=\"2025-04-15T06:48:49+00:00\" \/>\n<meta property=\"og:image\" content=\"https:\/\/schaefer.biz\/wp-content\/uploads\/2019\/03\/140613_ST730_00.jpg\" \/>\n\t<meta property=\"og:image:width\" content=\"1500\" \/>\n\t<meta property=\"og:image:height\" content=\"1180\" \/>\n\t<meta property=\"og:image:type\" content=\"image\/jpeg\" \/>\n<meta name=\"twitter:card\" content=\"summary_large_image\" \/>\n<meta name=\"twitter:label1\" content=\"Est. reading time\" \/>\n\t<meta name=\"twitter:data1\" content=\"1 minute\" \/>\n<!-- \/ Yoast SEO Premium plugin. -->","yoast_head_json":{"title":"Stripping Machines | Sch\u00e4fer Group","description":"Stripping of coaxial cables with precise stripping machines from Sch\u00e4fer for efficient wire processing in the automotive industry and more","robots":{"index":"index","follow":"follow","max-snippet":"max-snippet:-1","max-image-preview":"max-image-preview:large","max-video-preview":"max-video-preview:-1"},"canonical":"https:\/\/schaefer.biz\/en\/products\/stripping-machine\/","og_locale":"en_US","og_type":"article","og_title":"Stripping Machines and Tools","og_description":"Stripping of coaxial cables with precise stripping machines from Sch\u00e4fer for efficient wire processing in the automotive industry and more","og_url":"https:\/\/schaefer.biz\/en\/products\/stripping-machine\/","og_site_name":"Sch\u00e4fer Group","article_publisher":"https:\/\/www.facebook.com\/SchaeferGroupMarketing","article_modified_time":"2025-04-15T06:48:49+00:00","og_image":[{"width":1500,"height":1180,"url":"https:\/\/schaefer.biz\/wp-content\/uploads\/2019\/03\/140613_ST730_00.jpg","type":"image\/jpeg"}],"twitter_card":"summary_large_image","twitter_misc":{"Est. reading time":"1 minute"},"schema":{"@context":"https:\/\/schema.org","@graph":[{"@type":"WebPage","@id":"https:\/\/schaefer.biz\/en\/products\/stripping-machine\/","url":"https:\/\/schaefer.biz\/en\/products\/stripping-machine\/","name":"Stripping Machines | Sch\u00e4fer Group","isPartOf":{"@id":"https:\/\/schaefer.biz\/en\/#website"},"primaryImageOfPage":{"@id":"https:\/\/schaefer.biz\/en\/products\/stripping-machine\/#primaryimage"},"image":{"@id":"https:\/\/schaefer.biz\/en\/products\/stripping-machine\/#primaryimage"},"thumbnailUrl":"https:\/\/schaefer.biz\/wp-content\/uploads\/2019\/03\/140613_ST730_00.jpg","datePublished":"2019-03-29T09:43:32+00:00","dateModified":"2025-04-15T06:48:49+00:00","description":"Stripping of coaxial cables with precise stripping machines from Sch\u00e4fer for efficient wire processing in the automotive industry and more","breadcrumb":{"@id":"https:\/\/schaefer.biz\/en\/products\/stripping-machine\/#breadcrumb"},"inLanguage":"en-US","potentialAction":[{"@type":"ReadAction","target":["https:\/\/schaefer.biz\/en\/products\/stripping-machine\/"]}]},{"@type":"ImageObject","inLanguage":"en-US","@id":"https:\/\/schaefer.biz\/en\/products\/stripping-machine\/#primaryimage","url":"https:\/\/schaefer.biz\/wp-content\/uploads\/2019\/03\/140613_ST730_00.jpg","contentUrl":"https:\/\/schaefer.biz\/wp-content\/uploads\/2019\/03\/140613_ST730_00.jpg","width":1500,"height":1180},{"@type":"BreadcrumbList","@id":"https:\/\/schaefer.biz\/en\/products\/stripping-machine\/#breadcrumb","itemListElement":[{"@type":"ListItem","position":1,"name":"Startseite","item":"https:\/\/schaefer.biz\/en\/"},{"@type":"ListItem","position":2,"name":"Products","item":"https:\/\/schaefer.biz\/en\/products\/"},{"@type":"ListItem","position":3,"name":"Stripping Machines and Tools"}]},{"@type":"WebSite","@id":"https:\/\/schaefer.biz\/en\/#website","url":"https:\/\/schaefer.biz\/en\/","name":"Sch\u00e4fer Group","description":"Spezifische L\u00f6sungen f\u00fcr Ihre Kabel- und Kontaktverarbeitung | Individual solutions for your wire and terminal processing","publisher":{"@id":"https:\/\/schaefer.biz\/en\/#organization"},"alternateName":"Sch\u00e4fer Group","potentialAction":[{"@type":"SearchAction","target":{"@type":"EntryPoint","urlTemplate":"https:\/\/schaefer.biz\/en\/?s={search_term_string}"},"query-input":{"@type":"PropertyValueSpecification","valueRequired":true,"valueName":"search_term_string"}}],"inLanguage":"en-US"},{"@type":"Organization","@id":"https:\/\/schaefer.biz\/en\/#organization","name":"Sch\u00e4fer Group","url":"https:\/\/schaefer.biz\/en\/","logo":{"@type":"ImageObject","inLanguage":"en-US","@id":"https:\/\/schaefer.biz\/en\/#\/schema\/logo\/image\/","url":"https:\/\/schaefer.biz\/wp-content\/uploads\/2018\/11\/Logo_Schaefer_RGB_100-70-0-0.png","contentUrl":"https:\/\/schaefer.biz\/wp-content\/uploads\/2018\/11\/Logo_Schaefer_RGB_100-70-0-0.png","width":2084,"height":823,"caption":"Sch\u00e4fer Group"},"image":{"@id":"https:\/\/schaefer.biz\/en\/#\/schema\/logo\/image\/"},"sameAs":["https:\/\/www.facebook.com\/SchaeferGroupMarketing","https:\/\/www.linkedin.com\/company\/schaefergroup","https:\/\/www.youtube.com\/user\/SchaeferMarketing","https:\/\/www.instagram.com\/schaefer_group\/"]}]}},"_links":{"self":[{"href":"https:\/\/schaefer.biz\/en\/wp-json\/wp\/v2\/pages\/5355","targetHints":{"allow":["GET"]}}],"collection":[{"href":"https:\/\/schaefer.biz\/en\/wp-json\/wp\/v2\/pages"}],"about":[{"href":"https:\/\/schaefer.biz\/en\/wp-json\/wp\/v2\/types\/page"}],"author":[{"embeddable":true,"href":"https:\/\/schaefer.biz\/en\/wp-json\/wp\/v2\/users\/6"}],"replies":[{"embeddable":true,"href":"https:\/\/schaefer.biz\/en\/wp-json\/wp\/v2\/comments?post=5355"}],"version-history":[{"count":0,"href":"https:\/\/schaefer.biz\/en\/wp-json\/wp\/v2\/pages\/5355\/revisions"}],"up":[{"embeddable":true,"href":"https:\/\/schaefer.biz\/en\/wp-json\/wp\/v2\/pages\/1883"}],"wp:featuredmedia":[{"embeddable":true,"href":"https:\/\/schaefer.biz\/en\/wp-json\/wp\/v2\/media\/5416"}],"wp:attachment":[{"href":"https:\/\/schaefer.biz\/en\/wp-json\/wp\/v2\/media?parent=5355"}],"curies":[{"name":"wp","href":"https:\/\/api.w.org\/{rel}","templated":true}]}}