{"id":5650,"date":"2019-03-29T10:22:15","date_gmt":"2019-03-29T09:22:15","guid":{"rendered":"https:\/\/schaefer-biz-qa2.mcon-group.com\/?page_id=5650"},"modified":"2025-10-16T09:10:42","modified_gmt":"2025-10-16T07:10:42","slug":"quality-modules","status":"publish","type":"page","link":"https:\/\/schaefer.biz\/en\/products\/quality-modules\/","title":{"rendered":"Quality Assurance in Wire Processing"},"content":{"rendered":"<section class=\"l-section wpb_row height_small\"><div class=\"l-section-h i-cf\"><div class=\"g-cols vc_row via_flex valign_top type_default stacking_default\"><div class=\"vc_col-sm-12 wpb_column vc_column_container\"><div class=\"vc_column-inner\"><div class=\"wpb_wrapper\"><div class=\"wpb_text_column\"><div class=\"wpb_wrapper\"><p>Sch\u00e4fer offers modern solutions for quality assurance in cable production. Crimp connections can be thoroughly inspected and analyzed to determine whether the valid quality criteria are met. With extensions for crimping machines, Sch\u00e4fer provides components for monitoring crimp quality to prevent rejects and complaints.<\/p>\n<\/div><\/div><\/div><\/div><\/div><\/div><\/div><\/section><section class=\"l-section wpb_row height_small\"><div class=\"l-section-h i-cf\"><div class=\"g-cols vc_row via_flex valign_top type_default stacking_default\"><div class=\"vc_col-sm-12 wpb_column vc_column_container\"><div class=\"vc_column-inner\"><div class=\"wpb_wrapper\"><div class=\"wpb_text_column\"><div class=\"wpb_wrapper\"><h2>Machine Modules and Extensions<\/h2>\n<\/div><\/div><div class=\"wpb_text_column\"><div class=\"wpb_wrapper\"><p>Optional extensions for our crimping machines are available to reliably monitor the required crimp quality during cable production. Ideally, these are installed at the factory and configured for the application.<\/p>\n<\/div><\/div><div class=\"w-grid us_carousel type_carousel layout_31059 preload_style_spinner items_3\" id=\"us_grid_1\" style=\"--items:3;--gap:1.5rem;\"><style>.layout_31059 .w-grid-item-h{color:#000000}.layout_31059 .usg_post_image_1{transition-duration:0.3s;transform-origin:50% 50%;transform:scale(1) translate(0%,0%)}.layout_31059 .w-grid-item-h:focus-within .usg_post_image_1,.layout_31059 .w-grid-item-h:hover .usg_post_image_1{transform:scale(0.95) translate(0%,3%);opacity:1}.layout_31059 .usg_post_content_1{transition-duration:0.3s;transform-origin:50% 50%;transform:scale(1) translate(0%,0%)}.layout_31059 .w-grid-item-h:focus-within .usg_post_content_1,.layout_31059 .w-grid-item-h:hover .usg_post_content_1{transform:scale(1) translate(0%,0%);opacity:1}.layout_31059 .usg_post_title_1{font-size:1.2rem!important;font-family:var(--h1-font-family)!important}.layout_31059 .usg_post_image_1{margin-bottom:1rem!important}.layout_31059 .usg_post_content_1{font-family:var(--font-family)!important;margin-top:-1rem!important}<\/style><div class=\"w-grid-list owl-carousel valign_stretch dotstyle_circle navstyle_circle arrows-ver-pos_middle arrows-hor-pos_on_sides_inside arrows-disabled_hide owl-responsive-2000 with_arrows\" style=\"--transition-duration:350ms;--arrows-size:1.5rem;--arrows-hor-offset:calc(1rem - 1.5rem);--arrows-gap:10px;\">\t<article class=\"w-grid-item post-30158 us_portfolio type-us_portfolio status-publish has-post-thumbnail hentry us_portfolio_category-crimp-quality-sensors\" data-id=\"30158\">\r\n\t\t<div class=\"w-grid-item-h\">\r\n\t\t\t\t\t\t<div class=\"w-post-elm post_image usg_post_image_1 stretched\"><a href=\"https:\/\/schaefer.biz\/en\/portfolio\/crimp-force-monitoring-system-crimpwise\/\" aria-label=\"Crimp Force Monitoring System CrimpWise\"><img decoding=\"async\" width=\"344\" height=\"344\" src=\"https:\/\/schaefer.biz\/wp-content\/uploads\/2025\/12\/Schaefer-CrimpWise.jpg\" class=\"attachment-large size-large wp-post-image\" alt=\"Screenshot of CrimpWise Software \u2013 Crimp Force Curve\" srcset=\"https:\/\/schaefer.biz\/wp-content\/uploads\/2025\/12\/Schaefer-CrimpWise.jpg 344w, https:\/\/schaefer.biz\/wp-content\/uploads\/2025\/12\/Schaefer-CrimpWise-300x300.jpg 300w, https:\/\/schaefer.biz\/wp-content\/uploads\/2025\/12\/Schaefer-CrimpWise-150x150.jpg 150w\" sizes=\"(max-width: 344px) 100vw, 344px\" \/><\/a><\/div><h5 class=\"w-post-elm post_title usg_post_title_1 entry-title color_link_inherit\"><a href=\"https:\/\/schaefer.biz\/en\/portfolio\/crimp-force-monitoring-system-crimpwise\/\">Crimp Force Monitoring System CrimpWise<\/a><\/h5><div class=\"w-html usg_html_1\"><div style=\"font-size:0.3rem\">\n <p> <\/p><\/br>\n <\/div><\/div><div class=\"w-post-elm post_content usg_post_content_1\"><p>Central monitoring of crimp quality in cable production<\/p>\n<\/div>\t\t<\/div>\r\n\t\t\t<\/article>\r\n\t<article class=\"w-grid-item post-15981 us_portfolio type-us_portfolio status-publish has-post-thumbnail hentry us_portfolio_category-crimp-force-monitoring-system us_portfolio_tag-testing\" data-id=\"15981\">\r\n\t\t<div class=\"w-grid-item-h\">\r\n\t\t\t\t\t\t<div class=\"w-post-elm post_image usg_post_image_1 stretched\"><a href=\"https:\/\/schaefer.biz\/en\/portfolio\/crimp-force-monitoring-system-bb07i4\/\" aria-label=\"Crimp Force Monitoring System BB07i4\"><img decoding=\"async\" width=\"500\" height=\"500\" src=\"https:\/\/schaefer.biz\/wp-content\/uploads\/2021\/05\/Crimp-Force-Control-Unit-EN-500px.jpg\" class=\"attachment-large size-large wp-post-image\" alt=\"\" srcset=\"https:\/\/schaefer.biz\/wp-content\/uploads\/2021\/05\/Crimp-Force-Control-Unit-EN-500px.jpg 500w, https:\/\/schaefer.biz\/wp-content\/uploads\/2021\/05\/Crimp-Force-Control-Unit-EN-500px-300x300.jpg 300w, https:\/\/schaefer.biz\/wp-content\/uploads\/2021\/05\/Crimp-Force-Control-Unit-EN-500px-150x150.jpg 150w, https:\/\/schaefer.biz\/wp-content\/uploads\/2021\/05\/Crimp-Force-Control-Unit-EN-500px-350x350.jpg 350w\" sizes=\"(max-width: 500px) 100vw, 500px\" \/><\/a><\/div><h5 class=\"w-post-elm post_title usg_post_title_1 entry-title color_link_inherit\"><a href=\"https:\/\/schaefer.biz\/en\/portfolio\/crimp-force-monitoring-system-bb07i4\/\">Crimp Force Monitoring System BB07i4<\/a><\/h5><div class=\"w-html usg_html_1\"><div style=\"font-size:0.3rem\">\n <p> <\/p><\/br>\n <\/div><\/div><div class=\"w-post-elm post_content usg_post_content_1\"><p>Monitoring crimp quality during wire production<\/p>\n<\/div>\t\t<\/div>\r\n\t\t\t<\/article>\r\n\t<article class=\"w-grid-item post-12271 us_portfolio type-us_portfolio status-publish has-post-thumbnail hentry us_portfolio_category-crimp-quality-sensors us_portfolio_tag-sensor us_portfolio_tag-testing\" data-id=\"12271\">\r\n\t\t<div class=\"w-grid-item-h\">\r\n\t\t\t\t\t\t<div class=\"w-post-elm post_image usg_post_image_1 stretched\"><a href=\"https:\/\/schaefer.biz\/en\/portfolio\/crimp-quality-sensor-sds100\/\" aria-label=\"Crimp Quality Sensor SDS100\"><img decoding=\"async\" width=\"500\" height=\"500\" src=\"https:\/\/schaefer.biz\/wp-content\/uploads\/2020\/07\/Crimp-Force-Sensor-SDS100_500px-1.jpg\" class=\"attachment-large size-large wp-post-image\" alt=\"Crimpqualit\u00e4t kontrollieren\" srcset=\"https:\/\/schaefer.biz\/wp-content\/uploads\/2020\/07\/Crimp-Force-Sensor-SDS100_500px-1.jpg 500w, https:\/\/schaefer.biz\/wp-content\/uploads\/2020\/07\/Crimp-Force-Sensor-SDS100_500px-1-300x300.jpg 300w, https:\/\/schaefer.biz\/wp-content\/uploads\/2020\/07\/Crimp-Force-Sensor-SDS100_500px-1-150x150.jpg 150w, https:\/\/schaefer.biz\/wp-content\/uploads\/2020\/07\/Crimp-Force-Sensor-SDS100_500px-1-350x350.jpg 350w\" sizes=\"(max-width: 500px) 100vw, 500px\" \/><\/a><\/div><h5 class=\"w-post-elm post_title usg_post_title_1 entry-title color_link_inherit\"><a href=\"https:\/\/schaefer.biz\/en\/portfolio\/crimp-quality-sensor-sds100\/\">Crimp Quality Sensor SDS100<\/a><\/h5><div class=\"w-html usg_html_1\"><div style=\"font-size:0.3rem\">\n <p> <\/p><\/br>\n <\/div><\/div><div class=\"w-post-elm post_content usg_post_content_1\"><p>Precise and direct recording of measured values for monitoring crimp quality<\/p>\n<\/div>\t\t<\/div>\r\n\t\t\t<\/article>\r\n<\/div><div class=\"w-grid-carousel-json hidden\" onclick='return {&quot;carousel_settings&quot;:{&quot;aria_labels&quot;:{&quot;prev&quot;:&quot;Previous&quot;,&quot;next&quot;:&quot;Next&quot;},&quot;autoplayContinual&quot;:false,&quot;autoplayHoverPause&quot;:false,&quot;autoplayTimeout&quot;:3000,&quot;autoWidth&quot;:false,&quot;smartSpeed&quot;:350,&quot;margin&quot;:0,&quot;mouseDrag&quot;:true,&quot;rtl&quot;:false,&quot;slideBy&quot;:&quot;1&quot;,&quot;touchDrag&quot;:true,&quot;slideTransition&quot;:&quot;&quot;,&quot;responsive&quot;:{&quot;0&quot;:{&quot;autoHeight&quot;:false,&quot;autoplay&quot;:true,&quot;autoWidth&quot;:false,&quot;center&quot;:false,&quot;dots&quot;:false,&quot;items&quot;:1,&quot;loop&quot;:true,&quot;nav&quot;:true,&quot;stagePadding&quot;:0,&quot;slideBy&quot;:&quot;1&quot;},&quot;601&quot;:{&quot;autoHeight&quot;:false,&quot;autoplay&quot;:true,&quot;autoWidth&quot;:false,&quot;center&quot;:false,&quot;dots&quot;:false,&quot;items&quot;:2,&quot;loop&quot;:true,&quot;nav&quot;:true,&quot;stagePadding&quot;:0,&quot;slideBy&quot;:&quot;1&quot;},&quot;1025&quot;:{&quot;autoHeight&quot;:false,&quot;autoplay&quot;:true,&quot;autoWidth&quot;:false,&quot;center&quot;:false,&quot;dots&quot;:false,&quot;items&quot;:3,&quot;loop&quot;:false,&quot;nav&quot;:true,&quot;stagePadding&quot;:0,&quot;slideBy&quot;:&quot;1&quot;},&quot;1381&quot;:{&quot;items&quot;:3,&quot;autoplay&quot;:false,&quot;center&quot;:false,&quot;dots&quot;:false,&quot;nav&quot;:true,&quot;autoHeight&quot;:false,&quot;autoWidth&quot;:false,&quot;loop&quot;:false,&quot;stagePadding&quot;:0}}}}'><\/div><\/div><div class=\"w-btn-wrapper align_none\"><a class=\"w-btn us-btn-style_1 us_custom_cdf14ffd\" href=\"\/en\/equipment\/\"><span class=\"w-btn-label\">Further machine equipment<\/span><\/a><\/div><\/div><\/div><\/div><\/div><\/div><\/section><section class=\"l-section wpb_row height_small\"><div class=\"l-section-h i-cf\"><div class=\"g-cols vc_row via_flex valign_top type_default stacking_default\"><div class=\"vc_col-sm-12 wpb_column vc_column_container\"><div class=\"vc_column-inner\"><div class=\"wpb_wrapper\"><div class=\"wpb_text_column us_custom_703b2333\"><div class=\"wpb_wrapper\"><h2>Measuring Devices and Laboratories<\/h2>\n<\/div><\/div><div class=\"wpb_text_column\"><div class=\"wpb_wrapper\"><p>For quality assurance measures, we offer various devices. These are suitable for detailed analysis of crimp connections through optical inspections of cross-sections and measurement of pull-out force.<\/p>\n<\/div><\/div><div class=\"w-grid us_carousel type_carousel layout_31059 preload_style_spinner items_3\" id=\"us_grid_2\" style=\"--items:3;--gap:1.5rem;\"><div class=\"w-grid-list owl-carousel valign_stretch dotstyle_circle navstyle_circle arrows-ver-pos_middle arrows-hor-pos_on_sides_outside arrows-disabled_hide owl-responsive-2000 with_arrows\" style=\"--transition-duration:350ms;--arrows-size:1.5rem;--arrows-hor-offset:calc(1rem + 1.5rem);--arrows-gap:10px;\">\t<article class=\"w-grid-item post-5654 us_portfolio type-us_portfolio status-publish has-post-thumbnail hentry us_portfolio_category-crimp-quality-laboratories us_portfolio_tag-messuring us_portfolio_tag-testing\" data-id=\"5654\">\r\n\t\t<div class=\"w-grid-item-h\">\r\n\t\t\t\t\t\t<div class=\"w-post-elm post_image usg_post_image_1 stretched\"><a href=\"https:\/\/schaefer.biz\/en\/portfolio\/crimp-quality-laboratory-sqs02\/\" aria-label=\"Crimp Quality Laboratory SQS02-T\"><img decoding=\"async\" width=\"344\" height=\"344\" src=\"https:\/\/schaefer.biz\/wp-content\/uploads\/2018\/10\/Schliffbildlabor_344px.jpg\" class=\"attachment-large size-large wp-post-image\" alt=\"Crimpqualit\u00e4t Labortisch mit Zubeh\u00f6r SQS02-T im Vollbild\" srcset=\"https:\/\/schaefer.biz\/wp-content\/uploads\/2018\/10\/Schliffbildlabor_344px.jpg 344w, https:\/\/schaefer.biz\/wp-content\/uploads\/2018\/10\/Schliffbildlabor_344px-300x300.jpg 300w, https:\/\/schaefer.biz\/wp-content\/uploads\/2018\/10\/Schliffbildlabor_344px-150x150.jpg 150w\" sizes=\"(max-width: 344px) 100vw, 344px\" \/><\/a><\/div><h5 class=\"w-post-elm post_title usg_post_title_1 entry-title color_link_inherit\"><a href=\"https:\/\/schaefer.biz\/en\/portfolio\/crimp-quality-laboratory-sqs02\/\">Crimp Quality Laboratory SQS02-T<\/a><\/h5><div class=\"w-html usg_html_1\"><div style=\"font-size:0.3rem\">\n <p> <\/p><\/br>\n <\/div><\/div><div class=\"w-post-elm post_content usg_post_content_1\"><p>Creating micrographs for the analysis of crimp connections<\/p>\n<\/div>\t\t<\/div>\r\n\t\t\t<\/article>\r\n\t<article class=\"w-grid-item post-11857 us_portfolio type-us_portfolio status-publish has-post-thumbnail hentry us_portfolio_category-crimp-quality-laboratories us_portfolio_category-showroom-product-presentation us_portfolio_tag-messuring us_portfolio_tag-testing\" data-id=\"11857\">\r\n\t\t<div class=\"w-grid-item-h\">\r\n\t\t\t\t\t\t<div class=\"w-post-elm post_image usg_post_image_1 stretched\"><a href=\"https:\/\/schaefer.biz\/en\/portfolio\/pull-off-force-measuring-device-sqs15\/\" aria-label=\"Pull-Off Force Measuring Device SQS15\"><img decoding=\"async\" width=\"344\" height=\"344\" src=\"https:\/\/schaefer.biz\/wp-content\/uploads\/2020\/02\/Pull-Off-Force-Measuring-Device-SQS15_344px.jpg\" class=\"attachment-large size-large wp-post-image\" alt=\"SQS15 zum Crimpverbindung pr\u00fcfen im Vollbild\" srcset=\"https:\/\/schaefer.biz\/wp-content\/uploads\/2020\/02\/Pull-Off-Force-Measuring-Device-SQS15_344px.jpg 344w, https:\/\/schaefer.biz\/wp-content\/uploads\/2020\/02\/Pull-Off-Force-Measuring-Device-SQS15_344px-300x300.jpg 300w, https:\/\/schaefer.biz\/wp-content\/uploads\/2020\/02\/Pull-Off-Force-Measuring-Device-SQS15_344px-150x150.jpg 150w\" sizes=\"(max-width: 344px) 100vw, 344px\" \/><\/a><\/div><h5 class=\"w-post-elm post_title usg_post_title_1 entry-title color_link_inherit\"><a href=\"https:\/\/schaefer.biz\/en\/portfolio\/pull-off-force-measuring-device-sqs15\/\">Pull-Off Force Measuring Device SQS15<\/a><\/h5><div class=\"w-html usg_html_1\"><div style=\"font-size:0.3rem\">\n <p> <\/p><\/br>\n <\/div><\/div><div class=\"w-post-elm post_content usg_post_content_1\"><p>Testing of crimp connections by measuring pull-off force<\/p>\n<\/div>\t\t<\/div>\r\n\t\t\t<\/article>\r\n\t<article class=\"w-grid-item post-11782 us_portfolio type-us_portfolio status-publish has-post-thumbnail hentry us_portfolio_category-crimp-quality-laboratories us_portfolio_category-product-presentation us_portfolio_category-showroom-product-presentation us_portfolio_tag-messuring us_portfolio_tag-testing\" data-id=\"11782\">\r\n\t\t<div class=\"w-grid-item-h\">\r\n\t\t\t\t\t\t<div class=\"w-post-elm post_image usg_post_image_1 stretched\"><a href=\"https:\/\/schaefer.biz\/en\/portfolio\/sqs02-p\/\" aria-label=\"Crimp Quality Laboratory SQS02-P\"><img decoding=\"async\" width=\"344\" height=\"344\" src=\"https:\/\/schaefer.biz\/wp-content\/uploads\/2020\/09\/Crimp-Quality-Laboratory-SQS02-P-344px.jpg\" class=\"attachment-large size-large wp-post-image\" alt=\"Schliffbild mobil herstellen\" srcset=\"https:\/\/schaefer.biz\/wp-content\/uploads\/2020\/09\/Crimp-Quality-Laboratory-SQS02-P-344px.jpg 344w, https:\/\/schaefer.biz\/wp-content\/uploads\/2020\/09\/Crimp-Quality-Laboratory-SQS02-P-344px-300x300.jpg 300w, https:\/\/schaefer.biz\/wp-content\/uploads\/2020\/09\/Crimp-Quality-Laboratory-SQS02-P-344px-150x150.jpg 150w\" sizes=\"(max-width: 344px) 100vw, 344px\" \/><\/a><\/div><h5 class=\"w-post-elm post_title usg_post_title_1 entry-title color_link_inherit\"><a href=\"https:\/\/schaefer.biz\/en\/portfolio\/sqs02-p\/\">Crimp Quality Laboratory SQS02-P<\/a><\/h5><div class=\"w-html usg_html_1\"><div style=\"font-size:0.3rem\">\n <p> <\/p><\/br>\n <\/div><\/div><div class=\"w-post-elm post_content usg_post_content_1\"><p>Mobile micrograph analysis of crimp connections<\/p>\n<\/div>\t\t<\/div>\r\n\t\t\t<\/article>\r\n<\/div><div class=\"w-grid-carousel-json hidden\" onclick='return {&quot;carousel_settings&quot;:{&quot;aria_labels&quot;:{&quot;prev&quot;:&quot;Previous&quot;,&quot;next&quot;:&quot;Next&quot;},&quot;autoplayContinual&quot;:false,&quot;autoplayHoverPause&quot;:false,&quot;autoplayTimeout&quot;:3000,&quot;autoWidth&quot;:false,&quot;smartSpeed&quot;:350,&quot;margin&quot;:0,&quot;mouseDrag&quot;:true,&quot;rtl&quot;:false,&quot;slideBy&quot;:&quot;1&quot;,&quot;touchDrag&quot;:true,&quot;slideTransition&quot;:&quot;&quot;,&quot;responsive&quot;:{&quot;0&quot;:{&quot;autoHeight&quot;:false,&quot;autoplay&quot;:true,&quot;autoWidth&quot;:false,&quot;center&quot;:false,&quot;dots&quot;:false,&quot;items&quot;:1,&quot;loop&quot;:true,&quot;nav&quot;:true,&quot;stagePadding&quot;:0,&quot;slideBy&quot;:&quot;1&quot;},&quot;601&quot;:{&quot;autoHeight&quot;:false,&quot;autoplay&quot;:true,&quot;autoWidth&quot;:false,&quot;center&quot;:false,&quot;dots&quot;:false,&quot;items&quot;:2,&quot;loop&quot;:true,&quot;nav&quot;:true,&quot;stagePadding&quot;:0,&quot;slideBy&quot;:&quot;1&quot;},&quot;1025&quot;:{&quot;autoHeight&quot;:false,&quot;autoplay&quot;:true,&quot;autoWidth&quot;:false,&quot;center&quot;:false,&quot;dots&quot;:false,&quot;items&quot;:3,&quot;loop&quot;:false,&quot;nav&quot;:true,&quot;stagePadding&quot;:0,&quot;slideBy&quot;:&quot;1&quot;},&quot;1381&quot;:{&quot;items&quot;:3,&quot;autoplay&quot;:false,&quot;center&quot;:false,&quot;dots&quot;:false,&quot;nav&quot;:true,&quot;autoHeight&quot;:false,&quot;autoWidth&quot;:false,&quot;loop&quot;:false,&quot;stagePadding&quot;:0}}}}'><\/div><\/div><\/div><\/div><\/div><\/div><\/div><\/section><section class=\"l-section wpb_row us_custom_4ee2cffa height_small\"><div class=\"l-section-h i-cf\"><div class=\"g-cols vc_row via_flex valign_top type_default stacking_default\"><div class=\"vc_col-sm-12 wpb_column vc_column_container\"><div class=\"vc_column-inner\"><div class=\"wpb_wrapper\"><section class=\"l-section wpb_row us_custom_38d68270 height_small width_full\"><div class=\"l-section-h i-cf\"><div class=\"g-cols vc_row via_flex valign_top type_default stacking_default\"><div class=\"vc_col-sm-6 wpb_column vc_column_container\"><div class=\"vc_column-inner\"><div class=\"wpb_wrapper\"><div class=\"w-image us_custom_68905004 align_none\"><div class=\"w-image-h\"><img decoding=\"async\" width=\"1024\" height=\"681\" src=\"https:\/\/schaefer.biz\/wp-content\/uploads\/2022\/11\/Service-Employee-1024x681px.jpg\" class=\"attachment-full size-full\" alt=\"\" loading=\"lazy\" srcset=\"https:\/\/schaefer.biz\/wp-content\/uploads\/2022\/11\/Service-Employee-1024x681px.jpg 1024w, https:\/\/schaefer.biz\/wp-content\/uploads\/2022\/11\/Service-Employee-1024x681px-300x200.jpg 300w\" sizes=\"auto, (max-width: 1024px) 100vw, 1024px\" \/><\/div><\/div><\/div><\/div><\/div><div class=\"vc_col-sm-6 wpb_column vc_column_container\"><div class=\"vc_column-inner\"><div class=\"wpb_wrapper\"><div class=\"wpb_text_column us_custom_13f389bc\"><div class=\"wpb_wrapper\"><h2>Individual Consultation<\/h2>\n<\/div><\/div><div class=\"wpb_text_column\"><div class=\"wpb_wrapper\"><p>Are you looking for an experienced partner in mechanical engineering for connection technology? Sch\u00e4fer offers you a wide range of solutions for quality assurance.<\/p>\n<p>Contact our experts now for personalized consultation!<\/p>\n<\/div><\/div><div class=\"w-btn-wrapper align_none\"><a class=\"w-btn us-btn-style_1\" href=\"\/en\/contact\/consulting-and-offer\/\"><span class=\"w-btn-label\">Contact us<\/span><\/a><\/div><\/div><\/div><\/div><\/div><\/div><\/section>\n<\/div><\/div><\/div><\/div><\/div><\/section>\n","protected":false},"excerpt":{"rendered":"Crimp Quality Laboratory SQS02-P Mobile Micrograph Analysis of Crimp Connections On-site quality control The compact micrograph laboratory SQS02-P is ideal for creating mobile micrographs. A handy case holds the cutting and grinding device, microscope and all necessary utensils. This enables you to quickly and easily create meaningful micrographs on site. Production control and quality assurance...","protected":false},"author":6,"featured_media":13737,"parent":1883,"menu_order":0,"comment_status":"closed","ping_status":"open","template":"","meta":{"_acf_changed":false,"footnotes":""},"class_list":["post-5650","page","type-page","status-publish","has-post-thumbnail","hentry"],"acf":[],"yoast_head":"<!-- This site is optimized with the Yoast SEO Premium plugin v27.2 (Yoast SEO v27.4) - https:\/\/yoast.com\/product\/yoast-seo-premium-wordpress\/ -->\n<title>Quality Assurance in Wire Processing | Sch\u00e4fer Group<\/title>\n<meta name=\"description\" content=\"Equipment for quality assurance in wire processing especially in crimping technology by micrograph analysis and tests\" \/>\n<meta name=\"robots\" content=\"index, follow, max-snippet:-1, max-image-preview:large, max-video-preview:-1\" \/>\n<link rel=\"canonical\" href=\"https:\/\/schaefer.biz\/en\/products\/quality-modules\/\" \/>\n<meta property=\"og:locale\" content=\"en_US\" \/>\n<meta property=\"og:type\" content=\"article\" \/>\n<meta property=\"og:title\" content=\"Quality Assurance in Wire Processing\" \/>\n<meta property=\"og:description\" content=\"Equipment for quality assurance in wire processing especially in crimping technology by micrograph analysis and tests\" \/>\n<meta property=\"og:url\" content=\"https:\/\/schaefer.biz\/en\/products\/quality-modules\/\" \/>\n<meta property=\"og:site_name\" content=\"Sch\u00e4fer Group\" \/>\n<meta property=\"article:publisher\" content=\"https:\/\/www.facebook.com\/SchaeferGroupMarketing\" \/>\n<meta property=\"article:modified_time\" content=\"2025-10-16T07:10:42+00:00\" \/>\n<meta property=\"og:image\" content=\"https:\/\/schaefer.biz\/wp-content\/uploads\/2020\/02\/Pull-Off-Force-Measuring-Device-SQS15_344px.jpg\" \/>\n\t<meta property=\"og:image:width\" content=\"344\" \/>\n\t<meta property=\"og:image:height\" content=\"344\" \/>\n\t<meta property=\"og:image:type\" content=\"image\/jpeg\" \/>\n<meta name=\"twitter:card\" content=\"summary_large_image\" \/>\n<meta name=\"twitter:label1\" content=\"Est. reading time\" \/>\n\t<meta name=\"twitter:data1\" content=\"1 minute\" \/>\n<!-- \/ Yoast SEO Premium plugin. -->","yoast_head_json":{"title":"Quality Assurance in Wire Processing | Sch\u00e4fer Group","description":"Equipment for quality assurance in wire processing especially in crimping technology by micrograph analysis and tests","robots":{"index":"index","follow":"follow","max-snippet":"max-snippet:-1","max-image-preview":"max-image-preview:large","max-video-preview":"max-video-preview:-1"},"canonical":"https:\/\/schaefer.biz\/en\/products\/quality-modules\/","og_locale":"en_US","og_type":"article","og_title":"Quality Assurance in Wire Processing","og_description":"Equipment for quality assurance in wire processing especially in crimping technology by micrograph analysis and tests","og_url":"https:\/\/schaefer.biz\/en\/products\/quality-modules\/","og_site_name":"Sch\u00e4fer Group","article_publisher":"https:\/\/www.facebook.com\/SchaeferGroupMarketing","article_modified_time":"2025-10-16T07:10:42+00:00","og_image":[{"width":344,"height":344,"url":"https:\/\/schaefer.biz\/wp-content\/uploads\/2020\/02\/Pull-Off-Force-Measuring-Device-SQS15_344px.jpg","type":"image\/jpeg"}],"twitter_card":"summary_large_image","twitter_misc":{"Est. reading time":"1 minute"},"schema":{"@context":"https:\/\/schema.org","@graph":[{"@type":"WebPage","@id":"https:\/\/schaefer.biz\/en\/products\/quality-modules\/","url":"https:\/\/schaefer.biz\/en\/products\/quality-modules\/","name":"Quality Assurance in Wire Processing | Sch\u00e4fer Group","isPartOf":{"@id":"https:\/\/schaefer.biz\/en\/#website"},"primaryImageOfPage":{"@id":"https:\/\/schaefer.biz\/en\/products\/quality-modules\/#primaryimage"},"image":{"@id":"https:\/\/schaefer.biz\/en\/products\/quality-modules\/#primaryimage"},"thumbnailUrl":"https:\/\/schaefer.biz\/wp-content\/uploads\/2020\/02\/Pull-Off-Force-Measuring-Device-SQS15_344px.jpg","datePublished":"2019-03-29T09:22:15+00:00","dateModified":"2025-10-16T07:10:42+00:00","description":"Equipment for quality assurance in wire processing especially in crimping technology by micrograph analysis and tests","breadcrumb":{"@id":"https:\/\/schaefer.biz\/en\/products\/quality-modules\/#breadcrumb"},"inLanguage":"en-US","potentialAction":[{"@type":"ReadAction","target":["https:\/\/schaefer.biz\/en\/products\/quality-modules\/"]}]},{"@type":"ImageObject","inLanguage":"en-US","@id":"https:\/\/schaefer.biz\/en\/products\/quality-modules\/#primaryimage","url":"https:\/\/schaefer.biz\/wp-content\/uploads\/2020\/02\/Pull-Off-Force-Measuring-Device-SQS15_344px.jpg","contentUrl":"https:\/\/schaefer.biz\/wp-content\/uploads\/2020\/02\/Pull-Off-Force-Measuring-Device-SQS15_344px.jpg","width":344,"height":344,"caption":"SQS15 zum Crimpverbindung pr\u00fcfen im Vollbild"},{"@type":"BreadcrumbList","@id":"https:\/\/schaefer.biz\/en\/products\/quality-modules\/#breadcrumb","itemListElement":[{"@type":"ListItem","position":1,"name":"Startseite","item":"https:\/\/schaefer.biz\/en\/"},{"@type":"ListItem","position":2,"name":"Products","item":"https:\/\/schaefer.biz\/en\/products\/"},{"@type":"ListItem","position":3,"name":"Quality Assurance in Wire Processing"}]},{"@type":"WebSite","@id":"https:\/\/schaefer.biz\/en\/#website","url":"https:\/\/schaefer.biz\/en\/","name":"Sch\u00e4fer Group","description":"Spezifische L\u00f6sungen f\u00fcr Ihre Kabel- und Kontaktverarbeitung | Individual solutions for your wire and terminal processing","publisher":{"@id":"https:\/\/schaefer.biz\/en\/#organization"},"alternateName":"Sch\u00e4fer Group","potentialAction":[{"@type":"SearchAction","target":{"@type":"EntryPoint","urlTemplate":"https:\/\/schaefer.biz\/en\/?s={search_term_string}"},"query-input":{"@type":"PropertyValueSpecification","valueRequired":true,"valueName":"search_term_string"}}],"inLanguage":"en-US"},{"@type":"Organization","@id":"https:\/\/schaefer.biz\/en\/#organization","name":"Sch\u00e4fer Group","url":"https:\/\/schaefer.biz\/en\/","logo":{"@type":"ImageObject","inLanguage":"en-US","@id":"https:\/\/schaefer.biz\/en\/#\/schema\/logo\/image\/","url":"https:\/\/schaefer.biz\/wp-content\/uploads\/2018\/11\/Logo_Schaefer_RGB_100-70-0-0.png","contentUrl":"https:\/\/schaefer.biz\/wp-content\/uploads\/2018\/11\/Logo_Schaefer_RGB_100-70-0-0.png","width":2084,"height":823,"caption":"Sch\u00e4fer Group"},"image":{"@id":"https:\/\/schaefer.biz\/en\/#\/schema\/logo\/image\/"},"sameAs":["https:\/\/www.facebook.com\/SchaeferGroupMarketing","https:\/\/www.linkedin.com\/company\/schaefergroup","https:\/\/www.youtube.com\/user\/SchaeferMarketing","https:\/\/www.instagram.com\/schaefer_group\/"]}]}},"_links":{"self":[{"href":"https:\/\/schaefer.biz\/en\/wp-json\/wp\/v2\/pages\/5650","targetHints":{"allow":["GET"]}}],"collection":[{"href":"https:\/\/schaefer.biz\/en\/wp-json\/wp\/v2\/pages"}],"about":[{"href":"https:\/\/schaefer.biz\/en\/wp-json\/wp\/v2\/types\/page"}],"author":[{"embeddable":true,"href":"https:\/\/schaefer.biz\/en\/wp-json\/wp\/v2\/users\/6"}],"replies":[{"embeddable":true,"href":"https:\/\/schaefer.biz\/en\/wp-json\/wp\/v2\/comments?post=5650"}],"version-history":[{"count":1,"href":"https:\/\/schaefer.biz\/en\/wp-json\/wp\/v2\/pages\/5650\/revisions"}],"predecessor-version":[{"id":38907,"href":"https:\/\/schaefer.biz\/en\/wp-json\/wp\/v2\/pages\/5650\/revisions\/38907"}],"up":[{"embeddable":true,"href":"https:\/\/schaefer.biz\/en\/wp-json\/wp\/v2\/pages\/1883"}],"wp:featuredmedia":[{"embeddable":true,"href":"https:\/\/schaefer.biz\/en\/wp-json\/wp\/v2\/media\/13737"}],"wp:attachment":[{"href":"https:\/\/schaefer.biz\/en\/wp-json\/wp\/v2\/media?parent=5650"}],"curies":[{"name":"wp","href":"https:\/\/api.w.org\/{rel}","templated":true}]}}